{"id":8249,"date":"2023-09-25T14:44:13","date_gmt":"2023-09-25T11:44:13","guid":{"rendered":"https:\/\/lahoradelgambling.com\/pe\/?page_id=8249"},"modified":"2025-01-23T14:14:52","modified_gmt":"2025-01-23T11:14:52","slug":"pin-up-app","status":"publish","type":"page","link":"https:\/\/lahoradelgambling.com\/pe\/casas-de-apuestas\/aplicaciones\/pin-up-app\/","title":{"rendered":"Pin Up App"},"content":{"rendered":"","protected":false},"excerpt":{"rendered":"","protected":false},"author":19,"featured_media":11920,"parent":4134,"menu_order":74,"comment_status":"closed","ping_status":"closed","template":"","meta":{"_acf_changed":false,"footnotes":""},"page_categories":[61],"acf":[],"yoast_head":"<!-- This site is optimized with the Yoast SEO plugin v24.5 - https:\/\/yoast.com\/wordpress\/plugins\/seo\/ -->\n<title>Pin-Up App de apuestas: C\u00f3mo descargar apk para Android y iOS - 2024<\/title>\n<meta name=\"description\" content=\"Descubre c\u00f3mo descargar Pin-Up App Per\u00fa para iOS o la Apk de Android en tu celular y disfruta de la mejor aplicaci\u00f3n de apuestas y casino\" \/>\n<meta name=\"robots\" content=\"index, follow, max-snippet:-1, max-image-preview:large, max-video-preview:-1\" \/>\n<meta property=\"og:locale\" content=\"es_ES\" \/>\n<meta property=\"og:type\" content=\"article\" \/>\n<meta property=\"og:title\" content=\"Pin-Up App de apuestas: C\u00f3mo descargar apk para Android y iOS - 2024\" \/>\n<meta property=\"og:description\" content=\"Descubre c\u00f3mo descargar Pin-Up App Per\u00fa para iOS o la Apk de Android en tu celular y disfruta de la mejor aplicaci\u00f3n de apuestas y casino\" \/>\n<meta property=\"og:url\" content=\"https:\/\/lahoradelgambling.com\/pe\/casas-de-apuestas\/aplicaciones\/pin-up-app\/\" \/>\n<meta property=\"og:site_name\" content=\"lahoradelgambling PE\" \/>\n<meta property=\"article:modified_time\" content=\"2025-01-23T11:14:52+00:00\" \/>\n<meta property=\"og:image\" content=\"https:\/\/lahoradelgambling.com\/pe\/wp-content\/uploads\/sites\/3\/2024\/04\/pinup-review-acerca-pe.webp\" \/>\n\t<meta property=\"og:image:width\" content=\"1900\" \/>\n\t<meta property=\"og:image:height\" content=\"850\" \/>\n\t<meta property=\"og:image:type\" content=\"image\/webp\" \/>\n<meta name=\"twitter:card\" content=\"summary_large_image\" \/>\n<meta name=\"twitter:label1\" content=\"Est. reading time\" \/>\n\t<meta name=\"twitter:data1\" content=\"1 minuto\" \/>\n<!-- \/ Yoast SEO plugin. -->","yoast_head_json":{"title":"Pin-Up App de apuestas: C\u00f3mo descargar apk para Android y iOS - 2024","description":"Descubre c\u00f3mo descargar Pin-Up App Per\u00fa para iOS o la Apk de Android en tu celular y disfruta de la mejor aplicaci\u00f3n de apuestas y casino","robots":{"index":"index","follow":"follow","max-snippet":"max-snippet:-1","max-image-preview":"max-image-preview:large","max-video-preview":"max-video-preview:-1"},"og_locale":"es_ES","og_type":"article","og_title":"Pin-Up App de apuestas: C\u00f3mo descargar apk para Android y iOS - 2024","og_description":"Descubre c\u00f3mo descargar Pin-Up App Per\u00fa para iOS o la Apk de Android en tu celular y disfruta de la mejor aplicaci\u00f3n de apuestas y casino","og_url":"https:\/\/lahoradelgambling.com\/pe\/casas-de-apuestas\/aplicaciones\/pin-up-app\/","og_site_name":"lahoradelgambling PE","article_modified_time":"2025-01-23T11:14:52+00:00","og_image":[{"width":1900,"height":850,"url":"https:\/\/lahoradelgambling.com\/pe\/wp-content\/uploads\/sites\/3\/2024\/04\/pinup-review-acerca-pe.webp","type":"image\/webp"}],"twitter_card":"summary_large_image","twitter_misc":{"Est. reading time":"1 minuto"},"schema":{"@context":"https:\/\/schema.org","@graph":[{"@type":"WebPage","@id":"https:\/\/lahoradelgambling.com\/pe\/casas-de-apuestas\/aplicaciones\/pin-up-app\/","url":"https:\/\/lahoradelgambling.com\/pe\/casas-de-apuestas\/aplicaciones\/pin-up-app\/","name":"Pin-Up App de apuestas: C\u00f3mo descargar apk para Android y iOS - 2024","isPartOf":{"@id":"https:\/\/lahoradelgambling.com\/pe\/#website"},"primaryImageOfPage":{"@id":"https:\/\/lahoradelgambling.com\/pe\/casas-de-apuestas\/aplicaciones\/pin-up-app\/#primaryimage"},"image":{"@id":"https:\/\/lahoradelgambling.com\/pe\/casas-de-apuestas\/aplicaciones\/pin-up-app\/#primaryimage"},"thumbnailUrl":"https:\/\/lahoradelgambling.com\/pe\/wp-content\/uploads\/sites\/3\/2024\/04\/pinup-review-acerca-pe.webp","datePublished":"2023-09-25T11:44:13+00:00","dateModified":"2025-01-23T11:14:52+00:00","description":"Descubre c\u00f3mo descargar Pin-Up App Per\u00fa para iOS o la Apk de Android en tu celular y disfruta de la mejor aplicaci\u00f3n de apuestas y casino","breadcrumb":{"@id":"https:\/\/lahoradelgambling.com\/pe\/casas-de-apuestas\/aplicaciones\/pin-up-app\/#breadcrumb"},"inLanguage":"es","potentialAction":[{"@type":"ReadAction","target":["https:\/\/lahoradelgambling.com\/pe\/casas-de-apuestas\/aplicaciones\/pin-up-app\/"]}]},{"@type":"ImageObject","inLanguage":"es","@id":"https:\/\/lahoradelgambling.com\/pe\/casas-de-apuestas\/aplicaciones\/pin-up-app\/#primaryimage","url":"https:\/\/lahoradelgambling.com\/pe\/wp-content\/uploads\/sites\/3\/2024\/04\/pinup-review-acerca-pe.webp","contentUrl":"https:\/\/lahoradelgambling.com\/pe\/wp-content\/uploads\/sites\/3\/2024\/04\/pinup-review-acerca-pe.webp","width":1900,"height":850,"caption":"Una revisi\u00f3n detallada de la aplicaci\u00f3n m\u00f3vil Pin-up en Per\u00fa"},{"@type":"BreadcrumbList","@id":"https:\/\/lahoradelgambling.com\/pe\/casas-de-apuestas\/aplicaciones\/pin-up-app\/#breadcrumb","itemListElement":[{"@type":"ListItem","position":1,"name":"Lahoradelgambling","item":"https:\/\/lahoradelgambling.com\/pe\/"},{"@type":"ListItem","position":2,"name":"Casas de Apuestas en Per\u00fa","item":"https:\/\/lahoradelgambling.com\/pe\/casas-de-apuestas\/"},{"@type":"ListItem","position":3,"name":"Aplicaciones de apuestas en Per\u00fa","item":"https:\/\/lahoradelgambling.com\/pe\/casas-de-apuestas\/aplicaciones\/"},{"@type":"ListItem","position":4,"name":"Pin Up App"}]},{"@type":"WebSite","@id":"https:\/\/lahoradelgambling.com\/pe\/#website","url":"https:\/\/lahoradelgambling.com\/pe\/","name":"lahoradelgambling PE","description":"","publisher":{"@id":"https:\/\/lahoradelgambling.com\/pe\/#organization"},"potentialAction":[{"@type":"SearchAction","target":{"@type":"EntryPoint","urlTemplate":"https:\/\/lahoradelgambling.com\/pe\/?s={search_term_string}"},"query-input":{"@type":"PropertyValueSpecification","valueRequired":true,"valueName":"search_term_string"}}],"inLanguage":"es"},{"@type":"Organization","@id":"https:\/\/lahoradelgambling.com\/pe\/#organization","name":"lahoradelgambling PE","url":"https:\/\/lahoradelgambling.com\/pe\/","logo":{"@type":"ImageObject","inLanguage":"es","@id":"https:\/\/lahoradelgambling.com\/pe\/#\/schema\/logo\/image\/","url":"https:\/\/lahoradelgambling.com\/pe\/wp-content\/uploads\/sites\/3\/2023\/11\/logo_pe.svg","contentUrl":"https:\/\/lahoradelgambling.com\/pe\/wp-content\/uploads\/sites\/3\/2023\/11\/logo_pe.svg","caption":"lahoradelgambling PE"},"image":{"@id":"https:\/\/lahoradelgambling.com\/pe\/#\/schema\/logo\/image\/"}}]}},"_links":{"self":[{"href":"https:\/\/lahoradelgambling.com\/pe\/wp-json\/wp\/v2\/pages\/8249"}],"collection":[{"href":"https:\/\/lahoradelgambling.com\/pe\/wp-json\/wp\/v2\/pages"}],"about":[{"href":"https:\/\/lahoradelgambling.com\/pe\/wp-json\/wp\/v2\/types\/page"}],"author":[{"embeddable":true,"href":"https:\/\/lahoradelgambling.com\/pe\/wp-json\/wp\/v2\/users\/19"}],"replies":[{"embeddable":true,"href":"https:\/\/lahoradelgambling.com\/pe\/wp-json\/wp\/v2\/comments?post=8249"}],"version-history":[{"count":5,"href":"https:\/\/lahoradelgambling.com\/pe\/wp-json\/wp\/v2\/pages\/8249\/revisions"}],"predecessor-version":[{"id":12507,"href":"https:\/\/lahoradelgambling.com\/pe\/wp-json\/wp\/v2\/pages\/8249\/revisions\/12507"}],"up":[{"embeddable":true,"href":"https:\/\/lahoradelgambling.com\/pe\/wp-json\/wp\/v2\/pages\/4134"}],"wp:featuredmedia":[{"embeddable":true,"href":"https:\/\/lahoradelgambling.com\/pe\/wp-json\/wp\/v2\/media\/11920"}],"wp:attachment":[{"href":"https:\/\/lahoradelgambling.com\/pe\/wp-json\/wp\/v2\/media?parent=8249"}],"wp:term":[{"taxonomy":"page_categories","embeddable":true,"href":"https:\/\/lahoradelgambling.com\/pe\/wp-json\/wp\/v2\/page_categories?post=8249"}],"curies":[{"name":"wp","href":"https:\/\/api.w.org\/{rel}","templated":true}]}}