{"id":7522,"date":"2023-07-11T18:46:43","date_gmt":"2023-07-11T15:46:43","guid":{"rendered":"https:\/\/lahoradelgambling.com\/pe\/?page_id=7522"},"modified":"2025-01-23T14:23:54","modified_gmt":"2025-01-23T11:23:54","slug":"pin-up","status":"publish","type":"page","link":"https:\/\/lahoradelgambling.com\/pe\/casas-de-apuestas\/pin-up\/","title":{"rendered":"Pin-Up"},"content":{"rendered":"","protected":false},"excerpt":{"rendered":"","protected":false},"author":126,"featured_media":11908,"parent":4144,"menu_order":78,"comment_status":"closed","ping_status":"closed","template":"","meta":{"_acf_changed":false,"footnotes":""},"page_categories":[62],"acf":[],"yoast_head":"<!-- This site is optimized with the Yoast SEO plugin v24.5 - https:\/\/yoast.com\/wordpress\/plugins\/seo\/ -->\n<title>Pin-Up Per\u00fa: \u00a1una casa de apuestas y casino con un gran bono! - 2024<\/title>\n<meta name=\"description\" content=\"\u00bfEs confiable Pin-Up Bet en Per\u00fa? Aqu\u00ed descubrir\u00e1s c\u00f3mo registrarte, obtener tu bono de bienvenida y mucho m\u00e1s.\" \/>\n<meta name=\"robots\" content=\"index, follow, max-snippet:-1, max-image-preview:large, max-video-preview:-1\" \/>\n<meta property=\"og:locale\" content=\"es_ES\" \/>\n<meta property=\"og:type\" content=\"article\" \/>\n<meta property=\"og:title\" content=\"Pin-Up Per\u00fa: \u00a1una casa de apuestas y casino con un gran bono! - 2024\" \/>\n<meta property=\"og:description\" content=\"\u00bfEs confiable Pin-Up Bet en Per\u00fa? Aqu\u00ed descubrir\u00e1s c\u00f3mo registrarte, obtener tu bono de bienvenida y mucho m\u00e1s.\" \/>\n<meta property=\"og:url\" content=\"https:\/\/lahoradelgambling.com\/pe\/casas-de-apuestas\/pin-up\/\" \/>\n<meta property=\"og:site_name\" content=\"lahoradelgambling PE\" \/>\n<meta property=\"article:modified_time\" content=\"2025-01-23T11:23:54+00:00\" \/>\n<meta property=\"og:image\" content=\"https:\/\/lahoradelgambling.com\/pe\/wp-content\/uploads\/sites\/3\/2024\/04\/pinup-review-confiable-pe.webp\" \/>\n\t<meta property=\"og:image:width\" content=\"1900\" \/>\n\t<meta property=\"og:image:height\" content=\"850\" \/>\n\t<meta property=\"og:image:type\" content=\"image\/webp\" \/>\n<meta name=\"twitter:card\" content=\"summary_large_image\" \/>\n<meta name=\"twitter:label1\" content=\"Est. reading time\" \/>\n\t<meta name=\"twitter:data1\" content=\"1 minuto\" \/>\n<!-- \/ Yoast SEO plugin. -->","yoast_head_json":{"title":"Pin-Up Per\u00fa: \u00a1una casa de apuestas y casino con un gran bono! - 2024","description":"\u00bfEs confiable Pin-Up Bet en Per\u00fa? Aqu\u00ed descubrir\u00e1s c\u00f3mo registrarte, obtener tu bono de bienvenida y mucho m\u00e1s.","robots":{"index":"index","follow":"follow","max-snippet":"max-snippet:-1","max-image-preview":"max-image-preview:large","max-video-preview":"max-video-preview:-1"},"og_locale":"es_ES","og_type":"article","og_title":"Pin-Up Per\u00fa: \u00a1una casa de apuestas y casino con un gran bono! - 2024","og_description":"\u00bfEs confiable Pin-Up Bet en Per\u00fa? Aqu\u00ed descubrir\u00e1s c\u00f3mo registrarte, obtener tu bono de bienvenida y mucho m\u00e1s.","og_url":"https:\/\/lahoradelgambling.com\/pe\/casas-de-apuestas\/pin-up\/","og_site_name":"lahoradelgambling PE","article_modified_time":"2025-01-23T11:23:54+00:00","og_image":[{"width":1900,"height":850,"url":"https:\/\/lahoradelgambling.com\/pe\/wp-content\/uploads\/sites\/3\/2024\/04\/pinup-review-confiable-pe.webp","type":"image\/webp"}],"twitter_card":"summary_large_image","twitter_misc":{"Est. reading time":"1 minuto"},"schema":{"@context":"https:\/\/schema.org","@graph":[{"@type":"WebPage","@id":"https:\/\/lahoradelgambling.com\/pe\/casas-de-apuestas\/pin-up\/","url":"https:\/\/lahoradelgambling.com\/pe\/casas-de-apuestas\/pin-up\/","name":"Pin-Up Per\u00fa: \u00a1una casa de apuestas y casino con un gran bono! - 2024","isPartOf":{"@id":"https:\/\/lahoradelgambling.com\/pe\/#website"},"primaryImageOfPage":{"@id":"https:\/\/lahoradelgambling.com\/pe\/casas-de-apuestas\/pin-up\/#primaryimage"},"image":{"@id":"https:\/\/lahoradelgambling.com\/pe\/casas-de-apuestas\/pin-up\/#primaryimage"},"thumbnailUrl":"https:\/\/lahoradelgambling.com\/pe\/wp-content\/uploads\/sites\/3\/2024\/04\/pinup-review-confiable-pe.webp","datePublished":"2023-07-11T15:46:43+00:00","dateModified":"2025-01-23T11:23:54+00:00","description":"\u00bfEs confiable Pin-Up Bet en Per\u00fa? Aqu\u00ed descubrir\u00e1s c\u00f3mo registrarte, obtener tu bono de bienvenida y mucho m\u00e1s.","breadcrumb":{"@id":"https:\/\/lahoradelgambling.com\/pe\/casas-de-apuestas\/pin-up\/#breadcrumb"},"inLanguage":"es","potentialAction":[{"@type":"ReadAction","target":["https:\/\/lahoradelgambling.com\/pe\/casas-de-apuestas\/pin-up\/"]}]},{"@type":"ImageObject","inLanguage":"es","@id":"https:\/\/lahoradelgambling.com\/pe\/casas-de-apuestas\/pin-up\/#primaryimage","url":"https:\/\/lahoradelgambling.com\/pe\/wp-content\/uploads\/sites\/3\/2024\/04\/pinup-review-confiable-pe.webp","contentUrl":"https:\/\/lahoradelgambling.com\/pe\/wp-content\/uploads\/sites\/3\/2024\/04\/pinup-review-confiable-pe.webp","width":1900,"height":850,"caption":"Pin-Up es una casa de apuestas confiable con buenos bonos en Per\u00fa"},{"@type":"BreadcrumbList","@id":"https:\/\/lahoradelgambling.com\/pe\/casas-de-apuestas\/pin-up\/#breadcrumb","itemListElement":[{"@type":"ListItem","position":1,"name":"Lahoradelgambling","item":"https:\/\/lahoradelgambling.com\/pe\/"},{"@type":"ListItem","position":2,"name":"Casas de Apuestas en Per\u00fa","item":"https:\/\/lahoradelgambling.com\/pe\/casas-de-apuestas\/"},{"@type":"ListItem","position":3,"name":"Pin-Up"}]},{"@type":"WebSite","@id":"https:\/\/lahoradelgambling.com\/pe\/#website","url":"https:\/\/lahoradelgambling.com\/pe\/","name":"lahoradelgambling PE","description":"","publisher":{"@id":"https:\/\/lahoradelgambling.com\/pe\/#organization"},"potentialAction":[{"@type":"SearchAction","target":{"@type":"EntryPoint","urlTemplate":"https:\/\/lahoradelgambling.com\/pe\/?s={search_term_string}"},"query-input":{"@type":"PropertyValueSpecification","valueRequired":true,"valueName":"search_term_string"}}],"inLanguage":"es"},{"@type":"Organization","@id":"https:\/\/lahoradelgambling.com\/pe\/#organization","name":"lahoradelgambling PE","url":"https:\/\/lahoradelgambling.com\/pe\/","logo":{"@type":"ImageObject","inLanguage":"es","@id":"https:\/\/lahoradelgambling.com\/pe\/#\/schema\/logo\/image\/","url":"https:\/\/lahoradelgambling.com\/pe\/wp-content\/uploads\/sites\/3\/2023\/11\/logo_pe.svg","contentUrl":"https:\/\/lahoradelgambling.com\/pe\/wp-content\/uploads\/sites\/3\/2023\/11\/logo_pe.svg","caption":"lahoradelgambling PE"},"image":{"@id":"https:\/\/lahoradelgambling.com\/pe\/#\/schema\/logo\/image\/"}}]}},"_links":{"self":[{"href":"https:\/\/lahoradelgambling.com\/pe\/wp-json\/wp\/v2\/pages\/7522"}],"collection":[{"href":"https:\/\/lahoradelgambling.com\/pe\/wp-json\/wp\/v2\/pages"}],"about":[{"href":"https:\/\/lahoradelgambling.com\/pe\/wp-json\/wp\/v2\/types\/page"}],"author":[{"embeddable":true,"href":"https:\/\/lahoradelgambling.com\/pe\/wp-json\/wp\/v2\/users\/126"}],"replies":[{"embeddable":true,"href":"https:\/\/lahoradelgambling.com\/pe\/wp-json\/wp\/v2\/comments?post=7522"}],"version-history":[{"count":5,"href":"https:\/\/lahoradelgambling.com\/pe\/wp-json\/wp\/v2\/pages\/7522\/revisions"}],"predecessor-version":[{"id":12510,"href":"https:\/\/lahoradelgambling.com\/pe\/wp-json\/wp\/v2\/pages\/7522\/revisions\/12510"}],"up":[{"embeddable":true,"href":"https:\/\/lahoradelgambling.com\/pe\/wp-json\/wp\/v2\/pages\/4144"}],"wp:featuredmedia":[{"embeddable":true,"href":"https:\/\/lahoradelgambling.com\/pe\/wp-json\/wp\/v2\/media\/11908"}],"wp:attachment":[{"href":"https:\/\/lahoradelgambling.com\/pe\/wp-json\/wp\/v2\/media?parent=7522"}],"wp:term":[{"taxonomy":"page_categories","embeddable":true,"href":"https:\/\/lahoradelgambling.com\/pe\/wp-json\/wp\/v2\/page_categories?post=7522"}],"curies":[{"name":"wp","href":"https:\/\/api.w.org\/{rel}","templated":true}]}}