{"id":6572,"date":"2023-04-26T12:18:17","date_gmt":"2023-04-26T09:18:17","guid":{"rendered":"https:\/\/lahoradelgambling.com\/pe\/?page_id=6572"},"modified":"2024-01-04T20:31:03","modified_gmt":"2024-01-04T17:31:03","slug":"adiccion-a-las-apuestas","status":"publish","type":"page","link":"https:\/\/lahoradelgambling.com\/pe\/adiccion-a-las-apuestas\/","title":{"rendered":"Adicci\u00f3n a las apuestas"},"content":{"rendered":"<section class=\"wp-block-hc-alternate-group-section\"> <p>La <b>ludopat\u00eda <\/b>es una condici\u00f3n m\u00e9dica reconocida internacionalmente. En <b>La Hora del Gambling<\/b> queremos guiarte por las apuestas sanas y proporcionar pron\u00f3sticos deportivos. Si quieres saber qu\u00e9 es la <b>adicci\u00f3n a las apuestas<\/b>, sigue leyendo.<\/p> <\/section>    <section class=\"wp-block-hc-alternate-group-section\"> <h2 class=\"wp-block-heading\">\u00bfQu\u00e9 es la adicci\u00f3n a las apuestas o la ludopat\u00eda?<\/h2>    <p>En t\u00e9rminos b\u00e1sicos, se trata de una <b>condici\u00f3n o trastorno<\/b> que inhibe los sentimientos de abstenci\u00f3n a la hora de apostar dinero. O dicho de otra forma, la <b>ludopat\u00eda<\/b> es la adicci\u00f3n a las apuestas, sin importar ning\u00fan otro factor de la vida.<\/p> <\/section>    <section class=\"wp-block-hc-alternate-group-section\"> <h2 class=\"wp-block-heading\">\u00bfC\u00f3mo descubrir si tienes adicci\u00f3n al juego o ludopat\u00eda?<\/h2>    <p>Si realmente te preocupa este trastorno, existen ciertos <b>s\u00edntomas de la adicci\u00f3n al juego<\/b> que pueden ayudarte a identificarlo. Ten en cuenta las siguientes se\u00f1ales para saber si tienes una <b>adicci\u00f3n al juego<\/b>:<\/p>    <ul> <li>Incluyes apostar como una rutina cotidiana.<\/li>    <li>Sientes la necesidad de apostar m\u00e1s dinero cada vez que apuestas, con la intenci\u00f3n de intensificar la emoci\u00f3n.<\/li>    <li>Tratas de excluir las apuestas de tu vida, pero no puedes hacerlo.<\/li>    <li>Una sensaci\u00f3n de ansiedad te ataca cuando no est\u00e1s apostando.<\/li>    <li>Usas las apuestas para apartar los problemas personales.<\/li>    <li>Mientes a compa\u00f1eros, amigos o familiares sobre tus ansias a las apuestas para tratar de reducir tu preocupaci\u00f3n.<\/li>    <li>Haces a un lado otro tipo de actividades por apostar, ya sean sociales, laborales o educacionales.<\/li>    <li>Pides dinero prestado luego de perder el tuyo apostando.<\/li> <\/ul>    <p>Con estos s\u00edntomas, podr\u00e1s entender que la adicci\u00f3n a los juegos de azar o a las apuestas son similares a cualquier otra adicci\u00f3n.<\/p> <\/section>    <section class=\"wp-block-hc-alternate-group-section\"> <h2 class=\"wp-block-heading\">\u00bfC\u00f3mo parar de apostar?<\/h2>    <p>Desde principio a fin, esta adicci\u00f3n promueve todo tipo de problemas: mentales, sociales y de salud. Por ello, hay formas de <b>combatir la ludopat\u00eda<\/b> para mejorar la calidad de vida de las personas que la tienen.<\/p>    <section class=\"wp-block-hc-alternate-group-section\"> <h3 class=\"wp-block-heading\">Autoayuda<\/h3>    <p>Ayudarse a uno mismo puede ser la forma m\u00e1s complicada. Principalmente, porque los lud\u00f3patas no reconocen su problema. Por esta raz\u00f3n, el primer paso para tratar de <b>remediar la adicci\u00f3n al juego<\/b> es reconocer que existe una dificultad. Luego de esto, te sugerimos lo siguiente:<\/p>    <ol> <li>Acudir a alguien de confianza: no se trata de un m\u00e9dico, sino de un familiar, amigo o pareja en la que conf\u00edes. Tienes que evadir la necesidad de aislarte, ya que otra persona puede ser tu mejor apoyo cuando las <b>ansias por apostar <\/b>aparezcan. Es importante ser totalmente sincero con esa persona de apoyo, ya que si mientes, no conseguir\u00e1s <b>dejar de apostar<\/b>.<\/li>    <li>Aplazar las apuestas y dejarlas para despu\u00e9s: si tienes ganas de jugar, haz tu mayor esfuerzo por aplazarlas para dentro de cinco, diez o sesenta minutos. En el entretiempo, oc\u00fapate con otra actividad que sea divertida o importante. Cuando se cumpla el tiempo, notar\u00e1s que la necesidad por apostar habr\u00e1 disminuido o desaparecido.<\/li>    <li>Regular el flujo y el acceso al dinero: para ello, puedes pedirle a esa persona de confianza que controle tus finanzas. Si no tienes dinero y dejas de pedir prestado, apostar ser\u00e1 pr\u00e1cticamente imposible.<\/li>    <li>Sustituir las apuestas por un <em>hobby<\/em> diferente: puede ser un deporte, ver pel\u00edculas, salir con tus amigos\u2026 Cualquier actividad que te suponga <b>alejarse de las apuestas<\/b>.<\/li> <\/ol> <\/section>    <section class=\"wp-block-hc-alternate-group-section\"> <h3 class=\"wp-block-heading\">Tratamiento de la ludopat\u00eda<\/h3>    <p><b>Combatir la ludopat\u00eda con profesionales<\/b> puede ser una de las alternativas m\u00e1s poderosas. Especialmente, cuando no puedes dejar la <b>adicci\u00f3n al juego<\/b> por tu propia cuenta. Por lo general, el tratamiento consiste en los siguientes m\u00e9todos:<\/p>    <ul> <li>Terapias psicol\u00f3gicas: el especialista podr\u00e1 agendarte visitas regulares para condicionar las causas del problema. De esta manera, es posible atacar la adicci\u00f3n desde la ra\u00edz de la misma.<\/li>    <li>Medicamentos: un profesional tambi\u00e9n puede recetar medicina para controlar la ansiedad provocada por las apuestas.<\/li>    <li>Grupos de autoayuda: hablar de tus problemas con otras personas con condiciones similares es una metodolog\u00eda efectiva. Te permite comprometerte para no recaer y compartir tus resultados y logros con los dem\u00e1s.<\/li> <\/ul> <\/section> <\/section>    <section class=\"wp-block-hc-alternate-group-section\"> <h2 class=\"wp-block-heading\">Conclusi\u00f3n<\/h2>    <p>La <b>ludopat\u00eda<\/b> es una enfermedad que puede repercutir negativamente en la vida de cualquier persona. Recuerda que se trata de un juego y que debes tomarlo como un <em>hobby<\/em> de forma responsable. Te sugerimos acudir a un profesional si las apuestas causan problemas en tu vida.<\/p> <\/section>","protected":false},"excerpt":{"rendered":"","protected":false},"author":1,"featured_media":6756,"parent":0,"menu_order":88,"comment_status":"closed","ping_status":"closed","template":"","meta":{"_acf_changed":false,"footnotes":""},"page_categories":[],"acf":[],"yoast_head":"<!-- This site is optimized with the Yoast SEO plugin v24.5 - https:\/\/yoast.com\/wordpress\/plugins\/seo\/ -->\n<title>Adicci\u00f3n a las apuestas - La Hora Del Gambling Per\u00fa<\/title>\n<meta name=\"description\" content=\"Explicaci\u00f3n de la adicci\u00f3n a las apuestas al portal LHDG Per\u00fa. Aqu\u00ed te informamos de forma clara el uso de informaci\u00f3n general, las condiciones a las que se someten los datos y otros detalles importantes\" \/>\n<meta name=\"robots\" content=\"index, follow, max-snippet:-1, max-image-preview:large, max-video-preview:-1\" \/>\n<meta property=\"og:locale\" content=\"es_ES\" \/>\n<meta property=\"og:type\" content=\"article\" \/>\n<meta property=\"og:title\" content=\"Adicci\u00f3n a las apuestas - La Hora Del Gambling Per\u00fa\" \/>\n<meta property=\"og:description\" content=\"Explicaci\u00f3n de la adicci\u00f3n a las apuestas al portal LHDG Per\u00fa. Aqu\u00ed te informamos de forma clara el uso de informaci\u00f3n general, las condiciones a las que se someten los datos y otros detalles importantes\" \/>\n<meta property=\"og:url\" content=\"https:\/\/lahoradelgambling.com\/pe\/adiccion-a-las-apuestas\/\" \/>\n<meta property=\"og:site_name\" content=\"lahoradelgambling PE\" \/>\n<meta property=\"article:modified_time\" content=\"2024-01-04T17:31:03+00:00\" \/>\n<meta property=\"og:image\" content=\"https:\/\/lahoradelgambling.com\/pe\/wp-content\/uploads\/sites\/3\/2023\/05\/Adiccion-a-las-apuestas-pe2.png\" \/>\n\t<meta property=\"og:image:width\" content=\"1920\" \/>\n\t<meta property=\"og:image:height\" content=\"850\" \/>\n\t<meta property=\"og:image:type\" content=\"image\/png\" \/>\n<meta name=\"twitter:card\" content=\"summary_large_image\" \/>\n<meta name=\"twitter:label1\" content=\"Est. reading time\" \/>\n\t<meta name=\"twitter:data1\" content=\"4 minutos\" \/>\n<!-- \/ Yoast SEO plugin. -->","yoast_head_json":{"title":"Adicci\u00f3n a las apuestas - La Hora Del Gambling Per\u00fa","description":"Explicaci\u00f3n de la adicci\u00f3n a las apuestas al portal LHDG Per\u00fa. Aqu\u00ed te informamos de forma clara el uso de informaci\u00f3n general, las condiciones a las que se someten los datos y otros detalles importantes","robots":{"index":"index","follow":"follow","max-snippet":"max-snippet:-1","max-image-preview":"max-image-preview:large","max-video-preview":"max-video-preview:-1"},"og_locale":"es_ES","og_type":"article","og_title":"Adicci\u00f3n a las apuestas - La Hora Del Gambling Per\u00fa","og_description":"Explicaci\u00f3n de la adicci\u00f3n a las apuestas al portal LHDG Per\u00fa. Aqu\u00ed te informamos de forma clara el uso de informaci\u00f3n general, las condiciones a las que se someten los datos y otros detalles importantes","og_url":"https:\/\/lahoradelgambling.com\/pe\/adiccion-a-las-apuestas\/","og_site_name":"lahoradelgambling PE","article_modified_time":"2024-01-04T17:31:03+00:00","og_image":[{"width":1920,"height":850,"url":"https:\/\/lahoradelgambling.com\/pe\/wp-content\/uploads\/sites\/3\/2023\/05\/Adiccion-a-las-apuestas-pe2.png","type":"image\/png"}],"twitter_card":"summary_large_image","twitter_misc":{"Est. reading time":"4 minutos"},"schema":{"@context":"https:\/\/schema.org","@graph":[{"@type":"WebPage","@id":"https:\/\/lahoradelgambling.com\/pe\/adiccion-a-las-apuestas\/","url":"https:\/\/lahoradelgambling.com\/pe\/adiccion-a-las-apuestas\/","name":"Adicci\u00f3n a las apuestas - La Hora Del Gambling Per\u00fa","isPartOf":{"@id":"https:\/\/lahoradelgambling.com\/pe\/#website"},"primaryImageOfPage":{"@id":"https:\/\/lahoradelgambling.com\/pe\/adiccion-a-las-apuestas\/#primaryimage"},"image":{"@id":"https:\/\/lahoradelgambling.com\/pe\/adiccion-a-las-apuestas\/#primaryimage"},"thumbnailUrl":"https:\/\/lahoradelgambling.com\/pe\/wp-content\/uploads\/sites\/3\/2023\/05\/Adiccion-a-las-apuestas-pe2.png","datePublished":"2023-04-26T09:18:17+00:00","dateModified":"2024-01-04T17:31:03+00:00","description":"Explicaci\u00f3n de la adicci\u00f3n a las apuestas al portal LHDG Per\u00fa. Aqu\u00ed te informamos de forma clara el uso de informaci\u00f3n general, las condiciones a las que se someten los datos y otros detalles importantes","breadcrumb":{"@id":"https:\/\/lahoradelgambling.com\/pe\/adiccion-a-las-apuestas\/#breadcrumb"},"inLanguage":"es","potentialAction":[{"@type":"ReadAction","target":["https:\/\/lahoradelgambling.com\/pe\/adiccion-a-las-apuestas\/"]}]},{"@type":"ImageObject","inLanguage":"es","@id":"https:\/\/lahoradelgambling.com\/pe\/adiccion-a-las-apuestas\/#primaryimage","url":"https:\/\/lahoradelgambling.com\/pe\/wp-content\/uploads\/sites\/3\/2023\/05\/Adiccion-a-las-apuestas-pe2.png","contentUrl":"https:\/\/lahoradelgambling.com\/pe\/wp-content\/uploads\/sites\/3\/2023\/05\/Adiccion-a-las-apuestas-pe2.png","width":1920,"height":850},{"@type":"BreadcrumbList","@id":"https:\/\/lahoradelgambling.com\/pe\/adiccion-a-las-apuestas\/#breadcrumb","itemListElement":[{"@type":"ListItem","position":1,"name":"Lahoradelgambling","item":"https:\/\/lahoradelgambling.com\/pe\/"},{"@type":"ListItem","position":2,"name":"Adicci\u00f3n a las apuestas"}]},{"@type":"WebSite","@id":"https:\/\/lahoradelgambling.com\/pe\/#website","url":"https:\/\/lahoradelgambling.com\/pe\/","name":"lahoradelgambling PE","description":"","publisher":{"@id":"https:\/\/lahoradelgambling.com\/pe\/#organization"},"potentialAction":[{"@type":"SearchAction","target":{"@type":"EntryPoint","urlTemplate":"https:\/\/lahoradelgambling.com\/pe\/?s={search_term_string}"},"query-input":{"@type":"PropertyValueSpecification","valueRequired":true,"valueName":"search_term_string"}}],"inLanguage":"es"},{"@type":"Organization","@id":"https:\/\/lahoradelgambling.com\/pe\/#organization","name":"lahoradelgambling PE","url":"https:\/\/lahoradelgambling.com\/pe\/","logo":{"@type":"ImageObject","inLanguage":"es","@id":"https:\/\/lahoradelgambling.com\/pe\/#\/schema\/logo\/image\/","url":"https:\/\/lahoradelgambling.com\/pe\/wp-content\/uploads\/sites\/3\/2023\/11\/logo_pe.svg","contentUrl":"https:\/\/lahoradelgambling.com\/pe\/wp-content\/uploads\/sites\/3\/2023\/11\/logo_pe.svg","caption":"lahoradelgambling PE"},"image":{"@id":"https:\/\/lahoradelgambling.com\/pe\/#\/schema\/logo\/image\/"}}]}},"_links":{"self":[{"href":"https:\/\/lahoradelgambling.com\/pe\/wp-json\/wp\/v2\/pages\/6572"}],"collection":[{"href":"https:\/\/lahoradelgambling.com\/pe\/wp-json\/wp\/v2\/pages"}],"about":[{"href":"https:\/\/lahoradelgambling.com\/pe\/wp-json\/wp\/v2\/types\/page"}],"author":[{"embeddable":true,"href":"https:\/\/lahoradelgambling.com\/pe\/wp-json\/wp\/v2\/users\/1"}],"replies":[{"embeddable":true,"href":"https:\/\/lahoradelgambling.com\/pe\/wp-json\/wp\/v2\/comments?post=6572"}],"version-history":[{"count":2,"href":"https:\/\/lahoradelgambling.com\/pe\/wp-json\/wp\/v2\/pages\/6572\/revisions"}],"predecessor-version":[{"id":7430,"href":"https:\/\/lahoradelgambling.com\/pe\/wp-json\/wp\/v2\/pages\/6572\/revisions\/7430"}],"wp:featuredmedia":[{"embeddable":true,"href":"https:\/\/lahoradelgambling.com\/pe\/wp-json\/wp\/v2\/media\/6756"}],"wp:attachment":[{"href":"https:\/\/lahoradelgambling.com\/pe\/wp-json\/wp\/v2\/media?parent=6572"}],"wp:term":[{"taxonomy":"page_categories","embeddable":true,"href":"https:\/\/lahoradelgambling.com\/pe\/wp-json\/wp\/v2\/page_categories?post=6572"}],"curies":[{"name":"wp","href":"https:\/\/api.w.org\/{rel}","templated":true}]}}