{"id":6456,"date":"2023-04-19T16:08:33","date_gmt":"2023-04-19T13:08:33","guid":{"rendered":"https:\/\/lahoradelgambling.com\/pe\/?page_id=6456"},"modified":"2024-06-23T16:18:07","modified_gmt":"2024-06-23T13:18:07","slug":"betfair-bono","status":"publish","type":"page","link":"https:\/\/lahoradelgambling.com\/pe\/bono-de-bienvenida\/betfair-bono\/","title":{"rendered":"Betfair Bono"},"content":{"rendered":"<section class=\"wp-block-hc-alternate-group-section\"> <p>Betfair es una casa de apuestas online regulada con mucha popularidad en Latinoam\u00e9rica y Per\u00fa. <b>La casa lanza muy buenas promociones para recompensar tanto a los nuevos usuarios, como a los usuarios leales.<\/b> Sigue leyendo y conoce los bonos de <a href=\"https:\/\/lahoradelgambling.com\/pe\/casas-de-apuestas\/betfair\/\">Betfair<\/a>.<\/p> <\/section>    <section class=\"wp-block-hc-alternate-group-section\"> <h2 class=\"wp-block-heading\">Bono principal de BETFAIR<\/h2>    <div itemscope=\"\" itemtype=\"https:\/\/schema.org\/ImageObject\" class=\"get-image schema-image-object-content wp-block-image size-large\"><img width=\"1024\" height=\"458\" src=\"https:\/\/lahoradelgambling.com\/pe\/wp-content\/uploads\/sites\/3\/2023\/04\/Bono-principal-de-BETFAIR-pe2-1024x458.jpg\" alt=\"Recibe un bono de bienvenida Betfair de hasta 400 soles en apuestas gratis\" class=\"wp-image-6483\" loading=\"lazy\" decoding=\"async\" srcset=\"https:\/\/lahoradelgambling.com\/pe\/wp-content\/uploads\/sites\/3\/2023\/04\/Bono-principal-de-BETFAIR-pe2-1024x458.jpg 1024w, https:\/\/lahoradelgambling.com\/pe\/wp-content\/uploads\/sites\/3\/2023\/04\/Bono-principal-de-BETFAIR-pe2-300x134.jpg 300w, https:\/\/lahoradelgambling.com\/pe\/wp-content\/uploads\/sites\/3\/2023\/04\/Bono-principal-de-BETFAIR-pe2-150x67.jpg 150w, https:\/\/lahoradelgambling.com\/pe\/wp-content\/uploads\/sites\/3\/2023\/04\/Bono-principal-de-BETFAIR-pe2-768x344.jpg 768w, https:\/\/lahoradelgambling.com\/pe\/wp-content\/uploads\/sites\/3\/2023\/04\/Bono-principal-de-BETFAIR-pe2-1536x687.jpg 1536w, https:\/\/lahoradelgambling.com\/pe\/wp-content\/uploads\/sites\/3\/2023\/04\/Bono-principal-de-BETFAIR-pe2.jpg 1900w\" sizes=\"(max-width: 1024px) 100vw, 1024px\" \/><meta itemprop=\"contentUrl\" content=\"https:\/\/lahoradelgambling.com\/pe\/wp-content\/uploads\/sites\/3\/2023\/04\/Bono-principal-de-BETFAIR-pe2-1024x458.jpg\"><\/div>    <p>Si est\u00e1s en Per\u00fa, tienes la oportunidad de ganar incre\u00edbles premios, entre los cuales resalta el bono de bienvenida que obtienes al registrarte y cumplir con los t\u00e9rminos y condiciones<b>. Este bono de bienvenida de Betfair otorga hasta 400 soles en apuestas gratis<\/b> que puedes utilizar en tus deportes favoritos. Aqu\u00ed te explicamos todo lo que tienes que saber para conseguirlo.<\/p>    <section class=\"wp-block-hc-alternate-group-section\"> <h3 class=\"wp-block-heading\">\u00bfC\u00f3mo conseguir el bono y la promo?<\/h3>    <p>El paso principal para obtener el bono de Betfair es por supuesto registrarte en la p\u00e1gina web <a href=\"https:\/\/www.betfair.com\/pe\" target=\"_blank\" rel=\"noreferrer noopener nofollow\">https:\/\/www.betfair.com\/pe<\/a> y de este modo estar\u00e1s iniciando el proceso. Para obtenerlo debes hacer lo siguiente:<\/p>    <ul> <li>Realiza 5 apuestas simples en cuotas superiores a 1.5. Cada apuesta debe ser de 40 soles.&nbsp;<\/li>    <li>Tienes un plazo de 24 horas para hacerlas.<\/li> <\/ul>    <section class=\"wp-block-hc-alternate-group-section\"> <h4 class=\"wp-block-heading\">\u00bfC\u00f3mo registrarse en Betfair? Gu\u00eda paso a paso<\/h4>    <p>El registro en Betfair es m\u00e1s sencillo de lo que piensas. A continuaci\u00f3n, te dejamos los pasos a seguir:<\/p>    <ol> <li>Ingresa a la p\u00e1gina web oficial de BETFAIR (puedes hacerlo a trav\u00e9s del enlace se\u00f1alado).<\/li>    <li>Una vez all\u00ed, selecciona el bot\u00f3n amarillo de registrarse.<\/li>    <li>Al hacerlo, saldr\u00e1 un cuestionario de los datos requeridos.<\/li>    <li>Ingresa la informaci\u00f3n personal solicitada.<\/li>    <li>Crea tu usuario y contrase\u00f1a para la p\u00e1gina web.<\/li>    <li>Confirma tu cuenta a trav\u00e9s de alguna de las opciones como correo electr\u00f3nico o mensaje de texto.<\/li>    <li>Tambi\u00e9n puedes agregar el c\u00f3digo promocional de Betfair \u201cZBBLAT\u201d para obtener a\u00fan m\u00e1s beneficios.<\/li>    <li>Condici\u00f3n espec\u00edfica para el c\u00f3digo promocional: el c\u00f3digo promocional ZBBLAT estar\u00e1 activo durante todo el mes de abril 2024. As\u00ed que no pierdas tu tiempo y reg\u00edstrate ya.<\/li> <\/ol>    <p><b>Una vez que tu cuenta est\u00e9 generada debes proceder a hacer tu primer dep\u00f3sito, el cual tiene que ser un m\u00ednimo de 40 soles. Aunque si quieres obtener el bono m\u00e1ximo, el monto ideal es de 400 soles.<\/b><\/p>    <p>El proceso para realizar dicho dep\u00f3sito consiste en seleccionar el bot\u00f3n de depositar, ingresar el monto a recargar y luego seleccionar el m\u00e9todo de pago de tu preferencia. Los m\u00e9todos de pago disponibles en Per\u00fa en esta p\u00e1gina web entre los cuales puedes elegir son los siguientes:<\/p> <\/section>    <section class=\"wp-block-hc-alternate-group-section\"> <h4 class=\"wp-block-heading\">M\u00e9todos de pago en Betfair<\/h4>    <p>Por fortuna, Betfair tiene disponibles muchos m\u00e9todos de pago. A continuaci\u00f3n mencionaremos alguno de ellos:&nbsp;<\/p>    <div class=\"wp-block-table\"><table class=\"has-fixed-layout\"><thead><tr><th>Tipo de M\u00e9todo de dep\u00f3sito<\/th><th>M\u00e9todo de Dep\u00f3sito<\/th><\/tr><\/thead><tbody><tr><td>Tarjetas bancarias de cr\u00e9dito y d\u00e9bito<\/td><td>VISA, MasterCard, Maestro, VISA electr\u00f3n, PaySafeCard.<\/td><\/tr><tr><td>Transferencia Bancaria<\/td><td>Transferencias Bancos Locales<\/td><\/tr><tr><td>Billeteras electr\u00f3nicas<\/td><td>Skrill, Neteller, ecoPayz, AstroPay, PayPal.&nbsp;<\/td><\/tr><\/tbody><\/table><\/div>    <p><b>Nota: Los pagos se hacen de forma inmediata y los l\u00edmites de dep\u00f3sito los estableces al momento de tu registro.<\/b><\/p>    <p>Una vez que hayas elegido tu m\u00e9todo de preferencia, proceder\u00e1s a confirmar el dep\u00f3sito y listo: tu recarga se har\u00e1 visible en la p\u00e1gina y podr\u00e1s obtener el bono de bienvenida de Betfair.<\/p> <\/section>    <section class=\"wp-block-hc-alternate-group-section\"> <h4 class=\"wp-block-heading\">Requisitos para utilizar el bono de esta casa de apuestas<\/h4>    <p>Para desbloquear la bonificaci\u00f3n de BETFAIR los requisitos son bastante simples: <b>debes hacer al menos 5 apuestas de 40 soles y todas estas deben ser con cuotas m\u00ednimas de 1.5.<\/b> Y listo: \u00a1podr\u00e1s disfrutar del bono plenamente!<\/p> <\/section> <\/section> <\/section>    <section class=\"wp-block-hc-alternate-group-section\"> <h2 class=\"wp-block-heading\">\u00a1Obt\u00e9n el bono de bienvenida de Betfair para casino!<\/h2>    <div itemscope=\"\" itemtype=\"https:\/\/schema.org\/ImageObject\" class=\"get-image schema-image-object-content wp-block-image size-large\"><img width=\"1024\" height=\"458\" src=\"https:\/\/lahoradelgambling.com\/pe\/wp-content\/uploads\/sites\/3\/2023\/04\/Obten-el-bono-de-bienvenida-de-Betfair-para-casino-1024x458.jpg\" alt=\"Todo sobre el Bono de Bienvenida de Betfair Casino \" class=\"wp-image-6481\" loading=\"lazy\" decoding=\"async\" srcset=\"https:\/\/lahoradelgambling.com\/pe\/wp-content\/uploads\/sites\/3\/2023\/04\/Obten-el-bono-de-bienvenida-de-Betfair-para-casino-1024x458.jpg 1024w, https:\/\/lahoradelgambling.com\/pe\/wp-content\/uploads\/sites\/3\/2023\/04\/Obten-el-bono-de-bienvenida-de-Betfair-para-casino-300x134.jpg 300w, https:\/\/lahoradelgambling.com\/pe\/wp-content\/uploads\/sites\/3\/2023\/04\/Obten-el-bono-de-bienvenida-de-Betfair-para-casino-150x67.jpg 150w, https:\/\/lahoradelgambling.com\/pe\/wp-content\/uploads\/sites\/3\/2023\/04\/Obten-el-bono-de-bienvenida-de-Betfair-para-casino-768x344.jpg 768w, https:\/\/lahoradelgambling.com\/pe\/wp-content\/uploads\/sites\/3\/2023\/04\/Obten-el-bono-de-bienvenida-de-Betfair-para-casino-1536x687.jpg 1536w, https:\/\/lahoradelgambling.com\/pe\/wp-content\/uploads\/sites\/3\/2023\/04\/Obten-el-bono-de-bienvenida-de-Betfair-para-casino.jpg 1900w\" sizes=\"(max-width: 1024px) 100vw, 1024px\" \/><meta itemprop=\"contentUrl\" content=\"https:\/\/lahoradelgambling.com\/pe\/wp-content\/uploads\/sites\/3\/2023\/04\/Obten-el-bono-de-bienvenida-de-Betfair-para-casino-1024x458.jpg\"><\/div>    <p>Al igual que cuenta con un bono de bienvenida para las apuestas deportivas, tambi\u00e9n puedes conseguir el bono de bienvenida de Betfair en las apuestas de casino. <b>Puedes ganar el 300 % de tu primer pago de hasta 300 USD + 35 giros gratis <\/b>cumpliendo los siguientes requisitos:<\/p>    <ul> <li>Tu monto de primer dep\u00f3sito en el casino tiene que ser mayor o igual a 40 soles o 10 USD.<\/li>    <li>Debes enviar tus documentos de identidad para verificar tu cuenta.&nbsp;<\/li>    <li>Es v\u00e1lido por solo 7 d\u00edas despu\u00e9s de ingresar.<\/li>    <li>Solo puedes utilizarlo en juegos de casino.<\/li>    <li>Debes cumplir con un rollover x22 de tu bono para liberar o redimir la bonificaci\u00f3n.<\/li> <\/ul> <\/section>    <section class=\"wp-block-hc-alternate-group-section\"> <h2 class=\"wp-block-heading\">Otras casas de apuestas con bonos similares<\/h2>    <div itemscope=\"\" itemtype=\"https:\/\/schema.org\/ImageObject\" class=\"get-image schema-image-object-content wp-block-image size-large\"><img width=\"1024\" height=\"458\" src=\"https:\/\/lahoradelgambling.com\/pe\/wp-content\/uploads\/sites\/3\/2023\/04\/Otras-casas-de-apuestas-con-bonos-similares-pe-1024x458.jpg\" alt=\"\" class=\"wp-image-6490\" loading=\"lazy\" decoding=\"async\" srcset=\"https:\/\/lahoradelgambling.com\/pe\/wp-content\/uploads\/sites\/3\/2023\/04\/Otras-casas-de-apuestas-con-bonos-similares-pe-1024x458.jpg 1024w, https:\/\/lahoradelgambling.com\/pe\/wp-content\/uploads\/sites\/3\/2023\/04\/Otras-casas-de-apuestas-con-bonos-similares-pe-300x134.jpg 300w, https:\/\/lahoradelgambling.com\/pe\/wp-content\/uploads\/sites\/3\/2023\/04\/Otras-casas-de-apuestas-con-bonos-similares-pe-150x67.jpg 150w, https:\/\/lahoradelgambling.com\/pe\/wp-content\/uploads\/sites\/3\/2023\/04\/Otras-casas-de-apuestas-con-bonos-similares-pe-768x344.jpg 768w, https:\/\/lahoradelgambling.com\/pe\/wp-content\/uploads\/sites\/3\/2023\/04\/Otras-casas-de-apuestas-con-bonos-similares-pe-1536x687.jpg 1536w, https:\/\/lahoradelgambling.com\/pe\/wp-content\/uploads\/sites\/3\/2023\/04\/Otras-casas-de-apuestas-con-bonos-similares-pe.jpg 1900w\" sizes=\"(max-width: 1024px) 100vw, 1024px\" \/><meta itemprop=\"contentUrl\" content=\"https:\/\/lahoradelgambling.com\/pe\/wp-content\/uploads\/sites\/3\/2023\/04\/Otras-casas-de-apuestas-con-bonos-similares-pe-1024x458.jpg\"><\/div>    <p>Participar en m\u00e1s de una casa de apuestas es algo que como consumidores nos ayuda a conseguir m\u00e1s beneficios y ganancias. <b>Si quieres conocer casas de apuestas con un bono de bienvenida similar al de Betfair, aqu\u00ed te damos dos recomendaciones:<\/b><\/p>    <ul> <li><b>Bono de 1xBet:<\/b> esta casa de apuestas bastante popular entre los usuarios de este mercado cuenta con un bono de bienvenida al igual que Betfair de hasta 100 d\u00f3lares para disfrutarlos en tus apuestas favoritas. Sus condiciones para poder desbloquearlos son bastante similares a las de la p\u00e1gina web expuesta en este art\u00edculo.<\/li>    <li><b>Bono de BODOG:<\/b> al igual que BETFAIR, esta casa de apuestas cuenta con un fascinante bono de bienvenida de casino al cual puedes acceder para doblar lo obtenido con su bono de bienvenida cumpliendo la condici\u00f3n del rollover x30.<\/li> <\/ul> <\/section>    <section class=\"wp-block-hc-alternate-group-section\"> <h2 class=\"wp-block-heading\">Preguntas frecuentes<\/h2>   \t<div class=\"faq-section\" itemscope itemtype=\"https:\/\/schema.org\/FAQPage\">  \t\t\t\t\t<div class=\"item\" itemscope itemprop=\"mainEntity\" itemtype=\"https:\/\/schema.org\/Question\">  \t\t\t\t<div class=\"faq_question\">  \t\t\t\t\t<div class=\"count\">01<\/div>  \t\t\t\t\t<div itemprop=\"name\">  \t\t\t\t\t\t\u00bfC\u00f3mo funciona el bono de Betfair?\t\t\t\t\t<\/div>  \t\t\t\t\t<span class=\"faq_arrow\">                          <i class=\"fa-sharp fa-light fa-chevron-down\"><\/i>                      <\/span>  \t\t\t\t<\/div>  \t\t\t\t<div class=\"faq_answer\" itemscope itemprop=\"acceptedAnswer\" itemtype=\"https:\/\/schema.org\/Answer\">  \t\t\t\t\t<div itemprop=\"text\">  \t\t\t\t\t\tEl bono principal de Betfair consta de hasta 100 $ en apuestas gratis que puedes disfrutar f\u00e1cilmente luego de cumplir con las condiciones.\t\t\t\t\t<\/div>  \t\t\t\t<\/div>  \t\t\t<\/div>  \t\t\t\t\t<div class=\"item\" itemscope itemprop=\"mainEntity\" itemtype=\"https:\/\/schema.org\/Question\">  \t\t\t\t<div class=\"faq_question\">  \t\t\t\t\t<div class=\"count\">02<\/div>  \t\t\t\t\t<div itemprop=\"name\">  \t\t\t\t\t\t\u00bfQu\u00e9 son los c\u00f3digos promocionales en Betfair?\t\t\t\t\t<\/div>  \t\t\t\t\t<span class=\"faq_arrow\">                          <i class=\"fa-sharp fa-light fa-chevron-down\"><\/i>                      <\/span>  \t\t\t\t<\/div>  \t\t\t\t<div class=\"faq_answer\" itemscope itemprop=\"acceptedAnswer\" itemtype=\"https:\/\/schema.org\/Answer\">  \t\t\t\t\t<div itemprop=\"text\">  \t\t\t\t\t\tSon c\u00f3digos que puedes utilizar para obtener bonos y promociones de la casa de apuestas. \t\t\t\t\t<\/div>  \t\t\t\t<\/div>  \t\t\t<\/div>  \t\t\t\t\t<div class=\"item\" itemscope itemprop=\"mainEntity\" itemtype=\"https:\/\/schema.org\/Question\">  \t\t\t\t<div class=\"faq_question\">  \t\t\t\t\t<div class=\"count\">03<\/div>  \t\t\t\t\t<div itemprop=\"name\">  \t\t\t\t\t\t\u00bfC\u00f3mo conseguir un bono en Betfair?\t\t\t\t\t<\/div>  \t\t\t\t\t<span class=\"faq_arrow\">                          <i class=\"fa-sharp fa-light fa-chevron-down\"><\/i>                      <\/span>  \t\t\t\t<\/div>  \t\t\t\t<div class=\"faq_answer\" itemscope itemprop=\"acceptedAnswer\" itemtype=\"https:\/\/schema.org\/Answer\">  \t\t\t\t\t<div itemprop=\"text\">  \t\t\t\t\t\t\u00a1F\u00e1cil! Puedes acceder al incre\u00edble bono de bienvenida de Betfair con solo registrarte en la p\u00e1gina web y cumplir con sus requisitos.\t\t\t\t\t<\/div>  \t\t\t\t<\/div>  \t\t\t<\/div>  \t\t\t\t\t<div class=\"item\" itemscope itemprop=\"mainEntity\" itemtype=\"https:\/\/schema.org\/Question\">  \t\t\t\t<div class=\"faq_question\">  \t\t\t\t\t<div class=\"count\">04<\/div>  \t\t\t\t\t<div itemprop=\"name\">  \t\t\t\t\t\t\u00bfHay un c\u00f3digo promocional Betfair espec\u00edfico para la app?\t\t\t\t\t<\/div>  \t\t\t\t\t<span class=\"faq_arrow\">                          <i class=\"fa-sharp fa-light fa-chevron-down\"><\/i>                      <\/span>  \t\t\t\t<\/div>  \t\t\t\t<div class=\"faq_answer\" itemscope itemprop=\"acceptedAnswer\" itemtype=\"https:\/\/schema.org\/Answer\">  \t\t\t\t\t<div itemprop=\"text\">  \t\t\t\t\t\tNo existe un c\u00f3digo promocional en Betfair solo para la app, pero existe uno para la Casa de apuestas en general, el cual es \u201cZBBLAT\u201d. Usando este c\u00f3digo puedes ganar 1 free bet o apuesta gratis de 80 soles, siempre y cuando cumplas con los t\u00e9rminos y condiciones. \t\t\t\t\t<\/div>  \t\t\t\t<\/div>  \t\t\t<\/div>  \t\t\t\t\t<div class=\"item\" itemscope itemprop=\"mainEntity\" itemtype=\"https:\/\/schema.org\/Question\">  \t\t\t\t<div class=\"faq_question\">  \t\t\t\t\t<div class=\"count\">05<\/div>  \t\t\t\t\t<div itemprop=\"name\">  \t\t\t\t\t\t\u00bfC\u00f3mo contactar con BETFAIR?\t\t\t\t\t<\/div>  \t\t\t\t\t<span class=\"faq_arrow\">                          <i class=\"fa-sharp fa-light fa-chevron-down\"><\/i>                      <\/span>  \t\t\t\t<\/div>  \t\t\t\t<div class=\"faq_answer\" itemscope itemprop=\"acceptedAnswer\" itemtype=\"https:\/\/schema.org\/Answer\">  \t\t\t\t\t<div itemprop=\"text\">  \t\t\t\t\t\tLa forma m\u00e1s f\u00e1cil de comunicarte con la casa de apuestas es a trav\u00e9s de su correo electr\u00f3nico soporte.co@Betfair.com desde las 10 am hasta las 11\u202fpm.\t\t\t\t\t<\/div>  \t\t\t\t<\/div>  \t\t\t<\/div>  \t\t\t<\/div>  <\/section>    <section class=\"wp-block-hc-alternate-group-section\"> <h2 class=\"wp-block-heading\">Conclusi\u00f3n<\/h2>    <div itemscope=\"\" itemtype=\"https:\/\/schema.org\/ImageObject\" class=\"get-image schema-image-object-content wp-block-image size-large\"><img width=\"1024\" height=\"458\" src=\"https:\/\/lahoradelgambling.com\/pe\/wp-content\/uploads\/sites\/3\/2023\/04\/Conclusion-Betfair-peru-1024x458.jpg\" alt=\"Conclusiones de los expertos de LaHora sobre la casa de apuestas Betfair\" class=\"wp-image-6494\" loading=\"lazy\" decoding=\"async\" srcset=\"https:\/\/lahoradelgambling.com\/pe\/wp-content\/uploads\/sites\/3\/2023\/04\/Conclusion-Betfair-peru-1024x458.jpg 1024w, https:\/\/lahoradelgambling.com\/pe\/wp-content\/uploads\/sites\/3\/2023\/04\/Conclusion-Betfair-peru-300x134.jpg 300w, https:\/\/lahoradelgambling.com\/pe\/wp-content\/uploads\/sites\/3\/2023\/04\/Conclusion-Betfair-peru-150x67.jpg 150w, https:\/\/lahoradelgambling.com\/pe\/wp-content\/uploads\/sites\/3\/2023\/04\/Conclusion-Betfair-peru-768x344.jpg 768w, https:\/\/lahoradelgambling.com\/pe\/wp-content\/uploads\/sites\/3\/2023\/04\/Conclusion-Betfair-peru-1536x687.jpg 1536w, https:\/\/lahoradelgambling.com\/pe\/wp-content\/uploads\/sites\/3\/2023\/04\/Conclusion-Betfair-peru.jpg 1900w\" sizes=\"(max-width: 1024px) 100vw, 1024px\" \/><meta itemprop=\"contentUrl\" content=\"https:\/\/lahoradelgambling.com\/pe\/wp-content\/uploads\/sites\/3\/2023\/04\/Conclusion-Betfair-peru-1024x458.jpg\"><\/div>    <p><b>Betfair es una casa de apuestas que cuenta con much\u00edsimos beneficios que van desde una gran variedad de deportes hasta diferentes torneos semanales que puedes disfrutar plenamente en su p\u00e1gina web. <\/b>El m\u00e1s resaltante entre sus beneficios es sin duda su bono de bienvenida no solo por el importe sino tambi\u00e9n por sus condiciones sencillas y f\u00e1ciles de cumplir.<\/p>    <p>Y por supuesto, tienes su fascinante bono de bienvenida para apostar en juegos de casino y ganar incre\u00edbles premios.&nbsp; Todos y cada uno de estos beneficios nombrados permiten a sus usuarios tener una experiencia incre\u00edble y su bono es de los m\u00e1s atractivos del mercado peruano. As\u00ed que no lo dudes m\u00e1s y empieza a ganar con Betfair en este instante.<\/p> <\/section>","protected":false},"excerpt":{"rendered":"","protected":false},"author":33,"featured_media":6463,"parent":4176,"menu_order":92,"comment_status":"closed","ping_status":"closed","template":"","meta":{"_acf_changed":false,"footnotes":""},"page_categories":[63],"acf":[],"yoast_head":"<!-- This site is optimized with the Yoast SEO plugin v24.5 - https:\/\/yoast.com\/wordpress\/plugins\/seo\/ -->\n<title>Conoce el Bono de BETFAIR y Gana hasta 400 soles peruanos en Apuestas - 2024<\/title>\n<meta name=\"description\" content=\"Consigue el bono de bienvenida de Betfair. Descubre c\u00f3mo obtener y utilizar las promociones de esta casa de apuestas para ganar infinidades de premios\" \/>\n<meta name=\"robots\" content=\"index, follow, max-snippet:-1, max-image-preview:large, max-video-preview:-1\" \/>\n<meta property=\"og:locale\" content=\"es_ES\" \/>\n<meta property=\"og:type\" content=\"article\" \/>\n<meta property=\"og:title\" content=\"Conoce el Bono de BETFAIR y Gana hasta 400 soles peruanos en Apuestas - 2024\" \/>\n<meta property=\"og:description\" content=\"Consigue el bono de bienvenida de Betfair. Descubre c\u00f3mo obtener y utilizar las promociones de esta casa de apuestas para ganar infinidades de premios\" \/>\n<meta property=\"og:url\" content=\"https:\/\/lahoradelgambling.com\/pe\/bono-de-bienvenida\/betfair-bono\/\" \/>\n<meta property=\"og:site_name\" content=\"lahoradelgambling PE\" \/>\n<meta property=\"article:modified_time\" content=\"2024-06-23T13:18:07+00:00\" \/>\n<meta property=\"og:image\" content=\"https:\/\/lahoradelgambling.com\/pe\/wp-content\/uploads\/sites\/3\/2023\/04\/Betfair-Bono-Pe-LaHora2.jpg\" \/>\n\t<meta property=\"og:image:width\" content=\"1900\" \/>\n\t<meta property=\"og:image:height\" content=\"850\" \/>\n\t<meta property=\"og:image:type\" content=\"image\/jpeg\" \/>\n<meta name=\"twitter:card\" content=\"summary_large_image\" \/>\n<meta name=\"twitter:label1\" content=\"Est. reading time\" \/>\n\t<meta name=\"twitter:data1\" content=\"6 minutos\" \/>\n<!-- \/ Yoast SEO plugin. -->","yoast_head_json":{"title":"Conoce el Bono de BETFAIR y Gana hasta 400 soles peruanos en Apuestas - 2024","description":"Consigue el bono de bienvenida de Betfair. Descubre c\u00f3mo obtener y utilizar las promociones de esta casa de apuestas para ganar infinidades de premios","robots":{"index":"index","follow":"follow","max-snippet":"max-snippet:-1","max-image-preview":"max-image-preview:large","max-video-preview":"max-video-preview:-1"},"og_locale":"es_ES","og_type":"article","og_title":"Conoce el Bono de BETFAIR y Gana hasta 400 soles peruanos en Apuestas - 2024","og_description":"Consigue el bono de bienvenida de Betfair. Descubre c\u00f3mo obtener y utilizar las promociones de esta casa de apuestas para ganar infinidades de premios","og_url":"https:\/\/lahoradelgambling.com\/pe\/bono-de-bienvenida\/betfair-bono\/","og_site_name":"lahoradelgambling PE","article_modified_time":"2024-06-23T13:18:07+00:00","og_image":[{"width":1900,"height":850,"url":"https:\/\/lahoradelgambling.com\/pe\/wp-content\/uploads\/sites\/3\/2023\/04\/Betfair-Bono-Pe-LaHora2.jpg","type":"image\/jpeg"}],"twitter_card":"summary_large_image","twitter_misc":{"Est. reading time":"6 minutos"},"schema":{"@context":"https:\/\/schema.org","@graph":[{"@type":"WebPage","@id":"https:\/\/lahoradelgambling.com\/pe\/bono-de-bienvenida\/betfair-bono\/","url":"https:\/\/lahoradelgambling.com\/pe\/bono-de-bienvenida\/betfair-bono\/","name":"Conoce el Bono de BETFAIR y Gana hasta 400 soles peruanos en Apuestas - 2024","isPartOf":{"@id":"https:\/\/lahoradelgambling.com\/pe\/#website"},"primaryImageOfPage":{"@id":"https:\/\/lahoradelgambling.com\/pe\/bono-de-bienvenida\/betfair-bono\/#primaryimage"},"image":{"@id":"https:\/\/lahoradelgambling.com\/pe\/bono-de-bienvenida\/betfair-bono\/#primaryimage"},"thumbnailUrl":"https:\/\/lahoradelgambling.com\/pe\/wp-content\/uploads\/sites\/3\/2023\/04\/Betfair-Bono-Pe-LaHora2.jpg","datePublished":"2023-04-19T13:08:33+00:00","dateModified":"2024-06-23T13:18:07+00:00","description":"Consigue el bono de bienvenida de Betfair. Descubre c\u00f3mo obtener y utilizar las promociones de esta casa de apuestas para ganar infinidades de premios","breadcrumb":{"@id":"https:\/\/lahoradelgambling.com\/pe\/bono-de-bienvenida\/betfair-bono\/#breadcrumb"},"inLanguage":"es","potentialAction":[{"@type":"ReadAction","target":["https:\/\/lahoradelgambling.com\/pe\/bono-de-bienvenida\/betfair-bono\/"]}]},{"@type":"ImageObject","inLanguage":"es","@id":"https:\/\/lahoradelgambling.com\/pe\/bono-de-bienvenida\/betfair-bono\/#primaryimage","url":"https:\/\/lahoradelgambling.com\/pe\/wp-content\/uploads\/sites\/3\/2023\/04\/Betfair-Bono-Pe-LaHora2.jpg","contentUrl":"https:\/\/lahoradelgambling.com\/pe\/wp-content\/uploads\/sites\/3\/2023\/04\/Betfair-Bono-Pe-LaHora2.jpg","width":1900,"height":850,"caption":"Bonos de Betfair Peru"},{"@type":"BreadcrumbList","@id":"https:\/\/lahoradelgambling.com\/pe\/bono-de-bienvenida\/betfair-bono\/#breadcrumb","itemListElement":[{"@type":"ListItem","position":1,"name":"Lahoradelgambling","item":"https:\/\/lahoradelgambling.com\/pe\/"},{"@type":"ListItem","position":2,"name":"Bonos de Apuestas","item":"https:\/\/lahoradelgambling.com\/pe\/bono-de-bienvenida\/"},{"@type":"ListItem","position":3,"name":"Betfair Bono"}]},{"@type":"WebSite","@id":"https:\/\/lahoradelgambling.com\/pe\/#website","url":"https:\/\/lahoradelgambling.com\/pe\/","name":"lahoradelgambling PE","description":"","publisher":{"@id":"https:\/\/lahoradelgambling.com\/pe\/#organization"},"potentialAction":[{"@type":"SearchAction","target":{"@type":"EntryPoint","urlTemplate":"https:\/\/lahoradelgambling.com\/pe\/?s={search_term_string}"},"query-input":{"@type":"PropertyValueSpecification","valueRequired":true,"valueName":"search_term_string"}}],"inLanguage":"es"},{"@type":"Organization","@id":"https:\/\/lahoradelgambling.com\/pe\/#organization","name":"lahoradelgambling PE","url":"https:\/\/lahoradelgambling.com\/pe\/","logo":{"@type":"ImageObject","inLanguage":"es","@id":"https:\/\/lahoradelgambling.com\/pe\/#\/schema\/logo\/image\/","url":"https:\/\/lahoradelgambling.com\/pe\/wp-content\/uploads\/sites\/3\/2023\/11\/logo_pe.svg","contentUrl":"https:\/\/lahoradelgambling.com\/pe\/wp-content\/uploads\/sites\/3\/2023\/11\/logo_pe.svg","caption":"lahoradelgambling PE"},"image":{"@id":"https:\/\/lahoradelgambling.com\/pe\/#\/schema\/logo\/image\/"}}]}},"_links":{"self":[{"href":"https:\/\/lahoradelgambling.com\/pe\/wp-json\/wp\/v2\/pages\/6456"}],"collection":[{"href":"https:\/\/lahoradelgambling.com\/pe\/wp-json\/wp\/v2\/pages"}],"about":[{"href":"https:\/\/lahoradelgambling.com\/pe\/wp-json\/wp\/v2\/types\/page"}],"author":[{"embeddable":true,"href":"https:\/\/lahoradelgambling.com\/pe\/wp-json\/wp\/v2\/users\/33"}],"replies":[{"embeddable":true,"href":"https:\/\/lahoradelgambling.com\/pe\/wp-json\/wp\/v2\/comments?post=6456"}],"version-history":[{"count":5,"href":"https:\/\/lahoradelgambling.com\/pe\/wp-json\/wp\/v2\/pages\/6456\/revisions"}],"predecessor-version":[{"id":12459,"href":"https:\/\/lahoradelgambling.com\/pe\/wp-json\/wp\/v2\/pages\/6456\/revisions\/12459"}],"up":[{"embeddable":true,"href":"https:\/\/lahoradelgambling.com\/pe\/wp-json\/wp\/v2\/pages\/4176"}],"wp:featuredmedia":[{"embeddable":true,"href":"https:\/\/lahoradelgambling.com\/pe\/wp-json\/wp\/v2\/media\/6463"}],"wp:attachment":[{"href":"https:\/\/lahoradelgambling.com\/pe\/wp-json\/wp\/v2\/media?parent=6456"}],"wp:term":[{"taxonomy":"page_categories","embeddable":true,"href":"https:\/\/lahoradelgambling.com\/pe\/wp-json\/wp\/v2\/page_categories?post=6456"}],"curies":[{"name":"wp","href":"https:\/\/api.w.org\/{rel}","templated":true}]}}