{"id":5673,"date":"2022-12-02T22:33:14","date_gmt":"2022-12-02T19:33:14","guid":{"rendered":"https:\/\/lahoradelgambling.com\/pe\/?page_id=5673"},"modified":"2024-01-04T20:30:43","modified_gmt":"2024-01-04T17:30:43","slug":"privacidad","status":"publish","type":"page","link":"https:\/\/lahoradelgambling.com\/pe\/privacidad\/","title":{"rendered":"Privacidad"},"content":{"rendered":"<section class=\"wp-block-hc-alternate-group-section\"> <h2 class=\"wp-block-heading\">Protecci\u00f3n de datos y confidencialidad<\/h2>    <p>Cumpliendo con las normativas internacionales y lo establecido en la Ley de Protecci\u00f3n de Datos Personales de Per\u00fa (<a href=\"https:\/\/www.gob.pe\/institucion\/congreso-de-la-republica\/normas-legales\/243470-29733\" target=\"_blank\" rel=\"noreferrer noopener sponsored nofollow\">Ley N.\u00b0 29733<\/a>), se le informa al usuario que nuestro sitio <em>web<\/em>, La Hora del Gambling, maneja una organizaci\u00f3n y tratamiento de datos automatizado.<\/p>    <p>El sistema que se encarga del tratamiento de datos confidenciales fue creado bajo la responsabilidad de La Hora del Gambling. La finalidad de contar con sistemas autom\u00e1ticos de recopilaci\u00f3n y manejo de datos es la gesti\u00f3n adecuada. La Hora del Gambling recopila datos necesarios y lo hace de forma expresa al usuario, quien tambi\u00e9n debe proporcionar su autorizaci\u00f3n para ello (ver apartado <em>Cookies<\/em>).<\/p> <\/section>    <section class=\"wp-block-hc-alternate-group-section\"> <h2 class=\"wp-block-heading\">Registro de datos en formularios y ficheros<\/h2>    <p>Cumplir con el adecuado registro en los formularios de La Hora del Gambling es necesario para acceder a determinados servicios ofrecidos en nuestra p\u00e1gina web.&nbsp;<\/p>    <p>Negarse a facilitar los datos personales o no aceptar esta pol\u00edtica de privacidad, invalida la posibilidad de registrarse y participar en cualquier promoci\u00f3n o servicio que lo requiera.<\/p>    <p>De acuerdo a lo expuesto en la Ley de Protecci\u00f3n de Datos Personales de Per\u00fa, le notificamos a los usuarios de La Hora del Gambling que sus datos personales registrados en la p\u00e1gina ser\u00e1n incorporados a un fichero a nombre de la empresa.<\/p> <\/section>    <section class=\"wp-block-hc-alternate-group-section\"> <h2 class=\"wp-block-heading\">Veracidad y exactitud de los datos&nbsp;<\/h2>    <p>La responsabilidad de veracidad en los datos suministrados por el usuario recae \u00fanicamente en \u00e9l. La Hora del Gambling no se hace responsable por alguna falta de veracidad, sea por error u omisi\u00f3n.<\/p>    <p>\u00danicamente los usuarios responden por la vigencia, exactitud y veracidad de los datos recopilados por el sistema automatizado de La Hora del Gambling. El compromiso de mantenerlos actualizados recae en ellos, as\u00ed como tambi\u00e9n las consecuencias.&nbsp;<\/p>    <p>Los usuarios de La Hora del Gambling aceptan, de acuerdo a nuestra pol\u00edtica de privacidad, que proporcionan datos completos, veraces y funcionales. La Hora del Gambling no responder\u00e1 por informaciones suministradas que no sean proporcionadas por el mismo usuario sino por terceros.<\/p>    <p>La Hora del Gambling no asume responsabilidad alguna por da\u00f1os o perjuicios a los usuarios por consecuencia de la informaci\u00f3n suministrada si proviene de fuentes ajenas o terceros.&nbsp;<\/p>    <p>La Hora del Gambling se reserva el derecho a modificar, eliminar, mover, restringir o limitar el acceso a cualquier informaci\u00f3n dentro de su portal web.&nbsp;<\/p>    <p>En concordancia con las normativas internacionales, el usuario tiene derecho a revocar o modificar la informaci\u00f3n suministrada.<\/p> <\/section>    <section class=\"wp-block-hc-alternate-group-section\"> <h2 class=\"wp-block-heading\">Cookies<\/h2>    <p>Esta p\u00e1gina web utiliza <em>cookies<\/em> para la recopilaci\u00f3n de informaci\u00f3n para cada usuario. Cumpliendo con los lineamientos internacionales, se conceptualiza a continuaci\u00f3n todo lo referente a los <em>cookies<\/em>.<\/p>    <section class=\"wp-block-hc-alternate-group-section\"> <h3 class=\"wp-block-heading\">\u00bfQu\u00e9 es una <em>cookie<\/em>?<\/h3>    <p>Las <em>cookies<\/em> son herramientas utilizadas por los servidores de una <em>web<\/em> para recopilar, rastrear y almacenar datos e informaci\u00f3n que es generada por los usuarios. Dichos <em>cookies<\/em> generan un fichero \u00fanico por usuario y permite visualizar las acciones que una persona realiza mientras visita las diferentes secciones de la p\u00e1gina.<\/p>    <p>Dicho esto, es importante recalcar que algunas <em>cookies<\/em> s\u00f3lo permanecen por una cantidad de tiempo predeterminada o lo que dure la sesi\u00f3n por parte del usuario. Gracias a las <em>cookies<\/em>, La Hora del Gambling puede ofrecer servicios personalizados para cada persona, al mismo tiempo que permite recabar datos estad\u00edsticos.<\/p> <\/section>    <section class=\"wp-block-hc-alternate-group-section\"> <h3 class=\"wp-block-heading\">\u00bfCu\u00e1les cookies utilizamos en La Hora del Gambling?<\/h3>    <p>Al aceptar todas las <em>cookies<\/em> de La Hora del Gambling, el usuario est\u00e1 permitiendo que sean utilizadas para los siguientes puntos:&nbsp;<\/p>    <ul> <li>Ayudar a que La Hora del Gambling funcione adecuadamente.&nbsp;<\/li>    <li>Evitar el inicio de sesi\u00f3n por cada visita.<\/li>    <li>Permitir que los ajustes personales perduren entre sesiones.&nbsp;<\/li>    <li>Contribuir con la muestra de anuncios personalizados.<\/li>    <li>Disminuye los tiempos de carga por cada sesi\u00f3n.<\/li>    <li>Atribuir enlaces estad\u00edsticos para las redes sociales.<\/li>    <li>Personalizar la experiencia del usuario.<\/li> <\/ul> <\/section>    <section class=\"wp-block-hc-alternate-group-section\"> <h3 class=\"wp-block-heading\">Nunca utilizaremos cookies para:<\/h3>    <ul> <li>Tomar informaci\u00f3n privada o de contacto sin autorizaci\u00f3n.&nbsp;<\/li>    <li>Entregarle a terceros datos de identificaci\u00f3n.<\/li> <\/ul> <\/section> <\/section>    <section class=\"wp-block-hc-alternate-group-section\"> <h2 class=\"wp-block-heading\">Derechos de acceso, rectificaci\u00f3n, cancelaci\u00f3n:&nbsp;<\/h2>    <p>Todo usuario tiene derecho a la rectificaci\u00f3n, acceso, supresi\u00f3n, limitaci\u00f3n, portabilidad y oposici\u00f3n de los datos suministrados. Para ello, el usuario tendr\u00e1 que <a href=\"https:\/\/lahoradelgambling.com\/contacto\/\" target=\"_blank\" rel=\"noreferrer noopener\">contactarnos a trav\u00e9s de nuestros canales oficiales<\/a>.<\/p>    <p>Para proceder con los cambios anteriormente descritos, es necesario proporcionar confirmaci\u00f3n para la manipulaci\u00f3n de los datos suministrados. Por lo general solicitamos alg\u00fan documento v\u00e1lido como pasaporte o c\u00e9dula. Tambi\u00e9n es posible hacer uso del derecho a la rectificaci\u00f3n o modificaci\u00f3n de datos a trav\u00e9s de este sitio <em>web<\/em> (<a href=\"https:\/\/lahoradelgambling.com\" target=\"_blank\" rel=\"noreferrer noopener\">https:\/\/lahoradelgambling.com<\/a>). Para ello, hay que ingresar a la p\u00e1gina, iniciar sesi\u00f3n y proceder con la modificaci\u00f3n de los datos.<\/p> <\/section>    <section class=\"wp-block-hc-alternate-group-section\"> <h2 class=\"wp-block-heading\">Medidas de seguridad<\/h2>    <p>El sitio de La Hora del Gambling cuenta con todos los niveles de seguridad requeridos por la legislaci\u00f3n internacional. Adem\u00e1s, los esfuerzos por actualizar e instalar nuevos medios, programas y t\u00e9cnicas de seguridad, son constantes. Cada cambio en <em>pro<\/em> para que los usuarios dispongan de una absoluta seguridad.<\/p>    <p>La Hora del Gambling no se hace responsable de da\u00f1os o perjuicios causados a ra\u00edz de situaciones ajenas a nuestro control. Las omisiones, virus telef\u00f3nicos o robos de contrase\u00f1as y datos de acceso pueden terminar en bloqueos o restricciones del uso de nuestra p\u00e1gina. El usuario ser\u00e1 el \u00fanico responsable en caso de ser afectado por un virus inform\u00e1tico.<\/p> <\/section>    <section class=\"wp-block-hc-alternate-group-section\"> <h2 class=\"wp-block-heading\">Aceptaci\u00f3n y consentimiento<\/h2>    <p>Al aceptar y dar su consentimiento, el usuario declara estar informado sobre todas nuestras medidas de seguridad, condiciones, maneras de proteger y utilizar los datos suministrados en La Hora del Gambling.&nbsp;<\/p>    <p>Los datos se utilizar\u00e1n \u00fanicamente bajo las formas y con las finalidades expuestas en este apartado.&nbsp;<\/p>    <p>Algunos servicios espec\u00edficos podr\u00edan requerir condiciones de seguridad y manejo de datos diferentes, en ese caso se le informar\u00e1 al usuario con anterioridad.<\/p>    <p>La p\u00e1gina <em>web<\/em> de La Hora del Gambling puede ser explorada sin proporcionar datos personales. Estos se solicitar\u00e1n solo cuando un usuario intente acceder a informaci\u00f3n espec\u00edfica que requiera iniciar sesi\u00f3n.<\/p> <\/section>    <section class=\"wp-block-hc-alternate-group-section\"> <h2 class=\"wp-block-heading\">Finalidades<\/h2>    <p>Los datos recopilados por los usuarios son usados \u00fanica y exclusivamente para el beneficio de los mismos usuarios. Adem\u00e1s, los datos ofrecen una experiencia mejorada y personalizada para cada usuario registrado.<\/p> <\/section>    <section class=\"wp-block-hc-alternate-group-section\"> <h2 class=\"wp-block-heading\">Menores de edad<\/h2>    <p>Todos los servicios ofrecidos por La Hora del Gambling, no van dirigidos a menores de edad. De la misma manera, se acent\u00faa que la participaci\u00f3n de menores de edad en juegos de apuestas, es una actividad penada en Per\u00fa por ley.<\/p> <\/section>","protected":false},"excerpt":{"rendered":"","protected":false},"author":1,"featured_media":6753,"parent":0,"menu_order":107,"comment_status":"open","ping_status":"open","template":"","meta":{"_acf_changed":false,"footnotes":""},"page_categories":[],"acf":[],"yoast_head":"<!-- This site is optimized with the Yoast SEO plugin v24.5 - https:\/\/yoast.com\/wordpress\/plugins\/seo\/ -->\n<title>Privacidad - La Hora Del Gambling Per\u00fa<\/title>\n<meta name=\"description\" content=\"Conoce nuestros esquemas de privacidad de La Hora Del Gambling Per\u00fa. Resguardamos tu informaci\u00f3n, conoce los detalles en p\u00e1gina\" \/>\n<meta name=\"robots\" content=\"index, follow, max-snippet:-1, max-image-preview:large, max-video-preview:-1\" \/>\n<meta property=\"og:locale\" content=\"es_ES\" \/>\n<meta property=\"og:type\" content=\"article\" \/>\n<meta property=\"og:title\" content=\"Privacidad - La Hora Del Gambling Per\u00fa\" \/>\n<meta property=\"og:description\" content=\"Conoce nuestros esquemas de privacidad de La Hora Del Gambling Per\u00fa. Resguardamos tu informaci\u00f3n, conoce los detalles en p\u00e1gina\" \/>\n<meta property=\"og:url\" content=\"https:\/\/lahoradelgambling.com\/pe\/privacidad\/\" \/>\n<meta property=\"og:site_name\" content=\"lahoradelgambling PE\" \/>\n<meta property=\"article:modified_time\" content=\"2024-01-04T17:30:43+00:00\" \/>\n<meta property=\"og:image\" content=\"https:\/\/lahoradelgambling.com\/pe\/wp-content\/uploads\/sites\/3\/2023\/05\/privacidad-pe.png\" \/>\n\t<meta property=\"og:image:width\" content=\"1920\" \/>\n\t<meta property=\"og:image:height\" content=\"850\" \/>\n\t<meta property=\"og:image:type\" content=\"image\/png\" \/>\n<meta name=\"twitter:card\" content=\"summary_large_image\" \/>\n<meta name=\"twitter:label1\" content=\"Est. reading time\" \/>\n\t<meta name=\"twitter:data1\" content=\"5 minutos\" \/>\n<!-- \/ Yoast SEO plugin. -->","yoast_head_json":{"title":"Privacidad - La Hora Del Gambling Per\u00fa","description":"Conoce nuestros esquemas de privacidad de La Hora Del Gambling Per\u00fa. Resguardamos tu informaci\u00f3n, conoce los detalles en p\u00e1gina","robots":{"index":"index","follow":"follow","max-snippet":"max-snippet:-1","max-image-preview":"max-image-preview:large","max-video-preview":"max-video-preview:-1"},"og_locale":"es_ES","og_type":"article","og_title":"Privacidad - La Hora Del Gambling Per\u00fa","og_description":"Conoce nuestros esquemas de privacidad de La Hora Del Gambling Per\u00fa. Resguardamos tu informaci\u00f3n, conoce los detalles en p\u00e1gina","og_url":"https:\/\/lahoradelgambling.com\/pe\/privacidad\/","og_site_name":"lahoradelgambling PE","article_modified_time":"2024-01-04T17:30:43+00:00","og_image":[{"width":1920,"height":850,"url":"https:\/\/lahoradelgambling.com\/pe\/wp-content\/uploads\/sites\/3\/2023\/05\/privacidad-pe.png","type":"image\/png"}],"twitter_card":"summary_large_image","twitter_misc":{"Est. reading time":"5 minutos"},"schema":{"@context":"https:\/\/schema.org","@graph":[{"@type":"WebPage","@id":"https:\/\/lahoradelgambling.com\/pe\/privacidad\/","url":"https:\/\/lahoradelgambling.com\/pe\/privacidad\/","name":"Privacidad - La Hora Del Gambling Per\u00fa","isPartOf":{"@id":"https:\/\/lahoradelgambling.com\/pe\/#website"},"primaryImageOfPage":{"@id":"https:\/\/lahoradelgambling.com\/pe\/privacidad\/#primaryimage"},"image":{"@id":"https:\/\/lahoradelgambling.com\/pe\/privacidad\/#primaryimage"},"thumbnailUrl":"https:\/\/lahoradelgambling.com\/pe\/wp-content\/uploads\/sites\/3\/2023\/05\/privacidad-pe.png","datePublished":"2022-12-02T19:33:14+00:00","dateModified":"2024-01-04T17:30:43+00:00","description":"Conoce nuestros esquemas de privacidad de La Hora Del Gambling Per\u00fa. Resguardamos tu informaci\u00f3n, conoce los detalles en p\u00e1gina","breadcrumb":{"@id":"https:\/\/lahoradelgambling.com\/pe\/privacidad\/#breadcrumb"},"inLanguage":"es","potentialAction":[{"@type":"ReadAction","target":["https:\/\/lahoradelgambling.com\/pe\/privacidad\/"]}]},{"@type":"ImageObject","inLanguage":"es","@id":"https:\/\/lahoradelgambling.com\/pe\/privacidad\/#primaryimage","url":"https:\/\/lahoradelgambling.com\/pe\/wp-content\/uploads\/sites\/3\/2023\/05\/privacidad-pe.png","contentUrl":"https:\/\/lahoradelgambling.com\/pe\/wp-content\/uploads\/sites\/3\/2023\/05\/privacidad-pe.png","width":1920,"height":850},{"@type":"BreadcrumbList","@id":"https:\/\/lahoradelgambling.com\/pe\/privacidad\/#breadcrumb","itemListElement":[{"@type":"ListItem","position":1,"name":"Lahoradelgambling","item":"https:\/\/lahoradelgambling.com\/pe\/"},{"@type":"ListItem","position":2,"name":"Privacidad"}]},{"@type":"WebSite","@id":"https:\/\/lahoradelgambling.com\/pe\/#website","url":"https:\/\/lahoradelgambling.com\/pe\/","name":"lahoradelgambling PE","description":"","publisher":{"@id":"https:\/\/lahoradelgambling.com\/pe\/#organization"},"potentialAction":[{"@type":"SearchAction","target":{"@type":"EntryPoint","urlTemplate":"https:\/\/lahoradelgambling.com\/pe\/?s={search_term_string}"},"query-input":{"@type":"PropertyValueSpecification","valueRequired":true,"valueName":"search_term_string"}}],"inLanguage":"es"},{"@type":"Organization","@id":"https:\/\/lahoradelgambling.com\/pe\/#organization","name":"lahoradelgambling PE","url":"https:\/\/lahoradelgambling.com\/pe\/","logo":{"@type":"ImageObject","inLanguage":"es","@id":"https:\/\/lahoradelgambling.com\/pe\/#\/schema\/logo\/image\/","url":"https:\/\/lahoradelgambling.com\/pe\/wp-content\/uploads\/sites\/3\/2023\/11\/logo_pe.svg","contentUrl":"https:\/\/lahoradelgambling.com\/pe\/wp-content\/uploads\/sites\/3\/2023\/11\/logo_pe.svg","caption":"lahoradelgambling PE"},"image":{"@id":"https:\/\/lahoradelgambling.com\/pe\/#\/schema\/logo\/image\/"}}]}},"_links":{"self":[{"href":"https:\/\/lahoradelgambling.com\/pe\/wp-json\/wp\/v2\/pages\/5673"}],"collection":[{"href":"https:\/\/lahoradelgambling.com\/pe\/wp-json\/wp\/v2\/pages"}],"about":[{"href":"https:\/\/lahoradelgambling.com\/pe\/wp-json\/wp\/v2\/types\/page"}],"author":[{"embeddable":true,"href":"https:\/\/lahoradelgambling.com\/pe\/wp-json\/wp\/v2\/users\/1"}],"replies":[{"embeddable":true,"href":"https:\/\/lahoradelgambling.com\/pe\/wp-json\/wp\/v2\/comments?post=5673"}],"version-history":[{"count":7,"href":"https:\/\/lahoradelgambling.com\/pe\/wp-json\/wp\/v2\/pages\/5673\/revisions"}],"predecessor-version":[{"id":7432,"href":"https:\/\/lahoradelgambling.com\/pe\/wp-json\/wp\/v2\/pages\/5673\/revisions\/7432"}],"wp:featuredmedia":[{"embeddable":true,"href":"https:\/\/lahoradelgambling.com\/pe\/wp-json\/wp\/v2\/media\/6753"}],"wp:attachment":[{"href":"https:\/\/lahoradelgambling.com\/pe\/wp-json\/wp\/v2\/media?parent=5673"}],"wp:term":[{"taxonomy":"page_categories","embeddable":true,"href":"https:\/\/lahoradelgambling.com\/pe\/wp-json\/wp\/v2\/page_categories?post=5673"}],"curies":[{"name":"wp","href":"https:\/\/api.w.org\/{rel}","templated":true}]}}