{"id":5616,"date":"2022-12-02T13:30:16","date_gmt":"2022-12-02T10:30:16","guid":{"rendered":"https:\/\/lahoradelgambling.com\/pe\/?page_id=5616"},"modified":"2024-01-04T20:30:08","modified_gmt":"2024-01-04T17:30:08","slug":"sobre-nosotros","status":"publish","type":"page","link":"https:\/\/lahoradelgambling.com\/pe\/sobre-nosotros\/","title":{"rendered":"Sobre Nosotros"},"content":{"rendered":"<section class=\"wp-block-hc-alternate-group-section\"> <h2 class=\"wp-block-heading\">Introducci\u00f3n<\/h2>    <p><b>La Hora del Gambling<\/b> es un portal <em>web<\/em> creado exclusivamente para apostadores a los que les gusta estar informado de las <b>mejores plataformas para apostar en Per\u00fa<\/b>. Nosotros compartimos la experiencia que necesitas en las apuestas. De esta manera, puedes usar a tu favor toda la informaci\u00f3n necesaria para obtener mayores beneficios en tus pr\u00f3ximas jugadas.<\/p> <\/section>    <section class=\"wp-block-hc-alternate-group-section\"> <h2 class=\"wp-block-heading\">\u00bfQui\u00e9nes somos?<\/h2>    <p>Somos el <b>primer portal dedicado exclusivamente a las apuestas en Per\u00fa<\/b>. Aunque nos enfocamos en las casas de apuestas que funcionan en Per\u00fa, no nos limitamos en ofrecer rese\u00f1as e informaci\u00f3n confiable para toda Latinoam\u00e9rica.<\/p> <\/section>    <section class=\"wp-block-hc-alternate-group-section\"> <h2 class=\"wp-block-heading\">\u00bfQu\u00e9 hacemos?<\/h2>    <p>En <b>La Hora del Gambling<\/b> te mantenemos actualizado con las novedades en las apuestas. Desde estrategias para apostar e informaci\u00f3n relevante para los deportes, hasta <b>rese\u00f1as de casas de apuestas en Per\u00fa<\/b>. Adem\u00e1s, formalizamos una comunidad a la que le apasiona todo lo relacionado con las <b>predicciones o pron\u00f3sticos deportivos<\/b>.<\/p>    <p>Todo lo que leas en nuestro portal, est\u00e1 repleto de sinceridad. Gracias a ello, todos nuestros lectores pueden guiarse en <b>casas de apuestas confiables<\/b>, debido a que estamos completamente comprometidos en combatir los <em>scams<\/em> o fraudes que rodean este fascinante mundo.<\/p> <\/section>    <section class=\"wp-block-hc-alternate-group-section\"> <h2 class=\"wp-block-heading\">Nuestros objetivos<\/h2>    <p>Nuestra meta es convertirnos en la principal <b>plataforma digital de apuestas peruana<\/b>. Somos los primeros en Per\u00fa que responden a las personas que buscan informaci\u00f3n para apostar en todo tipo de deportes.<\/p>    <p>De la misma manera, buscamos mantener una comunidad activa y adaptable al panorama de las <b>apuestas en Per\u00fa<\/b>. Queremos que t\u00fa, como jugador habitual, saques el mayor provecho posible en cualquiera de estos medios para apostar en l\u00ednea.<\/p>    <p>Por otro lado, tambi\u00e9n queremos <b>ayudar a solventar problemas<\/b> con diferentes plataformas para apostar en Per\u00fa.<\/p> <\/section>    <section class=\"wp-block-hc-alternate-group-section\"> <h2 class=\"wp-block-heading\">Our team<\/h2>    <p>S\u00edguenos en la lectura y aprende todo lo relacionado al maravilloso mundo que combina los deportes y las apuestas.<\/p>   \r\n<ul class=\"about_our_team\">\r\n\t\r\n\t\t<li>\r\n\t\t\t<a href=\"https:\/\/lahoradelgambling.com\/pe\/author\/andres-duque\/\">\r\n\t\t\t<div class=\"image\">\r\n\t\t\t\t<img src='https:\/\/lahoradelgambling.com\/wp-content\/uploads\/2023\/12\/Andres-Duque.jpg' loading='lazy' decoding='async' alt='' \/>\t\t\t<\/div>\r\n\t\t\t<div class=\"name\">\r\n\t\t\t\tAndr\u00e9s Duque\t\t\t<\/div>\r\n\t\t\t<div class=\"position_at_work\">\r\n\t\t\t\tAuthor\t\t\t<\/div>\r\n\t\t\t<\/a>\r\n\t\t<\/li>\r\n\t\r\n\t\t<li>\r\n\t\t\t<a href=\"https:\/\/lahoradelgambling.com\/pe\/author\/estefania-sanoja-cordero\/\">\r\n\t\t\t<div class=\"image\">\r\n\t\t\t\t<img src='https:\/\/lahoradelgambling.com\/wp-content\/uploads\/2023\/12\/Estefania-Sanoja-Cordero.jpg' loading='lazy' decoding='async' alt='' \/>\t\t\t<\/div>\r\n\t\t\t<div class=\"name\">\r\n\t\t\t\tEstefan\u00eda Sanoja Cordero\t\t\t<\/div>\r\n\t\t\t<div class=\"position_at_work\">\r\n\t\t\t\tAuthor\t\t\t<\/div>\r\n\t\t\t<\/a>\r\n\t\t<\/li>\r\n\t\r\n\t\t<li>\r\n\t\t\t<a href=\"https:\/\/lahoradelgambling.com\/pe\/author\/andres-felipe-viola-amaya\/\">\r\n\t\t\t<div class=\"image\">\r\n\t\t\t\t<img src='https:\/\/lahoradelgambling.com\/wp-content\/uploads\/2023\/12\/Andres-Felipe-Viola-Amaya.jpg' loading='lazy' decoding='async' alt='' \/>\t\t\t<\/div>\r\n\t\t\t<div class=\"name\">\r\n\t\t\t\tAndr\u00e9s Felipe Viola Amaya\t\t\t<\/div>\r\n\t\t\t<div class=\"position_at_work\">\r\n\t\t\t\tAuthor\t\t\t<\/div>\r\n\t\t\t<\/a>\r\n\t\t<\/li>\r\n\t\r\n\t\t<li>\r\n\t\t\t<a href=\"https:\/\/lahoradelgambling.com\/pe\/author\/jose-luis-rodriguez\/\">\r\n\t\t\t<div class=\"image\">\r\n\t\t\t\t<img src='https:\/\/lahoradelgambling.com\/wp-content\/uploads\/2023\/12\/Jose-Luis-Rodriguez.jpg' loading='lazy' decoding='async' alt='' \/>\t\t\t<\/div>\r\n\t\t\t<div class=\"name\">\r\n\t\t\t\tJose Luis Rodriguez\t\t\t<\/div>\r\n\t\t\t<div class=\"position_at_work\">\r\n\t\t\t\tAuthor\t\t\t<\/div>\r\n\t\t\t<\/a>\r\n\t\t<\/li>\r\n\t\r\n\t\t<li>\r\n\t\t\t<a href=\"https:\/\/lahoradelgambling.com\/pe\/author\/jose-araujo\/\">\r\n\t\t\t<div class=\"image\">\r\n\t\t\t\t<img src='https:\/\/lahoradelgambling.com\/wp-content\/uploads\/2023\/12\/Jose-Araujo.jpg' loading='lazy' decoding='async' alt='' \/>\t\t\t<\/div>\r\n\t\t\t<div class=\"name\">\r\n\t\t\t\tJos\u00e9 Araujo\t\t\t<\/div>\r\n\t\t\t<div class=\"position_at_work\">\r\n\t\t\t\tAuthor\t\t\t<\/div>\r\n\t\t\t<\/a>\r\n\t\t<\/li>\r\n\t\r\n\t\t<li>\r\n\t\t\t<a href=\"https:\/\/lahoradelgambling.com\/pe\/author\/maria-salazar\/\">\r\n\t\t\t<div class=\"image\">\r\n\t\t\t\t<img src='https:\/\/lahoradelgambling.com\/wp-content\/uploads\/2023\/12\/Maria-Salazar.jpg' loading='lazy' decoding='async' alt='' \/>\t\t\t<\/div>\r\n\t\t\t<div class=\"name\">\r\n\t\t\t\tMaria Salazar\t\t\t<\/div>\r\n\t\t\t<div class=\"position_at_work\">\r\n\t\t\t\tAuthor\t\t\t<\/div>\r\n\t\t\t<\/a>\r\n\t\t<\/li>\r\n\t\r\n\t\t<li>\r\n\t\t\t<a href=\"https:\/\/lahoradelgambling.com\/pe\/author\/reina-rojas-perez\/\">\r\n\t\t\t<div class=\"image\">\r\n\t\t\t\t<img src='https:\/\/lahoradelgambling.com\/wp-content\/uploads\/2023\/12\/Reina-Rojas-Perez.jpg' loading='lazy' decoding='async' alt='' \/>\t\t\t<\/div>\r\n\t\t\t<div class=\"name\">\r\n\t\t\t\tReina Rojas P\u00e9rez\t\t\t<\/div>\r\n\t\t\t<div class=\"position_at_work\">\r\n\t\t\t\tAuthor\t\t\t<\/div>\r\n\t\t\t<\/a>\r\n\t\t<\/li>\r\n\t<\/ul>\r\n <\/section>     <div class=\"about_feedback_form\">  \t<div class=\"text\">  \t\t<h2>\u00a1Estamos contratando!<\/h2> <p>\u00bfEres un amante y seguidor de las apuestas de azar y deseas saber c\u00f3mo funcionan las apuestas deportivas? Si la respuesta es afirmativa<br \/> hasllegado al lugar indicado!<\/p> \t<\/div>  \t<div class=\"form\">  \t\t <div class=\"wpcf7 no-js\" id=\"wpcf7-f7403-o1\" lang=\"ru-RU\" dir=\"ltr\"> <div class=\"screen-reader-response\"><p role=\"status\" aria-live=\"polite\" aria-atomic=\"true\"><\/p> <ul><\/ul><\/div> <form action=\"\/pe\/wp-json\/wp\/v2\/pages\/5616#wpcf7-f7403-o1\" method=\"post\" class=\"wpcf7-form init\" aria-label=\"\u041a\u043e\u043d\u0442\u0430\u043a\u0442\u043d\u0430\u044f \u0444\u043e\u0440\u043c\u0430\" novalidate=\"novalidate\" data-status=\"init\"> <div style=\"display: none;\"> <input type=\"hidden\" name=\"_wpcf7\" value=\"7403\" \/> <input type=\"hidden\" name=\"_wpcf7_version\" value=\"5.9.8\" \/> <input type=\"hidden\" name=\"_wpcf7_locale\" value=\"ru_RU\" \/> <input type=\"hidden\" name=\"_wpcf7_unit_tag\" value=\"wpcf7-f7403-o1\" \/> <input type=\"hidden\" name=\"_wpcf7_container_post\" value=\"0\" \/> <input type=\"hidden\" name=\"_wpcf7_posted_data_hash\" value=\"\" \/> <\/div> <div class=\"wpcf7-wrap\"> \t<p><span class=\"wpcf7-form-control-wrap\" data-name=\"your-name\"><input size=\"40\" maxlength=\"400\" class=\"wpcf7-form-control wpcf7-text wpcf7-validates-as-required\" aria-required=\"true\" aria-invalid=\"false\" placeholder=\"Nombre\" value=\"\" type=\"text\" name=\"your-name\" \/><\/span><span class=\"wpcf7-form-control-wrap\" data-name=\"your-email\"><input size=\"40\" maxlength=\"400\" class=\"wpcf7-form-control wpcf7-email wpcf7-validates-as-required wpcf7-text wpcf7-validates-as-email\" aria-required=\"true\" aria-invalid=\"false\" placeholder=\"Correo electr\u00f3nico\" value=\"\" type=\"email\" name=\"your-email\" \/><\/span><span class=\"wpcf7-form-control-wrap\" data-name=\"your-message\"><input size=\"40\" maxlength=\"400\" class=\"wpcf7-form-control wpcf7-text wpcf7-validates-as-required\" aria-required=\"true\" aria-invalid=\"false\" placeholder=\"Mensaje\" value=\"\" type=\"text\" name=\"your-message\" \/><\/span> \t<\/p> \t<div class=\"submit-container\"> \t\t<p><input class=\"wpcf7-form-control wpcf7-submit has-spinner\" type=\"submit\" value=\"Enviar\" \/> \t\t<\/p> \t<\/div> <\/div><div class=\"wpcf7-response-output\" aria-hidden=\"true\"><\/div> <\/form> <\/div> \t<\/div>  <\/div>     <section class=\"wp-block-hc-alternate-group-section\"> <h2 class=\"wp-block-heading\">Cont\u00e1ctanos<\/h2>    <p>Si quieres que resolvamos alguna duda o te demos un trato especializado para ayudarte con alg\u00fan problema, te invitamos a <a href=\"https:\/\/lahoradelgambling.com\/contacto\/\">llenar nuestro formulario de contacto<\/a>. Adem\u00e1s, puedes visitarnos en nuestras instalaciones o contactarnos por correo electr\u00f3nico:<\/p>    <p>Direcci\u00f3n: Cra. 13 #38-85, Bogot\u00e1, Colombia<\/p>    <p>Email: info@lahoradelgambling.com<\/p> <\/section>","protected":false},"excerpt":{"rendered":"","protected":false},"author":1,"featured_media":6762,"parent":0,"menu_order":109,"comment_status":"open","ping_status":"open","template":"","meta":{"_acf_changed":false,"footnotes":""},"page_categories":[64],"acf":[],"yoast_head":"<!-- This site is optimized with the Yoast SEO plugin v24.5 - https:\/\/yoast.com\/wordpress\/plugins\/seo\/ -->\n<title>Sobre Nosotros - La Hora Del Gambling Per\u00fa<\/title>\n<meta name=\"description\" content=\"Somos jugadores, como t\u00fa, buscando hacer de este mundo un lugar m\u00e1s amigable para nuevos apostadores. \u00bfQuieres saber m\u00e1s sobre nuestro sitio?\" \/>\n<meta name=\"robots\" content=\"index, follow, max-snippet:-1, max-image-preview:large, max-video-preview:-1\" \/>\n<meta property=\"og:locale\" content=\"es_ES\" \/>\n<meta property=\"og:type\" content=\"article\" \/>\n<meta property=\"og:title\" content=\"Sobre Nosotros - La Hora Del Gambling Per\u00fa\" \/>\n<meta property=\"og:description\" content=\"Somos jugadores, como t\u00fa, buscando hacer de este mundo un lugar m\u00e1s amigable para nuevos apostadores. \u00bfQuieres saber m\u00e1s sobre nuestro sitio?\" \/>\n<meta property=\"og:url\" content=\"https:\/\/lahoradelgambling.com\/pe\/sobre-nosotros\/\" \/>\n<meta property=\"og:site_name\" content=\"lahoradelgambling PE\" \/>\n<meta property=\"article:modified_time\" content=\"2024-01-04T17:30:08+00:00\" \/>\n<meta property=\"og:image\" content=\"https:\/\/lahoradelgambling.com\/pe\/wp-content\/uploads\/sites\/3\/2023\/05\/Sobre-Nosotros-Pe2.png\" \/>\n\t<meta property=\"og:image:width\" content=\"1920\" \/>\n\t<meta property=\"og:image:height\" content=\"850\" \/>\n\t<meta property=\"og:image:type\" content=\"image\/png\" \/>\n<meta name=\"twitter:card\" content=\"summary_large_image\" \/>\n<meta name=\"twitter:label1\" content=\"Est. reading time\" \/>\n\t<meta name=\"twitter:data1\" content=\"2 minutos\" \/>\n<!-- \/ Yoast SEO plugin. -->","yoast_head_json":{"title":"Sobre Nosotros - La Hora Del Gambling Per\u00fa","description":"Somos jugadores, como t\u00fa, buscando hacer de este mundo un lugar m\u00e1s amigable para nuevos apostadores. \u00bfQuieres saber m\u00e1s sobre nuestro sitio?","robots":{"index":"index","follow":"follow","max-snippet":"max-snippet:-1","max-image-preview":"max-image-preview:large","max-video-preview":"max-video-preview:-1"},"og_locale":"es_ES","og_type":"article","og_title":"Sobre Nosotros - La Hora Del Gambling Per\u00fa","og_description":"Somos jugadores, como t\u00fa, buscando hacer de este mundo un lugar m\u00e1s amigable para nuevos apostadores. \u00bfQuieres saber m\u00e1s sobre nuestro sitio?","og_url":"https:\/\/lahoradelgambling.com\/pe\/sobre-nosotros\/","og_site_name":"lahoradelgambling PE","article_modified_time":"2024-01-04T17:30:08+00:00","og_image":[{"width":1920,"height":850,"url":"https:\/\/lahoradelgambling.com\/pe\/wp-content\/uploads\/sites\/3\/2023\/05\/Sobre-Nosotros-Pe2.png","type":"image\/png"}],"twitter_card":"summary_large_image","twitter_misc":{"Est. reading time":"2 minutos"},"schema":{"@context":"https:\/\/schema.org","@graph":[{"@type":"WebPage","@id":"https:\/\/lahoradelgambling.com\/pe\/sobre-nosotros\/","url":"https:\/\/lahoradelgambling.com\/pe\/sobre-nosotros\/","name":"Sobre Nosotros - La Hora Del Gambling Per\u00fa","isPartOf":{"@id":"https:\/\/lahoradelgambling.com\/pe\/#website"},"primaryImageOfPage":{"@id":"https:\/\/lahoradelgambling.com\/pe\/sobre-nosotros\/#primaryimage"},"image":{"@id":"https:\/\/lahoradelgambling.com\/pe\/sobre-nosotros\/#primaryimage"},"thumbnailUrl":"https:\/\/lahoradelgambling.com\/pe\/wp-content\/uploads\/sites\/3\/2023\/05\/Sobre-Nosotros-Pe2.png","datePublished":"2022-12-02T10:30:16+00:00","dateModified":"2024-01-04T17:30:08+00:00","description":"Somos jugadores, como t\u00fa, buscando hacer de este mundo un lugar m\u00e1s amigable para nuevos apostadores. \u00bfQuieres saber m\u00e1s sobre nuestro sitio?","breadcrumb":{"@id":"https:\/\/lahoradelgambling.com\/pe\/sobre-nosotros\/#breadcrumb"},"inLanguage":"es","potentialAction":[{"@type":"ReadAction","target":["https:\/\/lahoradelgambling.com\/pe\/sobre-nosotros\/"]}]},{"@type":"ImageObject","inLanguage":"es","@id":"https:\/\/lahoradelgambling.com\/pe\/sobre-nosotros\/#primaryimage","url":"https:\/\/lahoradelgambling.com\/pe\/wp-content\/uploads\/sites\/3\/2023\/05\/Sobre-Nosotros-Pe2.png","contentUrl":"https:\/\/lahoradelgambling.com\/pe\/wp-content\/uploads\/sites\/3\/2023\/05\/Sobre-Nosotros-Pe2.png","width":1920,"height":850},{"@type":"BreadcrumbList","@id":"https:\/\/lahoradelgambling.com\/pe\/sobre-nosotros\/#breadcrumb","itemListElement":[{"@type":"ListItem","position":1,"name":"Lahoradelgambling","item":"https:\/\/lahoradelgambling.com\/pe\/"},{"@type":"ListItem","position":2,"name":"Sobre Nosotros"}]},{"@type":"WebSite","@id":"https:\/\/lahoradelgambling.com\/pe\/#website","url":"https:\/\/lahoradelgambling.com\/pe\/","name":"lahoradelgambling PE","description":"","publisher":{"@id":"https:\/\/lahoradelgambling.com\/pe\/#organization"},"potentialAction":[{"@type":"SearchAction","target":{"@type":"EntryPoint","urlTemplate":"https:\/\/lahoradelgambling.com\/pe\/?s={search_term_string}"},"query-input":{"@type":"PropertyValueSpecification","valueRequired":true,"valueName":"search_term_string"}}],"inLanguage":"es"},{"@type":"Organization","@id":"https:\/\/lahoradelgambling.com\/pe\/#organization","name":"lahoradelgambling PE","url":"https:\/\/lahoradelgambling.com\/pe\/","logo":{"@type":"ImageObject","inLanguage":"es","@id":"https:\/\/lahoradelgambling.com\/pe\/#\/schema\/logo\/image\/","url":"https:\/\/lahoradelgambling.com\/pe\/wp-content\/uploads\/sites\/3\/2023\/11\/logo_pe.svg","contentUrl":"https:\/\/lahoradelgambling.com\/pe\/wp-content\/uploads\/sites\/3\/2023\/11\/logo_pe.svg","caption":"lahoradelgambling PE"},"image":{"@id":"https:\/\/lahoradelgambling.com\/pe\/#\/schema\/logo\/image\/"}}]}},"_links":{"self":[{"href":"https:\/\/lahoradelgambling.com\/pe\/wp-json\/wp\/v2\/pages\/5616"}],"collection":[{"href":"https:\/\/lahoradelgambling.com\/pe\/wp-json\/wp\/v2\/pages"}],"about":[{"href":"https:\/\/lahoradelgambling.com\/pe\/wp-json\/wp\/v2\/types\/page"}],"author":[{"embeddable":true,"href":"https:\/\/lahoradelgambling.com\/pe\/wp-json\/wp\/v2\/users\/1"}],"replies":[{"embeddable":true,"href":"https:\/\/lahoradelgambling.com\/pe\/wp-json\/wp\/v2\/comments?post=5616"}],"version-history":[{"count":18,"href":"https:\/\/lahoradelgambling.com\/pe\/wp-json\/wp\/v2\/pages\/5616\/revisions"}],"predecessor-version":[{"id":7429,"href":"https:\/\/lahoradelgambling.com\/pe\/wp-json\/wp\/v2\/pages\/5616\/revisions\/7429"}],"wp:featuredmedia":[{"embeddable":true,"href":"https:\/\/lahoradelgambling.com\/pe\/wp-json\/wp\/v2\/media\/6762"}],"wp:attachment":[{"href":"https:\/\/lahoradelgambling.com\/pe\/wp-json\/wp\/v2\/media?parent=5616"}],"wp:term":[{"taxonomy":"page_categories","embeddable":true,"href":"https:\/\/lahoradelgambling.com\/pe\/wp-json\/wp\/v2\/page_categories?post=5616"}],"curies":[{"name":"wp","href":"https:\/\/api.w.org\/{rel}","templated":true}]}}