{"id":5602,"date":"2022-12-02T13:16:41","date_gmt":"2022-12-02T10:16:41","guid":{"rendered":"https:\/\/lahoradelgambling.com\/pe\/?page_id=5602"},"modified":"2024-01-04T20:29:49","modified_gmt":"2024-01-04T17:29:49","slug":"terminos-y-condiciones","status":"publish","type":"page","link":"https:\/\/lahoradelgambling.com\/pe\/terminos-y-condiciones\/","title":{"rendered":"T\u00e9rminos y condiciones"},"content":{"rendered":"<section class=\"wp-block-hc-alternate-group-section\"> <h2 class=\"wp-block-heading\">Pol\u00edtica de afiliados<\/h2>    <p>Cuando una persona se registra en La Hora del Gambling, estar\u00e1 consintiendo los t\u00e9rminos y condiciones expresados en esta secci\u00f3n. Asimismo, La Hora del Gambling podr\u00e1 realizar todo tipo de modificaciones a los t\u00e9rminos, condiciones y pol\u00edticas de privacidad, sin notificaci\u00f3n previa. En dicho caso, la entrada en vigencia de las nuevas pol\u00edticas inicia con la actualizaci\u00f3n de las versiones correspondientes en la p\u00e1gina web oficial de La Hora del Gambling.<\/p>    <p>A continuaci\u00f3n se exponen todos los puntos prioritarios por el uso de La Hora del Gambling:<\/p>    <ul> <li>La Hora del Gambling conserva la propiedad intelectual de todo el contenido expuesto en la p\u00e1gina oficial.<\/li>    <li>Todos los usuarios registrados est\u00e1n de acuerdo con todos los puntos tratados como t\u00e9rminos y condiciones.<\/li>    <li>La divulgaci\u00f3n, reproducci\u00f3n o copia del contenido expuesto en este portal sin la autorizaci\u00f3n de un administrador, podr\u00e1 estar sujeto a represalias legales.<\/li>    <li>La Hora del Gambling no es una casa de apuestas y la informaci\u00f3n compartida a trav\u00e9s de los medios oficiales no son consejos o asesoramiento financieros.<\/li>    <li>Cada persona es responsable de la informaci\u00f3n proporcionada en nuestro portal o en cualquier casa de apuestas recomendada. No existe grado de responsabilidad alguna por mentir a la hora de registrarse en cualquiera de las mencionadas anteriormente.<\/li>    <li>El contenido analizado en La Hora del Gambling est\u00e1 dirigido para personas mayores de 18 a\u00f1os.<\/li>    <li>Al registrarse, el usuario estar\u00e1 consintiendo el env\u00edo de boletines o correos electr\u00f3nicos relacionados con las apuestas, casas de apuestas, promociones o cualquier otro tipo de informaci\u00f3n que La Hora del Gambling considere publicitario.<\/li>    <li>Cualquier dato suministrado por y para La Hora del Gambling, est\u00e1 sujeto a nuestro acuerdo de confidencialidad.<\/li>    <li>Registrarse en La Hora del Gambling es completamente gratis.<\/li> <\/ul>    <p>Como parte de los t\u00e9rminos y condiciones de registro, tambi\u00e9n se valorar\u00e1 la actitud y el uso de informaci\u00f3n por parte de los usuarios que visiten La Hora del Gambling. Por esta misma raz\u00f3n, se proh\u00edbe:<\/p>    <ul> <li>Utilizar un vocabulario malsonante o una actitud ofensiva dentro de cualquier secci\u00f3n de la p\u00e1gina La Hora del Gambling. Se permiten todo tipo de opiniones contrarias, siempre que sean transmitidas de forma educada y haciendo uso del sentido com\u00fan de convivencia.<\/li>    <li>Introducir nombres de usuario o im\u00e1genes que representen un insulto o una conducta inapropiada.<\/li>    <li>Discutir con bases pol\u00edticas o religiosas. El contenido en La Hora del Gambling es informativo.<\/li>    <li>Realizar <em>spam<\/em> de cualquier tipo o realizar publicidad dentro de La Hora del Gambling que no sea relevante para la audiencia objetivo (jugadores, apostadores).<\/li>    <li>Tener m\u00e1s de una cuenta en uso. Esta condici\u00f3n tambi\u00e9n hace referencia a la participaci\u00f3n de eventos o promociones con el uso de m\u00faltiples cuentas.<\/li>    <li>Atacar a los administradores o miembros pertenecientes al equipo de La Hora del Gambling. Las cr\u00edticas constructivas son vitales, pero no se tolerar\u00e1 la falta de respeto o la insurgencia contra los administradores de la p\u00e1gina.<\/li> <\/ul> <\/section>    <section class=\"wp-block-hc-alternate-group-section\"> <h2 class=\"wp-block-heading\">Pol\u00edtica de cookies<\/h2>    <p>Como muchos otros sitios web, La Hora del Gambling utiliza <em>cookies<\/em> para personalizar la experiencia de cada visitante o usuario. Siguiendo los lineamientos internacionales, dichas <em>cookies<\/em> s\u00f3lo pueden ser aprobadas por los usuarios. En caso contrario, La Hora del Gambling no puede hacer uso de la informaci\u00f3n obtenida a trav\u00e9s de su uso.<\/p>    <p>Dicho todo esto, La Hora del Gambling puede utilizar los datos recopilados con fines de mejorar la experiencia de los usuarios. Esta informaci\u00f3n es tratada con suma delicadeza, por lo que es necesario ratificar que los <em>cookies<\/em> no son utilizados para recopilar datos de contacto de ning\u00fan tipo sin consentimiento y mucho menos el traspaso de la informaci\u00f3n de cada usuario a terceros.<\/p> <\/section>    <section class=\"wp-block-hc-alternate-group-section\"> <h2 class=\"wp-block-heading\">Divulgaci\u00f3n de riesgos<\/h2>    <p>La Hora del Gambling, al ser un portal digital dedicado a la divulgaci\u00f3n de informaci\u00f3n relevante para apostadores, es consciente de los diferentes riesgos que el <em>gambling<\/em>, el casino o las apuestas pueden suponer. De la misma manera, se espera que cada usuario con una cuenta registrada, posea un control propio de su dinero y de la forma de cumplir con su ocio.<\/p>    <p>Dicho todo esto, existe la probabilidad de que los usuarios de La Hora del Gambling puedan volverse adictos a las apuestas y a los juegos. Por este motivo, la secci\u00f3n de juego responsable hace mayor alusi\u00f3n a las limitaciones que debe tener cada usuario, ya que La Hora del Gambling no se responsabiliza por el mal uso de la informaci\u00f3n expuesta en nuestra p\u00e1gina.<\/p> <\/section>    <section class=\"wp-block-hc-alternate-group-section\"> <h2 class=\"wp-block-heading\">Juego responsable<\/h2>    <p>Cualquier dato, sugerencia, recomendaci\u00f3n, promoci\u00f3n o alegor\u00eda, est\u00e1 adjunto a un sentido de responsabilidad individual. Cada persona debe ser consciente de las decisiones que toma y de los lugares donde decide apostar o jugar.<\/p>    <p>Por ello, se recalca el objetivo de La Hora del Gambling: entretener, proporcionar una fuente de distracci\u00f3n y promover la seguridad en el <em>gambling<\/em> o en las apuestas. En caso de que considere que las apuestas le provocan alg\u00fan tipo de da\u00f1o, se recomienda acudir con un profesional.<\/p> <\/section>","protected":false},"excerpt":{"rendered":"","protected":false},"author":1,"featured_media":6752,"parent":0,"menu_order":111,"comment_status":"open","ping_status":"open","template":"","meta":{"_acf_changed":false,"footnotes":""},"page_categories":[],"acf":[],"yoast_head":"<!-- This site is optimized with the Yoast SEO plugin v24.5 - https:\/\/yoast.com\/wordpress\/plugins\/seo\/ -->\n<title>Terminos Y Condiciones - La Hora Del Gambling Per\u00fa<\/title>\n<meta name=\"description\" content=\"Conoce los t\u00e9rminos y condiciones de LHDG Per\u00fa. Aqu\u00ed te informamos de forma clara el uso de informaci\u00f3n general, las condiciones a las que se someten los datos y otros detalles importantes\" \/>\n<meta name=\"robots\" content=\"index, follow, max-snippet:-1, max-image-preview:large, max-video-preview:-1\" \/>\n<meta property=\"og:locale\" content=\"es_ES\" \/>\n<meta property=\"og:type\" content=\"article\" \/>\n<meta property=\"og:title\" content=\"Terminos Y Condiciones - La Hora Del Gambling Per\u00fa\" \/>\n<meta property=\"og:description\" content=\"Conoce los t\u00e9rminos y condiciones de LHDG Per\u00fa. Aqu\u00ed te informamos de forma clara el uso de informaci\u00f3n general, las condiciones a las que se someten los datos y otros detalles importantes\" \/>\n<meta property=\"og:url\" content=\"https:\/\/lahoradelgambling.com\/pe\/terminos-y-condiciones\/\" \/>\n<meta property=\"og:site_name\" content=\"lahoradelgambling PE\" \/>\n<meta property=\"article:modified_time\" content=\"2024-01-04T17:29:49+00:00\" \/>\n<meta property=\"og:image\" content=\"https:\/\/lahoradelgambling.com\/pe\/wp-content\/uploads\/sites\/3\/2023\/05\/Terminos-y-condiciones-de-uso-LaHora-pe.png\" \/>\n\t<meta property=\"og:image:width\" content=\"1920\" \/>\n\t<meta property=\"og:image:height\" content=\"850\" \/>\n\t<meta property=\"og:image:type\" content=\"image\/png\" \/>\n<meta name=\"twitter:card\" content=\"summary_large_image\" \/>\n<meta name=\"twitter:label1\" content=\"Est. reading time\" \/>\n\t<meta name=\"twitter:data1\" content=\"4 minutos\" \/>\n<!-- \/ Yoast SEO plugin. -->","yoast_head_json":{"title":"Terminos Y Condiciones - La Hora Del Gambling Per\u00fa","description":"Conoce los t\u00e9rminos y condiciones de LHDG Per\u00fa. Aqu\u00ed te informamos de forma clara el uso de informaci\u00f3n general, las condiciones a las que se someten los datos y otros detalles importantes","robots":{"index":"index","follow":"follow","max-snippet":"max-snippet:-1","max-image-preview":"max-image-preview:large","max-video-preview":"max-video-preview:-1"},"og_locale":"es_ES","og_type":"article","og_title":"Terminos Y Condiciones - La Hora Del Gambling Per\u00fa","og_description":"Conoce los t\u00e9rminos y condiciones de LHDG Per\u00fa. Aqu\u00ed te informamos de forma clara el uso de informaci\u00f3n general, las condiciones a las que se someten los datos y otros detalles importantes","og_url":"https:\/\/lahoradelgambling.com\/pe\/terminos-y-condiciones\/","og_site_name":"lahoradelgambling PE","article_modified_time":"2024-01-04T17:29:49+00:00","og_image":[{"width":1920,"height":850,"url":"https:\/\/lahoradelgambling.com\/pe\/wp-content\/uploads\/sites\/3\/2023\/05\/Terminos-y-condiciones-de-uso-LaHora-pe.png","type":"image\/png"}],"twitter_card":"summary_large_image","twitter_misc":{"Est. reading time":"4 minutos"},"schema":{"@context":"https:\/\/schema.org","@graph":[{"@type":"WebPage","@id":"https:\/\/lahoradelgambling.com\/pe\/terminos-y-condiciones\/","url":"https:\/\/lahoradelgambling.com\/pe\/terminos-y-condiciones\/","name":"Terminos Y Condiciones - La Hora Del Gambling Per\u00fa","isPartOf":{"@id":"https:\/\/lahoradelgambling.com\/pe\/#website"},"primaryImageOfPage":{"@id":"https:\/\/lahoradelgambling.com\/pe\/terminos-y-condiciones\/#primaryimage"},"image":{"@id":"https:\/\/lahoradelgambling.com\/pe\/terminos-y-condiciones\/#primaryimage"},"thumbnailUrl":"https:\/\/lahoradelgambling.com\/pe\/wp-content\/uploads\/sites\/3\/2023\/05\/Terminos-y-condiciones-de-uso-LaHora-pe.png","datePublished":"2022-12-02T10:16:41+00:00","dateModified":"2024-01-04T17:29:49+00:00","description":"Conoce los t\u00e9rminos y condiciones de LHDG Per\u00fa. Aqu\u00ed te informamos de forma clara el uso de informaci\u00f3n general, las condiciones a las que se someten los datos y otros detalles importantes","breadcrumb":{"@id":"https:\/\/lahoradelgambling.com\/pe\/terminos-y-condiciones\/#breadcrumb"},"inLanguage":"es","potentialAction":[{"@type":"ReadAction","target":["https:\/\/lahoradelgambling.com\/pe\/terminos-y-condiciones\/"]}]},{"@type":"ImageObject","inLanguage":"es","@id":"https:\/\/lahoradelgambling.com\/pe\/terminos-y-condiciones\/#primaryimage","url":"https:\/\/lahoradelgambling.com\/pe\/wp-content\/uploads\/sites\/3\/2023\/05\/Terminos-y-condiciones-de-uso-LaHora-pe.png","contentUrl":"https:\/\/lahoradelgambling.com\/pe\/wp-content\/uploads\/sites\/3\/2023\/05\/Terminos-y-condiciones-de-uso-LaHora-pe.png","width":1920,"height":850},{"@type":"BreadcrumbList","@id":"https:\/\/lahoradelgambling.com\/pe\/terminos-y-condiciones\/#breadcrumb","itemListElement":[{"@type":"ListItem","position":1,"name":"Lahoradelgambling","item":"https:\/\/lahoradelgambling.com\/pe\/"},{"@type":"ListItem","position":2,"name":"T\u00e9rminos y condiciones"}]},{"@type":"WebSite","@id":"https:\/\/lahoradelgambling.com\/pe\/#website","url":"https:\/\/lahoradelgambling.com\/pe\/","name":"lahoradelgambling PE","description":"","publisher":{"@id":"https:\/\/lahoradelgambling.com\/pe\/#organization"},"potentialAction":[{"@type":"SearchAction","target":{"@type":"EntryPoint","urlTemplate":"https:\/\/lahoradelgambling.com\/pe\/?s={search_term_string}"},"query-input":{"@type":"PropertyValueSpecification","valueRequired":true,"valueName":"search_term_string"}}],"inLanguage":"es"},{"@type":"Organization","@id":"https:\/\/lahoradelgambling.com\/pe\/#organization","name":"lahoradelgambling PE","url":"https:\/\/lahoradelgambling.com\/pe\/","logo":{"@type":"ImageObject","inLanguage":"es","@id":"https:\/\/lahoradelgambling.com\/pe\/#\/schema\/logo\/image\/","url":"https:\/\/lahoradelgambling.com\/pe\/wp-content\/uploads\/sites\/3\/2023\/11\/logo_pe.svg","contentUrl":"https:\/\/lahoradelgambling.com\/pe\/wp-content\/uploads\/sites\/3\/2023\/11\/logo_pe.svg","caption":"lahoradelgambling PE"},"image":{"@id":"https:\/\/lahoradelgambling.com\/pe\/#\/schema\/logo\/image\/"}}]}},"_links":{"self":[{"href":"https:\/\/lahoradelgambling.com\/pe\/wp-json\/wp\/v2\/pages\/5602"}],"collection":[{"href":"https:\/\/lahoradelgambling.com\/pe\/wp-json\/wp\/v2\/pages"}],"about":[{"href":"https:\/\/lahoradelgambling.com\/pe\/wp-json\/wp\/v2\/types\/page"}],"author":[{"embeddable":true,"href":"https:\/\/lahoradelgambling.com\/pe\/wp-json\/wp\/v2\/users\/1"}],"replies":[{"embeddable":true,"href":"https:\/\/lahoradelgambling.com\/pe\/wp-json\/wp\/v2\/comments?post=5602"}],"version-history":[{"count":5,"href":"https:\/\/lahoradelgambling.com\/pe\/wp-json\/wp\/v2\/pages\/5602\/revisions"}],"predecessor-version":[{"id":7434,"href":"https:\/\/lahoradelgambling.com\/pe\/wp-json\/wp\/v2\/pages\/5602\/revisions\/7434"}],"wp:featuredmedia":[{"embeddable":true,"href":"https:\/\/lahoradelgambling.com\/pe\/wp-json\/wp\/v2\/media\/6752"}],"wp:attachment":[{"href":"https:\/\/lahoradelgambling.com\/pe\/wp-json\/wp\/v2\/media?parent=5602"}],"wp:term":[{"taxonomy":"page_categories","embeddable":true,"href":"https:\/\/lahoradelgambling.com\/pe\/wp-json\/wp\/v2\/page_categories?post=5602"}],"curies":[{"name":"wp","href":"https:\/\/api.w.org\/{rel}","templated":true}]}}