{"id":12270,"date":"2024-06-04T13:21:33","date_gmt":"2024-06-04T10:21:33","guid":{"rendered":"https:\/\/lahoradelgambling.com\/pe\/?page_id=12270"},"modified":"2024-06-24T12:02:02","modified_gmt":"2024-06-24T09:02:02","slug":"como-retirar-en-inkabet","status":"publish","type":"page","link":"https:\/\/lahoradelgambling.com\/pe\/casas-de-apuestas\/inkabet\/como-retirar-en-inkabet\/","title":{"rendered":"Retirar dinero de Inkabet"},"content":{"rendered":"<section class=\"wp-block-hc-alternate-group-section\"> <h2 class=\"wp-block-heading\">C\u00f3mo realizar un retiro en Inkabet<\/h2>    <div itemscope=\"\" itemtype=\"https:\/\/schema.org\/ImageObject\" class=\"get-image schema-image-object-content wp-block-image size-large\"><img width=\"1024\" height=\"458\" src=\"https:\/\/lahoradelgambling.com\/pe\/wp-content\/uploads\/sites\/3\/2024\/06\/como-realizar-un-retiro-en-inkabet-1024x458.webp\" alt=\"Gu\u00eda paso a paso sobre c\u00f3mo retirar dinero de la cuenta Inkabet en Peru\" class=\"wp-image-12277\" loading=\"lazy\" decoding=\"async\" srcset=\"https:\/\/lahoradelgambling.com\/pe\/wp-content\/uploads\/sites\/3\/2024\/06\/como-realizar-un-retiro-en-inkabet-1024x458.webp 1024w, https:\/\/lahoradelgambling.com\/pe\/wp-content\/uploads\/sites\/3\/2024\/06\/como-realizar-un-retiro-en-inkabet-300x134.webp 300w, https:\/\/lahoradelgambling.com\/pe\/wp-content\/uploads\/sites\/3\/2024\/06\/como-realizar-un-retiro-en-inkabet-150x67.webp 150w, https:\/\/lahoradelgambling.com\/pe\/wp-content\/uploads\/sites\/3\/2024\/06\/como-realizar-un-retiro-en-inkabet-768x344.webp 768w, https:\/\/lahoradelgambling.com\/pe\/wp-content\/uploads\/sites\/3\/2024\/06\/como-realizar-un-retiro-en-inkabet-1536x687.webp 1536w, https:\/\/lahoradelgambling.com\/pe\/wp-content\/uploads\/sites\/3\/2024\/06\/como-realizar-un-retiro-en-inkabet.webp 1900w\" sizes=\"(max-width: 1024px) 100vw, 1024px\" \/><meta itemprop=\"contentUrl\" content=\"https:\/\/lahoradelgambling.com\/pe\/wp-content\/uploads\/sites\/3\/2024\/06\/como-realizar-un-retiro-en-inkabet-1024x458.webp\"><\/div>    <p>Inkabet es una de las plataformas m\u00e1s utilizadas en Per\u00fa para apostar en deportes online. Con licencia de Malta, el sitio est\u00e1 espec\u00edficamente orientado al p\u00fablico peruano.<\/p>    <p>Para retirar tus ganancias en Inkabet de forma segura y eficiente, sigue estos pasos detallados sobre c\u00f3mo cobrar en Inkabet. Ver\u00e1s que el proceso es muy sencillo y no tiene complicaciones de ning\u00fan tipo.<\/p>    <ol> <li><b>Inicia sesi\u00f3n en tu cuenta<\/b>. Accede a tu cuenta de Inkabet con tu nombre de usuario y contrase\u00f1a.<\/li>    <li><b>Presiona el \u00edcono de tu perfil<\/b>. Se encuentra a la derecha del bot\u00f3n naranja \u201cDepositar\u201d. Luego selecciona &#8216;Retirar fondos&#8217;. Aparecer\u00e1n los diferentes m\u00e9todos de retiro que puedes utilizar.<\/li>    <li><b>Elige un sistema de retirada.<\/b> Puede ser transferencia bancaria, Skrill, Astropay o cobro en ventanilla. Los sistemas disponibles pueden variar seg\u00fan el m\u00e9todo de dep\u00f3sito que hayas utilizado y las caracter\u00edsticas de tu cuenta.<\/li>    <li><b>Ingresa el monto a retirar.<\/b> Completa adem\u00e1s los datos adicionales requeridos para completar la transacci\u00f3n, como tipo de cuenta bancaria, n\u00famero de cuenta, etc. A continuaci\u00f3n, presiona el bot\u00f3n \u201cCobro\u201d al final del formulario. De esta forma, confirmas la transacci\u00f3n.<\/li> <\/ol>    <p>Recuerda que el tiempo de procesamiento puede variar seg\u00fan el m\u00e9todo de retiro elegido.<\/p>    <div class=\"wp-block-buttons is-content-justification-center is-layout-flex wp-container-core-buttons-is-layout-1 wp-block-buttons-is-layout-flex\"> <div class=\"wp-block-button\"><a class=\"wp-block-button__link wp-element-button\" href=\"https:\/\/pelink.lahoradelgambling.com?1win=H9LTKCK\" target=\"_blank\" rel=\"nofollow noreferrer noopener\">Hacer un retiro<\/a><\/div> <\/div>    <section class=\"wp-block-hc-alternate-group-section\"> <h3 class=\"wp-block-heading\">Aspectos importantes a tener en cuenta<\/h3>    <p>Hemos preparado una lista de algunas de las pol\u00edticas m\u00e1s importantes del sitio sobre c\u00f3mo retirar en Inkabet&nbsp; y otros aspectos que debes tener en cuenta al realizar un retiro.<\/p>    <ul> <li><b>Todos los dep\u00f3sitos deben haber sido apostados al menos una vez (1X) <\/b>antes de poder retirar las ganancias generadas.<\/li>    <li>Los retiros generalmente deben realizarse utilizando <b>el mismo m\u00e9todo de pago <\/b>empleado para los dep\u00f3sitos, aunque hay excepciones.<\/li>    <li>Si deseas retirar todos tus fondos, es necesario<b> cancelar primero cualquier apuesta <\/b>que a\u00fan est\u00e9 pendiente.<\/li>    <li>Para prevenir el fraude y el lavado de dinero,<b> la plataforma puede solicitar identificaci\u00f3n adicional antes de aprobar un retiro<\/b>. Esto incluye documentaci\u00f3n legal, verificaci\u00f3n telef\u00f3nica, o incluso una verificaci\u00f3n facial.<\/li>    <li>El<b> monto m\u00e1ximo que puedes retirar <\/b>en un per\u00edodo de 24 horas es de 150.000 soles (o su equivalente en otra moneda), a menos que se acuerde un monto mayor.<\/li>    <li><b>Si realizas m\u00e1s de 25 retiros o solicitudes de pago en un mes, <\/b>se aplicar\u00e1 un cargo administrativo del 2% del valor de la transacci\u00f3n, con un m\u00ednimo de 20 soles.<\/li>    <li><b>Puedes cancelar un retiro en Inkabet si el mismo debe ser procesado manualmente<\/b> y a\u00fan no ha sido aprobado. Los retiros procesados autom\u00e1ticamente en clientes con cuentas verificadas, no se pueden cancelar.<\/li> <\/ul>    <p>Para conocer m\u00e1s detalles sobre los m\u00e9todos de retiro disponibles, incluyendo los tiempos de procesamiento y las tarifas aplicables, revisa los T\u00e9rminos y Condiciones del sitio.&nbsp;<\/p>    <p>Ten en cuenta que estas opciones y condiciones pueden variar, por lo que es importante mantenerse informado sobre cualquier cambio.<\/p> <\/section>    <section class=\"wp-block-hc-alternate-group-section\"> <h3 class=\"wp-block-heading\">C\u00f3mo retirar dinero en Inkabet si tienes un bono<\/h3>    <p>Si tienes un bono activo en tu cuenta, ten presente que <b>para hacer un retiro primero debes cumplir con el rollover<\/b> o los requisitos de apuesta espec\u00edficos del bono activo.<\/p>    <p>En algunas situaciones, el dinero del bono puede estar destinado exclusivamente para ser utilizado en determinados productos, como el Casino o las Apuestas Deportivas, lo cual implica que <b>solo podr\u00e1s usar estos fondos en el \u00e1rea correspondiente<\/b>.<\/p>    <p>Para conocer las condiciones sobre c\u00f3mo retirar dinero en Inkabet cuando tienes un bono\u00a0 en espec\u00edfico, te recomendamos revisar los t\u00e9rminos y condiciones de la promoci\u00f3n, o bien consultar el correo electr\u00f3nico o la notificaci\u00f3n que hayas recibido en referencia a la oferta del bono.<\/p> <\/section> <\/section>    <section class=\"wp-block-hc-alternate-group-section\"> <h2 class=\"wp-block-heading\">Qu\u00e9 m\u00e9todos de pago est\u00e1n disponibles en Inkabet<\/h2>    <div itemscope=\"\" itemtype=\"https:\/\/schema.org\/ImageObject\" class=\"get-image schema-image-object-content wp-block-image size-large\"><img width=\"1024\" height=\"458\" src=\"https:\/\/lahoradelgambling.com\/pe\/wp-content\/uploads\/sites\/3\/2024\/06\/que-metodos-de-pago-estan-disponibles-en-inkabet-1024x458.webp\" alt=\"Resumen de los m\u00e9todos de dep\u00f3sito disponibles en Inkabet Peru\" class=\"wp-image-12279\" loading=\"lazy\" decoding=\"async\" srcset=\"https:\/\/lahoradelgambling.com\/pe\/wp-content\/uploads\/sites\/3\/2024\/06\/que-metodos-de-pago-estan-disponibles-en-inkabet-1024x458.webp 1024w, https:\/\/lahoradelgambling.com\/pe\/wp-content\/uploads\/sites\/3\/2024\/06\/que-metodos-de-pago-estan-disponibles-en-inkabet-300x134.webp 300w, https:\/\/lahoradelgambling.com\/pe\/wp-content\/uploads\/sites\/3\/2024\/06\/que-metodos-de-pago-estan-disponibles-en-inkabet-150x67.webp 150w, https:\/\/lahoradelgambling.com\/pe\/wp-content\/uploads\/sites\/3\/2024\/06\/que-metodos-de-pago-estan-disponibles-en-inkabet-768x344.webp 768w, https:\/\/lahoradelgambling.com\/pe\/wp-content\/uploads\/sites\/3\/2024\/06\/que-metodos-de-pago-estan-disponibles-en-inkabet-1536x687.webp 1536w, https:\/\/lahoradelgambling.com\/pe\/wp-content\/uploads\/sites\/3\/2024\/06\/que-metodos-de-pago-estan-disponibles-en-inkabet.webp 1900w\" sizes=\"(max-width: 1024px) 100vw, 1024px\" \/><meta itemprop=\"contentUrl\" content=\"https:\/\/lahoradelgambling.com\/pe\/wp-content\/uploads\/sites\/3\/2024\/06\/que-metodos-de-pago-estan-disponibles-en-inkabet-1024x458.webp\"><\/div>    <p><a href=\"https:\/\/lahoradelgambling.com\/pe\/casas-de-apuestas\/inkabet\/\" target=\"_blank\" rel=\"noreferrer noopener\">Inkabet Per\u00fa<\/a> ofrece <b>diversos m\u00e9todos de retiro <\/b>para adaptarse a las preferencias de sus usuarios. A continuaci\u00f3n, se presenta una tabla comparativa de los sistemas m\u00e1s populares.<\/p>    <div class=\"wp-block-table\"><table><tbody><tr><td><b>M\u00e9todo de Retirada<\/b><\/td><td><b>L\u00edmites<\/b><\/td><td><b>Cu\u00e1nto demora<\/b><\/td><td><b>Comisiones<\/b><\/td><\/tr><tr><td>Transferencia Bancaria&nbsp; BCP,&nbsp; BBVA, Interbank, Scotiabank<\/td><td>50 &#8211; 25000 soles<\/td><td>Inmediato<\/td><td>Sin comisiones<\/td><\/tr><tr><td>Transferencia Bancaria Otros Bancos<\/td><td>50 &#8211; 25000 soles<\/td><td>1-2 d\u00edas h\u00e1biles<\/td><td>Puede haber comisiones bancarias<\/td><\/tr><tr><td>Cobro en Ventanilla<\/td><td>50 &#8211; 25000 soles<\/td><td>2-3 d\u00edas h\u00e1biles<\/td><td>Sin comisiones<\/td><\/tr><\/tbody><\/table><\/div>    <p><b>Nota: <\/b>Tambi\u00e9n es posible retirar con Astropay o Skrill, pero generalmente con estos m\u00e9todos s\u00f3lo se pueden hacer retiros en d\u00f3lares estadounidenses.<\/p> <\/section>    <section class=\"wp-block-hc-alternate-group-section\"> <h2 class=\"wp-block-heading\">Soporte al Cliente de Inkabet<\/h2>    <div itemscope=\"\" itemtype=\"https:\/\/schema.org\/ImageObject\" class=\"get-image schema-image-object-content wp-block-image size-large\"><img width=\"1024\" height=\"458\" src=\"https:\/\/lahoradelgambling.com\/pe\/wp-content\/uploads\/sites\/3\/2024\/06\/soporte-al-cliente-1024x458.webp\" alt=\"C\u00f3mo funciona el servicio de atenci\u00f3n al cliente de Inkabet Peru\" class=\"wp-image-12280\" loading=\"lazy\" decoding=\"async\" srcset=\"https:\/\/lahoradelgambling.com\/pe\/wp-content\/uploads\/sites\/3\/2024\/06\/soporte-al-cliente-1024x458.webp 1024w, https:\/\/lahoradelgambling.com\/pe\/wp-content\/uploads\/sites\/3\/2024\/06\/soporte-al-cliente-300x134.webp 300w, https:\/\/lahoradelgambling.com\/pe\/wp-content\/uploads\/sites\/3\/2024\/06\/soporte-al-cliente-150x67.webp 150w, https:\/\/lahoradelgambling.com\/pe\/wp-content\/uploads\/sites\/3\/2024\/06\/soporte-al-cliente-768x344.webp 768w, https:\/\/lahoradelgambling.com\/pe\/wp-content\/uploads\/sites\/3\/2024\/06\/soporte-al-cliente-1536x687.webp 1536w, https:\/\/lahoradelgambling.com\/pe\/wp-content\/uploads\/sites\/3\/2024\/06\/soporte-al-cliente.webp 1900w\" sizes=\"(max-width: 1024px) 100vw, 1024px\" \/><meta itemprop=\"contentUrl\" content=\"https:\/\/lahoradelgambling.com\/pe\/wp-content\/uploads\/sites\/3\/2024\/06\/soporte-al-cliente-1024x458.webp\"><\/div>    <p>Inkabet se compromete a ofrecer un excelente soporte al cliente. Aqu\u00ed te explicamos c\u00f3mo puedes contactar con ellos:<\/p>    <ul> <li><b>Chat en Vivo<\/b>. Para ingresar al chat, despl\u00e1zate hacia abajo en la p\u00e1gina principal, presiona \u201cContacto\u201d y luego \u201cChat en Vivo\u201d. La plataforma indica que el tiempo promedio para recibir una respuesta es de 1 hora.\u00a0<\/li>    <li><b>Correo Electr\u00f3nico.<\/b> Puedes enviar un email a <a href=\"mailto:soporte@inkabet.pe\" target=\"_blank\" rel=\"noreferrer noopener nofollow\">soporte@inkabet.pe<\/a> para consultas menos urgentes. Generalmente, obtendr\u00e1s una respuesta en 24 &#8211; 48 hs.<\/li>    <li><b>Formulario de Contacto<\/b>. En esta p\u00e1gina: <a href=\"https:\/\/www.inkabet.pe\/info\/ikb_contacto\" target=\"_blank\" rel=\"noreferrer noopener nofollow\">https:\/\/www.inkabet.pe\/info\/ikb_contacto<\/a> encontrar\u00e1s un formulario de contacto que puedes completar para realizar cualquier consulta relacionada con tu cuenta o si tienes dudas sobre c\u00f3mo retirar dinero en Inkabet.<\/li>    <li><b>Secci\u00f3n de Preguntas Frecuentes<\/b>. El Centro de Ayuda de Inkabet tambi\u00e9n ofrece una secci\u00f3n de preguntas frecuentes (FAQ) detallada, donde puedes encontrar respuestas a las consultas m\u00e1s comunes.<\/li> <\/ul> <\/section>","protected":false},"excerpt":{"rendered":"","protected":false},"author":33,"featured_media":12278,"parent":11265,"menu_order":11,"comment_status":"closed","ping_status":"closed","template":"","meta":{"_acf_changed":false,"footnotes":""},"page_categories":[],"acf":[],"yoast_head":"<!-- This site is optimized with the Yoast SEO plugin v24.5 - https:\/\/yoast.com\/wordpress\/plugins\/seo\/ -->\n<title>C\u00f3mo retirar dinero de Inkabet: M\u00e9todos y Gu\u00eda Paso a Paso<\/title>\n<meta name=\"description\" content=\"Te contamos c\u00f3mo cobrar en Inkabet, qu\u00e9 sistemas puedes usar, condiciones de retiro y gu\u00eda paso a paso. Haz clic ahora para saber m\u00e1s\" \/>\n<meta name=\"robots\" content=\"index, follow, max-snippet:-1, max-image-preview:large, max-video-preview:-1\" \/>\n<meta property=\"og:locale\" content=\"es_ES\" \/>\n<meta property=\"og:type\" content=\"article\" \/>\n<meta property=\"og:title\" content=\"C\u00f3mo retirar dinero de Inkabet: M\u00e9todos y Gu\u00eda Paso a Paso\" \/>\n<meta property=\"og:description\" content=\"Te contamos c\u00f3mo cobrar en Inkabet, qu\u00e9 sistemas puedes usar, condiciones de retiro y gu\u00eda paso a paso. Haz clic ahora para saber m\u00e1s\" \/>\n<meta property=\"og:url\" content=\"https:\/\/lahoradelgambling.com\/pe\/casas-de-apuestas\/inkabet\/como-retirar-en-inkabet\/\" \/>\n<meta property=\"og:site_name\" content=\"lahoradelgambling PE\" \/>\n<meta property=\"article:modified_time\" content=\"2024-06-24T09:02:02+00:00\" \/>\n<meta property=\"og:image\" content=\"https:\/\/lahoradelgambling.com\/pe\/wp-content\/uploads\/sites\/3\/2024\/06\/inkabet-retirar-dinero.webp\" \/>\n\t<meta property=\"og:image:width\" content=\"1900\" \/>\n\t<meta property=\"og:image:height\" content=\"850\" \/>\n\t<meta property=\"og:image:type\" content=\"image\/webp\" \/>\n<meta name=\"twitter:card\" content=\"summary_large_image\" \/>\n<meta name=\"twitter:label1\" content=\"Est. reading time\" \/>\n\t<meta name=\"twitter:data1\" content=\"5 minutos\" \/>\n<!-- \/ Yoast SEO plugin. -->","yoast_head_json":{"title":"C\u00f3mo retirar dinero de Inkabet: M\u00e9todos y Gu\u00eda Paso a Paso","description":"Te contamos c\u00f3mo cobrar en Inkabet, qu\u00e9 sistemas puedes usar, condiciones de retiro y gu\u00eda paso a paso. Haz clic ahora para saber m\u00e1s","robots":{"index":"index","follow":"follow","max-snippet":"max-snippet:-1","max-image-preview":"max-image-preview:large","max-video-preview":"max-video-preview:-1"},"og_locale":"es_ES","og_type":"article","og_title":"C\u00f3mo retirar dinero de Inkabet: M\u00e9todos y Gu\u00eda Paso a Paso","og_description":"Te contamos c\u00f3mo cobrar en Inkabet, qu\u00e9 sistemas puedes usar, condiciones de retiro y gu\u00eda paso a paso. Haz clic ahora para saber m\u00e1s","og_url":"https:\/\/lahoradelgambling.com\/pe\/casas-de-apuestas\/inkabet\/como-retirar-en-inkabet\/","og_site_name":"lahoradelgambling PE","article_modified_time":"2024-06-24T09:02:02+00:00","og_image":[{"width":1900,"height":850,"url":"https:\/\/lahoradelgambling.com\/pe\/wp-content\/uploads\/sites\/3\/2024\/06\/inkabet-retirar-dinero.webp","type":"image\/webp"}],"twitter_card":"summary_large_image","twitter_misc":{"Est. reading time":"5 minutos"},"schema":{"@context":"https:\/\/schema.org","@graph":[{"@type":"WebPage","@id":"https:\/\/lahoradelgambling.com\/pe\/casas-de-apuestas\/inkabet\/como-retirar-en-inkabet\/","url":"https:\/\/lahoradelgambling.com\/pe\/casas-de-apuestas\/inkabet\/como-retirar-en-inkabet\/","name":"C\u00f3mo retirar dinero de Inkabet: M\u00e9todos y Gu\u00eda Paso a Paso","isPartOf":{"@id":"https:\/\/lahoradelgambling.com\/pe\/#website"},"primaryImageOfPage":{"@id":"https:\/\/lahoradelgambling.com\/pe\/casas-de-apuestas\/inkabet\/como-retirar-en-inkabet\/#primaryimage"},"image":{"@id":"https:\/\/lahoradelgambling.com\/pe\/casas-de-apuestas\/inkabet\/como-retirar-en-inkabet\/#primaryimage"},"thumbnailUrl":"https:\/\/lahoradelgambling.com\/pe\/wp-content\/uploads\/sites\/3\/2024\/06\/inkabet-retirar-dinero.webp","datePublished":"2024-06-04T10:21:33+00:00","dateModified":"2024-06-24T09:02:02+00:00","description":"Te contamos c\u00f3mo cobrar en Inkabet, qu\u00e9 sistemas puedes usar, condiciones de retiro y gu\u00eda paso a paso. Haz clic ahora para saber m\u00e1s","breadcrumb":{"@id":"https:\/\/lahoradelgambling.com\/pe\/casas-de-apuestas\/inkabet\/como-retirar-en-inkabet\/#breadcrumb"},"inLanguage":"es","potentialAction":[{"@type":"ReadAction","target":["https:\/\/lahoradelgambling.com\/pe\/casas-de-apuestas\/inkabet\/como-retirar-en-inkabet\/"]}]},{"@type":"ImageObject","inLanguage":"es","@id":"https:\/\/lahoradelgambling.com\/pe\/casas-de-apuestas\/inkabet\/como-retirar-en-inkabet\/#primaryimage","url":"https:\/\/lahoradelgambling.com\/pe\/wp-content\/uploads\/sites\/3\/2024\/06\/inkabet-retirar-dinero.webp","contentUrl":"https:\/\/lahoradelgambling.com\/pe\/wp-content\/uploads\/sites\/3\/2024\/06\/inkabet-retirar-dinero.webp","width":1900,"height":850,"caption":"Todas las formas disponibles para retirar dinero a Inkabet Peru"},{"@type":"BreadcrumbList","@id":"https:\/\/lahoradelgambling.com\/pe\/casas-de-apuestas\/inkabet\/como-retirar-en-inkabet\/#breadcrumb","itemListElement":[{"@type":"ListItem","position":1,"name":"Lahoradelgambling","item":"https:\/\/lahoradelgambling.com\/pe\/"},{"@type":"ListItem","position":2,"name":"Casas de Apuestas en Per\u00fa","item":"https:\/\/lahoradelgambling.com\/pe\/casas-de-apuestas\/"},{"@type":"ListItem","position":3,"name":"Inkabet","item":"https:\/\/lahoradelgambling.com\/pe\/casas-de-apuestas\/inkabet\/"},{"@type":"ListItem","position":4,"name":"Retirar dinero de Inkabet"}]},{"@type":"WebSite","@id":"https:\/\/lahoradelgambling.com\/pe\/#website","url":"https:\/\/lahoradelgambling.com\/pe\/","name":"lahoradelgambling PE","description":"","publisher":{"@id":"https:\/\/lahoradelgambling.com\/pe\/#organization"},"potentialAction":[{"@type":"SearchAction","target":{"@type":"EntryPoint","urlTemplate":"https:\/\/lahoradelgambling.com\/pe\/?s={search_term_string}"},"query-input":{"@type":"PropertyValueSpecification","valueRequired":true,"valueName":"search_term_string"}}],"inLanguage":"es"},{"@type":"Organization","@id":"https:\/\/lahoradelgambling.com\/pe\/#organization","name":"lahoradelgambling PE","url":"https:\/\/lahoradelgambling.com\/pe\/","logo":{"@type":"ImageObject","inLanguage":"es","@id":"https:\/\/lahoradelgambling.com\/pe\/#\/schema\/logo\/image\/","url":"https:\/\/lahoradelgambling.com\/pe\/wp-content\/uploads\/sites\/3\/2023\/11\/logo_pe.svg","contentUrl":"https:\/\/lahoradelgambling.com\/pe\/wp-content\/uploads\/sites\/3\/2023\/11\/logo_pe.svg","caption":"lahoradelgambling PE"},"image":{"@id":"https:\/\/lahoradelgambling.com\/pe\/#\/schema\/logo\/image\/"}}]}},"_links":{"self":[{"href":"https:\/\/lahoradelgambling.com\/pe\/wp-json\/wp\/v2\/pages\/12270"}],"collection":[{"href":"https:\/\/lahoradelgambling.com\/pe\/wp-json\/wp\/v2\/pages"}],"about":[{"href":"https:\/\/lahoradelgambling.com\/pe\/wp-json\/wp\/v2\/types\/page"}],"author":[{"embeddable":true,"href":"https:\/\/lahoradelgambling.com\/pe\/wp-json\/wp\/v2\/users\/33"}],"replies":[{"embeddable":true,"href":"https:\/\/lahoradelgambling.com\/pe\/wp-json\/wp\/v2\/comments?post=12270"}],"version-history":[{"count":5,"href":"https:\/\/lahoradelgambling.com\/pe\/wp-json\/wp\/v2\/pages\/12270\/revisions"}],"predecessor-version":[{"id":12318,"href":"https:\/\/lahoradelgambling.com\/pe\/wp-json\/wp\/v2\/pages\/12270\/revisions\/12318"}],"up":[{"embeddable":true,"href":"https:\/\/lahoradelgambling.com\/pe\/wp-json\/wp\/v2\/pages\/11265"}],"wp:featuredmedia":[{"embeddable":true,"href":"https:\/\/lahoradelgambling.com\/pe\/wp-json\/wp\/v2\/media\/12278"}],"wp:attachment":[{"href":"https:\/\/lahoradelgambling.com\/pe\/wp-json\/wp\/v2\/media?parent=12270"}],"wp:term":[{"taxonomy":"page_categories","embeddable":true,"href":"https:\/\/lahoradelgambling.com\/pe\/wp-json\/wp\/v2\/page_categories?post=12270"}],"curies":[{"name":"wp","href":"https:\/\/api.w.org\/{rel}","templated":true}]}}