{"id":12259,"date":"2024-06-04T15:32:16","date_gmt":"2024-06-04T12:32:16","guid":{"rendered":"https:\/\/lahoradelgambling.com\/pe\/?page_id=12259"},"modified":"2024-06-24T12:10:45","modified_gmt":"2024-06-24T09:10:45","slug":"como-apostar-en-te-apuesto","status":"publish","type":"page","link":"https:\/\/lahoradelgambling.com\/pe\/casas-de-apuestas\/te-apuesto\/como-apostar-en-te-apuesto\/","title":{"rendered":"Como Apostar en Te Apuesto"},"content":{"rendered":"<section class=\"wp-block-hc-alternate-group-section\"> <h2 class=\"wp-block-heading\">\u00bfC\u00f3mo apostar en Te Apuesto?<\/h2>    <div itemscope=\"\" itemtype=\"https:\/\/schema.org\/ImageObject\" class=\"get-image schema-image-object-content wp-block-image size-large\"><img width=\"1024\" height=\"458\" src=\"https:\/\/lahoradelgambling.com\/pe\/wp-content\/uploads\/sites\/3\/2024\/06\/como-apostar-en-te-apuesto-1024x458.webp\" alt=\"\u00bfD\u00f3nde empezar a apostar en la plataforma Te Apuesto?\" class=\"wp-image-12283\" loading=\"lazy\" decoding=\"async\" srcset=\"https:\/\/lahoradelgambling.com\/pe\/wp-content\/uploads\/sites\/3\/2024\/06\/como-apostar-en-te-apuesto-1024x458.webp 1024w, https:\/\/lahoradelgambling.com\/pe\/wp-content\/uploads\/sites\/3\/2024\/06\/como-apostar-en-te-apuesto-300x134.webp 300w, https:\/\/lahoradelgambling.com\/pe\/wp-content\/uploads\/sites\/3\/2024\/06\/como-apostar-en-te-apuesto-150x67.webp 150w, https:\/\/lahoradelgambling.com\/pe\/wp-content\/uploads\/sites\/3\/2024\/06\/como-apostar-en-te-apuesto-768x344.webp 768w, https:\/\/lahoradelgambling.com\/pe\/wp-content\/uploads\/sites\/3\/2024\/06\/como-apostar-en-te-apuesto-1536x687.webp 1536w, https:\/\/lahoradelgambling.com\/pe\/wp-content\/uploads\/sites\/3\/2024\/06\/como-apostar-en-te-apuesto.webp 1900w\" sizes=\"(max-width: 1024px) 100vw, 1024px\" \/><meta itemprop=\"contentUrl\" content=\"https:\/\/lahoradelgambling.com\/pe\/wp-content\/uploads\/sites\/3\/2024\/06\/como-apostar-en-te-apuesto-1024x458.webp\"><\/div>    <p>Para apostar en <a href=\"https:\/\/lahoradelgambling.com\/pe\/casas-de-apuestas\/te-apuesto\/\" target=\"_blank\" rel=\"noreferrer noopener\">Te Apuesto<\/a>, primero debes registrarte. El proceso es sencillo y te permite acceder a todos los servicios desde tu celular o computadora. Esto es lo que tienes que hacer:<\/p>    <ol> <li><b>Ingresa al sitio oficial de Te Apuesto. <\/b>Visita teapuesto.pe desde cualquier navegador en tu ordenador, tableta o tel\u00e9fono m\u00f3vil.<\/li>    <li><b>Presiona el bot\u00f3n \u201cRegistrar\u201d.<\/b> Est\u00e1 arriba a la derecha. Luego, completa los datos solicitados en el formulario: nombre, direcci\u00f3n, n\u00famero de DNI, fecha de nacimiento, tel\u00e9fono, correo electr\u00f3nico y contrase\u00f1a para la cuenta.<\/li>    <li><b>Marca la casilla para aceptar los t\u00e9rminos y condiciones.<\/b> Despu\u00e9s, presiona el bot\u00f3n \u201cRegistrar\u201d al final del formulario.<\/li>    <li><b>Verifica tu n\u00famero de tel\u00e9fono. <\/b>Se enviar\u00e1 un c\u00f3digo de verificaci\u00f3n a tu tel\u00e9fono m\u00f3vil. Debes ingresarlo en la p\u00e1gina para confirmar tu registro.<\/li> <\/ol>    <p>El siguiente paso para apostar en Te Apuesto es realizar un dep\u00f3sito. A continuaci\u00f3n, te explicamos paso a paso c\u00f3mo apostar en Te Apuesto virtual:<\/p>    <ol> <li><b>Selecciona en el men\u00fa la opci\u00f3n \u201cCargar saldo\u201d. <\/b>La opci\u00f3n se encuentra arriba a la derecha.<\/li>    <li><b>Elige el m\u00e9todo de pago. <\/b>Pueden ser tarjetas de cr\u00e9dito, cuenta BCP, Safetypay, Lotocard, entre otras opciones. Tambi\u00e9n puedes depositar en efectivo mediante el sistema Pago Efectivo.<\/li>    <li><b>Selecciona la cantidad que vas a depositar.<\/b> Luego, ingresa los datos adicionales requeridos para confirmar la transacci\u00f3n.<\/li>    <li><b>Selecciona un evento para apostar. <\/b>En el men\u00fa lateral, elige el deporte de tu preferencia y el partido en el que quieres colocar la apuesta. Tambi\u00e9n puedes seleccionar un partido en el sector de apuestas \u201cEn vivo\u201d.<\/li>    <li><b>Elige tu apuesta.<\/b> Por ejemplo, si vas a apostar al ganador de un partido, haz clic sobre el momio correspondiente al equipo que crees que ganar\u00e1.<\/li>    <li><b>Completa el cup\u00f3n.<\/b> En el cup\u00f3n que aparece a la derecha, ingresa la cantidad que deseas apostar y presiona el bot\u00f3n \u201cCrear apuesta\u201d<\/li> <\/ol>    <p>\u00a1Eso es todo! Ahora solo tienes que esperar el resultado del partido para saber si has acertado con tu predicci\u00f3n.<\/p>    <div class=\"wp-block-buttons is-content-justification-center is-layout-flex wp-container-core-buttons-is-layout-1 wp-block-buttons-is-layout-flex\"> <div class=\"wp-block-button\"><a class=\"wp-block-button__link wp-element-button\" href=\"https:\/\/pelink.lahoradelgambling.com?1win=H9LTKCK\" target=\"_blank\" rel=\"nofollow noreferrer noopener\">Hacer una apuesta<\/a><\/div> <\/div> <\/section>    <section class=\"wp-block-hc-alternate-group-section\"> <h2 class=\"wp-block-heading\">\u00bfCu\u00e1l es el principal bono de Te Apuesto?<\/h2>    <div itemscope=\"\" itemtype=\"https:\/\/schema.org\/ImageObject\" class=\"get-image schema-image-object-content wp-block-image size-large\"><img width=\"1024\" height=\"458\" src=\"https:\/\/lahoradelgambling.com\/pe\/wp-content\/uploads\/sites\/3\/2024\/06\/cual-es-el-principal-bono-de-te-apuesto-1024x458.webp\" alt=\"Te Apuesto ofrece grandes bonos a los nuevos jugadores en Per\u00fa\" class=\"wp-image-12285\" loading=\"lazy\" decoding=\"async\" srcset=\"https:\/\/lahoradelgambling.com\/pe\/wp-content\/uploads\/sites\/3\/2024\/06\/cual-es-el-principal-bono-de-te-apuesto-1024x458.webp 1024w, https:\/\/lahoradelgambling.com\/pe\/wp-content\/uploads\/sites\/3\/2024\/06\/cual-es-el-principal-bono-de-te-apuesto-300x134.webp 300w, https:\/\/lahoradelgambling.com\/pe\/wp-content\/uploads\/sites\/3\/2024\/06\/cual-es-el-principal-bono-de-te-apuesto-150x67.webp 150w, https:\/\/lahoradelgambling.com\/pe\/wp-content\/uploads\/sites\/3\/2024\/06\/cual-es-el-principal-bono-de-te-apuesto-768x344.webp 768w, https:\/\/lahoradelgambling.com\/pe\/wp-content\/uploads\/sites\/3\/2024\/06\/cual-es-el-principal-bono-de-te-apuesto-1536x687.webp 1536w, https:\/\/lahoradelgambling.com\/pe\/wp-content\/uploads\/sites\/3\/2024\/06\/cual-es-el-principal-bono-de-te-apuesto.webp 1900w\" sizes=\"(max-width: 1024px) 100vw, 1024px\" \/><meta itemprop=\"contentUrl\" content=\"https:\/\/lahoradelgambling.com\/pe\/wp-content\/uploads\/sites\/3\/2024\/06\/cual-es-el-principal-bono-de-te-apuesto-1024x458.webp\"><\/div>    <p>Te Apuesto ofrece bonos atractivos para sus usuarios, especialmente para los nuevos registros. Estos son los principales bonos disponibles:<\/p>    <div class=\"wp-block-buttons is-content-justification-center is-layout-flex wp-container-core-buttons-is-layout-2 wp-block-buttons-is-layout-flex\"> <div class=\"wp-block-button\"><a class=\"wp-block-button__link wp-element-button\" href=\"https:\/\/pelink.lahoradelgambling.com?1win=H9LTKCK\" target=\"_blank\" rel=\"nofollow noreferrer noopener\">Obtener el bono<\/a><\/div> <\/div>    <section class=\"wp-block-hc-alternate-group-section\"> <h3 class=\"wp-block-heading\">Bonos para apuestas deportivas<\/h3>    <p>Los<b> bonos para apuestas deportivas<\/b> se pueden conseguir al participar en promociones espec\u00edficas, por medio de c\u00f3digos promocionales compartidos en redes sociales o por mensaje de texto. Por ejemplo, puedes conseguir una apuesta gratis de S\/ 30 o un bono de recarga del 100% hasta S\/ 300, seg\u00fan la promoci\u00f3n que est\u00e9 vigente.<\/p>    <p>Para obtener el <a href=\"https:\/\/lahoradelgambling.com\/pe\/casas-de-apuestas\/aplicaciones\/te-apuesto-app\/\" target=\"_blank\" rel=\"noreferrer noopener\">bono de Te Apuesto<\/a> para deportes, sigue estos pasos:<\/p>    <ol> <li><b>Inicia sesi\u00f3n.<\/b> Ingresa a tu cuenta con tu usuario y contrase\u00f1a.<\/li>    <li><b>Utiliza los c\u00f3digos promocionales al recargar tu cuenta.<\/b> Busca los c\u00f3digos en las redes sociales de Te Apuesto, en correos electr\u00f3nicos o mensajes de texto promocionales o en sitios de afiliados.<\/li>    <li><b>Participa de las promociones vigentes.<\/b> Revisa las ofertas activas y cumple con los requisitos para obtener los beneficios.<\/li> <\/ol>    <p>El monto del bono as\u00ed como las ganancias obtenidas con el mismo no se sumar\u00e1n a tu saldo principal, sino que se guardar\u00e1n en el sector \u201c<b>Monto promocional<\/b>\u201d hasta que hayas cumplido con el requisito de apuesta.<\/p>    <p>Las condiciones de uso para un bono deportivo son las siguientes:<\/p>    <ul> <li>Cuota m\u00ednima de 2.2<\/li>    <li>Apuesta m\u00ednima de 3 eventos<\/li>    <li>Requisito de apuesta de 5X (rollover)<\/li>    <li>Plazo para cumplir con el rollover: 10 d\u00edas<\/li> <\/ul>    <p>Cuando vayas a realizar apuestas con el saldo de bono, recuerda seleccionar la opci\u00f3n \u201cBono\u201d en el ticket. De lo contrario, la apuesta se descontar\u00e1 de tu saldo principal.<\/p> <\/section>    <section class=\"wp-block-hc-alternate-group-section\"> <h3 class=\"wp-block-heading\">Como jugar en Te apuesto con el bono de casino<\/h3>    <p>Te Apuesto ofrece a los nuevos jugadores que se registran en la plataforma, un <b>bono de bienvenida <\/b>que incluye jugadas gratis en el casino online y en sus loter\u00edas.<\/p>    <p>Para conseguir este bono, esto es lo que debes hacer:<\/p>    <ol> <li><b>Ingresa a tu cuenta.<\/b> Inicia sesi\u00f3n con tu usuario y contrase\u00f1a habitual.<\/li>    <li><b>Realiza un dep\u00f3sito.<\/b> El m\u00ednimo para obtener el bono es de 20 soles.<\/li>    <li><b>Recibir\u00e1s un bono del 100%. <\/b>El bono m\u00e1ximo que puedes obtener es de 300 soles.<\/li>    <li><b>Jugadas gratis. <\/b>Adem\u00e1s del bono del 100%, tambi\u00e9n recibir\u00e1s una jugada gratis en Deporte Virtuales, Kinelo, Gana Diario, K\u00e1bala, Ganagol y Raspa Ya para jugar en latinka.com.pe.<\/li> <\/ol>    <p>El dep\u00f3sito que realices se acreditar\u00e1 en tu saldo principal, el bono se acreditar\u00e1 en tu saldo de bono y las jugadas gratis en \u201cBono de Loter\u00edas\u201d.<\/p> <\/section> <\/section>    <section class=\"wp-block-hc-alternate-group-section\"> <h2 class=\"wp-block-heading\">\u00bfC\u00f3mo jugar en Te Apuesto desde mi celular?<\/h2>    <div itemscope=\"\" itemtype=\"https:\/\/schema.org\/ImageObject\" class=\"get-image schema-image-object-content wp-block-image size-large\"><img width=\"1024\" height=\"458\" src=\"https:\/\/lahoradelgambling.com\/pe\/wp-content\/uploads\/sites\/3\/2024\/06\/como-jugar-en-te-apuesto-desde-mi-celular-1024x458.webp\" alt=\"\u00bfC\u00f3mo apostar desde mi m\u00f3vil en Te Apuesto?\" class=\"wp-image-12284\" loading=\"lazy\" decoding=\"async\" srcset=\"https:\/\/lahoradelgambling.com\/pe\/wp-content\/uploads\/sites\/3\/2024\/06\/como-jugar-en-te-apuesto-desde-mi-celular-1024x458.webp 1024w, https:\/\/lahoradelgambling.com\/pe\/wp-content\/uploads\/sites\/3\/2024\/06\/como-jugar-en-te-apuesto-desde-mi-celular-300x134.webp 300w, https:\/\/lahoradelgambling.com\/pe\/wp-content\/uploads\/sites\/3\/2024\/06\/como-jugar-en-te-apuesto-desde-mi-celular-150x67.webp 150w, https:\/\/lahoradelgambling.com\/pe\/wp-content\/uploads\/sites\/3\/2024\/06\/como-jugar-en-te-apuesto-desde-mi-celular-768x344.webp 768w, https:\/\/lahoradelgambling.com\/pe\/wp-content\/uploads\/sites\/3\/2024\/06\/como-jugar-en-te-apuesto-desde-mi-celular-1536x687.webp 1536w, https:\/\/lahoradelgambling.com\/pe\/wp-content\/uploads\/sites\/3\/2024\/06\/como-jugar-en-te-apuesto-desde-mi-celular.webp 1900w\" sizes=\"(max-width: 1024px) 100vw, 1024px\" \/><meta itemprop=\"contentUrl\" content=\"https:\/\/lahoradelgambling.com\/pe\/wp-content\/uploads\/sites\/3\/2024\/06\/como-jugar-en-te-apuesto-desde-mi-celular-1024x458.webp\"><\/div>    <p>Este sitio no tiene en realidad una app propiamente dicha para Android o iOS, por lo que no es posible <a href=\"https:\/\/lahoradelgambling.com\/pe\/casas-de-apuestas\/aplicaciones\/te-apuesto-app\/\" target=\"_blank\" rel=\"noreferrer noopener\">descargar Te Apuesto<\/a> en el m\u00f3vil.<\/p>    <p>Sin embargo, de todas formas podr\u00e1s <b>apostar f\u00e1cilmente en tus deportes y juegos favoritos desde cualquier celular <\/b>o tableta, ingresando al sitio m\u00f3vil de Te Apuesto desde el navegador de tu dispositivo.<\/p>    <p>A continuaci\u00f3n te contamos, paso a paso, c\u00f3mo apostar en Te Apuesto por celular:<\/p>    <ol> <li><b>Inicia sesi\u00f3n<\/b>. Con tu usuario y contrase\u00f1a habituales.<\/li>    <li><b>Recarga tu saldo. <\/b>Aseg\u00farate de tener saldo suficiente para apostar. De lo contrario, realiza un dep\u00f3sito.<\/li>    <li><b>Selecciona un deporte y evento para apostar.<\/b> Despliega el men\u00fa lateral para elegir tu deporte favorito y el partido en el que deseas apostar.<\/li>    <li><b>Determina tu apuesta.<\/b> Elige el mercado en el que aportar\u00e1s (marcador exacto, por ejemplo) y presiona sobre la cuota que corresponda a tu selecci\u00f3n.<\/li>    <li><b>Completa el cup\u00f3n. <\/b>Ingresa la cantidad de dinero que apostar\u00e1s y presiona \u201cApostar\u201d para terminar.<\/li> <\/ol> <\/section>    <section class=\"wp-block-hc-alternate-group-section\"> <h2 class=\"wp-block-heading\">\u00bfPor qu\u00e9 deber\u00edas apostar en Te Apuesto?<\/h2>    <div itemscope=\"\" itemtype=\"https:\/\/schema.org\/ImageObject\" class=\"get-image schema-image-object-content wp-block-image size-large\"><img width=\"1024\" height=\"458\" src=\"https:\/\/lahoradelgambling.com\/pe\/wp-content\/uploads\/sites\/3\/2024\/06\/por-que-deberias-apostar-en-te-apuesto-1024x458.webp\" alt=\"Te Apuesto es la mejor casa de apuestas en Per\u00fa con buenas ganancias\" class=\"wp-image-12286\" loading=\"lazy\" decoding=\"async\" srcset=\"https:\/\/lahoradelgambling.com\/pe\/wp-content\/uploads\/sites\/3\/2024\/06\/por-que-deberias-apostar-en-te-apuesto-1024x458.webp 1024w, https:\/\/lahoradelgambling.com\/pe\/wp-content\/uploads\/sites\/3\/2024\/06\/por-que-deberias-apostar-en-te-apuesto-300x134.webp 300w, https:\/\/lahoradelgambling.com\/pe\/wp-content\/uploads\/sites\/3\/2024\/06\/por-que-deberias-apostar-en-te-apuesto-150x67.webp 150w, https:\/\/lahoradelgambling.com\/pe\/wp-content\/uploads\/sites\/3\/2024\/06\/por-que-deberias-apostar-en-te-apuesto-768x344.webp 768w, https:\/\/lahoradelgambling.com\/pe\/wp-content\/uploads\/sites\/3\/2024\/06\/por-que-deberias-apostar-en-te-apuesto-1536x687.webp 1536w, https:\/\/lahoradelgambling.com\/pe\/wp-content\/uploads\/sites\/3\/2024\/06\/por-que-deberias-apostar-en-te-apuesto.webp 1900w\" sizes=\"(max-width: 1024px) 100vw, 1024px\" \/><meta itemprop=\"contentUrl\" content=\"https:\/\/lahoradelgambling.com\/pe\/wp-content\/uploads\/sites\/3\/2024\/06\/por-que-deberias-apostar-en-te-apuesto-1024x458.webp\"><\/div>    <p>La plataforma Te Apuesto es muy sencilla y segura. Adem\u00e1s, tiene<b> ventajas que los jugadores peruanos van a apreciar especialmente<\/b>:<\/p>    <ul> <li>Est\u00e1 regulada por las autoridades locales que controlan el juego online en Per\u00fa.<\/li>    <li>Admite m\u00e9todos de pago locales, como Yape, BCP, Pago Efectivo y Plin.<\/li>    <li>Ofrece variedad de mercados y cuotas atractivas en partidos de f\u00fatbol de la Liga 1.<\/li>    <li>Atenci\u00f3n al cliente por medio de Call Center, disponible en un amplio horario.<\/li> <\/ul>    <p>Por estas razones, apostar en Te Apuesto es realmente muy recomendable para los jugadores de Per\u00fa.<\/p> <\/section>","protected":false},"excerpt":{"rendered":"","protected":false},"author":33,"featured_media":12283,"parent":10677,"menu_order":12,"comment_status":"closed","ping_status":"closed","template":"","meta":{"_acf_changed":false,"footnotes":""},"page_categories":[],"acf":[],"yoast_head":"<!-- This site is optimized with the Yoast SEO plugin v24.5 - https:\/\/yoast.com\/wordpress\/plugins\/seo\/ -->\n<title>C\u00f3mo jugar a Te Apuesto Per\u00fa: gu\u00eda completa paso a paso - 2024<\/title>\n<meta name=\"description\" content=\"Te contamos c\u00f3mo apostar en Te Apuesto: conoce todos los beneficios de esta plataforma orientada especialmente a jugadores peruanos. \u00a1Ingresa ahora!\" \/>\n<meta name=\"robots\" content=\"index, follow, max-snippet:-1, max-image-preview:large, max-video-preview:-1\" \/>\n<meta property=\"og:locale\" content=\"es_ES\" \/>\n<meta property=\"og:type\" content=\"article\" \/>\n<meta property=\"og:title\" content=\"C\u00f3mo jugar a Te Apuesto Per\u00fa: gu\u00eda completa paso a paso - 2024\" \/>\n<meta property=\"og:description\" content=\"Te contamos c\u00f3mo apostar en Te Apuesto: conoce todos los beneficios de esta plataforma orientada especialmente a jugadores peruanos. \u00a1Ingresa ahora!\" \/>\n<meta property=\"og:url\" content=\"https:\/\/lahoradelgambling.com\/pe\/casas-de-apuestas\/te-apuesto\/como-apostar-en-te-apuesto\/\" \/>\n<meta property=\"og:site_name\" content=\"lahoradelgambling PE\" \/>\n<meta property=\"article:modified_time\" content=\"2024-06-24T09:10:45+00:00\" \/>\n<meta property=\"og:image\" content=\"https:\/\/lahoradelgambling.com\/pe\/wp-content\/uploads\/sites\/3\/2024\/06\/como-apostar-en-te-apuesto.webp\" \/>\n\t<meta property=\"og:image:width\" content=\"1900\" \/>\n\t<meta property=\"og:image:height\" content=\"850\" \/>\n\t<meta property=\"og:image:type\" content=\"image\/webp\" \/>\n<meta name=\"twitter:card\" content=\"summary_large_image\" \/>\n<meta name=\"twitter:label1\" content=\"Est. reading time\" \/>\n\t<meta name=\"twitter:data1\" content=\"6 minutos\" \/>\n<!-- \/ Yoast SEO plugin. -->","yoast_head_json":{"title":"C\u00f3mo jugar a Te Apuesto Per\u00fa: gu\u00eda completa paso a paso - 2024","description":"Te contamos c\u00f3mo apostar en Te Apuesto: conoce todos los beneficios de esta plataforma orientada especialmente a jugadores peruanos. \u00a1Ingresa ahora!","robots":{"index":"index","follow":"follow","max-snippet":"max-snippet:-1","max-image-preview":"max-image-preview:large","max-video-preview":"max-video-preview:-1"},"og_locale":"es_ES","og_type":"article","og_title":"C\u00f3mo jugar a Te Apuesto Per\u00fa: gu\u00eda completa paso a paso - 2024","og_description":"Te contamos c\u00f3mo apostar en Te Apuesto: conoce todos los beneficios de esta plataforma orientada especialmente a jugadores peruanos. \u00a1Ingresa ahora!","og_url":"https:\/\/lahoradelgambling.com\/pe\/casas-de-apuestas\/te-apuesto\/como-apostar-en-te-apuesto\/","og_site_name":"lahoradelgambling PE","article_modified_time":"2024-06-24T09:10:45+00:00","og_image":[{"width":1900,"height":850,"url":"https:\/\/lahoradelgambling.com\/pe\/wp-content\/uploads\/sites\/3\/2024\/06\/como-apostar-en-te-apuesto.webp","type":"image\/webp"}],"twitter_card":"summary_large_image","twitter_misc":{"Est. reading time":"6 minutos"},"schema":{"@context":"https:\/\/schema.org","@graph":[{"@type":"WebPage","@id":"https:\/\/lahoradelgambling.com\/pe\/casas-de-apuestas\/te-apuesto\/como-apostar-en-te-apuesto\/","url":"https:\/\/lahoradelgambling.com\/pe\/casas-de-apuestas\/te-apuesto\/como-apostar-en-te-apuesto\/","name":"C\u00f3mo jugar a Te Apuesto Per\u00fa: gu\u00eda completa paso a paso - 2024","isPartOf":{"@id":"https:\/\/lahoradelgambling.com\/pe\/#website"},"primaryImageOfPage":{"@id":"https:\/\/lahoradelgambling.com\/pe\/casas-de-apuestas\/te-apuesto\/como-apostar-en-te-apuesto\/#primaryimage"},"image":{"@id":"https:\/\/lahoradelgambling.com\/pe\/casas-de-apuestas\/te-apuesto\/como-apostar-en-te-apuesto\/#primaryimage"},"thumbnailUrl":"https:\/\/lahoradelgambling.com\/pe\/wp-content\/uploads\/sites\/3\/2024\/06\/como-apostar-en-te-apuesto.webp","datePublished":"2024-06-04T12:32:16+00:00","dateModified":"2024-06-24T09:10:45+00:00","description":"Te contamos c\u00f3mo apostar en Te Apuesto: conoce todos los beneficios de esta plataforma orientada especialmente a jugadores peruanos. \u00a1Ingresa ahora!","breadcrumb":{"@id":"https:\/\/lahoradelgambling.com\/pe\/casas-de-apuestas\/te-apuesto\/como-apostar-en-te-apuesto\/#breadcrumb"},"inLanguage":"es","potentialAction":[{"@type":"ReadAction","target":["https:\/\/lahoradelgambling.com\/pe\/casas-de-apuestas\/te-apuesto\/como-apostar-en-te-apuesto\/"]}]},{"@type":"ImageObject","inLanguage":"es","@id":"https:\/\/lahoradelgambling.com\/pe\/casas-de-apuestas\/te-apuesto\/como-apostar-en-te-apuesto\/#primaryimage","url":"https:\/\/lahoradelgambling.com\/pe\/wp-content\/uploads\/sites\/3\/2024\/06\/como-apostar-en-te-apuesto.webp","contentUrl":"https:\/\/lahoradelgambling.com\/pe\/wp-content\/uploads\/sites\/3\/2024\/06\/como-apostar-en-te-apuesto.webp","width":1900,"height":850,"caption":"\u00bfD\u00f3nde empezar a apostar en la plataforma Te Apuesto?"},{"@type":"BreadcrumbList","@id":"https:\/\/lahoradelgambling.com\/pe\/casas-de-apuestas\/te-apuesto\/como-apostar-en-te-apuesto\/#breadcrumb","itemListElement":[{"@type":"ListItem","position":1,"name":"Lahoradelgambling","item":"https:\/\/lahoradelgambling.com\/pe\/"},{"@type":"ListItem","position":2,"name":"Casas de Apuestas en Per\u00fa","item":"https:\/\/lahoradelgambling.com\/pe\/casas-de-apuestas\/"},{"@type":"ListItem","position":3,"name":"Te Apuesto","item":"https:\/\/lahoradelgambling.com\/pe\/casas-de-apuestas\/te-apuesto\/"},{"@type":"ListItem","position":4,"name":"Como Apostar en Te Apuesto"}]},{"@type":"WebSite","@id":"https:\/\/lahoradelgambling.com\/pe\/#website","url":"https:\/\/lahoradelgambling.com\/pe\/","name":"lahoradelgambling PE","description":"","publisher":{"@id":"https:\/\/lahoradelgambling.com\/pe\/#organization"},"potentialAction":[{"@type":"SearchAction","target":{"@type":"EntryPoint","urlTemplate":"https:\/\/lahoradelgambling.com\/pe\/?s={search_term_string}"},"query-input":{"@type":"PropertyValueSpecification","valueRequired":true,"valueName":"search_term_string"}}],"inLanguage":"es"},{"@type":"Organization","@id":"https:\/\/lahoradelgambling.com\/pe\/#organization","name":"lahoradelgambling PE","url":"https:\/\/lahoradelgambling.com\/pe\/","logo":{"@type":"ImageObject","inLanguage":"es","@id":"https:\/\/lahoradelgambling.com\/pe\/#\/schema\/logo\/image\/","url":"https:\/\/lahoradelgambling.com\/pe\/wp-content\/uploads\/sites\/3\/2023\/11\/logo_pe.svg","contentUrl":"https:\/\/lahoradelgambling.com\/pe\/wp-content\/uploads\/sites\/3\/2023\/11\/logo_pe.svg","caption":"lahoradelgambling PE"},"image":{"@id":"https:\/\/lahoradelgambling.com\/pe\/#\/schema\/logo\/image\/"}}]}},"_links":{"self":[{"href":"https:\/\/lahoradelgambling.com\/pe\/wp-json\/wp\/v2\/pages\/12259"}],"collection":[{"href":"https:\/\/lahoradelgambling.com\/pe\/wp-json\/wp\/v2\/pages"}],"about":[{"href":"https:\/\/lahoradelgambling.com\/pe\/wp-json\/wp\/v2\/types\/page"}],"author":[{"embeddable":true,"href":"https:\/\/lahoradelgambling.com\/pe\/wp-json\/wp\/v2\/users\/33"}],"replies":[{"embeddable":true,"href":"https:\/\/lahoradelgambling.com\/pe\/wp-json\/wp\/v2\/comments?post=12259"}],"version-history":[{"count":5,"href":"https:\/\/lahoradelgambling.com\/pe\/wp-json\/wp\/v2\/pages\/12259\/revisions"}],"predecessor-version":[{"id":12480,"href":"https:\/\/lahoradelgambling.com\/pe\/wp-json\/wp\/v2\/pages\/12259\/revisions\/12480"}],"up":[{"embeddable":true,"href":"https:\/\/lahoradelgambling.com\/pe\/wp-json\/wp\/v2\/pages\/10677"}],"wp:featuredmedia":[{"embeddable":true,"href":"https:\/\/lahoradelgambling.com\/pe\/wp-json\/wp\/v2\/media\/12283"}],"wp:attachment":[{"href":"https:\/\/lahoradelgambling.com\/pe\/wp-json\/wp\/v2\/media?parent=12259"}],"wp:term":[{"taxonomy":"page_categories","embeddable":true,"href":"https:\/\/lahoradelgambling.com\/pe\/wp-json\/wp\/v2\/page_categories?post=12259"}],"curies":[{"name":"wp","href":"https:\/\/api.w.org\/{rel}","templated":true}]}}