{"id":12178,"date":"2024-05-13T13:00:00","date_gmt":"2024-05-13T10:00:00","guid":{"rendered":"https:\/\/lahoradelgambling.com\/pe\/?page_id=12178"},"modified":"2024-06-23T15:47:02","modified_gmt":"2024-06-23T12:47:02","slug":"betsson-registrarse","status":"publish","type":"page","link":"https:\/\/lahoradelgambling.com\/pe\/casas-de-apuestas\/betsson\/betsson-registrarse\/","title":{"rendered":"Betsson registrarse"},"content":{"rendered":"<section class=\"wp-block-hc-alternate-group-section\"> <h2 class=\"wp-block-heading\">C\u00f3mo registrarse en Betsson<\/h2>    <div itemscope=\"\" itemtype=\"https:\/\/schema.org\/ImageObject\" class=\"get-image schema-image-object-content wp-block-image size-large\"><img width=\"1024\" height=\"458\" src=\"https:\/\/lahoradelgambling.com\/pe\/wp-content\/uploads\/sites\/3\/2024\/05\/betsson-review-pe-como-registrarse-1024x458.webp\" alt=\"Instrucciones para registrarse en Betsson\" class=\"wp-image-12203\" loading=\"lazy\" decoding=\"async\" srcset=\"https:\/\/lahoradelgambling.com\/pe\/wp-content\/uploads\/sites\/3\/2024\/05\/betsson-review-pe-como-registrarse-1024x458.webp 1024w, https:\/\/lahoradelgambling.com\/pe\/wp-content\/uploads\/sites\/3\/2024\/05\/betsson-review-pe-como-registrarse-300x134.webp 300w, https:\/\/lahoradelgambling.com\/pe\/wp-content\/uploads\/sites\/3\/2024\/05\/betsson-review-pe-como-registrarse-150x67.webp 150w, https:\/\/lahoradelgambling.com\/pe\/wp-content\/uploads\/sites\/3\/2024\/05\/betsson-review-pe-como-registrarse-768x344.webp 768w, https:\/\/lahoradelgambling.com\/pe\/wp-content\/uploads\/sites\/3\/2024\/05\/betsson-review-pe-como-registrarse-1536x687.webp 1536w, https:\/\/lahoradelgambling.com\/pe\/wp-content\/uploads\/sites\/3\/2024\/05\/betsson-review-pe-como-registrarse.webp 1900w\" sizes=\"(max-width: 1024px) 100vw, 1024px\" \/><meta itemprop=\"contentUrl\" content=\"https:\/\/lahoradelgambling.com\/pe\/wp-content\/uploads\/sites\/3\/2024\/05\/betsson-review-pe-como-registrarse-1024x458.webp\"><\/div>    <p>Para que comiences a apostar cuanto antes en esta plataforma, el registro <b>se realiza con gran facilidad<\/b>. Esto te tomar\u00e1 solo unos minutos, para que lo compruebes, a continuaci\u00f3n, te explicamos los pasos para registrarse en <a href=\"https:\/\/lahoradelgambling.com\/pe\/casas-de-apuestas\/betsson\/\">Betsson Per\u00fa<\/a>:<\/p>    <ol> <li><b>Entrar al sitio de internet de Betsson<\/b>: la direcci\u00f3n de la web oficial de esta casa de apuestas para Per\u00fa es <a href=\"https:\/\/pelink.lahoradelgambling.com\/?1win=H9LTKCK\" target=\"_blank\" rel=\"noreferrer noopener nofollow\">www.betsson.com\/pe<\/a>.<\/li>    <li><b>Completar el formulario para el registro<\/b>: entra a \u00e9l a trav\u00e9s del bot\u00f3n \u201cAbrir cuenta\u201d que est\u00e1 en la barra superior de la web, espec\u00edficamente en el lado derecho de la pantalla. El formulario est\u00e1 compuesto por tu email, datos personales y direcci\u00f3n. Tambi\u00e9n debes establecer una contrase\u00f1a.<\/li>    <li><b>Completar el registro en la casa de apuestas<\/b>: si lo deseas, puedes definir un presupuesto diario, semanal o mensual para tus apuestas. Para completar el registro, acepta la pol\u00edtica de privacidad, los t\u00e9rminos y las condiciones. Finaliza haciendo clic en el bot\u00f3n \u201cAbrir cuenta\u201d.<\/li>    <li><b>Verificar tu direcci\u00f3n de correo electr\u00f3nico<\/b>: cuando completes el paso anterior, la plataforma env\u00eda un mensaje a tu email, en \u00e9l encontrar\u00e1s un enlace. Es necesario que entres a este \u00faltimo para que verifiques el correo con el que te registraste.<\/li> <\/ol>    <p>Es importante destacar que Betsson ha establecido t\u00e9rminos y condiciones para el registro en su p\u00e1gina web. Entre ellos se encuentra la obligaci\u00f3n de que <b>cualquier que se registre sea mayor de edad<\/b>. En caso de que se determine que no lo eres, el registro en Betsson finalizar\u00e1 y no podr\u00e1s crear tu cuenta.<\/p>    <p>Si la empresa llega a dudar de que seas mayor de edad, est\u00e1 en su derecho de solicitar una prueba. Tambi\u00e9n se ha establecido que el registro sea realizado por una persona real y que <b>no hayas usado antes la opci\u00f3n de autoexclusi\u00f3n<\/b> en otra web.<\/p>    <div class=\"wp-block-buttons is-content-justification-center is-layout-flex wp-container-core-buttons-is-layout-1 wp-block-buttons-is-layout-flex\"> <div class=\"wp-block-button\"><a class=\"wp-block-button__link wp-element-button\" href=\"https:\/\/pelink.lahoradelgambling.com\/?1win=H9LTKCK\" target=\"_blank\" rel=\"nofollow noreferrer noopener\">Registro<\/a><\/div> <\/div>    <section class=\"wp-block-hc-alternate-group-section\"> <h3 class=\"wp-block-heading\">\u00bfNecesito verificaci\u00f3n de cuenta?<\/h3>    <p>S\u00ed, anteriormente mencionamos la verificaci\u00f3n a trav\u00e9s de correo electr\u00f3nico, pero no es a la \u00fanica que puede recurrir la plataforma. Despu\u00e9s de crear cuenta en Betsson, la casa de apuestas puede verificar la informaci\u00f3n con la que te has registrado <b>en fuentes de terceros<\/b>.<\/p> <\/section> <\/section>    <section class=\"wp-block-hc-alternate-group-section\"> <h2 class=\"wp-block-heading\">Bono de bienvenida Betsson<\/h2>    <div itemscope=\"\" itemtype=\"https:\/\/schema.org\/ImageObject\" class=\"get-image schema-image-object-content wp-block-image size-large\"><img width=\"1024\" height=\"458\" src=\"https:\/\/lahoradelgambling.com\/pe\/wp-content\/uploads\/sites\/3\/2024\/05\/betsson-review-pe-bono-1024x458.webp\" alt=\"Bonos y promociones en oferta en Betsson\" class=\"wp-image-12201\" loading=\"lazy\" decoding=\"async\" srcset=\"https:\/\/lahoradelgambling.com\/pe\/wp-content\/uploads\/sites\/3\/2024\/05\/betsson-review-pe-bono-1024x458.webp 1024w, https:\/\/lahoradelgambling.com\/pe\/wp-content\/uploads\/sites\/3\/2024\/05\/betsson-review-pe-bono-300x134.webp 300w, https:\/\/lahoradelgambling.com\/pe\/wp-content\/uploads\/sites\/3\/2024\/05\/betsson-review-pe-bono-150x67.webp 150w, https:\/\/lahoradelgambling.com\/pe\/wp-content\/uploads\/sites\/3\/2024\/05\/betsson-review-pe-bono-768x344.webp 768w, https:\/\/lahoradelgambling.com\/pe\/wp-content\/uploads\/sites\/3\/2024\/05\/betsson-review-pe-bono-1536x687.webp 1536w, https:\/\/lahoradelgambling.com\/pe\/wp-content\/uploads\/sites\/3\/2024\/05\/betsson-review-pe-bono.webp 1900w\" sizes=\"(max-width: 1024px) 100vw, 1024px\" \/><meta itemprop=\"contentUrl\" content=\"https:\/\/lahoradelgambling.com\/pe\/wp-content\/uploads\/sites\/3\/2024\/05\/betsson-review-pe-bono-1024x458.webp\"><\/div>    <p>Cuando hagas tu primer dep\u00f3sito a tu cuenta en Betsson, tienes la oportunidad de recibir <b>S\/ 50 para hacer una apuesta gratis<\/b>. Para recibir esta bonificaci\u00f3n, tienes que seleccionarla cuando vayas a depositar dinero por primera vez.<\/p>    <section class=\"wp-block-hc-alternate-group-section\"> <h3 class=\"wp-block-heading\">Condiciones del bono de bienvenida<\/h3>    <p>Ahora que sabes c\u00f3mo registrarse en Betsson, damos los puntos m\u00e1s importantes de la primera bonificaci\u00f3n que ofrece a sus usuarios. Las condiciones que se han establecido <b>para solicitarla y utilizarla<\/b> son las enlistadas a continuaci\u00f3n:<\/p>    <ul> <li><b>Plazo para recibirlo<\/b>: despu\u00e9s de iniciar sesi\u00f3n en Betsson por primera vez, tienes 30 d\u00edas para optar por la apuesta gratis.<\/li>    <li><b>Dep\u00f3sito m\u00ednimo<\/b>: este debe ser de al menos S\/ 50.<\/li>    <li><b>Requisito de apuesta<\/b>: tiene que ser de x3 con una cuota de 1.50 como m\u00ednimo.<\/li>    <li><b>Disponibilidad<\/b>: una vez que tengas el <a href=\"https:\/\/lahoradelgambling.com\/pe\/bono-de-bienvenida\/betfair-bono\/\" target=\"_blank\" rel=\"noreferrer noopener\">bono de bienvenida de Betsson<\/a>, tienes 7 d\u00edas para utilizarlo.<\/li> <\/ul>    <div class=\"wp-block-buttons is-content-justification-center is-layout-flex wp-container-core-buttons-is-layout-2 wp-block-buttons-is-layout-flex\"> <div class=\"wp-block-button\"><a class=\"wp-block-button__link wp-element-button\" href=\"https:\/\/pelink.lahoradelgambling.com\/?1win=H9LTKCK\" target=\"_blank\" rel=\"nofollow noreferrer noopener\">Obt\u00e9n una bonificaci\u00f3n<\/a><\/div> <\/div> <\/section> <\/section>    <section class=\"wp-block-hc-alternate-group-section\"> <h2 class=\"wp-block-heading\">\u00bfC\u00f3mo registrarse en Betsson desde un tel\u00e9fono m\u00f3vil?<\/h2>    <div itemscope=\"\" itemtype=\"https:\/\/schema.org\/ImageObject\" class=\"get-image schema-image-object-content wp-block-image size-large\"><img width=\"1024\" height=\"458\" src=\"https:\/\/lahoradelgambling.com\/pe\/wp-content\/uploads\/sites\/3\/2024\/05\/betsson-review-pe-como-registrarse-movil-1024x458.webp\" alt=\"Instrucciones para registrarse en el sitio web de Betsson a trav\u00e9s de la aplicaci\u00f3n m\u00f3vil\" class=\"wp-image-12200\" loading=\"lazy\" decoding=\"async\" srcset=\"https:\/\/lahoradelgambling.com\/pe\/wp-content\/uploads\/sites\/3\/2024\/05\/betsson-review-pe-como-registrarse-movil-1024x458.webp 1024w, https:\/\/lahoradelgambling.com\/pe\/wp-content\/uploads\/sites\/3\/2024\/05\/betsson-review-pe-como-registrarse-movil-300x134.webp 300w, https:\/\/lahoradelgambling.com\/pe\/wp-content\/uploads\/sites\/3\/2024\/05\/betsson-review-pe-como-registrarse-movil-150x67.webp 150w, https:\/\/lahoradelgambling.com\/pe\/wp-content\/uploads\/sites\/3\/2024\/05\/betsson-review-pe-como-registrarse-movil-768x344.webp 768w, https:\/\/lahoradelgambling.com\/pe\/wp-content\/uploads\/sites\/3\/2024\/05\/betsson-review-pe-como-registrarse-movil-1536x687.webp 1536w, https:\/\/lahoradelgambling.com\/pe\/wp-content\/uploads\/sites\/3\/2024\/05\/betsson-review-pe-como-registrarse-movil.webp 1900w\" sizes=\"(max-width: 1024px) 100vw, 1024px\" \/><meta itemprop=\"contentUrl\" content=\"https:\/\/lahoradelgambling.com\/pe\/wp-content\/uploads\/sites\/3\/2024\/05\/betsson-review-pe-como-registrarse-movil-1024x458.webp\"><\/div>    <p>En cuanto a c\u00f3mo crear una cuenta en Betsson Per\u00fa desde tu tel\u00e9fono, puedes utilizar la <b>web m\u00f3vil de la casa de apuestas o su aplicaci\u00f3n<\/b>. Esta \u00faltima est\u00e1 disponible en una <a href=\"https:\/\/lahoradelgambling.com\/pe\/casas-de-apuestas\/aplicaciones\/betsson-app\/\" target=\"_blank\" rel=\"noreferrer noopener\">Betsson apk<\/a> para Android y en la App Store para iOS.<\/p>    <p>En la versi\u00f3n m\u00f3vil del sitio de internet y en la aplicaci\u00f3n se siguen los mismos pasos para registrarse, a continuaci\u00f3n, los describimos:<\/p>    <ol> <li><b>Entrar a la opci\u00f3n de crear cuenta<\/b>: en el caso de la app, pulsa el bot\u00f3n \u201cAcceder \/ Abrir cuenta\u201d de la esquina superior derecha. Luego, en la siguiente ventana selecciona \u201cAbrir cuenta\u201d. Por otra parte, en la web m\u00f3vil pulsas \u201cIniciar sesi\u00f3n\u201d.<\/li>    <li><b>Ingresar los datos necesarios<\/b>: el formulario de la aplicaci\u00f3n est\u00e1 compuesto por los mismos datos que contiene en la web de Betsson. La cuenta se crea cuando presionas \u201cSiguiente\u201d. <\/li> <\/ol>    <div class=\"wp-block-buttons is-content-justification-center is-layout-flex wp-container-core-buttons-is-layout-3 wp-block-buttons-is-layout-flex\"> <div class=\"wp-block-button\"><a class=\"wp-block-button__link wp-element-button\" href=\"https:\/\/pelink.lahoradelgambling.com\/?1win=H9LTKCK\" target=\"_blank\" rel=\"nofollow noreferrer noopener\">Registro en Betsson m\u00f3vil<\/a><\/div> <\/div> <\/section>    <section class=\"wp-block-hc-alternate-group-section\"> <h2 class=\"wp-block-heading\">\u00bfC\u00f3mo iniciar sesi\u00f3n despu\u00e9s de registrarse?<\/h2>    <div itemscope=\"\" itemtype=\"https:\/\/schema.org\/ImageObject\" class=\"get-image schema-image-object-content wp-block-image size-large\"><img width=\"1024\" height=\"458\" src=\"https:\/\/lahoradelgambling.com\/pe\/wp-content\/uploads\/sites\/3\/2024\/05\/betsson-review-pe-como-iniciar-sesion-1024x458.webp\" alt=\"Instrucciones para iniciar sesi\u00f3n en la plataforma Betsson\" class=\"wp-image-12199\" loading=\"lazy\" decoding=\"async\" srcset=\"https:\/\/lahoradelgambling.com\/pe\/wp-content\/uploads\/sites\/3\/2024\/05\/betsson-review-pe-como-iniciar-sesion-1024x458.webp 1024w, https:\/\/lahoradelgambling.com\/pe\/wp-content\/uploads\/sites\/3\/2024\/05\/betsson-review-pe-como-iniciar-sesion-300x134.webp 300w, https:\/\/lahoradelgambling.com\/pe\/wp-content\/uploads\/sites\/3\/2024\/05\/betsson-review-pe-como-iniciar-sesion-150x67.webp 150w, https:\/\/lahoradelgambling.com\/pe\/wp-content\/uploads\/sites\/3\/2024\/05\/betsson-review-pe-como-iniciar-sesion-768x344.webp 768w, https:\/\/lahoradelgambling.com\/pe\/wp-content\/uploads\/sites\/3\/2024\/05\/betsson-review-pe-como-iniciar-sesion-1536x687.webp 1536w, https:\/\/lahoradelgambling.com\/pe\/wp-content\/uploads\/sites\/3\/2024\/05\/betsson-review-pe-como-iniciar-sesion.webp 1900w\" sizes=\"(max-width: 1024px) 100vw, 1024px\" \/><meta itemprop=\"contentUrl\" content=\"https:\/\/lahoradelgambling.com\/pe\/wp-content\/uploads\/sites\/3\/2024\/05\/betsson-review-pe-como-iniciar-sesion-1024x458.webp\"><\/div>    <p>En la siguiente lista te diremos c\u00f3mo iniciar sesi\u00f3n en Betsson tanto desde la web como en la app:<\/p>    <ol> <li><b>Entrar a la opci\u00f3n correspondiente<\/b>: en el caso del sitio de internet para computadora, accede a \u201cIniciar sesi\u00f3n\u201d en la barra superior y, en la app, pulsas \u201cAcceder \/ Abrir cuenta\u201d.<\/li>    <li><b>Escribir los datos de inicio de sesi\u00f3n<\/b>: en ambas plataformas se abre una ventana en la que tienes que ingresar el correo electr\u00f3nico y la contrase\u00f1a. Para finalizar, pulsa en \u201cIniciar sesi\u00f3n\u201d.<\/li> <\/ol> <\/section>    <section class=\"wp-block-hc-alternate-group-section\"> <h2 class=\"wp-block-heading\">Formas de pago<\/h2>    <div itemscope=\"\" itemtype=\"https:\/\/schema.org\/ImageObject\" class=\"get-image schema-image-object-content wp-block-image size-large\"><img width=\"1024\" height=\"458\" src=\"https:\/\/lahoradelgambling.com\/pe\/wp-content\/uploads\/sites\/3\/2024\/05\/betsson-review-pe-pago-1024x458.webp\" alt=\"\u00bfQu\u00e9 m\u00e9todos de pago ofrece Betsson?\" class=\"wp-image-12198\" loading=\"lazy\" decoding=\"async\" srcset=\"https:\/\/lahoradelgambling.com\/pe\/wp-content\/uploads\/sites\/3\/2024\/05\/betsson-review-pe-pago-1024x458.webp 1024w, https:\/\/lahoradelgambling.com\/pe\/wp-content\/uploads\/sites\/3\/2024\/05\/betsson-review-pe-pago-300x134.webp 300w, https:\/\/lahoradelgambling.com\/pe\/wp-content\/uploads\/sites\/3\/2024\/05\/betsson-review-pe-pago-150x67.webp 150w, https:\/\/lahoradelgambling.com\/pe\/wp-content\/uploads\/sites\/3\/2024\/05\/betsson-review-pe-pago-768x344.webp 768w, https:\/\/lahoradelgambling.com\/pe\/wp-content\/uploads\/sites\/3\/2024\/05\/betsson-review-pe-pago-1536x687.webp 1536w, https:\/\/lahoradelgambling.com\/pe\/wp-content\/uploads\/sites\/3\/2024\/05\/betsson-review-pe-pago.webp 1900w\" sizes=\"(max-width: 1024px) 100vw, 1024px\" \/><meta itemprop=\"contentUrl\" content=\"https:\/\/lahoradelgambling.com\/pe\/wp-content\/uploads\/sites\/3\/2024\/05\/betsson-review-pe-pago-1024x458.webp\"><\/div>    <p>En Betsson hay <b>m\u00e1s m\u00e9todos de dep\u00f3sito que de retiro<\/b>, en la siguiente tabla te damos m\u00e1s informaci\u00f3n:<\/p>    <div class=\"wp-block-table\"><table class=\"has-fixed-layout\"><thead><tr><th>M\u00e9todo de pago<\/th><th>Dep\u00f3sito m\u00ednimo y m\u00e1ximo<\/th><th>Retiro m\u00ednimo y m\u00e1ximo<\/th><th>Comisi\u00f3n por transacci\u00f3n<\/th><\/tr><\/thead><tbody><tr><td><b>Tarjetas<\/b><br>(Visa y MasterCard)<\/td><td>S\/ 40 &#8211; S\/ 4.000<\/td><td>&#8211;<\/td><td>0<\/td><\/tr><tr><td><b>e-Wallets<\/b><br>Skrill y Neteller<\/td><td>S\/ 40 &#8211; S\/ 150.000<\/td><td>&#8211;<\/td><td>0<\/td><\/tr><tr><td><b>Paysafecard<\/b><\/td><td>S\/ 30 &#8211; S\/ 850<\/td><td>&#8211;<\/td><td>0<\/td><\/tr><tr><td><b>PagoEfectivo<\/b><\/td><td>S\/ 15 &#8211; S\/ 7.000<\/td><td>&#8211;<\/td><td>0<\/td><\/tr><tr><td><b>Yape Plin<\/b><\/td><td>S\/ 15 &#8211; S\/ 500<\/td><td>&#8211;<\/td><td>0<\/td><\/tr><tr><td><b>Yape Servicios<\/b><\/td><td>S\/ 15 &#8211; S\/ 2.000<\/td><td>&#8211;<\/td><td>0<\/td><\/tr><tr><td><b>Scotiabank<\/b><\/td><td>S\/ 15 &#8211; S\/ 7.000<\/td><td>&#8211;<\/td><td>0<\/td><\/tr><tr><td><b>BBVA<\/b><\/td><td>S\/ 15 &#8211; S\/ 35.000<\/td><td>&#8211;<\/td><td>0<\/td><\/tr><tr><td><b>Interbank<\/b><\/td><td>S\/ 15 &#8211; S\/ 35.000<\/td><td>&#8211;<\/td><td>0<\/td><\/tr><tr><td><b>BCP<\/b><\/td><td>S\/ 15 &#8211; S\/ 35.000<\/td><td>&#8211;<\/td><td>0<\/td><\/tr><tr><td><b>PagoDirecto<\/b><\/td><td>S\/ 15 &#8211; S\/ 35.000<\/td><td>&#8211;<\/td><td>0<\/td><\/tr><tr><td><b>Pago bancario<\/b><\/td><td>&#8211;<\/td><td>S\/ 60 &#8211; S\/ 150.000<\/td><td>0<\/td><\/tr><\/tbody><\/table><\/div> <\/section>    <section class=\"wp-block-hc-alternate-group-section\"> <h2 class=\"wp-block-heading\">Atenci\u00f3n al cliente en Betsson<\/h2>    <div itemscope=\"\" itemtype=\"https:\/\/schema.org\/ImageObject\" class=\"get-image schema-image-object-content wp-block-image size-large\"><img width=\"1024\" height=\"458\" src=\"https:\/\/lahoradelgambling.com\/pe\/wp-content\/uploads\/sites\/3\/2024\/05\/betsson-review-pe-soporte-1024x458.webp\" alt=\"\u00bfC\u00f3mo funciona el servicio de atenci\u00f3n al cliente en Betsson?\" class=\"wp-image-12197\" loading=\"lazy\" decoding=\"async\" srcset=\"https:\/\/lahoradelgambling.com\/pe\/wp-content\/uploads\/sites\/3\/2024\/05\/betsson-review-pe-soporte-1024x458.webp 1024w, https:\/\/lahoradelgambling.com\/pe\/wp-content\/uploads\/sites\/3\/2024\/05\/betsson-review-pe-soporte-300x134.webp 300w, https:\/\/lahoradelgambling.com\/pe\/wp-content\/uploads\/sites\/3\/2024\/05\/betsson-review-pe-soporte-150x67.webp 150w, https:\/\/lahoradelgambling.com\/pe\/wp-content\/uploads\/sites\/3\/2024\/05\/betsson-review-pe-soporte-768x344.webp 768w, https:\/\/lahoradelgambling.com\/pe\/wp-content\/uploads\/sites\/3\/2024\/05\/betsson-review-pe-soporte-1536x687.webp 1536w, https:\/\/lahoradelgambling.com\/pe\/wp-content\/uploads\/sites\/3\/2024\/05\/betsson-review-pe-soporte.webp 1900w\" sizes=\"(max-width: 1024px) 100vw, 1024px\" \/><meta itemprop=\"contentUrl\" content=\"https:\/\/lahoradelgambling.com\/pe\/wp-content\/uploads\/sites\/3\/2024\/05\/betsson-review-pe-soporte-1024x458.webp\"><\/div>    <p>Al registrarse en Betsson existe la posibilidad de que surjan varios inconvenientes, como que <b>no acepte tu domicilio o problemas con la verificaci\u00f3n<\/b> de identidad. Si tienes alguna consulta con respecto a c\u00f3mo crear una cuenta en Betsson, contacta a atenci\u00f3n al cliente de alguna de las siguientes formas:<\/p>    <ul> <li>Chat en vivo en el sitio de internet de la casa de apuestas.<\/li>    <li>Direcci\u00f3n de correo electr\u00f3nico support-pe@betsson.com.<\/li>    <li>Llamar al n\u00famero de tel\u00e9fono 0 800 52920.<\/li> <\/ul>    <p>En resumen, es posible crear cuenta en Betsson desde su sitio de internet para escritorio, web m\u00f3vil y aplicaci\u00f3n. <b>No necesitar\u00e1s mucho tiempo para completar el proceso<\/b> y, cuando lo hagas, podr\u00e1s apostar y disfrutar de bonificaciones y promociones.<\/p> <\/section>","protected":false},"excerpt":{"rendered":"","protected":false},"author":126,"featured_media":12203,"parent":6589,"menu_order":14,"comment_status":"closed","ping_status":"closed","template":"","meta":{"_acf_changed":false,"footnotes":""},"page_categories":[],"acf":[],"yoast_head":"<!-- This site is optimized with the Yoast SEO plugin v24.5 - https:\/\/yoast.com\/wordpress\/plugins\/seo\/ -->\n<title>C\u00f3mo registrarse en Betsson: Gu\u00eda de crear una cuenta - 2024<\/title>\n<meta name=\"description\" content=\"El proceso para registrarse e iniciar sesi\u00f3n en Betsson es m\u00e1s sencillo de lo que crees. Aqu\u00ed te detallamos los pasos a seguir y los t\u00e9rminos de crear una cuenta\" \/>\n<meta name=\"robots\" content=\"index, follow, max-snippet:-1, max-image-preview:large, max-video-preview:-1\" \/>\n<link rel=\"canonical\" href=\"https:\/\/lahoradelgambling.com\/pe\/casas-de-apuestas\/betsson\/betsson-registrarse\/\" \/>\n<meta property=\"og:locale\" content=\"es_ES\" \/>\n<meta property=\"og:type\" content=\"article\" \/>\n<meta property=\"og:title\" content=\"C\u00f3mo registrarse en Betsson: Gu\u00eda de crear una cuenta - 2024\" \/>\n<meta property=\"og:description\" content=\"El proceso para registrarse e iniciar sesi\u00f3n en Betsson es m\u00e1s sencillo de lo que crees. Aqu\u00ed te detallamos los pasos a seguir y los t\u00e9rminos de crear una cuenta\" \/>\n<meta property=\"og:url\" content=\"https:\/\/lahoradelgambling.com\/pe\/casas-de-apuestas\/betsson\/betsson-registrarse\/\" \/>\n<meta property=\"og:site_name\" content=\"lahoradelgambling PE\" \/>\n<meta property=\"article:modified_time\" content=\"2024-06-23T12:47:02+00:00\" \/>\n<meta property=\"og:image\" content=\"https:\/\/lahoradelgambling.com\/pe\/wp-content\/uploads\/sites\/3\/2024\/05\/betsson-review-pe-como-registrarse.webp\" \/>\n\t<meta property=\"og:image:width\" content=\"1900\" \/>\n\t<meta property=\"og:image:height\" content=\"850\" \/>\n\t<meta property=\"og:image:type\" content=\"image\/webp\" \/>\n<meta name=\"twitter:card\" content=\"summary_large_image\" \/>\n<meta name=\"twitter:label1\" content=\"Est. reading time\" \/>\n\t<meta name=\"twitter:data1\" content=\"6 minutos\" \/>\n<!-- \/ Yoast SEO plugin. -->","yoast_head_json":{"title":"C\u00f3mo registrarse en Betsson: Gu\u00eda de crear una cuenta - 2024","description":"El proceso para registrarse e iniciar sesi\u00f3n en Betsson es m\u00e1s sencillo de lo que crees. Aqu\u00ed te detallamos los pasos a seguir y los t\u00e9rminos de crear una cuenta","robots":{"index":"index","follow":"follow","max-snippet":"max-snippet:-1","max-image-preview":"max-image-preview:large","max-video-preview":"max-video-preview:-1"},"canonical":"https:\/\/lahoradelgambling.com\/pe\/casas-de-apuestas\/betsson\/betsson-registrarse\/","og_locale":"es_ES","og_type":"article","og_title":"C\u00f3mo registrarse en Betsson: Gu\u00eda de crear una cuenta - 2024","og_description":"El proceso para registrarse e iniciar sesi\u00f3n en Betsson es m\u00e1s sencillo de lo que crees. Aqu\u00ed te detallamos los pasos a seguir y los t\u00e9rminos de crear una cuenta","og_url":"https:\/\/lahoradelgambling.com\/pe\/casas-de-apuestas\/betsson\/betsson-registrarse\/","og_site_name":"lahoradelgambling PE","article_modified_time":"2024-06-23T12:47:02+00:00","og_image":[{"width":1900,"height":850,"url":"https:\/\/lahoradelgambling.com\/pe\/wp-content\/uploads\/sites\/3\/2024\/05\/betsson-review-pe-como-registrarse.webp","type":"image\/webp"}],"twitter_card":"summary_large_image","twitter_misc":{"Est. reading time":"6 minutos"},"schema":{"@context":"https:\/\/schema.org","@graph":[{"@type":"WebPage","@id":"https:\/\/lahoradelgambling.com\/pe\/casas-de-apuestas\/betsson\/betsson-registrarse\/","url":"https:\/\/lahoradelgambling.com\/pe\/casas-de-apuestas\/betsson\/betsson-registrarse\/","name":"C\u00f3mo registrarse en Betsson: Gu\u00eda de crear una cuenta - 2024","isPartOf":{"@id":"https:\/\/lahoradelgambling.com\/pe\/#website"},"primaryImageOfPage":{"@id":"https:\/\/lahoradelgambling.com\/pe\/casas-de-apuestas\/betsson\/betsson-registrarse\/#primaryimage"},"image":{"@id":"https:\/\/lahoradelgambling.com\/pe\/casas-de-apuestas\/betsson\/betsson-registrarse\/#primaryimage"},"thumbnailUrl":"https:\/\/lahoradelgambling.com\/pe\/wp-content\/uploads\/sites\/3\/2024\/05\/betsson-review-pe-como-registrarse.webp","datePublished":"2024-05-13T10:00:00+00:00","dateModified":"2024-06-23T12:47:02+00:00","description":"El proceso para registrarse e iniciar sesi\u00f3n en Betsson es m\u00e1s sencillo de lo que crees. Aqu\u00ed te detallamos los pasos a seguir y los t\u00e9rminos de crear una cuenta","breadcrumb":{"@id":"https:\/\/lahoradelgambling.com\/pe\/casas-de-apuestas\/betsson\/betsson-registrarse\/#breadcrumb"},"inLanguage":"es","potentialAction":[{"@type":"ReadAction","target":["https:\/\/lahoradelgambling.com\/pe\/casas-de-apuestas\/betsson\/betsson-registrarse\/"]}]},{"@type":"ImageObject","inLanguage":"es","@id":"https:\/\/lahoradelgambling.com\/pe\/casas-de-apuestas\/betsson\/betsson-registrarse\/#primaryimage","url":"https:\/\/lahoradelgambling.com\/pe\/wp-content\/uploads\/sites\/3\/2024\/05\/betsson-review-pe-como-registrarse.webp","contentUrl":"https:\/\/lahoradelgambling.com\/pe\/wp-content\/uploads\/sites\/3\/2024\/05\/betsson-review-pe-como-registrarse.webp","width":1900,"height":850,"caption":"Instrucciones para registrarse en Betsson"},{"@type":"BreadcrumbList","@id":"https:\/\/lahoradelgambling.com\/pe\/casas-de-apuestas\/betsson\/betsson-registrarse\/#breadcrumb","itemListElement":[{"@type":"ListItem","position":1,"name":"Lahoradelgambling","item":"https:\/\/lahoradelgambling.com\/pe\/"},{"@type":"ListItem","position":2,"name":"Casas de Apuestas en Per\u00fa","item":"https:\/\/lahoradelgambling.com\/pe\/casas-de-apuestas\/"},{"@type":"ListItem","position":3,"name":"Betsson","item":"https:\/\/lahoradelgambling.com\/pe\/casas-de-apuestas\/betsson\/"},{"@type":"ListItem","position":4,"name":"Betsson registrarse"}]},{"@type":"WebSite","@id":"https:\/\/lahoradelgambling.com\/pe\/#website","url":"https:\/\/lahoradelgambling.com\/pe\/","name":"lahoradelgambling PE","description":"","publisher":{"@id":"https:\/\/lahoradelgambling.com\/pe\/#organization"},"potentialAction":[{"@type":"SearchAction","target":{"@type":"EntryPoint","urlTemplate":"https:\/\/lahoradelgambling.com\/pe\/?s={search_term_string}"},"query-input":{"@type":"PropertyValueSpecification","valueRequired":true,"valueName":"search_term_string"}}],"inLanguage":"es"},{"@type":"Organization","@id":"https:\/\/lahoradelgambling.com\/pe\/#organization","name":"lahoradelgambling PE","url":"https:\/\/lahoradelgambling.com\/pe\/","logo":{"@type":"ImageObject","inLanguage":"es","@id":"https:\/\/lahoradelgambling.com\/pe\/#\/schema\/logo\/image\/","url":"https:\/\/lahoradelgambling.com\/pe\/wp-content\/uploads\/sites\/3\/2023\/11\/logo_pe.svg","contentUrl":"https:\/\/lahoradelgambling.com\/pe\/wp-content\/uploads\/sites\/3\/2023\/11\/logo_pe.svg","caption":"lahoradelgambling PE"},"image":{"@id":"https:\/\/lahoradelgambling.com\/pe\/#\/schema\/logo\/image\/"}}]}},"_links":{"self":[{"href":"https:\/\/lahoradelgambling.com\/pe\/wp-json\/wp\/v2\/pages\/12178"}],"collection":[{"href":"https:\/\/lahoradelgambling.com\/pe\/wp-json\/wp\/v2\/pages"}],"about":[{"href":"https:\/\/lahoradelgambling.com\/pe\/wp-json\/wp\/v2\/types\/page"}],"author":[{"embeddable":true,"href":"https:\/\/lahoradelgambling.com\/pe\/wp-json\/wp\/v2\/users\/126"}],"replies":[{"embeddable":true,"href":"https:\/\/lahoradelgambling.com\/pe\/wp-json\/wp\/v2\/comments?post=12178"}],"version-history":[{"count":5,"href":"https:\/\/lahoradelgambling.com\/pe\/wp-json\/wp\/v2\/pages\/12178\/revisions"}],"predecessor-version":[{"id":12358,"href":"https:\/\/lahoradelgambling.com\/pe\/wp-json\/wp\/v2\/pages\/12178\/revisions\/12358"}],"up":[{"embeddable":true,"href":"https:\/\/lahoradelgambling.com\/pe\/wp-json\/wp\/v2\/pages\/6589"}],"wp:featuredmedia":[{"embeddable":true,"href":"https:\/\/lahoradelgambling.com\/pe\/wp-json\/wp\/v2\/media\/12203"}],"wp:attachment":[{"href":"https:\/\/lahoradelgambling.com\/pe\/wp-json\/wp\/v2\/media?parent=12178"}],"wp:term":[{"taxonomy":"page_categories","embeddable":true,"href":"https:\/\/lahoradelgambling.com\/pe\/wp-json\/wp\/v2\/page_categories?post=12178"}],"curies":[{"name":"wp","href":"https:\/\/api.w.org\/{rel}","templated":true}]}}