{"id":12176,"date":"2024-05-08T12:19:21","date_gmt":"2024-05-08T09:19:21","guid":{"rendered":"https:\/\/lahoradelgambling.com\/pe\/?page_id=12176"},"modified":"2024-06-23T15:30:43","modified_gmt":"2024-06-23T12:30:43","slug":"te-apuesto-registrarse","status":"publish","type":"page","link":"https:\/\/lahoradelgambling.com\/pe\/casas-de-apuestas\/te-apuesto\/te-apuesto-registrarse\/","title":{"rendered":"Te Apuesto Registrarse"},"content":{"rendered":"<section class=\"wp-block-hc-alternate-group-section\"> <h2 class=\"wp-block-heading\">\u00bfC\u00f3mo Registrarse en Te Apuesto?&nbsp;<\/h2>    <div itemscope=\"\" itemtype=\"https:\/\/schema.org\/ImageObject\" class=\"get-image schema-image-object-content wp-block-image size-large\"><img width=\"1024\" height=\"458\" src=\"https:\/\/lahoradelgambling.com\/pe\/wp-content\/uploads\/sites\/3\/2024\/05\/te-apuesto-review-pe-como-registrarse-1024x458.webp\" alt=\"Instrucciones para registrarse en la plataforma Te Apuesto\" class=\"wp-image-12195\" loading=\"lazy\" decoding=\"async\" srcset=\"https:\/\/lahoradelgambling.com\/pe\/wp-content\/uploads\/sites\/3\/2024\/05\/te-apuesto-review-pe-como-registrarse-1024x458.webp 1024w, https:\/\/lahoradelgambling.com\/pe\/wp-content\/uploads\/sites\/3\/2024\/05\/te-apuesto-review-pe-como-registrarse-300x134.webp 300w, https:\/\/lahoradelgambling.com\/pe\/wp-content\/uploads\/sites\/3\/2024\/05\/te-apuesto-review-pe-como-registrarse-150x67.webp 150w, https:\/\/lahoradelgambling.com\/pe\/wp-content\/uploads\/sites\/3\/2024\/05\/te-apuesto-review-pe-como-registrarse-768x344.webp 768w, https:\/\/lahoradelgambling.com\/pe\/wp-content\/uploads\/sites\/3\/2024\/05\/te-apuesto-review-pe-como-registrarse-1536x687.webp 1536w, https:\/\/lahoradelgambling.com\/pe\/wp-content\/uploads\/sites\/3\/2024\/05\/te-apuesto-review-pe-como-registrarse.webp 1900w\" sizes=\"(max-width: 1024px) 100vw, 1024px\" \/><meta itemprop=\"contentUrl\" content=\"https:\/\/lahoradelgambling.com\/pe\/wp-content\/uploads\/sites\/3\/2024\/05\/te-apuesto-review-pe-como-registrarse-1024x458.webp\"><\/div>    <p>El proceso de registrarse en <a href=\"https:\/\/lahoradelgambling.com\/pe\/casas-de-apuestas\/te-apuesto\/\">Te Apuesto Per\u00fa<\/a> (plataforma de apuestas virtuales perteneciente a La Tinka)\u00a0es realmente muy sencillo. Esto es, paso a paso, lo que debes hacer para registrarte en la plataforma:<\/p>    <ol> <li><b>Visita el sitio web oficial. <\/b>Ingresa a la p\u00e1gina de Te Apuesto desde cualquier navegador de internet.<\/li>    <li><b>Presiona el bot\u00f3n \u201cRegistrar\u201d.<\/b> Se encuentra en la zona superior derecha de la p\u00e1gina.<\/li>    <li><b>Completa el formulario.<\/b> Tienes que ingresar tu n\u00famero de DNI, nombres, apellidos, fecha de nacimiento, una contrase\u00f1a para la cuenta, direcci\u00f3n, n\u00famero de celular y correo electr\u00f3nico.<\/li>    <li><b>Acepta los t\u00e9rminos y condiciones<\/b>. Marcando la casilla correspondiente.<\/li>    <li><b>Presiona \u201cRegistrar\u201d<\/b>. Es el bot\u00f3n que se encuentra al final del formulario.<\/li>    <li><b>Ingresa el c\u00f3digo de verificaci\u00f3n. <\/b>El sitio enviar\u00e1 un c\u00f3digo a tu tel\u00e9fono celular, que debes ingresar en la p\u00e1gina para completar el registro.<\/li> <\/ol>    <p>\u00a1Ya est\u00e1! Ahora, si quieres, puedes entrar en tu cuenta para depositar dinero y empezar a apostar en tus eventos deportivos o juegos de casino favoritos.<\/p> <\/section>    <section class=\"wp-block-hc-alternate-group-section\"> <h2 class=\"wp-block-heading\">\u00bfQu\u00e9 bonificaci\u00f3n de bienvenida ofrece Te Apuesto?<\/h2>    <div itemscope=\"\" itemtype=\"https:\/\/schema.org\/ImageObject\" class=\"get-image schema-image-object-content wp-block-image size-large\"><img width=\"1024\" height=\"458\" src=\"https:\/\/lahoradelgambling.com\/pe\/wp-content\/uploads\/sites\/3\/2024\/05\/te-apuesto-review-pe-bonificacion-de-bienvenida-1024x458.webp\" alt=\"Bonificaciones y promociones ofrecidas por Te Apuesto\" class=\"wp-image-12194\" loading=\"lazy\" decoding=\"async\" srcset=\"https:\/\/lahoradelgambling.com\/pe\/wp-content\/uploads\/sites\/3\/2024\/05\/te-apuesto-review-pe-bonificacion-de-bienvenida-1024x458.webp 1024w, https:\/\/lahoradelgambling.com\/pe\/wp-content\/uploads\/sites\/3\/2024\/05\/te-apuesto-review-pe-bonificacion-de-bienvenida-300x134.webp 300w, https:\/\/lahoradelgambling.com\/pe\/wp-content\/uploads\/sites\/3\/2024\/05\/te-apuesto-review-pe-bonificacion-de-bienvenida-150x67.webp 150w, https:\/\/lahoradelgambling.com\/pe\/wp-content\/uploads\/sites\/3\/2024\/05\/te-apuesto-review-pe-bonificacion-de-bienvenida-768x344.webp 768w, https:\/\/lahoradelgambling.com\/pe\/wp-content\/uploads\/sites\/3\/2024\/05\/te-apuesto-review-pe-bonificacion-de-bienvenida-1536x687.webp 1536w, https:\/\/lahoradelgambling.com\/pe\/wp-content\/uploads\/sites\/3\/2024\/05\/te-apuesto-review-pe-bonificacion-de-bienvenida.webp 1900w\" sizes=\"(max-width: 1024px) 100vw, 1024px\" \/><meta itemprop=\"contentUrl\" content=\"https:\/\/lahoradelgambling.com\/pe\/wp-content\/uploads\/sites\/3\/2024\/05\/te-apuesto-review-pe-bonificacion-de-bienvenida-1024x458.webp\"><\/div>    <p>Despu\u00e9s de registrarse en Te Apuesto Per\u00fa, los jugadores pueden recibir un bono de bienvenida con muchos beneficios. El paquete de bienvenida consiste en lo siguiente:<\/p>    <ul> <li><b>Bono del 100% del primer dep\u00f3sito<\/b>. El dep\u00f3sito m\u00ednimo para obtener la bonificaci\u00f3n es de 20 soles. El bono m\u00e1ximo es de 300 soles.<\/li>    <li>Una jugada gratis en Deportes Virtuales (30 soles).<\/li>    <li>Una jugada gratis en K\u00e1bala, Ganagol, Kinelo, Gana Diario o Raspa Ya.<\/li> <\/ul>    <p>Este paquete de bienvenida disponible en 2024 es bastante interesante, ya que combina varios beneficios. Adem\u00e1s del saldo de bono para jugar, obtienes jugadas gratis en las diferentes loter\u00edas de La Tinka.<\/p>    <p>En el momento de crear una cuenta en Te Apuesto y realizar un dep\u00f3sito para obtener el bono, es importante que tengas en cuenta la siguiente informaci\u00f3n:<\/p>    <ul> <li>Una vez completada tu recarga, el monto total se depositar\u00e1 en tu billetera principal, mientras que el Bono del 100% quedar\u00e1 reservado en tu bolsa \u00ab<b>Movimiento de Bono Te Apuesto<\/b>\u00ab. Adem\u00e1s, las jugadas gratis se asignar\u00e1n a tu bolsa \u00ab<b>Movimiento de Bono Loter\u00edas<\/b>\u00ab.&nbsp;<\/li>    <li>Es importante se\u00f1alar que <b>para activar el bono utilizando recargas a trav\u00e9s de Interbank<\/b>, deber\u00e1s completar tu pago y posteriormente <b>aplicar el c\u00f3digo promocional \u00abBienvenida\u00bb <\/b>en la secci\u00f3n \u00abCargar Saldo\u00bb de tu cuenta, asegurando as\u00ed la correcta asignaci\u00f3n de tu beneficio.<\/li>    <li>En el caso de optar por otros m\u00e9todos de dep\u00f3sito, el procedimiento para obtener el bono requiere ingresar el monto deseado y<b> aplicar el c\u00f3digo \u00abBienvenida\u00bb<\/b> antes de finalizar el pago de tu recarga, en la misma secci\u00f3n \u00abCargar Saldo\u00bb.&nbsp;<\/li>    <li>Los beneficios obtenidos, incluyendo el monto del bono y los premios de las jugadas gratuitas, se reservar\u00e1n en la bolsa \u00ab<b>Monto promocional<\/b>\u00ab.&nbsp;<\/li>    <li>El <a href=\"https:\/\/lahoradelgambling.com\/pe\/bono-de-bienvenida\/te-apuesto-bono\/\" target=\"_blank\" rel=\"noreferrer noopener\">bono Te Apuesto<\/a> tiene un requisito de apuesta de 8x. Las apuestas deben&nbsp; incluir un m\u00ednimo de tres (3) eventos, cada uno con una cuota m\u00ednima de 1.80.&nbsp;<\/li>    <li>Es fundamental seleccionar la opci\u00f3n \u00abBONO\u00bb al generar el ticket de apuesta; de lo contrario, el saldo se deducir\u00e1 de tu billetera principal.<\/li> <\/ul> <\/section>    <section class=\"wp-block-hc-alternate-group-section\"> <h2 class=\"wp-block-heading\">Registro m\u00f3vil en Te Apuesto<\/h2>    <div itemscope=\"\" itemtype=\"https:\/\/schema.org\/ImageObject\" class=\"get-image schema-image-object-content wp-block-image size-large\"><img width=\"1024\" height=\"458\" src=\"https:\/\/lahoradelgambling.com\/pe\/wp-content\/uploads\/sites\/3\/2024\/05\/te-apuesto-review-pe-registro-movil-1024x458.webp\" alt=\"Instrucciones para inscribirse a trav\u00e9s de la aplicaci\u00f3n m\u00f3vil Te Apuesto\" class=\"wp-image-12193\" loading=\"lazy\" decoding=\"async\" srcset=\"https:\/\/lahoradelgambling.com\/pe\/wp-content\/uploads\/sites\/3\/2024\/05\/te-apuesto-review-pe-registro-movil-1024x458.webp 1024w, https:\/\/lahoradelgambling.com\/pe\/wp-content\/uploads\/sites\/3\/2024\/05\/te-apuesto-review-pe-registro-movil-300x134.webp 300w, https:\/\/lahoradelgambling.com\/pe\/wp-content\/uploads\/sites\/3\/2024\/05\/te-apuesto-review-pe-registro-movil-150x67.webp 150w, https:\/\/lahoradelgambling.com\/pe\/wp-content\/uploads\/sites\/3\/2024\/05\/te-apuesto-review-pe-registro-movil-768x344.webp 768w, https:\/\/lahoradelgambling.com\/pe\/wp-content\/uploads\/sites\/3\/2024\/05\/te-apuesto-review-pe-registro-movil-1536x687.webp 1536w, https:\/\/lahoradelgambling.com\/pe\/wp-content\/uploads\/sites\/3\/2024\/05\/te-apuesto-review-pe-registro-movil.webp 1900w\" sizes=\"(max-width: 1024px) 100vw, 1024px\" \/><meta itemprop=\"contentUrl\" content=\"https:\/\/lahoradelgambling.com\/pe\/wp-content\/uploads\/sites\/3\/2024\/05\/te-apuesto-review-pe-registro-movil-1024x458.webp\"><\/div>    <p>Aunque no hay una <a href=\"https:\/\/lahoradelgambling.com\/pe\/casas-de-apuestas\/aplicaciones\/te-apuesto-app\/\" target=\"_blank\" rel=\"noreferrer noopener\">app Te Apuesto<\/a> propiamente dicha, puedes ingresar f\u00e1cilmente al sitio m\u00f3vil a trav\u00e9s del navegador de tu dispositivo. El proceso de registro desde un tel\u00e9fono celular es muy similar al que tienes que seguir para abrir una cuenta desde una PC:<\/p>    <ol> <li><b>Visita el sitio web m\u00f3vil de Te Apuesto<\/b>: mobile.teapuesto.pe<\/li>    <li><b>Presiona el bot\u00f3n \u201cRegistrar\u201d<\/b>, que est\u00e1 arriba a la derecha.<\/li>    <li><b>Completa el formulario<\/b> con tus datos.<\/li>    <li><b>Ingresa el c\u00f3digo de verificaci\u00f3n<\/b> que se enviar\u00e1 a tu tel\u00e9fono.<\/li> <\/ol> <\/section>    <section class=\"wp-block-hc-alternate-group-section\"> <h2 class=\"wp-block-heading\">\u00bfC\u00f3mo iniciar sesi\u00f3n en Te Apuesto?<\/h2>    <div itemscope=\"\" itemtype=\"https:\/\/schema.org\/ImageObject\" class=\"get-image schema-image-object-content wp-block-image size-large\"><img width=\"1024\" height=\"458\" src=\"https:\/\/lahoradelgambling.com\/pe\/wp-content\/uploads\/sites\/3\/2024\/05\/te-apuesto-review-pe-como-iniciar-sesion-1024x458.webp\" alt=\"Instrucciones para acceder a su cuenta Te Apuesto\" class=\"wp-image-12192\" loading=\"lazy\" decoding=\"async\" srcset=\"https:\/\/lahoradelgambling.com\/pe\/wp-content\/uploads\/sites\/3\/2024\/05\/te-apuesto-review-pe-como-iniciar-sesion-1024x458.webp 1024w, https:\/\/lahoradelgambling.com\/pe\/wp-content\/uploads\/sites\/3\/2024\/05\/te-apuesto-review-pe-como-iniciar-sesion-300x134.webp 300w, https:\/\/lahoradelgambling.com\/pe\/wp-content\/uploads\/sites\/3\/2024\/05\/te-apuesto-review-pe-como-iniciar-sesion-150x67.webp 150w, https:\/\/lahoradelgambling.com\/pe\/wp-content\/uploads\/sites\/3\/2024\/05\/te-apuesto-review-pe-como-iniciar-sesion-768x344.webp 768w, https:\/\/lahoradelgambling.com\/pe\/wp-content\/uploads\/sites\/3\/2024\/05\/te-apuesto-review-pe-como-iniciar-sesion-1536x687.webp 1536w, https:\/\/lahoradelgambling.com\/pe\/wp-content\/uploads\/sites\/3\/2024\/05\/te-apuesto-review-pe-como-iniciar-sesion.webp 1900w\" sizes=\"(max-width: 1024px) 100vw, 1024px\" \/><meta itemprop=\"contentUrl\" content=\"https:\/\/lahoradelgambling.com\/pe\/wp-content\/uploads\/sites\/3\/2024\/05\/te-apuesto-review-pe-como-iniciar-sesion-1024x458.webp\"><\/div>    <p>Cuando ya tienes tu cuenta abierta, iniciar sesi\u00f3n en la pc o en el celular es muy sencillo. Estos son los pasos a seguir:<\/p>    <ol> <li>Ingresa al sitio de Te Apuesto.<\/li>    <li>Presiona el bot\u00f3n \u201cIniciar Sesi\u00f3n\u201d.<\/li>    <li>Ingresa tu n\u00famero de documento de identidad.<\/li>    <li>Ingresa tu contrase\u00f1a.<\/li>    <li>Presiona el bot\u00f3n \u201cIngresar\u201d<\/li> <\/ol>    <p>Ahora, ya puedes recargar saldo, colocar apuestas en cualquier juego o solicitar retiros de dinero desde tu cuenta en Te Apuesto.<\/p> <\/section>    <section class=\"wp-block-hc-alternate-group-section\"> <h2 class=\"wp-block-heading\">T\u00e9rminos y Condiciones<\/h2>    <div itemscope=\"\" itemtype=\"https:\/\/schema.org\/ImageObject\" class=\"get-image schema-image-object-content wp-block-image size-large\"><img width=\"1024\" height=\"458\" src=\"https:\/\/lahoradelgambling.com\/pe\/wp-content\/uploads\/sites\/3\/2024\/05\/te-apuesto-review-pe-terminos-y-condiciones-1024x458.webp\" alt=\"\u00bfCu\u00e1les son las condiciones que ofrece el sitio web de Te Apuesto?\" class=\"wp-image-12191\" loading=\"lazy\" decoding=\"async\" srcset=\"https:\/\/lahoradelgambling.com\/pe\/wp-content\/uploads\/sites\/3\/2024\/05\/te-apuesto-review-pe-terminos-y-condiciones-1024x458.webp 1024w, https:\/\/lahoradelgambling.com\/pe\/wp-content\/uploads\/sites\/3\/2024\/05\/te-apuesto-review-pe-terminos-y-condiciones-300x134.webp 300w, https:\/\/lahoradelgambling.com\/pe\/wp-content\/uploads\/sites\/3\/2024\/05\/te-apuesto-review-pe-terminos-y-condiciones-150x67.webp 150w, https:\/\/lahoradelgambling.com\/pe\/wp-content\/uploads\/sites\/3\/2024\/05\/te-apuesto-review-pe-terminos-y-condiciones-768x344.webp 768w, https:\/\/lahoradelgambling.com\/pe\/wp-content\/uploads\/sites\/3\/2024\/05\/te-apuesto-review-pe-terminos-y-condiciones-1536x687.webp 1536w, https:\/\/lahoradelgambling.com\/pe\/wp-content\/uploads\/sites\/3\/2024\/05\/te-apuesto-review-pe-terminos-y-condiciones.webp 1900w\" sizes=\"(max-width: 1024px) 100vw, 1024px\" \/><meta itemprop=\"contentUrl\" content=\"https:\/\/lahoradelgambling.com\/pe\/wp-content\/uploads\/sites\/3\/2024\/05\/te-apuesto-review-pe-terminos-y-condiciones-1024x458.webp\"><\/div>    <p>Hay algunos t\u00e9rminos y condiciones que se est\u00e1n relacionados espec\u00edficamente con el registro en Te Apuesto:<\/p>    <ul> <li><b>Solo se pueden registrar personas mayores de 18 a\u00f1os<\/b> residentes en Per\u00fa.<\/li>    <li>Los datos personales ingresados deben ser correctos y verdaderos.<\/li>    <li>Si ya has creado una cuenta en La Tinka a trav\u00e9s de Tinkanet o Programa Te Apuesto, solo tienes que verificarla para jugar en la plataforma virtual de Te Apuesto.<\/li>    <li><b>La cuenta de usuario es \u00fanica para todas las plataformas<\/b> de La Tinka, independientemente de en cu\u00e1l haya sido creada.<\/li>    <li><b>Solo se permite una cuenta por persona,<\/b> documento de identidad, correo electr\u00f3nico o n\u00famero de celular.<\/li> <\/ul> <\/section>    <section class=\"wp-block-hc-alternate-group-section\"> <h2 class=\"wp-block-heading\">M\u00e9todos de Pago<\/h2>    <div itemscope=\"\" itemtype=\"https:\/\/schema.org\/ImageObject\" class=\"get-image schema-image-object-content wp-block-image size-large\"><img width=\"1024\" height=\"458\" src=\"https:\/\/lahoradelgambling.com\/pe\/wp-content\/uploads\/sites\/3\/2024\/05\/te-apuesto-review-pe-pago-1024x458.webp\" alt=\"\u00bfQu\u00e9 formas de pago ofrece Te Apuesto?\" class=\"wp-image-12190\" loading=\"lazy\" decoding=\"async\" srcset=\"https:\/\/lahoradelgambling.com\/pe\/wp-content\/uploads\/sites\/3\/2024\/05\/te-apuesto-review-pe-pago-1024x458.webp 1024w, https:\/\/lahoradelgambling.com\/pe\/wp-content\/uploads\/sites\/3\/2024\/05\/te-apuesto-review-pe-pago-300x134.webp 300w, https:\/\/lahoradelgambling.com\/pe\/wp-content\/uploads\/sites\/3\/2024\/05\/te-apuesto-review-pe-pago-150x67.webp 150w, https:\/\/lahoradelgambling.com\/pe\/wp-content\/uploads\/sites\/3\/2024\/05\/te-apuesto-review-pe-pago-768x344.webp 768w, https:\/\/lahoradelgambling.com\/pe\/wp-content\/uploads\/sites\/3\/2024\/05\/te-apuesto-review-pe-pago-1536x687.webp 1536w, https:\/\/lahoradelgambling.com\/pe\/wp-content\/uploads\/sites\/3\/2024\/05\/te-apuesto-review-pe-pago.webp 1900w\" sizes=\"(max-width: 1024px) 100vw, 1024px\" \/><meta itemprop=\"contentUrl\" content=\"https:\/\/lahoradelgambling.com\/pe\/wp-content\/uploads\/sites\/3\/2024\/05\/te-apuesto-review-pe-pago-1024x458.webp\"><\/div>    <p>En Te Apuesto puedes depositar o retirar dinero con diferentes m\u00e9todos, que incluyen tarjetas de cr\u00e9dito, transferencias bancarias y sistemas locales como LotoCard o Pago Efectivo.<\/p>    <div class=\"wp-block-table\"><table class=\"has-fixed-layout\"><thead><tr><th>M\u00e9todo de Pago<\/th><th>Dep\u00f3sito M\u00ednimo y M\u00e1ximo (S\/)<\/th><\/tr><\/thead><tbody><tr><td>Visa y MasterCard<\/td><td>30 &#8211; 1000<\/td><\/tr><tr><td>Agora<\/td><td>5 &#8211; 300<\/td><\/tr><tr><td>Interbank<\/td><td>10 &#8211; 10,000<\/td><\/tr><tr><td>BCP<\/td><td>30 &#8211; 10,000<\/td><\/tr><tr><td>PagoEfectivo<\/td><td>40 &#8211; 600<\/td><\/tr><tr><td>SafetyPay<\/td><td>40 &#8211; 600<\/td><\/tr><tr><td>LOTOCARD<\/td><td>Compra de tarjeta: 10, 20, 50, 100<\/td><\/tr><\/tbody><\/table><\/div>    <p>Puedes elegir el m\u00e9todo de pago que mejor se adapte a tus necesidades, en todos los casos el dinero se acreditar\u00e1 casi inmediatamente en tu cuenta, sin comisiones por dep\u00f3sito.<\/p> <\/section>    <section class=\"wp-block-hc-alternate-group-section\"> <h2 class=\"wp-block-heading\">Soporte al Cliente en Te Apuesto<\/h2>    <div itemscope=\"\" itemtype=\"https:\/\/schema.org\/ImageObject\" class=\"get-image schema-image-object-content wp-block-image size-large\"><img width=\"1024\" height=\"458\" src=\"https:\/\/lahoradelgambling.com\/pe\/wp-content\/uploads\/sites\/3\/2024\/05\/te-apuesto-review-pe-soporte-1024x458.webp\" alt=\"\u00bfC\u00f3mo funciona la asistencia t\u00e9cnica para los clientes de Te Apuesto?\" class=\"wp-image-12188\" loading=\"lazy\" decoding=\"async\" srcset=\"https:\/\/lahoradelgambling.com\/pe\/wp-content\/uploads\/sites\/3\/2024\/05\/te-apuesto-review-pe-soporte-1024x458.webp 1024w, https:\/\/lahoradelgambling.com\/pe\/wp-content\/uploads\/sites\/3\/2024\/05\/te-apuesto-review-pe-soporte-300x134.webp 300w, https:\/\/lahoradelgambling.com\/pe\/wp-content\/uploads\/sites\/3\/2024\/05\/te-apuesto-review-pe-soporte-150x67.webp 150w, https:\/\/lahoradelgambling.com\/pe\/wp-content\/uploads\/sites\/3\/2024\/05\/te-apuesto-review-pe-soporte-768x344.webp 768w, https:\/\/lahoradelgambling.com\/pe\/wp-content\/uploads\/sites\/3\/2024\/05\/te-apuesto-review-pe-soporte-1536x687.webp 1536w, https:\/\/lahoradelgambling.com\/pe\/wp-content\/uploads\/sites\/3\/2024\/05\/te-apuesto-review-pe-soporte.webp 1900w\" sizes=\"(max-width: 1024px) 100vw, 1024px\" \/><meta itemprop=\"contentUrl\" content=\"https:\/\/lahoradelgambling.com\/pe\/wp-content\/uploads\/sites\/3\/2024\/05\/te-apuesto-review-pe-soporte-1024x458.webp\"><\/div>    <p>Si tienes alg\u00fan inconveniente con el registro, por ejemplo, si no te llega el c\u00f3digo de verificaci\u00f3n, puedes comunicarte con el equipo de soporte mediante los siguientes canales:<\/p>    <ul> <li><b>L\u00ednea telef\u00f3nica. <\/b>Puedes llamar al <b>513 5502 opci\u00f3n 2<\/b>, de lunes a domingo de 8:00 a.m. a 10:00 p.m.<\/li>    <li><b>Formulario de contacto<\/b>. Por quejas o sugerencias, puedes completar el formulario que aparece en esta p\u00e1gina: <a href=\"https:\/\/www.latinka.com.pe\/p\/libro-reclamaciones.html\" target=\"_blank\" rel=\"noreferrer noopener nofollow\">https:\/\/www.latinka.com.pe\/p\/libro-reclamaciones.html<\/a>&nbsp;<\/li> <\/ul> <\/section>","protected":false},"excerpt":{"rendered":"","protected":false},"author":126,"featured_media":12195,"parent":10677,"menu_order":15,"comment_status":"closed","ping_status":"closed","template":"","meta":{"_acf_changed":false,"footnotes":""},"page_categories":[],"acf":[],"yoast_head":"<!-- This site is optimized with the Yoast SEO plugin v24.5 - https:\/\/yoast.com\/wordpress\/plugins\/seo\/ -->\n<title>Registrarse en Te Apuesto: c\u00f3mo crear una cuenta desde Per\u00fa<\/title>\n<meta name=\"description\" content=\"Descubre c\u00f3mo crear una cuenta en Te Apuesto y conseguir un bono de bienvenida de hasta 300 soles. \u00a1No dejes pasar esta oportunidad!\" \/>\n<meta name=\"robots\" content=\"index, follow, max-snippet:-1, max-image-preview:large, max-video-preview:-1\" \/>\n<meta property=\"og:locale\" content=\"es_ES\" \/>\n<meta property=\"og:type\" content=\"article\" \/>\n<meta property=\"og:title\" content=\"Registrarse en Te Apuesto: c\u00f3mo crear una cuenta desde Per\u00fa\" \/>\n<meta property=\"og:description\" content=\"Descubre c\u00f3mo crear una cuenta en Te Apuesto y conseguir un bono de bienvenida de hasta 300 soles. \u00a1No dejes pasar esta oportunidad!\" \/>\n<meta property=\"og:url\" content=\"https:\/\/lahoradelgambling.com\/pe\/casas-de-apuestas\/te-apuesto\/te-apuesto-registrarse\/\" \/>\n<meta property=\"og:site_name\" content=\"lahoradelgambling PE\" \/>\n<meta property=\"article:modified_time\" content=\"2024-06-23T12:30:43+00:00\" \/>\n<meta property=\"og:image\" content=\"https:\/\/lahoradelgambling.com\/pe\/wp-content\/uploads\/sites\/3\/2024\/05\/te-apuesto-review-pe-como-registrarse.webp\" \/>\n\t<meta property=\"og:image:width\" content=\"1900\" \/>\n\t<meta property=\"og:image:height\" content=\"850\" \/>\n\t<meta property=\"og:image:type\" content=\"image\/webp\" \/>\n<meta name=\"twitter:card\" content=\"summary_large_image\" \/>\n<meta name=\"twitter:label1\" content=\"Est. reading time\" \/>\n\t<meta name=\"twitter:data1\" content=\"6 minutos\" \/>\n<!-- \/ Yoast SEO plugin. -->","yoast_head_json":{"title":"Registrarse en Te Apuesto: c\u00f3mo crear una cuenta desde Per\u00fa","description":"Descubre c\u00f3mo crear una cuenta en Te Apuesto y conseguir un bono de bienvenida de hasta 300 soles. \u00a1No dejes pasar esta oportunidad!","robots":{"index":"index","follow":"follow","max-snippet":"max-snippet:-1","max-image-preview":"max-image-preview:large","max-video-preview":"max-video-preview:-1"},"og_locale":"es_ES","og_type":"article","og_title":"Registrarse en Te Apuesto: c\u00f3mo crear una cuenta desde Per\u00fa","og_description":"Descubre c\u00f3mo crear una cuenta en Te Apuesto y conseguir un bono de bienvenida de hasta 300 soles. \u00a1No dejes pasar esta oportunidad!","og_url":"https:\/\/lahoradelgambling.com\/pe\/casas-de-apuestas\/te-apuesto\/te-apuesto-registrarse\/","og_site_name":"lahoradelgambling PE","article_modified_time":"2024-06-23T12:30:43+00:00","og_image":[{"width":1900,"height":850,"url":"https:\/\/lahoradelgambling.com\/pe\/wp-content\/uploads\/sites\/3\/2024\/05\/te-apuesto-review-pe-como-registrarse.webp","type":"image\/webp"}],"twitter_card":"summary_large_image","twitter_misc":{"Est. reading time":"6 minutos"},"schema":{"@context":"https:\/\/schema.org","@graph":[{"@type":"WebPage","@id":"https:\/\/lahoradelgambling.com\/pe\/casas-de-apuestas\/te-apuesto\/te-apuesto-registrarse\/","url":"https:\/\/lahoradelgambling.com\/pe\/casas-de-apuestas\/te-apuesto\/te-apuesto-registrarse\/","name":"Registrarse en Te Apuesto: c\u00f3mo crear una cuenta desde Per\u00fa","isPartOf":{"@id":"https:\/\/lahoradelgambling.com\/pe\/#website"},"primaryImageOfPage":{"@id":"https:\/\/lahoradelgambling.com\/pe\/casas-de-apuestas\/te-apuesto\/te-apuesto-registrarse\/#primaryimage"},"image":{"@id":"https:\/\/lahoradelgambling.com\/pe\/casas-de-apuestas\/te-apuesto\/te-apuesto-registrarse\/#primaryimage"},"thumbnailUrl":"https:\/\/lahoradelgambling.com\/pe\/wp-content\/uploads\/sites\/3\/2024\/05\/te-apuesto-review-pe-como-registrarse.webp","datePublished":"2024-05-08T09:19:21+00:00","dateModified":"2024-06-23T12:30:43+00:00","description":"Descubre c\u00f3mo crear una cuenta en Te Apuesto y conseguir un bono de bienvenida de hasta 300 soles. \u00a1No dejes pasar esta oportunidad!","breadcrumb":{"@id":"https:\/\/lahoradelgambling.com\/pe\/casas-de-apuestas\/te-apuesto\/te-apuesto-registrarse\/#breadcrumb"},"inLanguage":"es","potentialAction":[{"@type":"ReadAction","target":["https:\/\/lahoradelgambling.com\/pe\/casas-de-apuestas\/te-apuesto\/te-apuesto-registrarse\/"]}]},{"@type":"ImageObject","inLanguage":"es","@id":"https:\/\/lahoradelgambling.com\/pe\/casas-de-apuestas\/te-apuesto\/te-apuesto-registrarse\/#primaryimage","url":"https:\/\/lahoradelgambling.com\/pe\/wp-content\/uploads\/sites\/3\/2024\/05\/te-apuesto-review-pe-como-registrarse.webp","contentUrl":"https:\/\/lahoradelgambling.com\/pe\/wp-content\/uploads\/sites\/3\/2024\/05\/te-apuesto-review-pe-como-registrarse.webp","width":1900,"height":850,"caption":"Instrucciones para registrarse en la plataforma Te Apuesto"},{"@type":"BreadcrumbList","@id":"https:\/\/lahoradelgambling.com\/pe\/casas-de-apuestas\/te-apuesto\/te-apuesto-registrarse\/#breadcrumb","itemListElement":[{"@type":"ListItem","position":1,"name":"Lahoradelgambling","item":"https:\/\/lahoradelgambling.com\/pe\/"},{"@type":"ListItem","position":2,"name":"Casas de Apuestas en Per\u00fa","item":"https:\/\/lahoradelgambling.com\/pe\/casas-de-apuestas\/"},{"@type":"ListItem","position":3,"name":"Te Apuesto","item":"https:\/\/lahoradelgambling.com\/pe\/casas-de-apuestas\/te-apuesto\/"},{"@type":"ListItem","position":4,"name":"Te Apuesto Registrarse"}]},{"@type":"WebSite","@id":"https:\/\/lahoradelgambling.com\/pe\/#website","url":"https:\/\/lahoradelgambling.com\/pe\/","name":"lahoradelgambling PE","description":"","publisher":{"@id":"https:\/\/lahoradelgambling.com\/pe\/#organization"},"potentialAction":[{"@type":"SearchAction","target":{"@type":"EntryPoint","urlTemplate":"https:\/\/lahoradelgambling.com\/pe\/?s={search_term_string}"},"query-input":{"@type":"PropertyValueSpecification","valueRequired":true,"valueName":"search_term_string"}}],"inLanguage":"es"},{"@type":"Organization","@id":"https:\/\/lahoradelgambling.com\/pe\/#organization","name":"lahoradelgambling PE","url":"https:\/\/lahoradelgambling.com\/pe\/","logo":{"@type":"ImageObject","inLanguage":"es","@id":"https:\/\/lahoradelgambling.com\/pe\/#\/schema\/logo\/image\/","url":"https:\/\/lahoradelgambling.com\/pe\/wp-content\/uploads\/sites\/3\/2023\/11\/logo_pe.svg","contentUrl":"https:\/\/lahoradelgambling.com\/pe\/wp-content\/uploads\/sites\/3\/2023\/11\/logo_pe.svg","caption":"lahoradelgambling PE"},"image":{"@id":"https:\/\/lahoradelgambling.com\/pe\/#\/schema\/logo\/image\/"}}]}},"_links":{"self":[{"href":"https:\/\/lahoradelgambling.com\/pe\/wp-json\/wp\/v2\/pages\/12176"}],"collection":[{"href":"https:\/\/lahoradelgambling.com\/pe\/wp-json\/wp\/v2\/pages"}],"about":[{"href":"https:\/\/lahoradelgambling.com\/pe\/wp-json\/wp\/v2\/types\/page"}],"author":[{"embeddable":true,"href":"https:\/\/lahoradelgambling.com\/pe\/wp-json\/wp\/v2\/users\/126"}],"replies":[{"embeddable":true,"href":"https:\/\/lahoradelgambling.com\/pe\/wp-json\/wp\/v2\/comments?post=12176"}],"version-history":[{"count":4,"href":"https:\/\/lahoradelgambling.com\/pe\/wp-json\/wp\/v2\/pages\/12176\/revisions"}],"predecessor-version":[{"id":12321,"href":"https:\/\/lahoradelgambling.com\/pe\/wp-json\/wp\/v2\/pages\/12176\/revisions\/12321"}],"up":[{"embeddable":true,"href":"https:\/\/lahoradelgambling.com\/pe\/wp-json\/wp\/v2\/pages\/10677"}],"wp:featuredmedia":[{"embeddable":true,"href":"https:\/\/lahoradelgambling.com\/pe\/wp-json\/wp\/v2\/media\/12195"}],"wp:attachment":[{"href":"https:\/\/lahoradelgambling.com\/pe\/wp-json\/wp\/v2\/media?parent=12176"}],"wp:term":[{"taxonomy":"page_categories","embeddable":true,"href":"https:\/\/lahoradelgambling.com\/pe\/wp-json\/wp\/v2\/page_categories?post=12176"}],"curies":[{"name":"wp","href":"https:\/\/api.w.org\/{rel}","templated":true}]}}