{"id":12038,"date":"2024-04-23T15:16:57","date_gmt":"2024-04-23T12:16:57","guid":{"rendered":"https:\/\/lahoradelgambling.com\/pe\/?page_id=12038"},"modified":"2024-06-23T15:47:10","modified_gmt":"2024-06-23T12:47:10","slug":"como-apostar-en-betsson","status":"publish","type":"page","link":"https:\/\/lahoradelgambling.com\/pe\/casas-de-apuestas\/betsson\/como-apostar-en-betsson\/","title":{"rendered":"C\u00f3mo apostar en Betsson"},"content":{"rendered":"<section class=\"wp-block-hc-alternate-group-section\"> <h2 class=\"wp-block-heading\">\u00bfC\u00f3mo apostar en Betsson?<\/h2>    <div itemscope=\"\" itemtype=\"https:\/\/schema.org\/ImageObject\" class=\"get-image schema-image-object-content wp-block-image size-large\"><img width=\"1024\" height=\"458\" src=\"https:\/\/lahoradelgambling.com\/pe\/wp-content\/uploads\/sites\/3\/2024\/04\/betsson-review-pe-como-apostar-1024x458.webp\" alt=\"Rese\u00f1a sobre la plataforma de apuestas deportivas Betsson en Per\u00fa\" class=\"wp-image-12047\" loading=\"lazy\" decoding=\"async\" srcset=\"https:\/\/lahoradelgambling.com\/pe\/wp-content\/uploads\/sites\/3\/2024\/04\/betsson-review-pe-como-apostar-1024x458.webp 1024w, https:\/\/lahoradelgambling.com\/pe\/wp-content\/uploads\/sites\/3\/2024\/04\/betsson-review-pe-como-apostar-300x134.webp 300w, https:\/\/lahoradelgambling.com\/pe\/wp-content\/uploads\/sites\/3\/2024\/04\/betsson-review-pe-como-apostar-150x67.webp 150w, https:\/\/lahoradelgambling.com\/pe\/wp-content\/uploads\/sites\/3\/2024\/04\/betsson-review-pe-como-apostar-768x344.webp 768w, https:\/\/lahoradelgambling.com\/pe\/wp-content\/uploads\/sites\/3\/2024\/04\/betsson-review-pe-como-apostar-1536x687.webp 1536w, https:\/\/lahoradelgambling.com\/pe\/wp-content\/uploads\/sites\/3\/2024\/04\/betsson-review-pe-como-apostar.webp 1900w\" sizes=\"(max-width: 1024px) 100vw, 1024px\" \/><meta itemprop=\"contentUrl\" content=\"https:\/\/lahoradelgambling.com\/pe\/wp-content\/uploads\/sites\/3\/2024\/04\/betsson-review-pe-como-apostar-1024x458.webp\"><\/div>    <p>Betsson es una casa de apuestas internacional con m\u00e1s de 50 a\u00f1os de presencia en la industria de las apuestas y juegos de azar. <b>Funciona legalmente en Per\u00fa bajo la licencia MGA\/CRP\/108\/2004, emitida por la Autoridad de Juegos de Malta. <\/b>Ofrece m\u00e1s de 30 disciplinas deportivas, adem\u00e1s de eSports y deportes virtuales, con recursos como transmisiones en vivo, creador de apuestas y cash out. <b>Ahora bien, \u00bfc\u00f3mo apostar en <a href=\"https:\/\/lahoradelgambling.com\/pe\/casas-de-apuestas\/betsson\/\">Betsson Per\u00fa<\/a>? Comienza creando una cuenta:<\/b><\/p>    <ol> <li><b>Reg\u00edstrate: <\/b>Ingresa en el sitio oficial betsson.com\/pe y haz clic en \u201cAbrir cuenta\u201d. Escribe tu nombre, apellido, correo electr\u00f3nico y contrase\u00f1a. Luego indica tu direcci\u00f3n de residencia y, por \u00faltimo, tu n\u00famero telef\u00f3nico. Recuerda leer los t\u00e9rminos y condiciones de la casa.<\/li>    <li><b>Verifica tu cuenta: <\/b>Entra en Mi Cuenta &#8211; Configuraci\u00f3n de la cuenta &#8211; Verificaci\u00f3n. Haz clic en \u201cMis documentos\u201d para desplegar las opciones y selecciona \u201cSubir documentos\u201d. Sigue las indicaciones y carga una foto n\u00edtida de tu documento de identidad.&nbsp;<\/li>    <li><b>Realiza un dep\u00f3sito: <\/b>Pulsa \u201cDepositar\u201d, arriba a la derecha, selecciona un m\u00e9todo de pago y completa el formulario con los datos solicitados. En este punto puedes activar el bono de bienvenida para deportes y comenzar tu experiencia de apuestas con una freebet de S\/ 50.<\/li> <\/ol>    <p><b>\u00a1Ya est\u00e1s listo para comenzar a <\/b><b>apostar en Betsson<\/b><b>!<\/b> El siguiente paso es colocar tu primera apuesta, y ayuda mucho que el Sportbook tenga una interfaz tan f\u00e1cil de usar.<b> Incluso si es tu primera vez apostando, notar\u00e1s que es muy sencillo:<\/b><\/p>    <ol> <li><b>Selecciona la modalidad: <\/b>Despliega el men\u00fa izquierdo y selecciona \u201cApuestas deportivas\u201d para hacer apuestas anticipadas, o \u201cApuestas en vivo\u201d para acceder a los partidos que se est\u00e1n llevando a cabo.<\/li>    <li><b>Elige el mercado: <\/b>Selecciona el deporte en la lista \u201cA &#8211; Z\u201d o usa el carrusel de accesos directos. Ubica el evento de tu inter\u00e9s deslizando la lista o usando el buscador. Ingresa y elige tu pron\u00f3stico deportivo. Podr\u00e1s usar la funci\u00f3n \u201ccreador de apuesta\u201d en las apuestas anticipadas para combinar m\u00e1s de un mercado del mismo evento.<\/li>    <li><b>Configura el boleto: <\/b>Abre el cup\u00f3n y verifica tus selecciones. Puedes escoger mercados de diferentes eventos para crear una apuesta combinada o de sistema. Indica si aceptas los cambios de cuotas, ingresa el monto y presiona \u201cApostar\u201d. \u00a1As\u00ed de r\u00e1pido!<\/li> <\/ol> <\/section>    <section class=\"wp-block-hc-alternate-group-section\"> <h2 class=\"wp-block-heading\">Bono principal de Betsson<\/h2>    <div itemscope=\"\" itemtype=\"https:\/\/schema.org\/ImageObject\" class=\"get-image schema-image-object-content wp-block-image size-large\"><img width=\"1024\" height=\"458\" src=\"https:\/\/lahoradelgambling.com\/pe\/wp-content\/uploads\/sites\/3\/2024\/04\/betsson-review-pe-bono-principal-1024x458.webp\" alt=\"\u00bfQu\u00e9 promociones y bonos de apuestas ofrece Betsson?\" class=\"wp-image-12048\" loading=\"lazy\" decoding=\"async\" srcset=\"https:\/\/lahoradelgambling.com\/pe\/wp-content\/uploads\/sites\/3\/2024\/04\/betsson-review-pe-bono-principal-1024x458.webp 1024w, https:\/\/lahoradelgambling.com\/pe\/wp-content\/uploads\/sites\/3\/2024\/04\/betsson-review-pe-bono-principal-300x134.webp 300w, https:\/\/lahoradelgambling.com\/pe\/wp-content\/uploads\/sites\/3\/2024\/04\/betsson-review-pe-bono-principal-150x67.webp 150w, https:\/\/lahoradelgambling.com\/pe\/wp-content\/uploads\/sites\/3\/2024\/04\/betsson-review-pe-bono-principal-768x344.webp 768w, https:\/\/lahoradelgambling.com\/pe\/wp-content\/uploads\/sites\/3\/2024\/04\/betsson-review-pe-bono-principal-1536x687.webp 1536w, https:\/\/lahoradelgambling.com\/pe\/wp-content\/uploads\/sites\/3\/2024\/04\/betsson-review-pe-bono-principal.webp 1900w\" sizes=\"(max-width: 1024px) 100vw, 1024px\" \/><meta itemprop=\"contentUrl\" content=\"https:\/\/lahoradelgambling.com\/pe\/wp-content\/uploads\/sites\/3\/2024\/04\/betsson-review-pe-bono-principal-1024x458.webp\"><\/div>    <p>Una excelente forma de<b> aprender c\u00f3mo apostar en Betsson Per\u00fa<\/b> es usando el bono de bienvenida para deportes, con el que<b> obtienes una apuesta gratis de S\/ 50 al hacer tu primer dep\u00f3sito.<\/b> Es la oportunidad perfecta para ganar dinero adicional que se sume a tu balance real. La promoci\u00f3n se rige, entre otras, por las siguientes condiciones:<\/p>    <ul> <li>El cliente tiene hasta 30 d\u00edas despu\u00e9s del registro para reclamar la apuesta gratis.<\/li>    <li>Se debe realizar un <b>dep\u00f3sito m\u00ednimo de S\/ 50.<\/b><\/li>    <li>Los m\u00e9todos de pago v\u00e1lidos para activar esta promoci\u00f3n son <b>Visa, Mastercard, Pago Efectivo y Pago Directo.<\/b><\/li>    <li>La apuesta debe usarse en un solo cup\u00f3n.<\/li>    <li>Si el cliente gana la apuesta gratis, las ganancias netas (sin el importe de la apuesta) se acreditan como dinero de bono.<\/li>    <li><b>El requisito de apuesta para liberar el bono es de 3 veces<\/b> las ganancias netas en apuestas con cuotas de 1.50 o m\u00e1s. Pueden realizarse en varios cupones.<\/li>    <li>Las apuestas deben resolverse en <b>un plazo de 7 d\u00edas.<\/b><\/li>    <li>El dinero de bono restante luego de completar el rollover se agrega al saldo real de la cuenta.&nbsp;<\/li>    <li><b>Es necesario apostar al menos una vez el importe del primer dep\u00f3sito<\/b> antes de solicitar un retiro.&nbsp;<\/li>    <li>Cualquier solicitud de retiro antes de completar el rollover anular\u00e1 el bono y las ganancias acumuladas.<\/li> <\/ul>    <p>\u00a1Pero esto no es todo! <b>El <\/b><a href=\"https:\/\/lahoradelgambling.com\/pe\/bono-de-bienvenida\/betsson-bono\/\" target=\"_blank\" rel=\"noreferrer noopener\"><b>bono de bienvenida Betsson<\/b><\/a><b> tambi\u00e9n te regala hasta 210 jugadas gratis en tragamonedas del casino.<\/b> Recibir\u00e1s 10 jugadas gratis en Gates of Xibalba de manera autom\u00e1tica despu\u00e9s de hacer el primer dep\u00f3sito. Adicionalmente, recibir\u00e1s de 10 a 200 jugadas m\u00e1s en Gates of Xibalba y Lucky Lady Charm Deluxe dependiendo del importe de tu dep\u00f3sito:<\/p>    <div class=\"wp-block-table\"><table class=\"has-fixed-layout\"><thead><tr><th>Monto del dep\u00f3sito (PEN)<\/th><th>Jugadas gratis<\/th><\/tr><\/thead><tbody><tr><td>40 \u2013 99<\/td><td>10<\/td><\/tr><tr><td>100 \u2013 199<\/td><td>30<\/td><\/tr><tr><td>200 \u2013 499<\/td><td>50<\/td><\/tr><tr><td>500 \u2013 999<\/td><td>100<\/td><\/tr><tr><td>1,000 o m\u00e1s<\/td><td>200<\/td><\/tr><\/tbody><\/table><\/div>    <ul> <li><b>Las jugadas gratis tienen el valor m\u00ednimo <\/b>establecido por cada juego. Las jugadas adicionales estar\u00e1n disponibles en la primera tragamonedas que abras.<\/li>    <li>Las ganancias obtenidas con las jugadas gratis tienen un<b> rollover de 25 veces y un plazo de 3 d\u00edas<\/b> para completarlo.<\/li>    <li>Es posible que debas cerrar la sesi\u00f3n y volver a abrirla para que aparezcan las jugadas gratis.<\/li> <\/ul>    <section class=\"wp-block-hc-alternate-group-section\"> <h3 class=\"wp-block-heading\">\u00bfC\u00f3mo obtener el bono de bienvenida?<\/h3>    <p>Te preguntar\u00e1s: \u00bfC\u00f3mo conseguir el bono para apostar en Betsson? Es muy simple:<\/p>    <ol> <li><b>Reg\u00edstrate y verifica tu cuenta: <\/b>Completa el formulario de registro y completa el proceso de verificaci\u00f3n en la configuraci\u00f3n de tu cuenta. Esto es muy importante, en especial al momento de solicitar tu primer retiro.<\/li>    <li><b>Haz tu dep\u00f3sito: <\/b>Dir\u00edgete a la secci\u00f3n \u201cPromociones\u201d y selecciona la apuesta gratis. Abre la ventana de dep\u00f3sitos y elige un m\u00e9todo v\u00e1lido para la promoci\u00f3n. Deposita S\/ 50 o m\u00e1s y completa los datos para finalizar la operaci\u00f3n.&nbsp;<\/li>    <li><b>Realiza tu apuesta: <\/b>Sigue los pasos mencionados antes para colocar tu primera apuesta y haz clic en la casilla de la apuesta gratis en tu cup\u00f3n. Si aciertas tu pron\u00f3stico, las ganancias netas tendr\u00e1n un rollover de 3x en un plazo de 7 d\u00edas para ser liberadas hacia el saldo principal.<\/li> <\/ol> <\/section> <\/section>    <section class=\"wp-block-hc-alternate-group-section\"> <h2 class=\"wp-block-heading\">\u00bfC\u00f3mo realizar una apuesta en la app?<\/h2>    <div itemscope=\"\" itemtype=\"https:\/\/schema.org\/ImageObject\" class=\"get-image schema-image-object-content wp-block-image size-large\"><img width=\"1024\" height=\"458\" src=\"https:\/\/lahoradelgambling.com\/pe\/wp-content\/uploads\/sites\/3\/2024\/04\/betsson-review-pe-como-realizar-una-apuesta-en-la-app-1024x458.webp\" alt=\"Instrucciones para apostar a trav\u00e9s de la aplicaci\u00f3n m\u00f3vil de Betsson\" class=\"wp-image-12049\" loading=\"lazy\" decoding=\"async\" srcset=\"https:\/\/lahoradelgambling.com\/pe\/wp-content\/uploads\/sites\/3\/2024\/04\/betsson-review-pe-como-realizar-una-apuesta-en-la-app-1024x458.webp 1024w, https:\/\/lahoradelgambling.com\/pe\/wp-content\/uploads\/sites\/3\/2024\/04\/betsson-review-pe-como-realizar-una-apuesta-en-la-app-300x134.webp 300w, https:\/\/lahoradelgambling.com\/pe\/wp-content\/uploads\/sites\/3\/2024\/04\/betsson-review-pe-como-realizar-una-apuesta-en-la-app-150x67.webp 150w, https:\/\/lahoradelgambling.com\/pe\/wp-content\/uploads\/sites\/3\/2024\/04\/betsson-review-pe-como-realizar-una-apuesta-en-la-app-768x344.webp 768w, https:\/\/lahoradelgambling.com\/pe\/wp-content\/uploads\/sites\/3\/2024\/04\/betsson-review-pe-como-realizar-una-apuesta-en-la-app-1536x687.webp 1536w, https:\/\/lahoradelgambling.com\/pe\/wp-content\/uploads\/sites\/3\/2024\/04\/betsson-review-pe-como-realizar-una-apuesta-en-la-app.webp 1900w\" sizes=\"(max-width: 1024px) 100vw, 1024px\" \/><meta itemprop=\"contentUrl\" content=\"https:\/\/lahoradelgambling.com\/pe\/wp-content\/uploads\/sites\/3\/2024\/04\/betsson-review-pe-como-realizar-una-apuesta-en-la-app-1024x458.webp\"><\/div>    <p>Si eres de los que prefieren usar su dispositivo m\u00f3vil para jugar y divertirse, te mostramos c\u00f3mo apostar en Betsson por celular. <b>Para hacerlo, debes ingresar a la p\u00e1gina web de Betsson Per\u00fa desde tu navegador m\u00f3vil y luego <\/b><a href=\"https:\/\/lahoradelgambling.com\/pe\/casas-de-apuestas\/aplicaciones\/betsson-app\/\"><b>descargar Betsson<\/b><\/a><b> en su app <\/b>de tel\u00e9fono iOS o Android para mejorar tu experiencia de apuestas y accesibilidad.&nbsp;<\/p>    <p><b>Para usuarios iOS la aplicaci\u00f3n se encuentra directamente en la App Store<\/b>, mientras que los usuarios de equipos Android deben descargar el archivo APK para instalarla, el cual se encuentra disponible en la p\u00e1gina web. Sigue estos pasos:<\/p>    <ol> <li><b>Activar las \u201cFuentes desconocidas\u201d: <\/b>Entra en Ajustes, luego Privacidad y selecciona \u201cAcceso especial de apps\u201d. Abre el submen\u00fa \u201cInstalar aplicaciones desconocidas\u201d y habilita el permiso para descargar aplicaciones desde el navegador m\u00f3vil. Esto es solo temporal, mientras finalizas la instalaci\u00f3n, y no compromete la seguridad de tu tel\u00e9fono.<\/li>    <li><b>Descarga el archivo APK: <\/b>Ingresa en betsson.com\/pe, haz clic en \u201cApuestas deportivas\u201d y luego en el recuadro \u201cApp de Betsson\u201d. Comenzar\u00e1 la descarga del archivo.&nbsp;<\/li>    <li><b>Instala la aplicaci\u00f3n: <\/b>Abre la carpeta desde la pesta\u00f1a de notificaciones o en el Administrador de archivos, haz clic en \u201cInstalar\u201d y listo. En segundos tendr\u00e1s acceso a Betsson App.<\/li> <\/ol>    <p>Al entrar en la aplicaci\u00f3n, notar\u00e1s que tiene un dise\u00f1o distinto al de la versi\u00f3n m\u00f3vil. <b>Es m\u00e1s simple y accesible<\/b>, por lo que aprender c\u00f3mo apostar en Betsson desde esta herramienta ser\u00e1 mucho m\u00e1s ameno. Los pasos son los siguientes:<\/p>    <ol> <li><b>Login: <\/b>Inicia sesi\u00f3n o reg\u00edstrate y realiza un dep\u00f3sito si a\u00fan no lo has hecho.&nbsp;<\/li>    <li><b>Selecciona el evento: <\/b>En la parte inferior ver\u00e1s la secci\u00f3n para apuestas anticipadas en \u201cTodos los deportes\u201d y las apuestas \u201cEn vivo\u201d. Selecciona el deporte y el evento de tu inter\u00e9s. Incluso puedes filtrar solo aquellos partidos que tengan transmisi\u00f3n en vivo.<\/li>    <li><b>Elige el mercado: <\/b>Abre el evento y selecciona tu pron\u00f3stico deportivo. Si quieres hacer una apuesta combinada, elige el siguiente evento y mercado hasta completar tu selecci\u00f3n.&nbsp;<\/li>    <li><b>Configura el boleto: <\/b>Abre el cup\u00f3n, elige el tipo de apuesta e ingresa el monto. Presiona \u201cConfiguraci\u00f3n\u201d para elegir el formato de cuota de tu preferencia y si aceptas los cambios de cuotas. Presiona el bot\u00f3n verde y listo.<\/li> <\/ol> <\/section>    <section class=\"wp-block-hc-alternate-group-section\"> <h2 class=\"wp-block-heading\">Por qu\u00e9 apostar en Betsson<\/h2>    <div itemscope=\"\" itemtype=\"https:\/\/schema.org\/ImageObject\" class=\"get-image schema-image-object-content wp-block-image size-large\"><img width=\"1024\" height=\"458\" src=\"https:\/\/lahoradelgambling.com\/pe\/wp-content\/uploads\/sites\/3\/2024\/04\/betsson-review-pe-por-que-apostar-1024x458.webp\" alt=\"Ventajas de apostar en la plataforma Betsson\" class=\"wp-image-12050\" loading=\"lazy\" decoding=\"async\" srcset=\"https:\/\/lahoradelgambling.com\/pe\/wp-content\/uploads\/sites\/3\/2024\/04\/betsson-review-pe-por-que-apostar-1024x458.webp 1024w, https:\/\/lahoradelgambling.com\/pe\/wp-content\/uploads\/sites\/3\/2024\/04\/betsson-review-pe-por-que-apostar-300x134.webp 300w, https:\/\/lahoradelgambling.com\/pe\/wp-content\/uploads\/sites\/3\/2024\/04\/betsson-review-pe-por-que-apostar-150x67.webp 150w, https:\/\/lahoradelgambling.com\/pe\/wp-content\/uploads\/sites\/3\/2024\/04\/betsson-review-pe-por-que-apostar-768x344.webp 768w, https:\/\/lahoradelgambling.com\/pe\/wp-content\/uploads\/sites\/3\/2024\/04\/betsson-review-pe-por-que-apostar-1536x687.webp 1536w, https:\/\/lahoradelgambling.com\/pe\/wp-content\/uploads\/sites\/3\/2024\/04\/betsson-review-pe-por-que-apostar.webp 1900w\" sizes=\"(max-width: 1024px) 100vw, 1024px\" \/><meta itemprop=\"contentUrl\" content=\"https:\/\/lahoradelgambling.com\/pe\/wp-content\/uploads\/sites\/3\/2024\/04\/betsson-review-pe-por-que-apostar-1024x458.webp\"><\/div>    <p>Hay varias razones por las que apostar en Betsson es la mejor elecci\u00f3n. Para empezar, <b>es una marca l\u00edder a nivel mundial en la industria de los juegos de azar<\/b> y lleva un sello de calidad respaldado por d\u00e9cadas de experiencia. Adem\u00e1s, destaca por factores como:<\/p>    <ul> <li><b>Seguridad y confianza: <\/b>Opera bajo la licencia de la Autoridad de Juegos de Malta, uno de los organismos m\u00e1s reconocidos y respetados del sector de apuestas y juegos de casino.<\/li>    <li><b>Gran oferta deportiva: <\/b>Posee un stock con m\u00e1s de 30 deportes, que incluye f\u00fatbol, baloncesto, tenis, boxeo, MMA, balonmano, voleibol, ciclismo, rugby, b\u00e9isbol y m\u00e1s. Betsson tambi\u00e9n es ideal si eres aficionado a los eSports, como Counter Strike, Dota 2, LoL, Valorant, King of Glory y Starcraft 2.<\/li>    <li><b>Aplicaci\u00f3n m\u00f3vil: <\/b>Los usuarios en Per\u00fa podr\u00e1n apostar en Betsson App en tel\u00e9fonos iOS y Android con mayor comodidad. La aplicaci\u00f3n nativa optimiza el ambiente de apuestas y brinda una mejor experiencia al usuario.&nbsp;<\/li>    <li><b>Pagos: <\/b>Realiza tus dep\u00f3sitos y retiros en soles usando m\u00e9todos de pago locales, como transferencia bancaria, tarjetas Visa y Mastercard, Pago Efectivo, Yape y Plin. Tambi\u00e9n puedes utilizar las plataformas de pago Neteller y Skrill, o depositar con Paysafecard.<\/li>    <li><b>Promociones y bonos: <\/b>Adem\u00e1s del bono de bienvenida, Betsson ofrece una gran variedad de ofertas promocionales fijas, adem\u00e1s de ofertas especiales cada semana para los jugadores frecuentes.&nbsp;<\/li>    <li><b>Recursos para apostar: <\/b>Disfruta de transmisiones en vivo dentro de la plataforma y saca el mejor provecho de los recursos para apuestas que Betsson tiene para ti, como el creador de apuestas, el seguro de combinadas, las cuotas mejoradas y la funci\u00f3n cash out.&nbsp;<\/li> <\/ul>    <p>En resumen, <b>Betsson Per\u00fa es la puerta de entrada a un mundo de entretenimiento variado y seguro con el que podr\u00e1s ser parte de tus deportes favoritos.<\/b> Si necesitas m\u00e1s informaci\u00f3n sobre c\u00f3mo apostar en Betsson o necesitas resolver un inconveniente con tu cuenta, comun\u00edcate con el servicio de atenci\u00f3n al cliente a trav\u00e9s del chat en vivo o escribiendo un correo a support-pe@betsson.com.<\/p> <\/section>","protected":false},"excerpt":{"rendered":"","protected":false},"author":33,"featured_media":12047,"parent":6589,"menu_order":17,"comment_status":"closed","ping_status":"closed","template":"","meta":{"_acf_changed":false,"footnotes":""},"page_categories":[],"acf":[],"yoast_head":"<!-- This site is optimized with the Yoast SEO plugin v24.5 - https:\/\/yoast.com\/wordpress\/plugins\/seo\/ -->\n<title>C\u00f3mo apostar en Betsson Per\u00fa | Gu\u00eda paso a paso 2024<\/title>\n<meta name=\"description\" content=\"Conoce paso a paso c\u00f3mo apostar en Betsson y por qu\u00e9 es uno de los mejores sitios en Per\u00fa. Reg\u00edstrate y recibe una freebet con tu primer dep\u00f3sito\" \/>\n<meta name=\"robots\" content=\"index, follow, max-snippet:-1, max-image-preview:large, max-video-preview:-1\" \/>\n<meta property=\"og:locale\" content=\"es_ES\" \/>\n<meta property=\"og:type\" content=\"article\" \/>\n<meta property=\"og:title\" content=\"C\u00f3mo apostar en Betsson Per\u00fa | Gu\u00eda paso a paso 2024\" \/>\n<meta property=\"og:description\" content=\"Conoce paso a paso c\u00f3mo apostar en Betsson y por qu\u00e9 es uno de los mejores sitios en Per\u00fa. Reg\u00edstrate y recibe una freebet con tu primer dep\u00f3sito\" \/>\n<meta property=\"og:url\" content=\"https:\/\/lahoradelgambling.com\/pe\/casas-de-apuestas\/betsson\/como-apostar-en-betsson\/\" \/>\n<meta property=\"og:site_name\" content=\"lahoradelgambling PE\" \/>\n<meta property=\"article:modified_time\" content=\"2024-06-23T12:47:10+00:00\" \/>\n<meta property=\"og:image\" content=\"https:\/\/lahoradelgambling.com\/pe\/wp-content\/uploads\/sites\/3\/2024\/04\/betsson-review-pe-como-apostar.webp\" \/>\n\t<meta property=\"og:image:width\" content=\"1900\" \/>\n\t<meta property=\"og:image:height\" content=\"850\" \/>\n\t<meta property=\"og:image:type\" content=\"image\/webp\" \/>\n<meta name=\"twitter:card\" content=\"summary_large_image\" \/>\n<meta name=\"twitter:label1\" content=\"Est. reading time\" \/>\n\t<meta name=\"twitter:data1\" content=\"9 minutos\" \/>\n<!-- \/ Yoast SEO plugin. -->","yoast_head_json":{"title":"C\u00f3mo apostar en Betsson Per\u00fa | Gu\u00eda paso a paso 2024","description":"Conoce paso a paso c\u00f3mo apostar en Betsson y por qu\u00e9 es uno de los mejores sitios en Per\u00fa. Reg\u00edstrate y recibe una freebet con tu primer dep\u00f3sito","robots":{"index":"index","follow":"follow","max-snippet":"max-snippet:-1","max-image-preview":"max-image-preview:large","max-video-preview":"max-video-preview:-1"},"og_locale":"es_ES","og_type":"article","og_title":"C\u00f3mo apostar en Betsson Per\u00fa | Gu\u00eda paso a paso 2024","og_description":"Conoce paso a paso c\u00f3mo apostar en Betsson y por qu\u00e9 es uno de los mejores sitios en Per\u00fa. Reg\u00edstrate y recibe una freebet con tu primer dep\u00f3sito","og_url":"https:\/\/lahoradelgambling.com\/pe\/casas-de-apuestas\/betsson\/como-apostar-en-betsson\/","og_site_name":"lahoradelgambling PE","article_modified_time":"2024-06-23T12:47:10+00:00","og_image":[{"width":1900,"height":850,"url":"https:\/\/lahoradelgambling.com\/pe\/wp-content\/uploads\/sites\/3\/2024\/04\/betsson-review-pe-como-apostar.webp","type":"image\/webp"}],"twitter_card":"summary_large_image","twitter_misc":{"Est. reading time":"9 minutos"},"schema":{"@context":"https:\/\/schema.org","@graph":[{"@type":"WebPage","@id":"https:\/\/lahoradelgambling.com\/pe\/casas-de-apuestas\/betsson\/como-apostar-en-betsson\/","url":"https:\/\/lahoradelgambling.com\/pe\/casas-de-apuestas\/betsson\/como-apostar-en-betsson\/","name":"C\u00f3mo apostar en Betsson Per\u00fa | Gu\u00eda paso a paso 2024","isPartOf":{"@id":"https:\/\/lahoradelgambling.com\/pe\/#website"},"primaryImageOfPage":{"@id":"https:\/\/lahoradelgambling.com\/pe\/casas-de-apuestas\/betsson\/como-apostar-en-betsson\/#primaryimage"},"image":{"@id":"https:\/\/lahoradelgambling.com\/pe\/casas-de-apuestas\/betsson\/como-apostar-en-betsson\/#primaryimage"},"thumbnailUrl":"https:\/\/lahoradelgambling.com\/pe\/wp-content\/uploads\/sites\/3\/2024\/04\/betsson-review-pe-como-apostar.webp","datePublished":"2024-04-23T12:16:57+00:00","dateModified":"2024-06-23T12:47:10+00:00","description":"Conoce paso a paso c\u00f3mo apostar en Betsson y por qu\u00e9 es uno de los mejores sitios en Per\u00fa. Reg\u00edstrate y recibe una freebet con tu primer dep\u00f3sito","breadcrumb":{"@id":"https:\/\/lahoradelgambling.com\/pe\/casas-de-apuestas\/betsson\/como-apostar-en-betsson\/#breadcrumb"},"inLanguage":"es","potentialAction":[{"@type":"ReadAction","target":["https:\/\/lahoradelgambling.com\/pe\/casas-de-apuestas\/betsson\/como-apostar-en-betsson\/"]}]},{"@type":"ImageObject","inLanguage":"es","@id":"https:\/\/lahoradelgambling.com\/pe\/casas-de-apuestas\/betsson\/como-apostar-en-betsson\/#primaryimage","url":"https:\/\/lahoradelgambling.com\/pe\/wp-content\/uploads\/sites\/3\/2024\/04\/betsson-review-pe-como-apostar.webp","contentUrl":"https:\/\/lahoradelgambling.com\/pe\/wp-content\/uploads\/sites\/3\/2024\/04\/betsson-review-pe-como-apostar.webp","width":1900,"height":850,"caption":"Rese\u00f1a sobre la plataforma de apuestas deportivas Betsson en Per\u00fa"},{"@type":"BreadcrumbList","@id":"https:\/\/lahoradelgambling.com\/pe\/casas-de-apuestas\/betsson\/como-apostar-en-betsson\/#breadcrumb","itemListElement":[{"@type":"ListItem","position":1,"name":"Lahoradelgambling","item":"https:\/\/lahoradelgambling.com\/pe\/"},{"@type":"ListItem","position":2,"name":"Casas de Apuestas en Per\u00fa","item":"https:\/\/lahoradelgambling.com\/pe\/casas-de-apuestas\/"},{"@type":"ListItem","position":3,"name":"Betsson","item":"https:\/\/lahoradelgambling.com\/pe\/casas-de-apuestas\/betsson\/"},{"@type":"ListItem","position":4,"name":"C\u00f3mo apostar en Betsson"}]},{"@type":"WebSite","@id":"https:\/\/lahoradelgambling.com\/pe\/#website","url":"https:\/\/lahoradelgambling.com\/pe\/","name":"lahoradelgambling PE","description":"","publisher":{"@id":"https:\/\/lahoradelgambling.com\/pe\/#organization"},"potentialAction":[{"@type":"SearchAction","target":{"@type":"EntryPoint","urlTemplate":"https:\/\/lahoradelgambling.com\/pe\/?s={search_term_string}"},"query-input":{"@type":"PropertyValueSpecification","valueRequired":true,"valueName":"search_term_string"}}],"inLanguage":"es"},{"@type":"Organization","@id":"https:\/\/lahoradelgambling.com\/pe\/#organization","name":"lahoradelgambling PE","url":"https:\/\/lahoradelgambling.com\/pe\/","logo":{"@type":"ImageObject","inLanguage":"es","@id":"https:\/\/lahoradelgambling.com\/pe\/#\/schema\/logo\/image\/","url":"https:\/\/lahoradelgambling.com\/pe\/wp-content\/uploads\/sites\/3\/2023\/11\/logo_pe.svg","contentUrl":"https:\/\/lahoradelgambling.com\/pe\/wp-content\/uploads\/sites\/3\/2023\/11\/logo_pe.svg","caption":"lahoradelgambling PE"},"image":{"@id":"https:\/\/lahoradelgambling.com\/pe\/#\/schema\/logo\/image\/"}}]}},"_links":{"self":[{"href":"https:\/\/lahoradelgambling.com\/pe\/wp-json\/wp\/v2\/pages\/12038"}],"collection":[{"href":"https:\/\/lahoradelgambling.com\/pe\/wp-json\/wp\/v2\/pages"}],"about":[{"href":"https:\/\/lahoradelgambling.com\/pe\/wp-json\/wp\/v2\/types\/page"}],"author":[{"embeddable":true,"href":"https:\/\/lahoradelgambling.com\/pe\/wp-json\/wp\/v2\/users\/33"}],"replies":[{"embeddable":true,"href":"https:\/\/lahoradelgambling.com\/pe\/wp-json\/wp\/v2\/comments?post=12038"}],"version-history":[{"count":5,"href":"https:\/\/lahoradelgambling.com\/pe\/wp-json\/wp\/v2\/pages\/12038\/revisions"}],"predecessor-version":[{"id":12359,"href":"https:\/\/lahoradelgambling.com\/pe\/wp-json\/wp\/v2\/pages\/12038\/revisions\/12359"}],"up":[{"embeddable":true,"href":"https:\/\/lahoradelgambling.com\/pe\/wp-json\/wp\/v2\/pages\/6589"}],"wp:featuredmedia":[{"embeddable":true,"href":"https:\/\/lahoradelgambling.com\/pe\/wp-json\/wp\/v2\/media\/12047"}],"wp:attachment":[{"href":"https:\/\/lahoradelgambling.com\/pe\/wp-json\/wp\/v2\/media?parent=12038"}],"wp:term":[{"taxonomy":"page_categories","embeddable":true,"href":"https:\/\/lahoradelgambling.com\/pe\/wp-json\/wp\/v2\/page_categories?post=12038"}],"curies":[{"name":"wp","href":"https:\/\/api.w.org\/{rel}","templated":true}]}}