{"id":5089,"date":"2022-12-01T19:04:25","date_gmt":"2022-12-01T16:04:25","guid":{"rendered":"https:\/\/lahoradelgambling.com\/cl\/?page_id=5089"},"modified":"2023-06-15T14:27:12","modified_gmt":"2023-06-15T11:27:12","slug":"contacto","status":"publish","type":"page","link":"https:\/\/lahoradelgambling.com\/cl\/contacto\/","title":{"rendered":"Contacto"},"content":{"rendered":"<section class=\"wp-block-hc-alternate-group-section\"> <p>Estamos para servirte, con este formulario de contacto est\u00e1s a un paso de la mejor atenci\u00f3n al cliente. En cuanto recibamos tu cr\u00edtica, inquietud o solicitud la atenderemos personalmente.<\/p>   \n<div class=\"wpcf7 no-js\" id=\"wpcf7-f2479-o1\" lang=\"ru-RU\" dir=\"ltr\">\n<div class=\"screen-reader-response\"><p role=\"status\" aria-live=\"polite\" aria-atomic=\"true\"><\/p> <ul><\/ul><\/div>\n<form action=\"\/cl\/wp-json\/wp\/v2\/pages\/5089#wpcf7-f2479-o1\" method=\"post\" class=\"wpcf7-form init\" aria-label=\"\u041a\u043e\u043d\u0442\u0430\u043a\u0442\u043d\u0430\u044f \u0444\u043e\u0440\u043c\u0430\" novalidate=\"novalidate\" data-status=\"init\">\n<div style=\"display: none;\">\n<input type=\"hidden\" name=\"_wpcf7\" value=\"2479\" \/>\n<input type=\"hidden\" name=\"_wpcf7_version\" value=\"5.9.8\" \/>\n<input type=\"hidden\" name=\"_wpcf7_locale\" value=\"ru_RU\" \/>\n<input type=\"hidden\" name=\"_wpcf7_unit_tag\" value=\"wpcf7-f2479-o1\" \/>\n<input type=\"hidden\" name=\"_wpcf7_container_post\" value=\"0\" \/>\n<input type=\"hidden\" name=\"_wpcf7_posted_data_hash\" value=\"\" \/>\n<\/div>\n<div class=\"wpcf7-wrap\">\n\t<p><span class=\"wpcf7-form-control-wrap\" data-name=\"your-name\"><input size=\"40\" maxlength=\"400\" class=\"wpcf7-form-control wpcf7-text wpcf7-validates-as-required\" aria-required=\"true\" aria-invalid=\"false\" placeholder=\"Nombre\" value=\"\" type=\"text\" name=\"your-name\" \/><\/span><br \/>\n<span class=\"wpcf7-form-control-wrap\" data-name=\"your-email\"><input size=\"40\" maxlength=\"400\" class=\"wpcf7-form-control wpcf7-email wpcf7-validates-as-required wpcf7-text wpcf7-validates-as-email\" aria-required=\"true\" aria-invalid=\"false\" placeholder=\"Correo electr\u00f3nico\" value=\"\" type=\"email\" name=\"your-email\" \/><\/span><br \/>\n<span class=\"wpcf7-form-control-wrap\" data-name=\"your-message\"><textarea cols=\"40\" rows=\"10\" maxlength=\"2000\" class=\"wpcf7-form-control wpcf7-textarea wpcf7-validates-as-required\" aria-required=\"true\" aria-invalid=\"false\" placeholder=\"Mensaje\" name=\"your-message\"><\/textarea><\/span>\n\t<\/p>\n\t<p><input class=\"wpcf7-form-control wpcf7-submit has-spinner\" type=\"submit\" value=\"Enviar\" \/>\n\t<\/p>\n<\/div><div class=\"wpcf7-response-output\" aria-hidden=\"true\"><\/div>\n<\/form>\n<\/div>\n    <p>La Hora del Gaming asegura las medidas de seguridad aprobadas para mantener privada su informaci\u00f3n y datos personales. Sus datos ser\u00e1n incluidos en un fichero propiedad de La Hora del Gaming. Usted tiene la posibilidad de ejercer sus derechos de acceso, rectificaci\u00f3n, cancelaci\u00f3n y oposici\u00f3n.<\/p>    <p>Direcci\u00f3n de la oficina: Cra. 13 #38-85, Bogot\u00e1, Colombia<\/p>    <p>Email: info@lahoradelgambling.com<\/p> <\/section>","protected":false},"excerpt":{"rendered":"","protected":false},"author":1,"featured_media":6123,"parent":0,"menu_order":0,"comment_status":"open","ping_status":"open","template":"","meta":{"_acf_changed":false,"footnotes":""},"page_categories":[],"acf":[],"yoast_head":"<!-- This site is optimized with the Yoast SEO plugin v24.5 - https:\/\/yoast.com\/wordpress\/plugins\/seo\/ -->\n<title>Contacto - La Hora Del Gambling CL<\/title>\n<meta name=\"description\" content=\"Cont\u00e1ctanos en La Hora del Gambling CL a trav\u00e9s de los medios que presentamos en esta p\u00e1gina. \u00a1Estamos aqu\u00ed para ayudarte a jugar con seguridad!\" \/>\n<meta name=\"robots\" content=\"index, follow, max-snippet:-1, max-image-preview:large, max-video-preview:-1\" \/>\n<meta property=\"og:locale\" content=\"es_ES\" \/>\n<meta property=\"og:type\" content=\"article\" \/>\n<meta property=\"og:title\" content=\"Contacto - La Hora Del Gambling CL\" \/>\n<meta property=\"og:description\" content=\"Cont\u00e1ctanos en La Hora del Gambling CL a trav\u00e9s de los medios que presentamos en esta p\u00e1gina. \u00a1Estamos aqu\u00ed para ayudarte a jugar con seguridad!\" \/>\n<meta property=\"og:url\" content=\"https:\/\/lahoradelgambling.com\/cl\/contacto\/\" \/>\n<meta property=\"og:site_name\" content=\"lahoradelgambling CL\" \/>\n<meta property=\"article:modified_time\" content=\"2023-06-15T11:27:12+00:00\" \/>\n<meta property=\"og:image\" content=\"https:\/\/lahoradelgambling.com\/cl\/wp-content\/uploads\/sites\/2\/2023\/05\/contacto-cl.png\" \/>\n\t<meta property=\"og:image:width\" content=\"1920\" \/>\n\t<meta property=\"og:image:height\" content=\"850\" \/>\n\t<meta property=\"og:image:type\" content=\"image\/png\" \/>\n<meta name=\"twitter:card\" content=\"summary_large_image\" \/>\n<meta name=\"twitter:label1\" content=\"Tiempo estimado de lectura\" \/>\n\t<meta name=\"twitter:data1\" content=\"1 minuto\" \/>\n<!-- \/ Yoast SEO plugin. -->","yoast_head_json":{"title":"Contacto - La Hora Del Gambling CL","description":"Cont\u00e1ctanos en La Hora del Gambling CL a trav\u00e9s de los medios que presentamos en esta p\u00e1gina. \u00a1Estamos aqu\u00ed para ayudarte a jugar con seguridad!","robots":{"index":"index","follow":"follow","max-snippet":"max-snippet:-1","max-image-preview":"max-image-preview:large","max-video-preview":"max-video-preview:-1"},"og_locale":"es_ES","og_type":"article","og_title":"Contacto - La Hora Del Gambling CL","og_description":"Cont\u00e1ctanos en La Hora del Gambling CL a trav\u00e9s de los medios que presentamos en esta p\u00e1gina. \u00a1Estamos aqu\u00ed para ayudarte a jugar con seguridad!","og_url":"https:\/\/lahoradelgambling.com\/cl\/contacto\/","og_site_name":"lahoradelgambling CL","article_modified_time":"2023-06-15T11:27:12+00:00","og_image":[{"width":1920,"height":850,"url":"https:\/\/lahoradelgambling.com\/cl\/wp-content\/uploads\/sites\/2\/2023\/05\/contacto-cl.png","type":"image\/png"}],"twitter_card":"summary_large_image","twitter_misc":{"Tiempo estimado de lectura":"1 minuto"},"schema":{"@context":"https:\/\/schema.org","@graph":[{"@type":"WebPage","@id":"https:\/\/lahoradelgambling.com\/cl\/contacto\/","url":"https:\/\/lahoradelgambling.com\/cl\/contacto\/","name":"Contacto - La Hora Del Gambling CL","isPartOf":{"@id":"https:\/\/lahoradelgambling.com\/cl\/#website"},"primaryImageOfPage":{"@id":"https:\/\/lahoradelgambling.com\/cl\/contacto\/#primaryimage"},"image":{"@id":"https:\/\/lahoradelgambling.com\/cl\/contacto\/#primaryimage"},"thumbnailUrl":"https:\/\/lahoradelgambling.com\/cl\/wp-content\/uploads\/sites\/2\/2023\/05\/contacto-cl.png","datePublished":"2022-12-01T16:04:25+00:00","dateModified":"2023-06-15T11:27:12+00:00","description":"Cont\u00e1ctanos en La Hora del Gambling CL a trav\u00e9s de los medios que presentamos en esta p\u00e1gina. \u00a1Estamos aqu\u00ed para ayudarte a jugar con seguridad!","breadcrumb":{"@id":"https:\/\/lahoradelgambling.com\/cl\/contacto\/#breadcrumb"},"inLanguage":"es-CL","potentialAction":[{"@type":"ReadAction","target":["https:\/\/lahoradelgambling.com\/cl\/contacto\/"]}]},{"@type":"ImageObject","inLanguage":"es-CL","@id":"https:\/\/lahoradelgambling.com\/cl\/contacto\/#primaryimage","url":"https:\/\/lahoradelgambling.com\/cl\/wp-content\/uploads\/sites\/2\/2023\/05\/contacto-cl.png","contentUrl":"https:\/\/lahoradelgambling.com\/cl\/wp-content\/uploads\/sites\/2\/2023\/05\/contacto-cl.png","width":1920,"height":850},{"@type":"BreadcrumbList","@id":"https:\/\/lahoradelgambling.com\/cl\/contacto\/#breadcrumb","itemListElement":[{"@type":"ListItem","position":1,"name":"Lahoradelgambling","item":"https:\/\/lahoradelgambling.com\/cl\/"},{"@type":"ListItem","position":2,"name":"Contacto"}]},{"@type":"WebSite","@id":"https:\/\/lahoradelgambling.com\/cl\/#website","url":"https:\/\/lahoradelgambling.com\/cl\/","name":"lahoradelgambling CL","description":"","publisher":{"@id":"https:\/\/lahoradelgambling.com\/cl\/#organization"},"potentialAction":[{"@type":"SearchAction","target":{"@type":"EntryPoint","urlTemplate":"https:\/\/lahoradelgambling.com\/cl\/?s={search_term_string}"},"query-input":{"@type":"PropertyValueSpecification","valueRequired":true,"valueName":"search_term_string"}}],"inLanguage":"es-CL"},{"@type":"Organization","@id":"https:\/\/lahoradelgambling.com\/cl\/#organization","name":"lahoradelgambling CL","url":"https:\/\/lahoradelgambling.com\/cl\/","logo":{"@type":"ImageObject","inLanguage":"es-CL","@id":"https:\/\/lahoradelgambling.com\/cl\/#\/schema\/logo\/image\/","url":"https:\/\/lahoradelgambling.com\/cl\/wp-content\/uploads\/sites\/2\/2023\/11\/logo_cl.svg","contentUrl":"https:\/\/lahoradelgambling.com\/cl\/wp-content\/uploads\/sites\/2\/2023\/11\/logo_cl.svg","caption":"lahoradelgambling CL"},"image":{"@id":"https:\/\/lahoradelgambling.com\/cl\/#\/schema\/logo\/image\/"}}]}},"_links":{"self":[{"href":"https:\/\/lahoradelgambling.com\/cl\/wp-json\/wp\/v2\/pages\/5089"}],"collection":[{"href":"https:\/\/lahoradelgambling.com\/cl\/wp-json\/wp\/v2\/pages"}],"about":[{"href":"https:\/\/lahoradelgambling.com\/cl\/wp-json\/wp\/v2\/types\/page"}],"author":[{"embeddable":true,"href":"https:\/\/lahoradelgambling.com\/cl\/wp-json\/wp\/v2\/users\/1"}],"replies":[{"embeddable":true,"href":"https:\/\/lahoradelgambling.com\/cl\/wp-json\/wp\/v2\/comments?post=5089"}],"version-history":[{"count":2,"href":"https:\/\/lahoradelgambling.com\/cl\/wp-json\/wp\/v2\/pages\/5089\/revisions"}],"predecessor-version":[{"id":5091,"href":"https:\/\/lahoradelgambling.com\/cl\/wp-json\/wp\/v2\/pages\/5089\/revisions\/5091"}],"wp:featuredmedia":[{"embeddable":true,"href":"https:\/\/lahoradelgambling.com\/cl\/wp-json\/wp\/v2\/media\/6123"}],"wp:attachment":[{"href":"https:\/\/lahoradelgambling.com\/cl\/wp-json\/wp\/v2\/media?parent=5089"}],"wp:term":[{"taxonomy":"page_categories","embeddable":true,"href":"https:\/\/lahoradelgambling.com\/cl\/wp-json\/wp\/v2\/page_categories?post=5089"}],"curies":[{"name":"wp","href":"https:\/\/api.w.org\/{rel}","templated":true}]}}