{"id":10933,"date":"2024-06-17T12:00:12","date_gmt":"2024-06-17T09:00:12","guid":{"rendered":"https:\/\/lahoradelgambling.com\/cl\/?page_id=10933"},"modified":"2024-06-17T12:00:16","modified_gmt":"2024-06-17T09:00:16","slug":"problemas-tecnicos","status":"publish","type":"page","link":"https:\/\/lahoradelgambling.com\/cl\/problemas-tecnicos\/","title":{"rendered":"Opps, parece que esta casa de apuestas tiene problemas"},"content":{"rendered":"<section class=\"wp-block-hc-alternate-group-section\"> <p>Opps, parece que esta casa de apuestas tiene problemasParece que la casa de apuestas que est\u00e1s buscando presenta dificultades t\u00e9cnicas. \u00a1No te preocupes! La hora de jugar no se detiene, por eso te mostramos 3 alternativas para que puedas <b>apostar en Chile<\/b>.<\/p> <\/section>    <section class=\"wp-block-hc-alternate-group-section\"> <h2 class=\"wp-block-heading\">1win<\/h2>    <div itemscope=\"\" itemtype=\"https:\/\/schema.org\/ImageObject\" class=\"get-image schema-image-object-content wp-block-image size-large\"><img width=\"1024\" height=\"458\" src=\"https:\/\/lahoradelgambling.com\/cl\/wp-content\/uploads\/sites\/2\/2024\/06\/aternative-bookmakers-page-1win-cl-1024x458.webp\" alt=\"1win es una casa de apuestas confiable con buenos pagos en Chile\" class=\"wp-image-10940\" loading=\"lazy\" decoding=\"async\" srcset=\"https:\/\/lahoradelgambling.com\/cl\/wp-content\/uploads\/sites\/2\/2024\/06\/aternative-bookmakers-page-1win-cl-1024x458.webp 1024w, https:\/\/lahoradelgambling.com\/cl\/wp-content\/uploads\/sites\/2\/2024\/06\/aternative-bookmakers-page-1win-cl-300x134.webp 300w, https:\/\/lahoradelgambling.com\/cl\/wp-content\/uploads\/sites\/2\/2024\/06\/aternative-bookmakers-page-1win-cl-150x67.webp 150w, https:\/\/lahoradelgambling.com\/cl\/wp-content\/uploads\/sites\/2\/2024\/06\/aternative-bookmakers-page-1win-cl-768x344.webp 768w, https:\/\/lahoradelgambling.com\/cl\/wp-content\/uploads\/sites\/2\/2024\/06\/aternative-bookmakers-page-1win-cl-1536x687.webp 1536w, https:\/\/lahoradelgambling.com\/cl\/wp-content\/uploads\/sites\/2\/2024\/06\/aternative-bookmakers-page-1win-cl.webp 1900w\" sizes=\"(max-width: 1024px) 100vw, 1024px\" \/><meta itemprop=\"contentUrl\" content=\"https:\/\/lahoradelgambling.com\/cl\/wp-content\/uploads\/sites\/2\/2024\/06\/aternative-bookmakers-page-1win-cl-1024x458.webp\"><\/div>    <p>La plataforma de 1win es una casa de apuestas y casino online que te fascinar\u00e1. Opera con una <b>licencia emitida en Curazao<\/b> (n\u00famero 8048\/JAZ2018-040), por lo que es legal utilizarla en Chile. Tiene uno de los bonos de bienvenida m\u00e1s atractivos de la regi\u00f3n, m\u00e1s de 40 deportes en los que jugar y cuotas muy altas. Todo esto sin mencionar los <b>m\u00e1s de 13.000 juegos de casino<\/b>.<\/p>    <div class=\"wp-block-table\"><table class=\"has-fixed-layout\"><thead><tr><th>Pros de 1win<\/th><th>Contras de 1win<\/th><\/tr><\/thead><tbody><tr><td>Diversidad deportiva y diferentes mercados para elegir<\/td><td>1win a\u00f1ade filtros geogr\u00e1ficos para algunas regiones<\/td><\/tr><tr><td>Cuenta la promoci\u00f3n de bienvenida m\u00e1s alta para jugadores nuevos<\/td><td>T\u00e9rminos y condiciones de los bonos que son restrictivos<\/td><\/tr><tr><td>Dispone de app m\u00f3vil y para escritorio<\/td><td>Aplicaci\u00f3n para Android e iOS con errores en dispositivos antiguos<\/td><\/tr><tr><td>Soporte al cliente las 24 horas del d\u00eda<\/td><td>Escasos m\u00e9todos de pago locales<\/td><\/tr><\/tbody><\/table><\/div>    <section class=\"wp-block-hc-alternate-group-section\"> <h3 class=\"wp-block-heading\">Bono principal de 1win<\/h3>    <p>Consigue hasta <b>500% en los primeros 4 dep\u00f3sitos<\/b> por un m\u00e1ximo de $1.890.273 pesos chilenos ($472.568 por dep\u00f3sito) para hacer apuestas en los deportes que quieras. El bono de bienvenida, porcentual, se distribuye as\u00ed: 200% para el primer dep\u00f3sito, 150% para el segundo, 100% y 50% para el tercero y cuarto, respectivamente.<\/p> <\/section>    <div class=\"wp-block-buttons is-content-justification-center is-layout-flex wp-container-core-buttons-is-layout-1 wp-block-buttons-is-layout-flex\"> <div class=\"wp-block-button\"><a class=\"wp-block-button__link wp-element-button\" href=\"https:\/\/cllink.lahoradelgambling.com?1win=ARXZ7dJ\" target=\"_blank\" rel=\"nofollow noreferrer noopener\">Visita 1Win<\/a><\/div> <\/div> <\/section>    <section class=\"wp-block-hc-alternate-group-section\"> <h2 class=\"wp-block-heading\">TonyBet<\/h2>    <div itemscope=\"\" itemtype=\"https:\/\/schema.org\/ImageObject\" class=\"get-image schema-image-object-content wp-block-image size-large\"><img width=\"1024\" height=\"458\" src=\"https:\/\/lahoradelgambling.com\/cl\/wp-content\/uploads\/sites\/2\/2024\/06\/aternative-bookmakers-page-tonybet-cl-1024x458.webp\" alt=\"Tonybet es una casa de apuestas confiable con buenos pagos en Chile\" class=\"wp-image-10939\" loading=\"lazy\" decoding=\"async\" srcset=\"https:\/\/lahoradelgambling.com\/cl\/wp-content\/uploads\/sites\/2\/2024\/06\/aternative-bookmakers-page-tonybet-cl-1024x458.webp 1024w, https:\/\/lahoradelgambling.com\/cl\/wp-content\/uploads\/sites\/2\/2024\/06\/aternative-bookmakers-page-tonybet-cl-300x134.webp 300w, https:\/\/lahoradelgambling.com\/cl\/wp-content\/uploads\/sites\/2\/2024\/06\/aternative-bookmakers-page-tonybet-cl-150x67.webp 150w, https:\/\/lahoradelgambling.com\/cl\/wp-content\/uploads\/sites\/2\/2024\/06\/aternative-bookmakers-page-tonybet-cl-768x344.webp 768w, https:\/\/lahoradelgambling.com\/cl\/wp-content\/uploads\/sites\/2\/2024\/06\/aternative-bookmakers-page-tonybet-cl-1536x687.webp 1536w, https:\/\/lahoradelgambling.com\/cl\/wp-content\/uploads\/sites\/2\/2024\/06\/aternative-bookmakers-page-tonybet-cl.webp 1900w\" sizes=\"(max-width: 1024px) 100vw, 1024px\" \/><meta itemprop=\"contentUrl\" content=\"https:\/\/lahoradelgambling.com\/cl\/wp-content\/uploads\/sites\/2\/2024\/06\/aternative-bookmakers-page-tonybet-cl-1024x458.webp\"><\/div>    <p>TonyBet es una casa de apuestas reconocida mundialmente, pero en Chile es una de las mejores opciones para apostar este 2024. Cuenta con una <b>licencia Kahnawake<\/b> que es emitida por la Comisi\u00f3n de Juego Canadiense (n\u00famero 902). Su cat\u00e1logo deportivo supera los 40 deportes seleccionados, incluyendo varios de los eSports m\u00e1s populares. Los m\u00e1s de 100 proveedores ofrecen miles de juegos en su casino en l\u00ednea. Adem\u00e1s, <b>incorpora algunos m\u00e9todos de pago locales<\/b> como Khipu o Caja Vecina.<\/p>    <div class=\"wp-block-table\"><table class=\"has-fixed-layout\"><thead><tr><th>Pros de TonyBet para Chile<\/th><th>Contras de TonyBet para Chile<\/th><\/tr><\/thead><tbody><tr><td>Excelente diversidad en disciplinas deportivas para apostar<\/td><td>No tiene un n\u00famero de tel\u00e9fono para soporte<\/td><\/tr><tr><td>P\u00e1gina dirigida para los chilenos<\/td><td>Servicio de streaming inexistente<\/td><\/tr><tr><td>Dispone de una aplicaci\u00f3n m\u00f3vil para Android e iOS<\/td><td>S\u00f3lo se puede optar por el bono deportivo o de casino a la vez<\/td><\/tr><tr><td>Reconocido patrocinador del f\u00fatbol chileno<\/td><td>La mayor\u00eda de las mesas de casino en vivo est\u00e1n en ingl\u00e9s<\/td><\/tr><\/tbody><\/table><\/div>    <section class=\"wp-block-hc-alternate-group-section\"> <h3 class=\"wp-block-heading\">Bono principal de TonyBet<\/h3>    <p>El bono de bienvenida de TonyBet para Chile consiste en <b>$200.000 pesos equivalentes al 100% del primer dep\u00f3sito<\/b>. Est\u00e1 disponible para todos los usuarios que depositen, al menos, $5.000 pesos. Para conseguirlo, el cliente tendr\u00e1 que seleccionar este bono durante el registro o seleccionarlo en su perfil.<\/p> <\/section>    <div class=\"wp-block-buttons is-content-justification-center is-layout-flex wp-container-core-buttons-is-layout-2 wp-block-buttons-is-layout-flex\"> <div class=\"wp-block-button\"><a class=\"wp-block-button__link wp-element-button\" href=\"https:\/\/cllink.lahoradelgambling.com\/?tonybet=yrAUTaM\" target=\"_blank\" rel=\"nofollow noreferrer noopener\">Visita Tonybet<\/a><\/div> <\/div> <\/section>    <section class=\"wp-block-hc-alternate-group-section\"> <h2 class=\"wp-block-heading\">BetBoom<\/h2>    <div itemscope=\"\" itemtype=\"https:\/\/schema.org\/ImageObject\" class=\"get-image schema-image-object-content wp-block-image size-large\"><img width=\"1024\" height=\"458\" src=\"https:\/\/lahoradelgambling.com\/cl\/wp-content\/uploads\/sites\/2\/2024\/06\/aternative-bookmakers-page-betboom-cl-1024x458.webp\" alt=\"BetBoom es una casa de apuestas confiable con buenos pagos en Chile\" class=\"wp-image-10937\" loading=\"lazy\" decoding=\"async\" srcset=\"https:\/\/lahoradelgambling.com\/cl\/wp-content\/uploads\/sites\/2\/2024\/06\/aternative-bookmakers-page-betboom-cl-1024x458.webp 1024w, https:\/\/lahoradelgambling.com\/cl\/wp-content\/uploads\/sites\/2\/2024\/06\/aternative-bookmakers-page-betboom-cl-300x134.webp 300w, https:\/\/lahoradelgambling.com\/cl\/wp-content\/uploads\/sites\/2\/2024\/06\/aternative-bookmakers-page-betboom-cl-150x67.webp 150w, https:\/\/lahoradelgambling.com\/cl\/wp-content\/uploads\/sites\/2\/2024\/06\/aternative-bookmakers-page-betboom-cl-768x344.webp 768w, https:\/\/lahoradelgambling.com\/cl\/wp-content\/uploads\/sites\/2\/2024\/06\/aternative-bookmakers-page-betboom-cl-1536x687.webp 1536w, https:\/\/lahoradelgambling.com\/cl\/wp-content\/uploads\/sites\/2\/2024\/06\/aternative-bookmakers-page-betboom-cl.webp 1900w\" sizes=\"(max-width: 1024px) 100vw, 1024px\" \/><meta itemprop=\"contentUrl\" content=\"https:\/\/lahoradelgambling.com\/cl\/wp-content\/uploads\/sites\/2\/2024\/06\/aternative-bookmakers-page-betboom-cl-1024x458.webp\"><\/div>    <p>La casa de apuestas BetBoom es una plataforma con <b>licencia de Curazao<\/b> (n\u00famero 8048\/JAZ2015-022) que se dirige al mercado chileno de forma directa. Posee m\u00e1s de 5.000 juegos de casino, atenci\u00f3n al cliente por llamada telef\u00f3nica, retransmisi\u00f3n en vivo, dise\u00f1o responsivo para m\u00f3viles y mucho m\u00e1s.<\/p>    <div class=\"wp-block-table\"><table class=\"has-fixed-layout\"><thead><tr><th>Pros de BetBoom para Chile<\/th><th>Contras de BetBoom para Chile<\/th><\/tr><\/thead><tbody><tr><td>Tiene servicio de streaming para usuarios registrados<\/td><td>Dise\u00f1o web para m\u00f3viles, no para computadoras<\/td><\/tr><tr><td>Expresi\u00f3n monetaria y m\u00e9todos de pago en pesos chilenos<\/td><td>Aplica restricciones geogr\u00e1ficas<\/td><\/tr><tr><td>M\u00faltiples canales de comunicaci\u00f3n y atenci\u00f3n al cliente en espa\u00f1ol<\/td><td>No es muy conocida en Chile<\/td><\/tr><tr><td>Tiene app m\u00f3vil para Android e iOS<\/td><td>Su descarga en tiendas de aplicaciones oficiales solo est\u00e1 disponible en la App Store<\/td><\/tr><\/tbody><\/table><\/div>    <section class=\"wp-block-hc-alternate-group-section\"> <h3 class=\"wp-block-heading\">Bono principal de BetBoom<\/h3>    <p>El bono de bienvenida de BetBoom para Chile consiste en cargar <b>hasta $415.000 pesos<\/b> directamente al saldo, equivalente al <b>100% del primer dep\u00f3sito<\/b>, adem\u00e1s de sumar freebets o apuestas gratis por el valor de <b>$12.500 pesos<\/b>.<\/p> <\/section>    <div class=\"wp-block-buttons is-content-justification-center is-layout-flex wp-container-core-buttons-is-layout-3 wp-block-buttons-is-layout-flex\"> <div class=\"wp-block-button\"><a class=\"wp-block-button__link wp-element-button\" href=\"https:\/\/cllink.lahoradelgambling.com\/?betboom=JqMxL7k\" target=\"_blank\" rel=\"nofollow noreferrer noopener\">Visita Betboom<\/a><\/div> <\/div> <\/section>","protected":false},"excerpt":{"rendered":"","protected":false},"author":19,"featured_media":10942,"parent":0,"menu_order":0,"comment_status":"closed","ping_status":"closed","template":"","meta":{"_acf_changed":false,"footnotes":""},"page_categories":[],"acf":[],"yoast_head":"<!-- This site is optimized with the Yoast SEO plugin v24.5 - https:\/\/yoast.com\/wordpress\/plugins\/seo\/ -->\n<title>Casas de apuestas deportivas en Chile que est\u00e1n disponibles para todos<\/title>\n<meta name=\"description\" content=\"\u00bfTienes problemas para apostar en Chile? Eso ya no es un problema porque en este art\u00edculo te mostramos casas de apuestas alternativas que puedes usar\" \/>\n<meta name=\"robots\" content=\"index, follow, max-snippet:-1, max-image-preview:large, max-video-preview:-1\" \/>\n<meta property=\"og:locale\" content=\"es_ES\" \/>\n<meta property=\"og:type\" content=\"article\" \/>\n<meta property=\"og:title\" content=\"Casas de apuestas deportivas en Chile que est\u00e1n disponibles para todos\" \/>\n<meta property=\"og:description\" content=\"\u00bfTienes problemas para apostar en Chile? Eso ya no es un problema porque en este art\u00edculo te mostramos casas de apuestas alternativas que puedes usar\" \/>\n<meta property=\"og:url\" content=\"https:\/\/lahoradelgambling.com\/cl\/problemas-tecnicos\/\" \/>\n<meta property=\"og:site_name\" content=\"lahoradelgambling CL\" \/>\n<meta property=\"article:modified_time\" content=\"2024-06-17T09:00:16+00:00\" \/>\n<meta property=\"og:image\" content=\"https:\/\/lahoradelgambling.com\/cl\/wp-content\/uploads\/sites\/2\/2024\/06\/aternative-bookmakers-page-problemas-cl.webp\" \/>\n\t<meta property=\"og:image:width\" content=\"1900\" \/>\n\t<meta property=\"og:image:height\" content=\"850\" \/>\n\t<meta property=\"og:image:type\" content=\"image\/webp\" \/>\n<meta name=\"twitter:card\" content=\"summary_large_image\" \/>\n<meta name=\"twitter:label1\" content=\"Tiempo estimado de lectura\" \/>\n\t<meta name=\"twitter:data1\" content=\"4 minutos\" \/>\n<!-- \/ Yoast SEO plugin. -->","yoast_head_json":{"title":"Casas de apuestas deportivas en Chile que est\u00e1n disponibles para todos","description":"\u00bfTienes problemas para apostar en Chile? Eso ya no es un problema porque en este art\u00edculo te mostramos casas de apuestas alternativas que puedes usar","robots":{"index":"index","follow":"follow","max-snippet":"max-snippet:-1","max-image-preview":"max-image-preview:large","max-video-preview":"max-video-preview:-1"},"og_locale":"es_ES","og_type":"article","og_title":"Casas de apuestas deportivas en Chile que est\u00e1n disponibles para todos","og_description":"\u00bfTienes problemas para apostar en Chile? Eso ya no es un problema porque en este art\u00edculo te mostramos casas de apuestas alternativas que puedes usar","og_url":"https:\/\/lahoradelgambling.com\/cl\/problemas-tecnicos\/","og_site_name":"lahoradelgambling CL","article_modified_time":"2024-06-17T09:00:16+00:00","og_image":[{"width":1900,"height":850,"url":"https:\/\/lahoradelgambling.com\/cl\/wp-content\/uploads\/sites\/2\/2024\/06\/aternative-bookmakers-page-problemas-cl.webp","type":"image\/webp"}],"twitter_card":"summary_large_image","twitter_misc":{"Tiempo estimado de lectura":"4 minutos"},"schema":{"@context":"https:\/\/schema.org","@graph":[{"@type":"WebPage","@id":"https:\/\/lahoradelgambling.com\/cl\/problemas-tecnicos\/","url":"https:\/\/lahoradelgambling.com\/cl\/problemas-tecnicos\/","name":"Casas de apuestas deportivas en Chile que est\u00e1n disponibles para todos","isPartOf":{"@id":"https:\/\/lahoradelgambling.com\/cl\/#website"},"primaryImageOfPage":{"@id":"https:\/\/lahoradelgambling.com\/cl\/problemas-tecnicos\/#primaryimage"},"image":{"@id":"https:\/\/lahoradelgambling.com\/cl\/problemas-tecnicos\/#primaryimage"},"thumbnailUrl":"https:\/\/lahoradelgambling.com\/cl\/wp-content\/uploads\/sites\/2\/2024\/06\/aternative-bookmakers-page-problemas-cl.webp","datePublished":"2024-06-17T09:00:12+00:00","dateModified":"2024-06-17T09:00:16+00:00","description":"\u00bfTienes problemas para apostar en Chile? Eso ya no es un problema porque en este art\u00edculo te mostramos casas de apuestas alternativas que puedes usar","breadcrumb":{"@id":"https:\/\/lahoradelgambling.com\/cl\/problemas-tecnicos\/#breadcrumb"},"inLanguage":"es-CL","potentialAction":[{"@type":"ReadAction","target":["https:\/\/lahoradelgambling.com\/cl\/problemas-tecnicos\/"]}]},{"@type":"ImageObject","inLanguage":"es-CL","@id":"https:\/\/lahoradelgambling.com\/cl\/problemas-tecnicos\/#primaryimage","url":"https:\/\/lahoradelgambling.com\/cl\/wp-content\/uploads\/sites\/2\/2024\/06\/aternative-bookmakers-page-problemas-cl.webp","contentUrl":"https:\/\/lahoradelgambling.com\/cl\/wp-content\/uploads\/sites\/2\/2024\/06\/aternative-bookmakers-page-problemas-cl.webp","width":1900,"height":850,"caption":"\u00bfQu\u00e9 hacer si hay problemas con la casa de apuestas?"},{"@type":"BreadcrumbList","@id":"https:\/\/lahoradelgambling.com\/cl\/problemas-tecnicos\/#breadcrumb","itemListElement":[{"@type":"ListItem","position":1,"name":"Lahoradelgambling","item":"https:\/\/lahoradelgambling.com\/cl\/"},{"@type":"ListItem","position":2,"name":"Opps, parece que esta casa de apuestas tiene problemas"}]},{"@type":"WebSite","@id":"https:\/\/lahoradelgambling.com\/cl\/#website","url":"https:\/\/lahoradelgambling.com\/cl\/","name":"lahoradelgambling CL","description":"","publisher":{"@id":"https:\/\/lahoradelgambling.com\/cl\/#organization"},"potentialAction":[{"@type":"SearchAction","target":{"@type":"EntryPoint","urlTemplate":"https:\/\/lahoradelgambling.com\/cl\/?s={search_term_string}"},"query-input":{"@type":"PropertyValueSpecification","valueRequired":true,"valueName":"search_term_string"}}],"inLanguage":"es-CL"},{"@type":"Organization","@id":"https:\/\/lahoradelgambling.com\/cl\/#organization","name":"lahoradelgambling CL","url":"https:\/\/lahoradelgambling.com\/cl\/","logo":{"@type":"ImageObject","inLanguage":"es-CL","@id":"https:\/\/lahoradelgambling.com\/cl\/#\/schema\/logo\/image\/","url":"https:\/\/lahoradelgambling.com\/cl\/wp-content\/uploads\/sites\/2\/2023\/11\/logo_cl.svg","contentUrl":"https:\/\/lahoradelgambling.com\/cl\/wp-content\/uploads\/sites\/2\/2023\/11\/logo_cl.svg","caption":"lahoradelgambling CL"},"image":{"@id":"https:\/\/lahoradelgambling.com\/cl\/#\/schema\/logo\/image\/"}}]}},"_links":{"self":[{"href":"https:\/\/lahoradelgambling.com\/cl\/wp-json\/wp\/v2\/pages\/10933"}],"collection":[{"href":"https:\/\/lahoradelgambling.com\/cl\/wp-json\/wp\/v2\/pages"}],"about":[{"href":"https:\/\/lahoradelgambling.com\/cl\/wp-json\/wp\/v2\/types\/page"}],"author":[{"embeddable":true,"href":"https:\/\/lahoradelgambling.com\/cl\/wp-json\/wp\/v2\/users\/19"}],"replies":[{"embeddable":true,"href":"https:\/\/lahoradelgambling.com\/cl\/wp-json\/wp\/v2\/comments?post=10933"}],"version-history":[{"count":3,"href":"https:\/\/lahoradelgambling.com\/cl\/wp-json\/wp\/v2\/pages\/10933\/revisions"}],"predecessor-version":[{"id":10941,"href":"https:\/\/lahoradelgambling.com\/cl\/wp-json\/wp\/v2\/pages\/10933\/revisions\/10941"}],"wp:featuredmedia":[{"embeddable":true,"href":"https:\/\/lahoradelgambling.com\/cl\/wp-json\/wp\/v2\/media\/10942"}],"wp:attachment":[{"href":"https:\/\/lahoradelgambling.com\/cl\/wp-json\/wp\/v2\/media?parent=10933"}],"wp:term":[{"taxonomy":"page_categories","embeddable":true,"href":"https:\/\/lahoradelgambling.com\/cl\/wp-json\/wp\/v2\/page_categories?post=10933"}],"curies":[{"name":"wp","href":"https:\/\/api.w.org\/{rel}","templated":true}]}}