{"id":10923,"date":"2024-06-12T16:38:07","date_gmt":"2024-06-12T13:38:07","guid":{"rendered":"https:\/\/lahoradelgambling.com\/cl\/?page_id=10923"},"modified":"2024-06-21T18:31:58","modified_gmt":"2024-06-21T15:31:58","slug":"cashout-en-bet365","status":"publish","type":"page","link":"https:\/\/lahoradelgambling.com\/cl\/casas-de-apuestas\/bet365\/cashout-en-bet365\/","title":{"rendered":"Bet365 Cash out"},"content":{"rendered":"<section class=\"wp-block-hc-alternate-group-section\"> <h2 class=\"wp-block-heading\">\u00bfQu\u00e9 es un cash out?<\/h2>    <div itemscope=\"\" itemtype=\"https:\/\/schema.org\/ImageObject\" class=\"get-image schema-image-object-content wp-block-image size-large\"><img width=\"1024\" height=\"458\" src=\"https:\/\/lahoradelgambling.com\/cl\/wp-content\/uploads\/sites\/2\/2024\/06\/bet365-review-cl-que-es-un-cash-out-1024x458.webp\" alt=\"Bet365 Chile Cash Out Review\" class=\"wp-image-10930\" loading=\"lazy\" decoding=\"async\" srcset=\"https:\/\/lahoradelgambling.com\/cl\/wp-content\/uploads\/sites\/2\/2024\/06\/bet365-review-cl-que-es-un-cash-out-1024x458.webp 1024w, https:\/\/lahoradelgambling.com\/cl\/wp-content\/uploads\/sites\/2\/2024\/06\/bet365-review-cl-que-es-un-cash-out-300x134.webp 300w, https:\/\/lahoradelgambling.com\/cl\/wp-content\/uploads\/sites\/2\/2024\/06\/bet365-review-cl-que-es-un-cash-out-150x67.webp 150w, https:\/\/lahoradelgambling.com\/cl\/wp-content\/uploads\/sites\/2\/2024\/06\/bet365-review-cl-que-es-un-cash-out-768x344.webp 768w, https:\/\/lahoradelgambling.com\/cl\/wp-content\/uploads\/sites\/2\/2024\/06\/bet365-review-cl-que-es-un-cash-out-1536x687.webp 1536w, https:\/\/lahoradelgambling.com\/cl\/wp-content\/uploads\/sites\/2\/2024\/06\/bet365-review-cl-que-es-un-cash-out.webp 1900w\" sizes=\"(max-width: 1024px) 100vw, 1024px\" \/><meta itemprop=\"contentUrl\" content=\"https:\/\/lahoradelgambling.com\/cl\/wp-content\/uploads\/sites\/2\/2024\/06\/bet365-review-cl-que-es-un-cash-out-1024x458.webp\"><\/div>    <p>Como apostadores, es imposible que controlemos todos los aspectos que son capaces de determinar el resultado de un evento deportivo. Como consecuencia, por muchos puntos que hayamos considerado al decidir por qui\u00e9n apostar, quiz\u00e1s un partido no se est\u00e9 encaminando a nuestro favor. En estas ocasiones, puedes usar la <b>opci\u00f3n de cash out en Bet365<\/b>.<\/p>    <p>El cash out es una funci\u00f3n en la casa de apuesta que <b>te permite cerrar una apuesta<\/b> que hayas realizado. El objetivo de esto es que tengas la oportunidad de retirarte a tiempo para que reduzcas las p\u00e9rdidas o hasta recibas parte de las ganancias que calculabas que obtendr\u00edas.<\/p>    <p>En Bet365, la opci\u00f3n de la que te hablamos recibe el nombre \u201cCerrar apuesta\u201d y con ella puedes tener un <b>mejor control de tus apuestas<\/b>. El cierre que se haga con este servicio puede ser completo o parcial. En este \u00faltimo caso, una parte del dinero permanece en la apuesta.<\/p>    <section class=\"wp-block-hc-alternate-group-section\"> <h3 class=\"wp-block-heading\">Ejemplo<\/h3>    <p>Nos gustar\u00eda hablarte un poco m\u00e1s del funcionamiento del cash out en Bet365 y, a la vez, darte un ejemplo del mismo. Uno de los aspectos que queremos que conozcas de esta opci\u00f3n es que el monto a retirar no siempre va a ser el mismo que el que apostaste. Este <b>var\u00eda por las posibilidades del partido<\/b>.<\/p>    <p>Adem\u00e1s, queremos advertirte que no es v\u00e1lido que hagas apuestas con un alto nivel de riesgo porque piensas que el cash out te ayudar\u00e1 en caso de emergencia. Lo anterior no se debe hacer porque el cerrar apuesta <b>no siempre se pone a disposici\u00f3n del usuario<\/b>, por ejemplo, este no se suele encontrar en apuestas en vivo.<\/p>    <p>Ahora, hablemos de un ejemplo de cu\u00e1ndo cerrar apuestas en Bet365 y c\u00f3mo te ayudar\u00eda en cada caso. Supongamos que haces una apuesta con las caracter\u00edsticas que se mencionan en el siguiente cuadro:<\/p>    <div class=\"wp-block-table\"><table class=\"has-fixed-layout\"><tbody><tr><td><b>Evento deportivo<\/b><\/td><td>Real Madrid vs Barcelona<\/td><\/tr><tr><td><b>Tu apuesta<\/b><\/td><td>Real Madrid ganar\u00e1<\/td><\/tr><tr><td><b>Opci\u00f3n 1<\/b><\/td><td>Cuando se llega al medio tiempo, el marcador es 2 &#8211; 0 a favor del Real Madrid.<\/td><\/tr><tr><td><b>\u00bfQu\u00e9 ocurre si cierras la apuesta ahora?<\/b><\/td><td>En caso de que consideres que es probable que el Barcelona remonte, puedes cerrar la apuesta para asegurar ganancias.<\/td><\/tr><tr><td><b>Opci\u00f3n 2<\/b><\/td><td>En el medio tiempo, el Real Madrid pierde 1 &#8211; 0.<\/td><\/tr><tr><td><b>\u00bfQu\u00e9 ocurre si cierras la apuesta ahora?<\/b><\/td><td>La funci\u00f3n \u201cCerrar apuesta\u201d es la mejor para reducir tus p\u00e9rdidas.<\/td><\/tr><\/tbody><\/table><\/div> <\/section>    <section class=\"wp-block-hc-alternate-group-section\"> <h3 class=\"wp-block-heading\">Pros y contras de esta oferta<\/h3>    <p>Como ya te pudiste dar cuenta con nuestra explicaci\u00f3n de qu\u00e9 es cerrar apuesta en Bet365, su mayor ventaja es que permite <b>maximizar ganancias y disminuir p\u00e9rdidas<\/b>. El conseguir esto hace que esta funci\u00f3n tenga a\u00fan m\u00e1s beneficios, a continuaci\u00f3n, te especificamos algunos:<\/p>    <ul> <li><b>Mayor flexibilidad<\/b>: la segunda ventaja se genera porque el cash out te ayuda a adaptarte al desarrollo del evento deportivo.<\/li>    <li><b>Protecci\u00f3n de tus fondos<\/b>: el cierre te da la oportunidad de tomar una decisi\u00f3n estrat\u00e9gica con la que protejas los fondos disponibles para tus apuestas.<\/li>    <li><b>Opci\u00f3n de autocierre<\/b>: te permite crear una norma en tu apuesta que establezca bajo qu\u00e9 condiciones esta se cierra total o parcialmente.<\/li> <\/ul>    <p>Aunque es de mucha ayuda, el cash out <b>no es una herramienta perfecta<\/b> ya que tienes sus desventajas, estas son:<\/p>    <ul> <li><b>Disponibilidad<\/b>: no est\u00e1 en todos los tipos de apuestas.<\/li>    <li><b>Posibilidad de equivocarte<\/b>: si retiras tu apuesta y el resultado del partido te hubiera favorecido, renunciaste a las ganancias que pudiste haber obtenido.<\/li> <\/ul> <\/section> <\/section>    <section class=\"wp-block-hc-alternate-group-section\"> <h2 class=\"wp-block-heading\">\u00bfC\u00f3mo hacer un cash out en Bet365?<\/h2>    <div itemscope=\"\" itemtype=\"https:\/\/schema.org\/ImageObject\" class=\"get-image schema-image-object-content wp-block-image size-large\"><img width=\"1024\" height=\"458\" src=\"https:\/\/lahoradelgambling.com\/cl\/wp-content\/uploads\/sites\/2\/2024\/06\/bet365-review-cl-hacer-1024x458.webp\" alt=\"Instrucciones de Cashout de Bet365\" class=\"wp-image-10929\" loading=\"lazy\" decoding=\"async\" srcset=\"https:\/\/lahoradelgambling.com\/cl\/wp-content\/uploads\/sites\/2\/2024\/06\/bet365-review-cl-hacer-1024x458.webp 1024w, https:\/\/lahoradelgambling.com\/cl\/wp-content\/uploads\/sites\/2\/2024\/06\/bet365-review-cl-hacer-300x134.webp 300w, https:\/\/lahoradelgambling.com\/cl\/wp-content\/uploads\/sites\/2\/2024\/06\/bet365-review-cl-hacer-150x67.webp 150w, https:\/\/lahoradelgambling.com\/cl\/wp-content\/uploads\/sites\/2\/2024\/06\/bet365-review-cl-hacer-768x344.webp 768w, https:\/\/lahoradelgambling.com\/cl\/wp-content\/uploads\/sites\/2\/2024\/06\/bet365-review-cl-hacer-1536x687.webp 1536w, https:\/\/lahoradelgambling.com\/cl\/wp-content\/uploads\/sites\/2\/2024\/06\/bet365-review-cl-hacer.webp 1900w\" sizes=\"(max-width: 1024px) 100vw, 1024px\" \/><meta itemprop=\"contentUrl\" content=\"https:\/\/lahoradelgambling.com\/cl\/wp-content\/uploads\/sites\/2\/2024\/06\/bet365-review-cl-hacer-1024x458.webp\"><\/div>    <p>La opci\u00f3n del cash out en Bet365 es f\u00e1cil de entender y tambi\u00e9n <b>se aplica con sencillez<\/b>. Si has decidido valerte de esta \u00fatil herramienta, los pasos a seguir en la <a href=\"https:\/\/lahoradelgambling.com\/casas-de-apuestas\/aplicaciones\/bet365-app\/\" target=\"_blank\" rel=\"noreferrer noopener\">Bet365 app<\/a> o en su web son:<\/p>    <ol> <li><b>Abrir tu usuario en Bet365<\/b>: Bet365 no est\u00e1 disponible en Chile, as\u00ed que tienes que usar un VPN para entrar a la web, registrarte y apostar. Para iniciar sesi\u00f3n, entra a la p\u00e1gina de Bet365 y presiona en \u201cAcceder\u201d, esto lo haces con tu usuario y contrase\u00f1a.<\/li>    <li><b>Entrar a tus apuestas<\/b>: dir\u00edgete a \u201cMis apuestas\u201d y, en esta secci\u00f3n, a la pesta\u00f1a \u201cCerrar apuesta\u201d. All\u00ed se indicar\u00e1 cu\u00e1les son las que tienen la opci\u00f3n disponible y se mostrar\u00e1n los marcadores y el precio actual.<\/li>    <li><b>Completar el proceso<\/b>: si decides seguir con el cash out, pulsa el bot\u00f3n titulado \u201cCerrar apuesta\u201d. Por lo general, la solicitud se procesa de inmediato, al menos que los precios est\u00e9n variando con mucha regularidad.<\/li> <\/ol> <\/section>    <section class=\"wp-block-hc-alternate-group-section\"> <h2 class=\"wp-block-heading\">Tipos de cash out en Bet365<\/h2>    <div itemscope=\"\" itemtype=\"https:\/\/schema.org\/ImageObject\" class=\"get-image schema-image-object-content wp-block-image size-large\"><img width=\"1024\" height=\"458\" src=\"https:\/\/lahoradelgambling.com\/cl\/wp-content\/uploads\/sites\/2\/2024\/06\/bet365-review-cl-tipos-1024x458.webp\" alt=\"\u00bfQu\u00e9 tipos de Cash outs ofrece Bet365?\" class=\"wp-image-10928\" loading=\"lazy\" decoding=\"async\" srcset=\"https:\/\/lahoradelgambling.com\/cl\/wp-content\/uploads\/sites\/2\/2024\/06\/bet365-review-cl-tipos-1024x458.webp 1024w, https:\/\/lahoradelgambling.com\/cl\/wp-content\/uploads\/sites\/2\/2024\/06\/bet365-review-cl-tipos-300x134.webp 300w, https:\/\/lahoradelgambling.com\/cl\/wp-content\/uploads\/sites\/2\/2024\/06\/bet365-review-cl-tipos-150x67.webp 150w, https:\/\/lahoradelgambling.com\/cl\/wp-content\/uploads\/sites\/2\/2024\/06\/bet365-review-cl-tipos-768x344.webp 768w, https:\/\/lahoradelgambling.com\/cl\/wp-content\/uploads\/sites\/2\/2024\/06\/bet365-review-cl-tipos-1536x687.webp 1536w, https:\/\/lahoradelgambling.com\/cl\/wp-content\/uploads\/sites\/2\/2024\/06\/bet365-review-cl-tipos.webp 1900w\" sizes=\"(max-width: 1024px) 100vw, 1024px\" \/><meta itemprop=\"contentUrl\" content=\"https:\/\/lahoradelgambling.com\/cl\/wp-content\/uploads\/sites\/2\/2024\/06\/bet365-review-cl-tipos-1024x458.webp\"><\/div>    <p>Los tipos de cierres de apuestas a los que puedes acceder desde tu usuario son los analizados a continuaci\u00f3n:<\/p>    <ul> <li><b>Autocierre<\/b>: si el l\u00edmite de p\u00e9rdida es alcanzado o excedido, la apuesta se cierra de forma autom\u00e1tica. Para configurar esta opci\u00f3n, haz clic en el \u00edcono de ajustes que est\u00e1 junto a \u201cCerrar apuesta\u201d. Luego, selecciona \u201cCrear regla\u201d.<\/li>    <li><b>Cierre de apuesta total<\/b>: con ella retiras todo el dinero que has apostado. Claro, el monto que recibes suele ser menor al que invertiste originalmente, pero incluso as\u00ed te permite recuperar una parte del dinero.<\/li>    <li><b>Cierre de apuesta parcial<\/b>: perfecto para diversificar tu riesgo. Al dejar una parte del dinero en la apuesta puedes recibir un porcentaje de las ganancias deseadas al principio en caso de que las condiciones del partido cambien y te favorezcan nuevamente.<\/li> <\/ul> <\/section>    <section class=\"wp-block-hc-alternate-group-section\"> <h2 class=\"wp-block-heading\">Preguntas frecuentes sobre el retiro de dinero en Bet365<\/h2>   \t<div class=\"faq-section\" itemscope itemtype=\"https:\/\/schema.org\/FAQPage\">  \t\t\t\t\t<div class=\"item\" itemscope itemprop=\"mainEntity\" itemtype=\"https:\/\/schema.org\/Question\">  \t\t\t\t<div class=\"faq_question\">  \t\t\t\t\t<div class=\"count\">01<\/div>  \t\t\t\t\t<div itemprop=\"name\">  \t\t\t\t\t\t\u00bfQu\u00e9 es un cash out en apuestas?\t\t\t\t\t<\/div>  \t\t\t\t\t<span class=\"faq_arrow\">                          <i class=\"fa-sharp fa-light fa-chevron-down\"><\/i>                      <\/span>  \t\t\t\t<\/div>  \t\t\t\t<div class=\"faq_answer\" itemscope itemprop=\"acceptedAnswer\" itemtype=\"https:\/\/schema.org\/Answer\">  \t\t\t\t\t<div itemprop=\"text\">  \t\t\t\t\t\tEs una <b>funci\u00f3n que te permite cerrar tu apuesta,<\/b> es decir, retirar el dinero invertido de forma total o parcial.\t\t\t\t\t<\/div>  \t\t\t\t<\/div>  \t\t\t<\/div>  \t\t\t\t\t<div class=\"item\" itemscope itemprop=\"mainEntity\" itemtype=\"https:\/\/schema.org\/Question\">  \t\t\t\t<div class=\"faq_question\">  \t\t\t\t\t<div class=\"count\">02<\/div>  \t\t\t\t\t<div itemprop=\"name\">  \t\t\t\t\t\t\u00bfC\u00f3mo hacer cash out en Bet365?\t\t\t\t\t<\/div>  \t\t\t\t\t<span class=\"faq_arrow\">                          <i class=\"fa-sharp fa-light fa-chevron-down\"><\/i>                      <\/span>  \t\t\t\t<\/div>  \t\t\t\t<div class=\"faq_answer\" itemscope itemprop=\"acceptedAnswer\" itemtype=\"https:\/\/schema.org\/Answer\">  \t\t\t\t\t<div itemprop=\"text\">  \t\t\t\t\t\tPara esto, entra a \u201cMis apuestas\u201d, luego, <b>presiona en \u201cCerrar apuesta\u201d<\/b> para que conozcas las apuestas en las que est\u00e1 disponible la opci\u00f3n.\t\t\t\t\t<\/div>  \t\t\t\t<\/div>  \t\t\t<\/div>  \t\t\t\t\t<div class=\"item\" itemscope itemprop=\"mainEntity\" itemtype=\"https:\/\/schema.org\/Question\">  \t\t\t\t<div class=\"faq_question\">  \t\t\t\t\t<div class=\"count\">03<\/div>  \t\t\t\t\t<div itemprop=\"name\">  \t\t\t\t\t\t\u00bfQu\u00e9 pasa cuando cierras una apuesta en Bet365?\t\t\t\t\t<\/div>  \t\t\t\t\t<span class=\"faq_arrow\">                          <i class=\"fa-sharp fa-light fa-chevron-down\"><\/i>                      <\/span>  \t\t\t\t<\/div>  \t\t\t\t<div class=\"faq_answer\" itemscope itemprop=\"acceptedAnswer\" itemtype=\"https:\/\/schema.org\/Answer\">  \t\t\t\t\t<div itemprop=\"text\">  \t\t\t\t\t\tCuando lo haces, <b>recibes un monto que puede ser mayor o menor<\/b> al apostado originalmente, esto depende de las probabilidades del partido.\t\t\t\t\t<\/div>  \t\t\t\t<\/div>  \t\t\t<\/div>  \t\t\t\t\t<div class=\"item\" itemscope itemprop=\"mainEntity\" itemtype=\"https:\/\/schema.org\/Question\">  \t\t\t\t<div class=\"faq_question\">  \t\t\t\t\t<div class=\"count\">04<\/div>  \t\t\t\t\t<div itemprop=\"name\">  \t\t\t\t\t\t\u00bfEs legal apostar por Bet365?\t\t\t\t\t<\/div>  \t\t\t\t\t<span class=\"faq_arrow\">                          <i class=\"fa-sharp fa-light fa-chevron-down\"><\/i>                      <\/span>  \t\t\t\t<\/div>  \t\t\t\t<div class=\"faq_answer\" itemscope itemprop=\"acceptedAnswer\" itemtype=\"https:\/\/schema.org\/Answer\">  \t\t\t\t\t<div itemprop=\"text\">  \t\t\t\t\t\tS\u00ed ya que la casa de apuestas <b>est\u00e1 regulada y licenciada por la Malta Gaming Authority,<\/b> la licencia tiene el n\u00famero MGA\/B2C\/531\/2018.\t\t\t\t\t<\/div>  \t\t\t\t<\/div>  \t\t\t<\/div>  \t\t\t<\/div>  <\/section>    <section class=\"wp-block-hc-alternate-group-section\"> <h2 class=\"wp-block-heading\">Conclusi\u00f3n: \u00bfVale la pena hacer cash out en Bet365?<\/h2>    <div itemscope=\"\" itemtype=\"https:\/\/schema.org\/ImageObject\" class=\"get-image schema-image-object-content wp-block-image size-large\"><img width=\"1024\" height=\"458\" src=\"https:\/\/lahoradelgambling.com\/cl\/wp-content\/uploads\/sites\/2\/2024\/06\/bet365-review-cl-conclusion-1024x458.webp\" alt=\"\u00bfMerece la pena utilizar cash outs en Bet365?\" class=\"wp-image-10927\" loading=\"lazy\" decoding=\"async\" srcset=\"https:\/\/lahoradelgambling.com\/cl\/wp-content\/uploads\/sites\/2\/2024\/06\/bet365-review-cl-conclusion-1024x458.webp 1024w, https:\/\/lahoradelgambling.com\/cl\/wp-content\/uploads\/sites\/2\/2024\/06\/bet365-review-cl-conclusion-300x134.webp 300w, https:\/\/lahoradelgambling.com\/cl\/wp-content\/uploads\/sites\/2\/2024\/06\/bet365-review-cl-conclusion-150x67.webp 150w, https:\/\/lahoradelgambling.com\/cl\/wp-content\/uploads\/sites\/2\/2024\/06\/bet365-review-cl-conclusion-768x344.webp 768w, https:\/\/lahoradelgambling.com\/cl\/wp-content\/uploads\/sites\/2\/2024\/06\/bet365-review-cl-conclusion-1536x687.webp 1536w, https:\/\/lahoradelgambling.com\/cl\/wp-content\/uploads\/sites\/2\/2024\/06\/bet365-review-cl-conclusion.webp 1900w\" sizes=\"(max-width: 1024px) 100vw, 1024px\" \/><meta itemprop=\"contentUrl\" content=\"https:\/\/lahoradelgambling.com\/cl\/wp-content\/uploads\/sites\/2\/2024\/06\/bet365-review-cl-conclusion-1024x458.webp\"><\/div>    <p>La opci\u00f3n de cerrar apuesta se une a las dem\u00e1s ventajas que tiene esta plataforma, como el <a href=\"https:\/\/lahoradelgambling.com\/bono-de-bienvenida\/bet365-bono\/\" target=\"_blank\" rel=\"noreferrer noopener\">bono de Bet365<\/a>. Por ser una funci\u00f3n beneficiosa, te decimos que <b>claro que vale la pena usarla<\/b> ya que es f\u00e1cil hacerlo y existen varios tipos de cash out. Esto te permitir\u00e1 aprovechar al m\u00e1ximo tus fondos y minimizar tus p\u00e9rdidas.<\/p> <\/section>","protected":false},"excerpt":{"rendered":"","protected":false},"author":125,"featured_media":10930,"parent":5607,"menu_order":0,"comment_status":"closed","ping_status":"closed","template":"","meta":{"_acf_changed":false,"footnotes":""},"page_categories":[],"acf":[],"yoast_head":"<!-- This site is optimized with the Yoast SEO plugin v24.5 - https:\/\/yoast.com\/wordpress\/plugins\/seo\/ -->\n<title>\u00a1La opci\u00f3n de cash out en Bet365 est\u00e1 disponible! Con\u00f3cela aqu\u00ed<\/title>\n<meta name=\"description\" content=\"\u00bfNo se desarrolla un evento deportivo como lo pensabas al apostar? En ese caso, aprovecha la opci\u00f3n de cash out en Bet365, aqu\u00ed aprendes c\u00f3mo hacerlo\" \/>\n<meta name=\"robots\" content=\"index, follow, max-snippet:-1, max-image-preview:large, max-video-preview:-1\" \/>\n<meta property=\"og:locale\" content=\"es_ES\" \/>\n<meta property=\"og:type\" content=\"article\" \/>\n<meta property=\"og:title\" content=\"\u00a1La opci\u00f3n de cash out en Bet365 est\u00e1 disponible! Con\u00f3cela aqu\u00ed\" \/>\n<meta property=\"og:description\" content=\"\u00bfNo se desarrolla un evento deportivo como lo pensabas al apostar? En ese caso, aprovecha la opci\u00f3n de cash out en Bet365, aqu\u00ed aprendes c\u00f3mo hacerlo\" \/>\n<meta property=\"og:url\" content=\"https:\/\/lahoradelgambling.com\/cl\/casas-de-apuestas\/bet365\/cashout-en-bet365\/\" \/>\n<meta property=\"og:site_name\" content=\"lahoradelgambling CL\" \/>\n<meta property=\"article:modified_time\" content=\"2024-06-21T15:31:58+00:00\" \/>\n<meta property=\"og:image\" content=\"https:\/\/lahoradelgambling.com\/cl\/wp-content\/uploads\/sites\/2\/2024\/06\/bet365-review-cl-que-es-un-cash-out.webp\" \/>\n\t<meta property=\"og:image:width\" content=\"1900\" \/>\n\t<meta property=\"og:image:height\" content=\"850\" \/>\n\t<meta property=\"og:image:type\" content=\"image\/webp\" \/>\n<meta name=\"twitter:card\" content=\"summary_large_image\" \/>\n<meta name=\"twitter:label1\" content=\"Tiempo estimado de lectura\" \/>\n\t<meta name=\"twitter:data1\" content=\"6 minutos\" \/>\n<!-- \/ Yoast SEO plugin. -->","yoast_head_json":{"title":"\u00a1La opci\u00f3n de cash out en Bet365 est\u00e1 disponible! Con\u00f3cela aqu\u00ed","description":"\u00bfNo se desarrolla un evento deportivo como lo pensabas al apostar? En ese caso, aprovecha la opci\u00f3n de cash out en Bet365, aqu\u00ed aprendes c\u00f3mo hacerlo","robots":{"index":"index","follow":"follow","max-snippet":"max-snippet:-1","max-image-preview":"max-image-preview:large","max-video-preview":"max-video-preview:-1"},"og_locale":"es_ES","og_type":"article","og_title":"\u00a1La opci\u00f3n de cash out en Bet365 est\u00e1 disponible! Con\u00f3cela aqu\u00ed","og_description":"\u00bfNo se desarrolla un evento deportivo como lo pensabas al apostar? En ese caso, aprovecha la opci\u00f3n de cash out en Bet365, aqu\u00ed aprendes c\u00f3mo hacerlo","og_url":"https:\/\/lahoradelgambling.com\/cl\/casas-de-apuestas\/bet365\/cashout-en-bet365\/","og_site_name":"lahoradelgambling CL","article_modified_time":"2024-06-21T15:31:58+00:00","og_image":[{"width":1900,"height":850,"url":"https:\/\/lahoradelgambling.com\/cl\/wp-content\/uploads\/sites\/2\/2024\/06\/bet365-review-cl-que-es-un-cash-out.webp","type":"image\/webp"}],"twitter_card":"summary_large_image","twitter_misc":{"Tiempo estimado de lectura":"6 minutos"},"schema":{"@context":"https:\/\/schema.org","@graph":[{"@type":"WebPage","@id":"https:\/\/lahoradelgambling.com\/cl\/casas-de-apuestas\/bet365\/cashout-en-bet365\/","url":"https:\/\/lahoradelgambling.com\/cl\/casas-de-apuestas\/bet365\/cashout-en-bet365\/","name":"\u00a1La opci\u00f3n de cash out en Bet365 est\u00e1 disponible! Con\u00f3cela aqu\u00ed","isPartOf":{"@id":"https:\/\/lahoradelgambling.com\/cl\/#website"},"primaryImageOfPage":{"@id":"https:\/\/lahoradelgambling.com\/cl\/casas-de-apuestas\/bet365\/cashout-en-bet365\/#primaryimage"},"image":{"@id":"https:\/\/lahoradelgambling.com\/cl\/casas-de-apuestas\/bet365\/cashout-en-bet365\/#primaryimage"},"thumbnailUrl":"https:\/\/lahoradelgambling.com\/cl\/wp-content\/uploads\/sites\/2\/2024\/06\/bet365-review-cl-que-es-un-cash-out.webp","datePublished":"2024-06-12T13:38:07+00:00","dateModified":"2024-06-21T15:31:58+00:00","description":"\u00bfNo se desarrolla un evento deportivo como lo pensabas al apostar? En ese caso, aprovecha la opci\u00f3n de cash out en Bet365, aqu\u00ed aprendes c\u00f3mo hacerlo","breadcrumb":{"@id":"https:\/\/lahoradelgambling.com\/cl\/casas-de-apuestas\/bet365\/cashout-en-bet365\/#breadcrumb"},"inLanguage":"es-CL","potentialAction":[{"@type":"ReadAction","target":["https:\/\/lahoradelgambling.com\/cl\/casas-de-apuestas\/bet365\/cashout-en-bet365\/"]}]},{"@type":"ImageObject","inLanguage":"es-CL","@id":"https:\/\/lahoradelgambling.com\/cl\/casas-de-apuestas\/bet365\/cashout-en-bet365\/#primaryimage","url":"https:\/\/lahoradelgambling.com\/cl\/wp-content\/uploads\/sites\/2\/2024\/06\/bet365-review-cl-que-es-un-cash-out.webp","contentUrl":"https:\/\/lahoradelgambling.com\/cl\/wp-content\/uploads\/sites\/2\/2024\/06\/bet365-review-cl-que-es-un-cash-out.webp","width":1900,"height":850,"caption":"Bet365 Chile Cash Out Review"},{"@type":"BreadcrumbList","@id":"https:\/\/lahoradelgambling.com\/cl\/casas-de-apuestas\/bet365\/cashout-en-bet365\/#breadcrumb","itemListElement":[{"@type":"ListItem","position":1,"name":"Lahoradelgambling","item":"https:\/\/lahoradelgambling.com\/cl\/"},{"@type":"ListItem","position":2,"name":"Casas de apuestas","item":"https:\/\/lahoradelgambling.com\/cl\/casas-de-apuestas\/"},{"@type":"ListItem","position":3,"name":"Bet365 Chile","item":"https:\/\/lahoradelgambling.com\/cl\/casas-de-apuestas\/bet365\/"},{"@type":"ListItem","position":4,"name":"Bet365 Cash out"}]},{"@type":"WebSite","@id":"https:\/\/lahoradelgambling.com\/cl\/#website","url":"https:\/\/lahoradelgambling.com\/cl\/","name":"lahoradelgambling CL","description":"","publisher":{"@id":"https:\/\/lahoradelgambling.com\/cl\/#organization"},"potentialAction":[{"@type":"SearchAction","target":{"@type":"EntryPoint","urlTemplate":"https:\/\/lahoradelgambling.com\/cl\/?s={search_term_string}"},"query-input":{"@type":"PropertyValueSpecification","valueRequired":true,"valueName":"search_term_string"}}],"inLanguage":"es-CL"},{"@type":"Organization","@id":"https:\/\/lahoradelgambling.com\/cl\/#organization","name":"lahoradelgambling CL","url":"https:\/\/lahoradelgambling.com\/cl\/","logo":{"@type":"ImageObject","inLanguage":"es-CL","@id":"https:\/\/lahoradelgambling.com\/cl\/#\/schema\/logo\/image\/","url":"https:\/\/lahoradelgambling.com\/cl\/wp-content\/uploads\/sites\/2\/2023\/11\/logo_cl.svg","contentUrl":"https:\/\/lahoradelgambling.com\/cl\/wp-content\/uploads\/sites\/2\/2023\/11\/logo_cl.svg","caption":"lahoradelgambling CL"},"image":{"@id":"https:\/\/lahoradelgambling.com\/cl\/#\/schema\/logo\/image\/"}}]}},"_links":{"self":[{"href":"https:\/\/lahoradelgambling.com\/cl\/wp-json\/wp\/v2\/pages\/10923"}],"collection":[{"href":"https:\/\/lahoradelgambling.com\/cl\/wp-json\/wp\/v2\/pages"}],"about":[{"href":"https:\/\/lahoradelgambling.com\/cl\/wp-json\/wp\/v2\/types\/page"}],"author":[{"embeddable":true,"href":"https:\/\/lahoradelgambling.com\/cl\/wp-json\/wp\/v2\/users\/125"}],"replies":[{"embeddable":true,"href":"https:\/\/lahoradelgambling.com\/cl\/wp-json\/wp\/v2\/comments?post=10923"}],"version-history":[{"count":4,"href":"https:\/\/lahoradelgambling.com\/cl\/wp-json\/wp\/v2\/pages\/10923\/revisions"}],"predecessor-version":[{"id":11008,"href":"https:\/\/lahoradelgambling.com\/cl\/wp-json\/wp\/v2\/pages\/10923\/revisions\/11008"}],"up":[{"embeddable":true,"href":"https:\/\/lahoradelgambling.com\/cl\/wp-json\/wp\/v2\/pages\/5607"}],"wp:featuredmedia":[{"embeddable":true,"href":"https:\/\/lahoradelgambling.com\/cl\/wp-json\/wp\/v2\/media\/10930"}],"wp:attachment":[{"href":"https:\/\/lahoradelgambling.com\/cl\/wp-json\/wp\/v2\/media?parent=10923"}],"wp:term":[{"taxonomy":"page_categories","embeddable":true,"href":"https:\/\/lahoradelgambling.com\/cl\/wp-json\/wp\/v2\/page_categories?post=10923"}],"curies":[{"name":"wp","href":"https:\/\/api.w.org\/{rel}","templated":true}]}}