{"id":10909,"date":"2024-06-10T14:20:07","date_gmt":"2024-06-10T11:20:07","guid":{"rendered":"https:\/\/lahoradelgambling.com\/cl\/?page_id=10909"},"modified":"2024-06-21T20:12:51","modified_gmt":"2024-06-21T17:12:51","slug":"como-evaluamos-casas-de-apuestas","status":"publish","type":"page","link":"https:\/\/lahoradelgambling.com\/cl\/como-evaluamos-casas-de-apuestas\/","title":{"rendered":"C\u00f3mo valoramos las casas de apuestas"},"content":{"rendered":"<section class=\"wp-block-hc-alternate-group-section\"> <p>Nuestro equipo de expertos de LaHoradelGambling tiene como misi\u00f3n ofrecer\u00a0 informaci\u00f3n <b>contrastada, veraz y actualizada<\/b> para que los jugadores chilenos puedan elegir la <a href=\"https:\/\/lahoradelgambling.com\/cl\/\">mejor casa de apuestas<\/a> posible. En este post te contamos <b>c\u00f3mo evaluamos las casas de apuestas en Chile<\/b> y los criterios que utilizamos para elaborar nuestros rankings.<\/p> <\/section>    <section class=\"wp-block-hc-alternate-group-section\"> <h2 class=\"wp-block-heading\">Nuestros criterios para elegir las mejores plataformas de apuestas<\/h2>    <div itemscope=\"\" itemtype=\"https:\/\/schema.org\/ImageObject\" class=\"get-image schema-image-object-content wp-block-image size-large\"><img width=\"1024\" height=\"458\" src=\"https:\/\/lahoradelgambling.com\/cl\/wp-content\/uploads\/sites\/2\/2024\/06\/nuestros-criterios-para-elegir-las-mejores-plataformas-de-apuestas2-1024x458.webp\" alt=\"\u00bfQu\u00e9 criterios utilizan los expertos de lahoradelgambling en Chile para elegir la mejor casa de apuestas?\" class=\"wp-image-10921\" loading=\"lazy\" decoding=\"async\" srcset=\"https:\/\/lahoradelgambling.com\/cl\/wp-content\/uploads\/sites\/2\/2024\/06\/nuestros-criterios-para-elegir-las-mejores-plataformas-de-apuestas2-1024x458.webp 1024w, https:\/\/lahoradelgambling.com\/cl\/wp-content\/uploads\/sites\/2\/2024\/06\/nuestros-criterios-para-elegir-las-mejores-plataformas-de-apuestas2-300x134.webp 300w, https:\/\/lahoradelgambling.com\/cl\/wp-content\/uploads\/sites\/2\/2024\/06\/nuestros-criterios-para-elegir-las-mejores-plataformas-de-apuestas2-150x67.webp 150w, https:\/\/lahoradelgambling.com\/cl\/wp-content\/uploads\/sites\/2\/2024\/06\/nuestros-criterios-para-elegir-las-mejores-plataformas-de-apuestas2-768x344.webp 768w, https:\/\/lahoradelgambling.com\/cl\/wp-content\/uploads\/sites\/2\/2024\/06\/nuestros-criterios-para-elegir-las-mejores-plataformas-de-apuestas2-1536x687.webp 1536w, https:\/\/lahoradelgambling.com\/cl\/wp-content\/uploads\/sites\/2\/2024\/06\/nuestros-criterios-para-elegir-las-mejores-plataformas-de-apuestas2.webp 1900w\" sizes=\"(max-width: 1024px) 100vw, 1024px\" \/><meta itemprop=\"contentUrl\" content=\"https:\/\/lahoradelgambling.com\/cl\/wp-content\/uploads\/sites\/2\/2024\/06\/nuestros-criterios-para-elegir-las-mejores-plataformas-de-apuestas2-1024x458.webp\"><\/div>    <p>La evaluaci\u00f3n de las casas de apuestas en Chile se lleva a cabo por nuestros analistas mediante la puesta en marcha de una serie de criterios. Con ellos, comprueban en profundidad la<b> calidad, legalidad y fiabilidad <\/b>de cada una de ellas:<\/p>    <ul> <li>Seguridad<\/li>    <li>Programa de bonos&nbsp;<\/li>    <li>M\u00e9todos de pago<\/li>    <li>Mercado de apuestas y cuotas<\/li>    <li>Juegos de casino y proveedores<\/li>    <li>Aplicaciones m\u00f3viles<\/li>    <li>Servicio de atenci\u00f3n al cliente<\/li> <\/ul>    <section class=\"wp-block-hc-alternate-group-section\"> <h3 class=\"wp-block-heading\">Seguridad<\/h3>    <p>La <b>seguridad <\/b>es un criterio fundamental al momento de analizar una casa de apuestas, ya que, jugar en una casa ilegal puede traer consecuencias peligrosas al usuario. En el \u00e1mbito de la seguridad tenemos en cuenta los siguientes factores:<\/p>    <ul> <li><b>Licencia local:<\/b> Si bien los casinos f\u00edsicos cuentan con la autorizaci\u00f3n legal de la Superintendencia de Chile, todav\u00eda no est\u00e1 permitido dar licencias a las casas de apuestas online. Por este motivo, la licencia local es uno de los factores que debemos tomar en cuenta a la hora de evaluar un portal de juego.<\/li>    <li><b>Licencia extranjera: <\/b>En el caso del p\u00fablico chileno, las licencias extranjeras son fundamentales para poder apostar de modo seguro. Los jugadores pueden disfrutar de casinos online regulados por licencias extranjeras, como la de Curazao o la de Canad\u00e1, sin infringir las leyes de su pa\u00eds.<\/li>    <li><b>Est\u00e1ndares de seguridad: <\/b>Las casas de apuestas con m\u00e9todos de encriptaci\u00f3n para proteger los datos, como el certificado SSL, reciben una mejor valoraci\u00f3n frente a los que no los tienen.<\/li>    <li><b>Juego Responsable:<\/b> Una casa de apuestas confiable debe disponer de un apartado dedicado al juego responsable, con herramientas eficientes de ayuda para evitar el juego da\u00f1ino.<\/li>    <li><b>Patrocinios:<\/b> Los patrocinios con clubes deportivos a\u00f1aden un extra de confianza y prestigio a la casa de apuestas.<\/li> <\/ul> <\/section>    <section class=\"wp-block-hc-alternate-group-section\"> <h3 class=\"wp-block-heading\">Programa de bonos&nbsp;<\/h3>    <p>Junto con la seguridad, las promociones son uno de los criterios evaluables a los que m\u00e1s atenci\u00f3n prestamos. No por nada, conforman la carta de presentaci\u00f3n de las casas de apuestas. Para ello, analizamos los siguientes factores:<\/p>    <ul> <li><b>Variedad<\/b>: Revisamos la variedad del programa de bonos, comprobando si dispone de opciones como giros gratis, cashback en casino o deportes, programas de fidelizaci\u00f3n, apuestas gratis o bonos sin dep\u00f3sito, entre otros.<\/li>    <li><b>Cantidad<\/b>: No solo importan las ganancias que ofrece la promoci\u00f3n, tambi\u00e9n la cantidad. Mientras que algunas casas solo se limitan a ofrecer un bono de bienvenida, nosotros valoramos mejor aquellas que tienen un mayor volumen de promociones entre las que escoger.<\/li>    <li><b>Condiciones de apuestas: <\/b>Evaluamos los requisitos de apuesta de los bonos, comprobando que sean sean justas y alcanzables.<\/li> <\/ul> <\/section>    <section class=\"wp-block-hc-alternate-group-section\"> <h3 class=\"wp-block-heading\">M\u00e9todos de pago<\/h3>    <p>Los m\u00e9todos de pago deben ser variados y contar con protocolos de seguridad para proteger los intereses de los jugadores. Las mejores casas de apuestas han de ofrecer <b>dep\u00f3sitos y retiradas seguras, c\u00f3modas y veloces<\/b>:<\/p>    <ul> <li><b>Variados:<\/b> El usuario debe tener a su disposici\u00f3n m\u00e9todos de pago diversos para facilitar sus transacciones, entre tarjetas de cr\u00e9dito, billeteras electr\u00f3nicas y opciones en efectivo, entre otras.<\/li>    <li><b>Conocidos<\/b>: Adem\u00e1s, deben ser populares y respaldados por empresas serias.<\/li>    <li><b>Seguros<\/b>: Las transacciones deben disponer de protocolos de encriptaci\u00f3n de datos de car\u00e1cter sensible.<\/li>    <li><b>Tarifas<\/b>: Tambi\u00e9n comprobamos si los m\u00e9todos de pago llevan asociados alguna tarifa de uso.<\/li>    <li><b>Velocidad<\/b>: Los dep\u00f3sitos y retiradas deben efectuarse de la forma m\u00e1s eficaz posible, evitando esperas innecesarias.<\/li>    <li><b>L\u00edmites<\/b>: Comprobamos, asimismo, los l\u00edmites m\u00e1ximos y m\u00ednimos de dep\u00f3sitos y retiradas.<\/li>    <li><b>Pesos chilenos:<\/b> Subrayamos si la casa de apuestas acepta o no la moneda nacional de Chile.<\/li> <\/ul> <\/section>    <section class=\"wp-block-hc-alternate-group-section\"> <h3 class=\"wp-block-heading\">Mercado de apuestas y cuotas<\/h3>    <p>A la hora de evaluar las casas de apuestas en Chile buscamos ofertas de mercados deportivos amplios, con variedad de apuestas y cuotas generosas:<\/p>    <ul> <li><b>Cantidad de deportes:<\/b> La cantidad de mercados deportivos es uno de los principales factores a analizar. Debe disponer de una amplia oferta entre deportes mayoritarios, como el f\u00fatbol, el baloncesto o el tenis, y minoritarios, como los dardos o el balonmano.<\/li>    <li><b>Cuotas atractivas:<\/b> Las cuotas deben ser generosas para mejorar la valoraci\u00f3n que ponemos a las casas de apuestas que analizamos, de modo que el margen de ganancia potencial pueda resultar atractivo para los jugadores.<\/li>    <li><b>Comparaci\u00f3n de cuotas:<\/b> Dado que una cuota mayor o menor puede hacer que el apostador consiga m\u00e1s o menos dinero, nuestros expertos realizan comparaciones para facilitar la elecci\u00f3n. Por ejemplo, mostramos las cuotas ofrecidas por dos casas de apuestas para un mismo evento.<\/li>    <li><b>Variedad de cuotas:<\/b>&nbsp; Cuantas m\u00e1s opciones, m\u00e1s estrategias de apuestas podr\u00e1 realizar un usuario. De este modo, adem\u00e1s de compararlas, tambi\u00e9n analizamos la cantidad de cuotas disponibles.<\/li>    <li><b>Apuestas en vivo:<\/b> Las apuestas en vivo permiten al jugador realizar sus pron\u00f3sticos mientras se est\u00e1 produciendo el evento. Incorporamos los criterios de valoraci\u00f3n analizados previamente a este tipo de apuestas.<\/li>    <li><b>Herramientas especiales:<\/b> El \u201cBet builder\u201d, o construcci\u00f3n de apuesta para mejorar la estrategia del jugador, o el \u201cCash out\u201d, funci\u00f3n que permite cerrar la apuesta antes de que termine el encuentro, entre otras, conforman a\u00f1adidos que mejoran la calidad de la experiencia de juego.<\/li> <\/ul> <\/section>    <section class=\"wp-block-hc-alternate-group-section\"> <h3 class=\"wp-block-heading\">Juegos de casino y proveedores&nbsp;<\/h3>    <p>Con el fin de que los usuarios chilenos tengan una <b>experiencia de juego segura y de calidad<\/b>, nuestros expertos analizan la oferta de juegos de casino y los proveedores de software:<\/p>    <ul> <li><b>Oferta de juegos:<\/b> Analizamos la oferta de juegos del casino online. Debe ser extensa y variada, con juegos populares como las tragamonedas, los mejores juegos de mesa como el blackjack, poker o el bacar\u00e1, as\u00ed como tambi\u00e9n debe haber distintos tipos de ruleta, entre otros.<\/li>    <li><b>Promociones<\/b>: Tal y como sucede con las apuestas deportivas, el programa de bonos de casino debe ser surtido y extenso, con requisitos justos y alcanzables.<\/li>    <li><b>Proveedores de software:<\/b> Uno de los sellos de calidad del casino online lo conforma la cartera de proveedores de software. Para ofrecer juegos atractivos, los proveedores deben ser los m\u00e1s novedosos del mercado.<\/li>    <li><b>Casino en vivo: <\/b>Cada vez son m\u00e1s los jugadores que buscan vivir la experiencia de juego m\u00e1s realista posible. Por ello, en nuestras valoraciones tomamos muy en cuenta la incorporaci\u00f3n de la modalidad de casino en vivo.<\/li> <\/ul> <\/section>    <section class=\"wp-block-hc-alternate-group-section\"> <h3 class=\"wp-block-heading\">Aplicaciones m\u00f3viles&nbsp;<\/h3>    <p>La disponibilidad de una app m\u00f3vil desarrollada por la casa de apuestas es un punto muy importante a valorar, ya que las ventajas para los jugadores son enormes, como la ubicuidad y facilidad de hacer apuestas. Las analizamos a la luz de varios factores:<\/p>    <ul> <li><b>Usabilidad: <\/b>Comprobamos si el dise\u00f1o m\u00f3vil y la experiencia de usuario es sencilla y c\u00f3moda.<\/li>    <li><b>Sistema operativo:<\/b> Tambi\u00e9n analizamos si la aplicaci\u00f3n est\u00e1 disponible en los dos grandes sistemas operativos, Android o iOS, y chequeamos el proceso de descarga.<\/li>    <li><b>Memoria:<\/b> Nuestro an\u00e1lisis incluye datos relevantes para el usuario, como la cantidad de memoria que la app va a restar a su celular o dispositivo m\u00f3vil.<\/li>    <li><b>Tabla comparativa<\/b>: Asimismo, llevamos a cabo una comparaci\u00f3n entre las ventajas de uso de la aplicaci\u00f3n frente a la versi\u00f3n de escritorio.<\/li> <\/ul> <\/section>    <section class=\"wp-block-hc-alternate-group-section\"> <h3 class=\"wp-block-heading\">Servicio de atenci\u00f3n al cliente<\/h3>    <p>La secci\u00f3n de atenci\u00f3n al cliente debe componer un sistema robusto y eficaz con el fin de que los usuarios encuentren respuesta a sus dudas. Para ello, tomamos en cuenta los siguientes criterios:<\/p>    <ul> <li><b>Variedad de canales de comunicaci\u00f3n:<\/b> El soporte debe contar con distintas v\u00edas de comunicaci\u00f3n, como correo electr\u00f3nico, n\u00famero de tel\u00e9fono o chat en vivo.<\/li>    <li><b>Disponibilidad<\/b>: Los servicios que est\u00e1n disponibles las 24 horas y los 7 d\u00edas de la semana aportan un plus de calidad y los jugadores sienten que est\u00e1n en una casa de apuestas confiable.&nbsp;<\/li>    <li><b>Eficiencia<\/b>: La soluci\u00f3n debe ser lo m\u00e1s eficiente posible, arrojando la luz necesaria para eliminar la duda del cliente.<\/li>    <li><b>Idiomas<\/b>: Tambi\u00e9n comprobamos los idiomas disponibles, valorando muy positivamente la presencia del espa\u00f1ol.<\/li> <\/ul> <\/section> <\/section>    <section class=\"wp-block-hc-alternate-group-section\"> <h2 class=\"wp-block-heading\">Nuestra l\u00ednea editorial<\/h2>    <div itemscope=\"\" itemtype=\"https:\/\/schema.org\/ImageObject\" class=\"get-image schema-image-object-content wp-block-image size-large\"><img width=\"1024\" height=\"458\" src=\"https:\/\/lahoradelgambling.com\/cl\/wp-content\/uploads\/sites\/2\/2024\/06\/\u0442uestra-linea-editorial-1024x458.webp\" alt=\"lahoradelgambling s\u00f3lo utiliza fuentes oficiales de informaci\u00f3n\" class=\"wp-image-10917\" loading=\"lazy\" decoding=\"async\" srcset=\"https:\/\/lahoradelgambling.com\/cl\/wp-content\/uploads\/sites\/2\/2024\/06\/\u0442uestra-linea-editorial-1024x458.webp 1024w, https:\/\/lahoradelgambling.com\/cl\/wp-content\/uploads\/sites\/2\/2024\/06\/\u0442uestra-linea-editorial-300x134.webp 300w, https:\/\/lahoradelgambling.com\/cl\/wp-content\/uploads\/sites\/2\/2024\/06\/\u0442uestra-linea-editorial-150x67.webp 150w, https:\/\/lahoradelgambling.com\/cl\/wp-content\/uploads\/sites\/2\/2024\/06\/\u0442uestra-linea-editorial-768x344.webp 768w, https:\/\/lahoradelgambling.com\/cl\/wp-content\/uploads\/sites\/2\/2024\/06\/\u0442uestra-linea-editorial-1536x687.webp 1536w, https:\/\/lahoradelgambling.com\/cl\/wp-content\/uploads\/sites\/2\/2024\/06\/\u0442uestra-linea-editorial.webp 1900w\" sizes=\"(max-width: 1024px) 100vw, 1024px\" \/><meta itemprop=\"contentUrl\" content=\"https:\/\/lahoradelgambling.com\/cl\/wp-content\/uploads\/sites\/2\/2024\/06\/\u0442uestra-linea-editorial-1024x458.webp\"><\/div>    <p>En LaHoradelGambling nuestro objetivo principal es generar contenido<b> actualizado, veraz y de calidad <\/b>para ofrecer a los jugadores la mejor casa de apuestas en Chile. De este modo, nuestro <a href=\"https:\/\/lahoradelgambling.com\/cl\/sobre-nosotros\/\">equipo de expertos<\/a> se rige por una serie de <b>normas <\/b>para ofrecer <b>valoraciones <\/b>relevantes para la elecci\u00f3n de los usuarios:<\/p>    <section class=\"wp-block-hc-alternate-group-section\"> <h3 class=\"wp-block-heading\">Contenido original&nbsp;<\/h3>    <p><b>Nuestros contenidos son 100% originales.<\/b> Sin duda, este es un principio rector del equipo de redacci\u00f3n: nuestra \u00fanica fuente de informaci\u00f3n procede de las propias casas de apuestas. Nuestros redactores se encargan de estudiar los t\u00e9rminos y condiciones para transformarlos en an\u00e1lisis contrastados y de calidad para los jugadores.<\/p> <\/section>    <section class=\"wp-block-hc-alternate-group-section\"> <h3 class=\"wp-block-heading\">Comprobaci\u00f3n de hechos<\/h3>    <p>Nuestro equipo de redactores experimentan por completo la casa de apuestas para crear sus contenidos. De este modo, <b>comprueban todos los pasos a dar<\/b>, desde el proceso de registro mediante la verificaci\u00f3n de cuentas reales, pasando por la activaci\u00f3n de bonos, transacciones econ\u00f3micas y boletos de apuestas, entre otros.<\/p> <\/section>    <section class=\"wp-block-hc-alternate-group-section\"> <h3 class=\"wp-block-heading\">Independencia<\/h3>    <p>La <b>independencia <\/b>es nuestra piedra angular. Ofrecemos nuestros contenidos con las m\u00e1ximas garant\u00edas de fiabilidad de que trabajamos de forma honesta y sin estar subyugados por intereses de terceros. Nuestra intenci\u00f3n es ofrecer a los jugadores&nbsp; las mejores herramientas para que escojan d\u00f3nde apostar.<\/p> <\/section> <\/section>    <section class=\"wp-block-hc-alternate-group-section\"> <h2 class=\"wp-block-heading\">Lo que usted tambi\u00e9n debe saber<\/h2>    <div itemscope=\"\" itemtype=\"https:\/\/schema.org\/ImageObject\" class=\"get-image schema-image-object-content wp-block-image size-large\"><img width=\"1024\" height=\"458\" src=\"https:\/\/lahoradelgambling.com\/cl\/wp-content\/uploads\/sites\/2\/2024\/06\/lo-que-usted-tambien-debe-saber-1024x458.webp\" alt=\"informaci\u00f3n importante para los aficionados al juego en Chile\" class=\"wp-image-10915\" loading=\"lazy\" decoding=\"async\" srcset=\"https:\/\/lahoradelgambling.com\/cl\/wp-content\/uploads\/sites\/2\/2024\/06\/lo-que-usted-tambien-debe-saber-1024x458.webp 1024w, https:\/\/lahoradelgambling.com\/cl\/wp-content\/uploads\/sites\/2\/2024\/06\/lo-que-usted-tambien-debe-saber-300x134.webp 300w, https:\/\/lahoradelgambling.com\/cl\/wp-content\/uploads\/sites\/2\/2024\/06\/lo-que-usted-tambien-debe-saber-150x67.webp 150w, https:\/\/lahoradelgambling.com\/cl\/wp-content\/uploads\/sites\/2\/2024\/06\/lo-que-usted-tambien-debe-saber-768x344.webp 768w, https:\/\/lahoradelgambling.com\/cl\/wp-content\/uploads\/sites\/2\/2024\/06\/lo-que-usted-tambien-debe-saber-1536x687.webp 1536w, https:\/\/lahoradelgambling.com\/cl\/wp-content\/uploads\/sites\/2\/2024\/06\/lo-que-usted-tambien-debe-saber.webp 1900w\" sizes=\"(max-width: 1024px) 100vw, 1024px\" \/><meta itemprop=\"contentUrl\" content=\"https:\/\/lahoradelgambling.com\/cl\/wp-content\/uploads\/sites\/2\/2024\/06\/lo-que-usted-tambien-debe-saber-1024x458.webp\"><\/div>    <p>El equipo de LaHoradelGambling realiza sus an\u00e1lisis y evaluaciones con el fin de que los jugadores dispongan de la m\u00e1xima informaci\u00f3n posible acerca de las casas&nbsp; de apuestas chilenas. Sin embargo, es el usuario el que debe tomar la decisi\u00f3n final acerca de con cu\u00e1l de todas ellas se queda. Nuestro deseo es que la elecci\u00f3n sea lo mejor posible para disfrutar de una <b>agradable y segura experiencia de juego.<\/b><\/p> <\/section>","protected":false},"excerpt":{"rendered":"","protected":false},"author":33,"featured_media":10914,"parent":0,"menu_order":0,"comment_status":"closed","ping_status":"closed","template":"","meta":{"_acf_changed":false,"footnotes":""},"page_categories":[],"acf":[],"yoast_head":"<!-- This site is optimized with the Yoast SEO plugin v24.5 - https:\/\/yoast.com\/wordpress\/plugins\/seo\/ -->\n<title>\u00bfCon qu\u00e9 criterios evaluamos las casas de apuestas online en Chile?<\/title>\n<meta name=\"description\" content=\"Descubre los criterios para valorar si una casa de apuestas chilena cumple los requisitos legales y de calidad para una experiencia de juego segura\" \/>\n<meta name=\"robots\" content=\"index, follow, max-snippet:-1, max-image-preview:large, max-video-preview:-1\" \/>\n<meta property=\"og:locale\" content=\"es_ES\" \/>\n<meta property=\"og:type\" content=\"article\" \/>\n<meta property=\"og:title\" content=\"\u00bfCon qu\u00e9 criterios evaluamos las casas de apuestas online en Chile?\" \/>\n<meta property=\"og:description\" content=\"Descubre los criterios para valorar si una casa de apuestas chilena cumple los requisitos legales y de calidad para una experiencia de juego segura\" \/>\n<meta property=\"og:url\" content=\"https:\/\/lahoradelgambling.com\/cl\/como-evaluamos-casas-de-apuestas\/\" \/>\n<meta property=\"og:site_name\" content=\"lahoradelgambling CL\" \/>\n<meta property=\"article:modified_time\" content=\"2024-06-21T17:12:51+00:00\" \/>\n<meta property=\"og:image\" content=\"https:\/\/lahoradelgambling.com\/cl\/wp-content\/uploads\/sites\/2\/2024\/06\/como-valoramos-las-casas-de-apuestas-cl.webp\" \/>\n\t<meta property=\"og:image:width\" content=\"1900\" \/>\n\t<meta property=\"og:image:height\" content=\"850\" \/>\n\t<meta property=\"og:image:type\" content=\"image\/webp\" \/>\n<meta name=\"twitter:card\" content=\"summary_large_image\" \/>\n<meta name=\"twitter:label1\" content=\"Tiempo estimado de lectura\" \/>\n\t<meta name=\"twitter:data1\" content=\"9 minutos\" \/>\n<!-- \/ Yoast SEO plugin. -->","yoast_head_json":{"title":"\u00bfCon qu\u00e9 criterios evaluamos las casas de apuestas online en Chile?","description":"Descubre los criterios para valorar si una casa de apuestas chilena cumple los requisitos legales y de calidad para una experiencia de juego segura","robots":{"index":"index","follow":"follow","max-snippet":"max-snippet:-1","max-image-preview":"max-image-preview:large","max-video-preview":"max-video-preview:-1"},"og_locale":"es_ES","og_type":"article","og_title":"\u00bfCon qu\u00e9 criterios evaluamos las casas de apuestas online en Chile?","og_description":"Descubre los criterios para valorar si una casa de apuestas chilena cumple los requisitos legales y de calidad para una experiencia de juego segura","og_url":"https:\/\/lahoradelgambling.com\/cl\/como-evaluamos-casas-de-apuestas\/","og_site_name":"lahoradelgambling CL","article_modified_time":"2024-06-21T17:12:51+00:00","og_image":[{"width":1900,"height":850,"url":"https:\/\/lahoradelgambling.com\/cl\/wp-content\/uploads\/sites\/2\/2024\/06\/como-valoramos-las-casas-de-apuestas-cl.webp","type":"image\/webp"}],"twitter_card":"summary_large_image","twitter_misc":{"Tiempo estimado de lectura":"9 minutos"},"schema":{"@context":"https:\/\/schema.org","@graph":[{"@type":"WebPage","@id":"https:\/\/lahoradelgambling.com\/cl\/como-evaluamos-casas-de-apuestas\/","url":"https:\/\/lahoradelgambling.com\/cl\/como-evaluamos-casas-de-apuestas\/","name":"\u00bfCon qu\u00e9 criterios evaluamos las casas de apuestas online en Chile?","isPartOf":{"@id":"https:\/\/lahoradelgambling.com\/cl\/#website"},"primaryImageOfPage":{"@id":"https:\/\/lahoradelgambling.com\/cl\/como-evaluamos-casas-de-apuestas\/#primaryimage"},"image":{"@id":"https:\/\/lahoradelgambling.com\/cl\/como-evaluamos-casas-de-apuestas\/#primaryimage"},"thumbnailUrl":"https:\/\/lahoradelgambling.com\/cl\/wp-content\/uploads\/sites\/2\/2024\/06\/como-valoramos-las-casas-de-apuestas-cl.webp","datePublished":"2024-06-10T11:20:07+00:00","dateModified":"2024-06-21T17:12:51+00:00","description":"Descubre los criterios para valorar si una casa de apuestas chilena cumple los requisitos legales y de calidad para una experiencia de juego segura","breadcrumb":{"@id":"https:\/\/lahoradelgambling.com\/cl\/como-evaluamos-casas-de-apuestas\/#breadcrumb"},"inLanguage":"es-CL","potentialAction":[{"@type":"ReadAction","target":["https:\/\/lahoradelgambling.com\/cl\/como-evaluamos-casas-de-apuestas\/"]}]},{"@type":"ImageObject","inLanguage":"es-CL","@id":"https:\/\/lahoradelgambling.com\/cl\/como-evaluamos-casas-de-apuestas\/#primaryimage","url":"https:\/\/lahoradelgambling.com\/cl\/wp-content\/uploads\/sites\/2\/2024\/06\/como-valoramos-las-casas-de-apuestas-cl.webp","contentUrl":"https:\/\/lahoradelgambling.com\/cl\/wp-content\/uploads\/sites\/2\/2024\/06\/como-valoramos-las-casas-de-apuestas-cl.webp","width":1900,"height":850,"caption":"Particularidades de la evaluaci\u00f3n de casas de apuestas en Chile"},{"@type":"BreadcrumbList","@id":"https:\/\/lahoradelgambling.com\/cl\/como-evaluamos-casas-de-apuestas\/#breadcrumb","itemListElement":[{"@type":"ListItem","position":1,"name":"Lahoradelgambling","item":"https:\/\/lahoradelgambling.com\/cl\/"},{"@type":"ListItem","position":2,"name":"C\u00f3mo valoramos las casas de apuestas"}]},{"@type":"WebSite","@id":"https:\/\/lahoradelgambling.com\/cl\/#website","url":"https:\/\/lahoradelgambling.com\/cl\/","name":"lahoradelgambling CL","description":"","publisher":{"@id":"https:\/\/lahoradelgambling.com\/cl\/#organization"},"potentialAction":[{"@type":"SearchAction","target":{"@type":"EntryPoint","urlTemplate":"https:\/\/lahoradelgambling.com\/cl\/?s={search_term_string}"},"query-input":{"@type":"PropertyValueSpecification","valueRequired":true,"valueName":"search_term_string"}}],"inLanguage":"es-CL"},{"@type":"Organization","@id":"https:\/\/lahoradelgambling.com\/cl\/#organization","name":"lahoradelgambling CL","url":"https:\/\/lahoradelgambling.com\/cl\/","logo":{"@type":"ImageObject","inLanguage":"es-CL","@id":"https:\/\/lahoradelgambling.com\/cl\/#\/schema\/logo\/image\/","url":"https:\/\/lahoradelgambling.com\/cl\/wp-content\/uploads\/sites\/2\/2023\/11\/logo_cl.svg","contentUrl":"https:\/\/lahoradelgambling.com\/cl\/wp-content\/uploads\/sites\/2\/2023\/11\/logo_cl.svg","caption":"lahoradelgambling CL"},"image":{"@id":"https:\/\/lahoradelgambling.com\/cl\/#\/schema\/logo\/image\/"}}]}},"_links":{"self":[{"href":"https:\/\/lahoradelgambling.com\/cl\/wp-json\/wp\/v2\/pages\/10909"}],"collection":[{"href":"https:\/\/lahoradelgambling.com\/cl\/wp-json\/wp\/v2\/pages"}],"about":[{"href":"https:\/\/lahoradelgambling.com\/cl\/wp-json\/wp\/v2\/types\/page"}],"author":[{"embeddable":true,"href":"https:\/\/lahoradelgambling.com\/cl\/wp-json\/wp\/v2\/users\/33"}],"replies":[{"embeddable":true,"href":"https:\/\/lahoradelgambling.com\/cl\/wp-json\/wp\/v2\/comments?post=10909"}],"version-history":[{"count":5,"href":"https:\/\/lahoradelgambling.com\/cl\/wp-json\/wp\/v2\/pages\/10909\/revisions"}],"predecessor-version":[{"id":11094,"href":"https:\/\/lahoradelgambling.com\/cl\/wp-json\/wp\/v2\/pages\/10909\/revisions\/11094"}],"wp:featuredmedia":[{"embeddable":true,"href":"https:\/\/lahoradelgambling.com\/cl\/wp-json\/wp\/v2\/media\/10914"}],"wp:attachment":[{"href":"https:\/\/lahoradelgambling.com\/cl\/wp-json\/wp\/v2\/media?parent=10909"}],"wp:term":[{"taxonomy":"page_categories","embeddable":true,"href":"https:\/\/lahoradelgambling.com\/cl\/wp-json\/wp\/v2\/page_categories?post=10909"}],"curies":[{"name":"wp","href":"https:\/\/api.w.org\/{rel}","templated":true}]}}