{"id":10889,"date":"2024-05-30T13:55:41","date_gmt":"2024-05-30T10:55:41","guid":{"rendered":"https:\/\/lahoradelgambling.com\/cl\/?page_id=10889"},"modified":"2024-06-21T18:20:33","modified_gmt":"2024-06-21T15:20:33","slug":"como-retirar-dinero-de-1xbet","status":"publish","type":"page","link":"https:\/\/lahoradelgambling.com\/cl\/casas-de-apuestas\/1xbet\/como-retirar-dinero-de-1xbet\/","title":{"rendered":"C\u00f3mo retirar dinero en 1xBet"},"content":{"rendered":"<section class=\"wp-block-hc-alternate-group-section\"> <h2 class=\"wp-block-heading\">C\u00f3mo hacer un retiro en 1xBet<\/h2>    <div itemscope=\"\" itemtype=\"https:\/\/schema.org\/ImageObject\" class=\"get-image schema-image-object-content wp-block-image size-large\"><img width=\"1024\" height=\"458\" src=\"https:\/\/lahoradelgambling.com\/cl\/wp-content\/uploads\/sites\/2\/2024\/05\/1xbet-review-cl-retirar-1024x458.webp\" alt=\"Instrucciones para retirar fondos de la plataforma 1xBet\" class=\"wp-image-10900\" loading=\"lazy\" decoding=\"async\" srcset=\"https:\/\/lahoradelgambling.com\/cl\/wp-content\/uploads\/sites\/2\/2024\/05\/1xbet-review-cl-retirar-1024x458.webp 1024w, https:\/\/lahoradelgambling.com\/cl\/wp-content\/uploads\/sites\/2\/2024\/05\/1xbet-review-cl-retirar-300x134.webp 300w, https:\/\/lahoradelgambling.com\/cl\/wp-content\/uploads\/sites\/2\/2024\/05\/1xbet-review-cl-retirar-150x67.webp 150w, https:\/\/lahoradelgambling.com\/cl\/wp-content\/uploads\/sites\/2\/2024\/05\/1xbet-review-cl-retirar-768x344.webp 768w, https:\/\/lahoradelgambling.com\/cl\/wp-content\/uploads\/sites\/2\/2024\/05\/1xbet-review-cl-retirar-1536x687.webp 1536w, https:\/\/lahoradelgambling.com\/cl\/wp-content\/uploads\/sites\/2\/2024\/05\/1xbet-review-cl-retirar.webp 1900w\" sizes=\"(max-width: 1024px) 100vw, 1024px\" \/><meta itemprop=\"contentUrl\" content=\"https:\/\/lahoradelgambling.com\/cl\/wp-content\/uploads\/sites\/2\/2024\/05\/1xbet-review-cl-retirar-1024x458.webp\"><\/div>    <p>1xBet es una casa de apuestas internacional muy popular en Latinoam\u00e9rica y es operada por la empresa Caecus N.V. Adem\u00e1s de su extensa oferta en deportes y juegos de casino, destaca por ofrecer muchos m\u00e9todos de pago a los jugadores chilenos. <b>Ahora bien, lo que te trae a este post es: \u00bf<\/b><b>c\u00f3mo retirar dinero de 1xBet<\/b><b>?<\/b> Una vez que has liberado el bono activo y tienes ganancias acumuladas, es momento de retirar los fondos de 1xBet siguiendo estos pasos:<\/p>    <ol> <li><b>Login: <\/b>Inicia sesi\u00f3n en tu cuenta, abre el men\u00fa de tu perfil y selecciona \u201cRetirada de fondos\u201d.<\/li>    <li><b>Completa el formulario: <\/b>Selecciona el m\u00e9todo de pago y llena el formulario con los datos solicitados. Recuerda que debes ser el titular de cualquier cuenta o tarjeta usada.<\/li>    <li><b>Confirma tu retiro: <\/b>Verifica la informaci\u00f3n y env\u00eda la solicitud de retiro. Recibir\u00e1s un correo electr\u00f3nico con los detalles de la transacci\u00f3n. Por motivos de seguridad, 1xBet Chile podr\u00e1 solicitar que env\u00edes una foto de tu c\u00e9dula o pasaporte para verificar tu identidad.<\/li> <\/ol>    <div class=\"wp-block-buttons is-content-justification-center is-layout-flex wp-container-core-buttons-is-layout-1 wp-block-buttons-is-layout-flex\"> <div class=\"wp-block-button\"><a class=\"wp-block-button__link wp-element-button\" href=\"https:\/\/1xbet.lahoradelgambling.com\/7mnwDtN\" target=\"_blank\" rel=\"nofollow noreferrer noopener\">Hacer un dep\u00f3sito<\/a><\/div> <\/div> <\/section>    <section class=\"wp-block-hc-alternate-group-section\"> <h2 class=\"wp-block-heading\">\u00bfQu\u00e9 m\u00e9todos de pago est\u00e1n disponibles en 1xBet?<\/h2>    <div itemscope=\"\" itemtype=\"https:\/\/schema.org\/ImageObject\" class=\"get-image schema-image-object-content wp-block-image size-large\"><img width=\"1024\" height=\"458\" src=\"https:\/\/lahoradelgambling.com\/cl\/wp-content\/uploads\/sites\/2\/2024\/05\/1xbet-review-cl-pago-1024x458.webp\" alt=\"Formas de pago ofrecidas por la casa de apuestas 1xBet\" class=\"wp-image-10899\" loading=\"lazy\" decoding=\"async\" srcset=\"https:\/\/lahoradelgambling.com\/cl\/wp-content\/uploads\/sites\/2\/2024\/05\/1xbet-review-cl-pago-1024x458.webp 1024w, https:\/\/lahoradelgambling.com\/cl\/wp-content\/uploads\/sites\/2\/2024\/05\/1xbet-review-cl-pago-300x134.webp 300w, https:\/\/lahoradelgambling.com\/cl\/wp-content\/uploads\/sites\/2\/2024\/05\/1xbet-review-cl-pago-150x67.webp 150w, https:\/\/lahoradelgambling.com\/cl\/wp-content\/uploads\/sites\/2\/2024\/05\/1xbet-review-cl-pago-768x344.webp 768w, https:\/\/lahoradelgambling.com\/cl\/wp-content\/uploads\/sites\/2\/2024\/05\/1xbet-review-cl-pago-1536x687.webp 1536w, https:\/\/lahoradelgambling.com\/cl\/wp-content\/uploads\/sites\/2\/2024\/05\/1xbet-review-cl-pago.webp 1900w\" sizes=\"(max-width: 1024px) 100vw, 1024px\" \/><meta itemprop=\"contentUrl\" content=\"https:\/\/lahoradelgambling.com\/cl\/wp-content\/uploads\/sites\/2\/2024\/05\/1xbet-review-cl-pago-1024x458.webp\"><\/div>    <p>Hacer apuestas en 1xBet es f\u00e1cil y c\u00f3modo, tanto por su bien desarrollada interfaz como por <b>la variedad de m\u00e9todos de pago en pesos chilenos que los clientes tienen a su disposici\u00f3n.<\/b> Puedes realizar tus dep\u00f3sitos a trav\u00e9s de transferencia bancaria, Webpay, tarjetas de cr\u00e9dito y d\u00e9bito, Khipu, tarjeta Mach, Hites Pay, AstroPay y m\u00e1s. Ahora bien, <b>para retirar dinero en 1xBet Chile, dispones de las siguientes formas de pago:<\/b><\/p>    <div class=\"wp-block-table\"><table class=\"has-fixed-layout\"><thead><tr><th>M\u00e9todo de pago<\/th><th>Retiro m\u00ednimo (CLP)<\/th><th>Velocidad de la transacci\u00f3n<\/th><\/tr><\/thead><tbody><tr><td>Transferencia bancaria<\/td><td>3.700<\/td><td>De 5 a 7 d\u00edas laborales<\/td><\/tr><tr><td>VISA<\/td><td>1.000<\/td><td>De 3 a 7 d\u00edas laborales<\/td><\/tr><tr><td>AstroPay<\/td><td>1.000<\/td><td>Hasta 24 horas<\/td><\/tr><tr><td>Skrill<\/td><td>11.000<\/td><td>Hasta 24 horas<\/td><\/tr><tr><td>Neteller<\/td><td>1.100<\/td><td>Hasta 24 horas<\/td><\/tr><tr><td>Perfect Money<\/td><td>1.000<\/td><td>Hasta 24 horas<\/td><\/tr><tr><td>Payeer<\/td><td>2.100<\/td><td>Hasta 24 horas<\/td><\/tr><tr><td>EcoPayz<\/td><td>12.000<\/td><td>Hasta 24 horas<\/td><\/tr><\/tbody><\/table><\/div>    <p><b>Nota: <\/b>1xBet tambi\u00e9n permite los retiros en criptomonedas como Bitcoin, Binance Coin, Ethereum, Litecoin, Cardano, Polkadot y muchas m\u00e1s.<\/p> <\/section>    <section class=\"wp-block-hc-alternate-group-section\"> <h2 class=\"wp-block-heading\">C\u00f3mo hacer un retiro en 1xBet desde un tel\u00e9fono m\u00f3vil<\/h2>    <div itemscope=\"\" itemtype=\"https:\/\/schema.org\/ImageObject\" class=\"get-image schema-image-object-content wp-block-image size-large\"><img width=\"1024\" height=\"458\" src=\"https:\/\/lahoradelgambling.com\/cl\/wp-content\/uploads\/sites\/2\/2024\/05\/1xbet-review-cl-telefono-movil-1024x458.webp\" alt=\"Instrucciones para retirar dinero a trav\u00e9s de la aplicaci\u00f3n m\u00f3vil de 1xBet\" class=\"wp-image-10898\" loading=\"lazy\" decoding=\"async\" srcset=\"https:\/\/lahoradelgambling.com\/cl\/wp-content\/uploads\/sites\/2\/2024\/05\/1xbet-review-cl-telefono-movil-1024x458.webp 1024w, https:\/\/lahoradelgambling.com\/cl\/wp-content\/uploads\/sites\/2\/2024\/05\/1xbet-review-cl-telefono-movil-300x134.webp 300w, https:\/\/lahoradelgambling.com\/cl\/wp-content\/uploads\/sites\/2\/2024\/05\/1xbet-review-cl-telefono-movil-150x67.webp 150w, https:\/\/lahoradelgambling.com\/cl\/wp-content\/uploads\/sites\/2\/2024\/05\/1xbet-review-cl-telefono-movil-768x344.webp 768w, https:\/\/lahoradelgambling.com\/cl\/wp-content\/uploads\/sites\/2\/2024\/05\/1xbet-review-cl-telefono-movil-1536x687.webp 1536w, https:\/\/lahoradelgambling.com\/cl\/wp-content\/uploads\/sites\/2\/2024\/05\/1xbet-review-cl-telefono-movil.webp 1900w\" sizes=\"(max-width: 1024px) 100vw, 1024px\" \/><meta itemprop=\"contentUrl\" content=\"https:\/\/lahoradelgambling.com\/cl\/wp-content\/uploads\/sites\/2\/2024\/05\/1xbet-review-cl-telefono-movil-1024x458.webp\"><\/div>    <p><b>Te resultar\u00e1 \u00fatil saber <\/b><b>c\u00f3mo sacar la plata de 1xBet<\/b><b> desde tu dispositivo m\u00f3vil. <\/b>En primera instancia, puedes usar la versi\u00f3n m\u00f3vil de 1xBet, que tiene una est\u00e9tica similar a la de la versi\u00f3n web, pero con un dise\u00f1o que se adapta a las pantallas m\u00f3viles. <b>En esta versi\u00f3n los pasos para retirar tu dinero ser\u00e1n los mismos que vimos al principio.<\/b><\/p>    <p>Ahora bien, <b>si quieres disfrutar de una mejor experiencia m\u00f3vil, entonces debes descargar <\/b><a href=\"https:\/\/lahoradelgambling.com\/cl\/casas-de-apuestas\/aplicaciones\/1xbet-app\/\"><b>1xBet App<\/b><\/a><b>. <\/b>Est\u00e1 disponible en la App Store para usuarios iOS y a trav\u00e9s de la p\u00e1gina web para usuarios Android. Estos son los pasos que debes seguir:<\/p>    <ol> <li><b>Habilitar \u201cFuentes desconocidas\u201d: <\/b>Entra en \u201cAcceso especial de aplicaciones\u201d desde los ajustes de privacidad de tu m\u00f3vil y selecciona \u201cInstalar aplicaciones desconocidas\u201d. Debes activar el permiso para poder descargar aplicaciones desde el navegador m\u00f3vil.<\/li>    <li><b>Descarga el archivo: <\/b>Ingresa en 1xbet.com\/es y haz clic en \u201cAplicaciones m\u00f3viles\u201d, al final de la p\u00e1gina de inicio. Pulsa el bot\u00f3n \u201cDescargar la aplicaci\u00f3n de Android\u201d para iniciar la descarga del archivo APK.<\/li>    <li><b>Instala la aplicaci\u00f3n: <\/b>Una vez completada la descarga, abre el archivo y haz clic en \u201cInstalar\u201d. En pocos segundos la App de 1xBet estar\u00e1 lista para usar.<\/li> <\/ol>    <p><b>Al abrirla notar\u00e1s que su interfaz es mucho m\u00e1s simplificada, con un mejor dise\u00f1o <\/b>para celulares y tabletas que facilita la gesti\u00f3n y uso de tu cuenta, incluyendo los pagos. Para retirar dinero en 1xBet desde la aplicaci\u00f3n, solo sigue estos pasos:<\/p>    <ol> <li><b>Inicia sesi\u00f3n: <\/b>Ingresa en tu cuenta desde la aplicaci\u00f3n con las mismas credenciales que usas en la versi\u00f3n web o m\u00f3vil.&nbsp;<\/li>    <li><b>Completa los datos: <\/b>Haz clic abajo en \u201cM\u00e1s\u201d, despliega la pesta\u00f1a que muestra tu saldo y selecciona \u201cExtraer fondos\u201d. Elige el m\u00e9todo de pago, completa los datos del formulario y pulsa \u201cConfirmar\u201d.<\/li>    <li><b>Solicita tu retiro: <\/b>Verifica toda la informaci\u00f3n y finaliza la transacci\u00f3n. Si a\u00fan no has verificado tu cuenta, recibir\u00e1s un mensaje con los pasos que debes seguir para enviar tu documento de identidad.<\/li> <\/ol> <\/section>    <section class=\"wp-block-hc-alternate-group-section\"> <h2 class=\"wp-block-heading\">Soporte al cliente<\/h2>    <div itemscope=\"\" itemtype=\"https:\/\/schema.org\/ImageObject\" class=\"get-image schema-image-object-content wp-block-image size-large\"><img width=\"1024\" height=\"458\" src=\"https:\/\/lahoradelgambling.com\/cl\/wp-content\/uploads\/sites\/2\/2024\/05\/1xbet-review-cl-soporte-1024x458.webp\" alt=\"\u00bfC\u00f3mo funciona el soporte t\u00e9cnico en la plataforma 1xBet?\" class=\"wp-image-10896\" loading=\"lazy\" decoding=\"async\" srcset=\"https:\/\/lahoradelgambling.com\/cl\/wp-content\/uploads\/sites\/2\/2024\/05\/1xbet-review-cl-soporte-1024x458.webp 1024w, https:\/\/lahoradelgambling.com\/cl\/wp-content\/uploads\/sites\/2\/2024\/05\/1xbet-review-cl-soporte-300x134.webp 300w, https:\/\/lahoradelgambling.com\/cl\/wp-content\/uploads\/sites\/2\/2024\/05\/1xbet-review-cl-soporte-150x67.webp 150w, https:\/\/lahoradelgambling.com\/cl\/wp-content\/uploads\/sites\/2\/2024\/05\/1xbet-review-cl-soporte-768x344.webp 768w, https:\/\/lahoradelgambling.com\/cl\/wp-content\/uploads\/sites\/2\/2024\/05\/1xbet-review-cl-soporte-1536x687.webp 1536w, https:\/\/lahoradelgambling.com\/cl\/wp-content\/uploads\/sites\/2\/2024\/05\/1xbet-review-cl-soporte.webp 1900w\" sizes=\"(max-width: 1024px) 100vw, 1024px\" \/><meta itemprop=\"contentUrl\" content=\"https:\/\/lahoradelgambling.com\/cl\/wp-content\/uploads\/sites\/2\/2024\/05\/1xbet-review-cl-soporte-1024x458.webp\"><\/div>    <p><b>\u00bfA\u00fan tienes dudas sobre <\/b><b>c\u00f3mo retirar dinero en 1xBet<\/b><b> o se te ha presentado un inconveniente? <\/b>Entonces debes dirigirte al servicio de atenci\u00f3n al cliente de 1xBet. Puedes usar los siguientes canales de comunicaci\u00f3n:<\/p>    <ul> <li><b>Chat en vivo: <\/b>Despliega el men\u00fa derecho, haz clic en \u201cAtenci\u00f3n al cliente\u201d y luego en \u201cConsultor\u201d. Ver\u00e1s una serie de preguntas frecuentes antes de contactar con un operador. Este canal est\u00e1 abierto las 24 horas.&nbsp;<\/li>    <li><b>Correo electr\u00f3nico: <\/b>Para solucionar problemas relacionados con tu cuenta o con retiros de fondos, puedes escribir al departamento de Consultas generales al correo info-es@1xbet-team.com. Tambi\u00e9n puedes acudir al Departamento financiero escribiendo al correo accounting@1xbet-team.com.<\/li>    <li><b>Solicitar una llamada: <\/b>En \u201cAtenci\u00f3n al cliente\u201d tambi\u00e9n encontrar\u00e1s la opci\u00f3n para solicitar una devoluci\u00f3n de llamada. Solo deja tu n\u00famero telef\u00f3nico y nombre y un operador se comunicar\u00e1 contigo a la brevedad en horas h\u00e1biles.<\/li> <\/ul> <\/section>","protected":false},"excerpt":{"rendered":"","protected":false},"author":33,"featured_media":10900,"parent":6390,"menu_order":0,"comment_status":"closed","ping_status":"closed","template":"","meta":{"_acf_changed":false,"footnotes":""},"page_categories":[],"acf":[],"yoast_head":"<!-- This site is optimized with the Yoast SEO plugin v24.5 - https:\/\/yoast.com\/wordpress\/plugins\/seo\/ -->\n<title>C\u00f3mo retirar dinero de 1xBet \u2013 Pasos y m\u00e9todos de pago<\/title>\n<meta name=\"description\" content=\"\u00bfSabes c\u00f3mo retirar dinero en 1xBet? Es una de las dudas m\u00e1s comunes de los jugadores y aqu\u00ed conocer\u00e1s c\u00f3mo hacerlo y qu\u00e9 m\u00e9todos de pago usar\" \/>\n<meta name=\"robots\" content=\"index, follow, max-snippet:-1, max-image-preview:large, max-video-preview:-1\" \/>\n<meta property=\"og:locale\" content=\"es_ES\" \/>\n<meta property=\"og:type\" content=\"article\" \/>\n<meta property=\"og:title\" content=\"C\u00f3mo retirar dinero de 1xBet \u2013 Pasos y m\u00e9todos de pago\" \/>\n<meta property=\"og:description\" content=\"\u00bfSabes c\u00f3mo retirar dinero en 1xBet? Es una de las dudas m\u00e1s comunes de los jugadores y aqu\u00ed conocer\u00e1s c\u00f3mo hacerlo y qu\u00e9 m\u00e9todos de pago usar\" \/>\n<meta property=\"og:url\" content=\"https:\/\/lahoradelgambling.com\/cl\/casas-de-apuestas\/1xbet\/como-retirar-dinero-de-1xbet\/\" \/>\n<meta property=\"og:site_name\" content=\"lahoradelgambling CL\" \/>\n<meta property=\"article:modified_time\" content=\"2024-06-21T15:20:33+00:00\" \/>\n<meta property=\"og:image\" content=\"https:\/\/lahoradelgambling.com\/cl\/wp-content\/uploads\/sites\/2\/2024\/05\/1xbet-review-cl-retirar.webp\" \/>\n\t<meta property=\"og:image:width\" content=\"1900\" \/>\n\t<meta property=\"og:image:height\" content=\"850\" \/>\n\t<meta property=\"og:image:type\" content=\"image\/webp\" \/>\n<meta name=\"twitter:card\" content=\"summary_large_image\" \/>\n<meta name=\"twitter:label1\" content=\"Tiempo estimado de lectura\" \/>\n\t<meta name=\"twitter:data1\" content=\"5 minutos\" \/>\n<!-- \/ Yoast SEO plugin. -->","yoast_head_json":{"title":"C\u00f3mo retirar dinero de 1xBet \u2013 Pasos y m\u00e9todos de pago","description":"\u00bfSabes c\u00f3mo retirar dinero en 1xBet? Es una de las dudas m\u00e1s comunes de los jugadores y aqu\u00ed conocer\u00e1s c\u00f3mo hacerlo y qu\u00e9 m\u00e9todos de pago usar","robots":{"index":"index","follow":"follow","max-snippet":"max-snippet:-1","max-image-preview":"max-image-preview:large","max-video-preview":"max-video-preview:-1"},"og_locale":"es_ES","og_type":"article","og_title":"C\u00f3mo retirar dinero de 1xBet \u2013 Pasos y m\u00e9todos de pago","og_description":"\u00bfSabes c\u00f3mo retirar dinero en 1xBet? Es una de las dudas m\u00e1s comunes de los jugadores y aqu\u00ed conocer\u00e1s c\u00f3mo hacerlo y qu\u00e9 m\u00e9todos de pago usar","og_url":"https:\/\/lahoradelgambling.com\/cl\/casas-de-apuestas\/1xbet\/como-retirar-dinero-de-1xbet\/","og_site_name":"lahoradelgambling CL","article_modified_time":"2024-06-21T15:20:33+00:00","og_image":[{"width":1900,"height":850,"url":"https:\/\/lahoradelgambling.com\/cl\/wp-content\/uploads\/sites\/2\/2024\/05\/1xbet-review-cl-retirar.webp","type":"image\/webp"}],"twitter_card":"summary_large_image","twitter_misc":{"Tiempo estimado de lectura":"5 minutos"},"schema":{"@context":"https:\/\/schema.org","@graph":[{"@type":"WebPage","@id":"https:\/\/lahoradelgambling.com\/cl\/casas-de-apuestas\/1xbet\/como-retirar-dinero-de-1xbet\/","url":"https:\/\/lahoradelgambling.com\/cl\/casas-de-apuestas\/1xbet\/como-retirar-dinero-de-1xbet\/","name":"C\u00f3mo retirar dinero de 1xBet \u2013 Pasos y m\u00e9todos de pago","isPartOf":{"@id":"https:\/\/lahoradelgambling.com\/cl\/#website"},"primaryImageOfPage":{"@id":"https:\/\/lahoradelgambling.com\/cl\/casas-de-apuestas\/1xbet\/como-retirar-dinero-de-1xbet\/#primaryimage"},"image":{"@id":"https:\/\/lahoradelgambling.com\/cl\/casas-de-apuestas\/1xbet\/como-retirar-dinero-de-1xbet\/#primaryimage"},"thumbnailUrl":"https:\/\/lahoradelgambling.com\/cl\/wp-content\/uploads\/sites\/2\/2024\/05\/1xbet-review-cl-retirar.webp","datePublished":"2024-05-30T10:55:41+00:00","dateModified":"2024-06-21T15:20:33+00:00","description":"\u00bfSabes c\u00f3mo retirar dinero en 1xBet? Es una de las dudas m\u00e1s comunes de los jugadores y aqu\u00ed conocer\u00e1s c\u00f3mo hacerlo y qu\u00e9 m\u00e9todos de pago usar","breadcrumb":{"@id":"https:\/\/lahoradelgambling.com\/cl\/casas-de-apuestas\/1xbet\/como-retirar-dinero-de-1xbet\/#breadcrumb"},"inLanguage":"es-CL","potentialAction":[{"@type":"ReadAction","target":["https:\/\/lahoradelgambling.com\/cl\/casas-de-apuestas\/1xbet\/como-retirar-dinero-de-1xbet\/"]}]},{"@type":"ImageObject","inLanguage":"es-CL","@id":"https:\/\/lahoradelgambling.com\/cl\/casas-de-apuestas\/1xbet\/como-retirar-dinero-de-1xbet\/#primaryimage","url":"https:\/\/lahoradelgambling.com\/cl\/wp-content\/uploads\/sites\/2\/2024\/05\/1xbet-review-cl-retirar.webp","contentUrl":"https:\/\/lahoradelgambling.com\/cl\/wp-content\/uploads\/sites\/2\/2024\/05\/1xbet-review-cl-retirar.webp","width":1900,"height":850,"caption":"Instrucciones para retirar fondos de la plataforma 1xBet"},{"@type":"BreadcrumbList","@id":"https:\/\/lahoradelgambling.com\/cl\/casas-de-apuestas\/1xbet\/como-retirar-dinero-de-1xbet\/#breadcrumb","itemListElement":[{"@type":"ListItem","position":1,"name":"Lahoradelgambling","item":"https:\/\/lahoradelgambling.com\/cl\/"},{"@type":"ListItem","position":2,"name":"Casas de apuestas","item":"https:\/\/lahoradelgambling.com\/cl\/casas-de-apuestas\/"},{"@type":"ListItem","position":3,"name":"1xBet","item":"https:\/\/lahoradelgambling.com\/cl\/casas-de-apuestas\/1xbet\/"},{"@type":"ListItem","position":4,"name":"C\u00f3mo retirar dinero en 1xBet"}]},{"@type":"WebSite","@id":"https:\/\/lahoradelgambling.com\/cl\/#website","url":"https:\/\/lahoradelgambling.com\/cl\/","name":"lahoradelgambling CL","description":"","publisher":{"@id":"https:\/\/lahoradelgambling.com\/cl\/#organization"},"potentialAction":[{"@type":"SearchAction","target":{"@type":"EntryPoint","urlTemplate":"https:\/\/lahoradelgambling.com\/cl\/?s={search_term_string}"},"query-input":{"@type":"PropertyValueSpecification","valueRequired":true,"valueName":"search_term_string"}}],"inLanguage":"es-CL"},{"@type":"Organization","@id":"https:\/\/lahoradelgambling.com\/cl\/#organization","name":"lahoradelgambling CL","url":"https:\/\/lahoradelgambling.com\/cl\/","logo":{"@type":"ImageObject","inLanguage":"es-CL","@id":"https:\/\/lahoradelgambling.com\/cl\/#\/schema\/logo\/image\/","url":"https:\/\/lahoradelgambling.com\/cl\/wp-content\/uploads\/sites\/2\/2023\/11\/logo_cl.svg","contentUrl":"https:\/\/lahoradelgambling.com\/cl\/wp-content\/uploads\/sites\/2\/2023\/11\/logo_cl.svg","caption":"lahoradelgambling CL"},"image":{"@id":"https:\/\/lahoradelgambling.com\/cl\/#\/schema\/logo\/image\/"}}]}},"_links":{"self":[{"href":"https:\/\/lahoradelgambling.com\/cl\/wp-json\/wp\/v2\/pages\/10889"}],"collection":[{"href":"https:\/\/lahoradelgambling.com\/cl\/wp-json\/wp\/v2\/pages"}],"about":[{"href":"https:\/\/lahoradelgambling.com\/cl\/wp-json\/wp\/v2\/types\/page"}],"author":[{"embeddable":true,"href":"https:\/\/lahoradelgambling.com\/cl\/wp-json\/wp\/v2\/users\/33"}],"replies":[{"embeddable":true,"href":"https:\/\/lahoradelgambling.com\/cl\/wp-json\/wp\/v2\/comments?post=10889"}],"version-history":[{"count":5,"href":"https:\/\/lahoradelgambling.com\/cl\/wp-json\/wp\/v2\/pages\/10889\/revisions"}],"predecessor-version":[{"id":11001,"href":"https:\/\/lahoradelgambling.com\/cl\/wp-json\/wp\/v2\/pages\/10889\/revisions\/11001"}],"up":[{"embeddable":true,"href":"https:\/\/lahoradelgambling.com\/cl\/wp-json\/wp\/v2\/pages\/6390"}],"wp:featuredmedia":[{"embeddable":true,"href":"https:\/\/lahoradelgambling.com\/cl\/wp-json\/wp\/v2\/media\/10900"}],"wp:attachment":[{"href":"https:\/\/lahoradelgambling.com\/cl\/wp-json\/wp\/v2\/media?parent=10889"}],"wp:term":[{"taxonomy":"page_categories","embeddable":true,"href":"https:\/\/lahoradelgambling.com\/cl\/wp-json\/wp\/v2\/page_categories?post=10889"}],"curies":[{"name":"wp","href":"https:\/\/api.w.org\/{rel}","templated":true}]}}