{"id":10851,"date":"2024-05-22T16:07:42","date_gmt":"2024-05-22T13:07:42","guid":{"rendered":"https:\/\/lahoradelgambling.com\/cl\/?page_id=10851"},"modified":"2024-06-21T20:10:56","modified_gmt":"2024-06-21T17:10:56","slug":"como-retirar-dinero-de-rojabet","status":"publish","type":"page","link":"https:\/\/lahoradelgambling.com\/cl\/casas-de-apuestas\/rojabet\/como-retirar-dinero-de-rojabet\/","title":{"rendered":"C\u00f3mo retirar dinero de Rojabet"},"content":{"rendered":"<section class=\"wp-block-hc-alternate-group-section\"> <h2 class=\"wp-block-heading\">C\u00f3mo hacer un retiro en Rojabet<\/h2>    <div itemscope=\"\" itemtype=\"https:\/\/schema.org\/ImageObject\" class=\"get-image schema-image-object-content wp-block-image size-large\"><img width=\"1024\" height=\"458\" src=\"https:\/\/lahoradelgambling.com\/cl\/wp-content\/uploads\/sites\/2\/2024\/05\/como-hacer-un-retiro-en-rojabet-1024x458.webp\" alt=\"Gu\u00eda paso a paso sobre c\u00f3mo retirar dinero de la cuenta Rojabet en Chile\" class=\"wp-image-10868\" loading=\"lazy\" decoding=\"async\" srcset=\"https:\/\/lahoradelgambling.com\/cl\/wp-content\/uploads\/sites\/2\/2024\/05\/como-hacer-un-retiro-en-rojabet-1024x458.webp 1024w, https:\/\/lahoradelgambling.com\/cl\/wp-content\/uploads\/sites\/2\/2024\/05\/como-hacer-un-retiro-en-rojabet-300x134.webp 300w, https:\/\/lahoradelgambling.com\/cl\/wp-content\/uploads\/sites\/2\/2024\/05\/como-hacer-un-retiro-en-rojabet-150x67.webp 150w, https:\/\/lahoradelgambling.com\/cl\/wp-content\/uploads\/sites\/2\/2024\/05\/como-hacer-un-retiro-en-rojabet-768x344.webp 768w, https:\/\/lahoradelgambling.com\/cl\/wp-content\/uploads\/sites\/2\/2024\/05\/como-hacer-un-retiro-en-rojabet-1536x687.webp 1536w, https:\/\/lahoradelgambling.com\/cl\/wp-content\/uploads\/sites\/2\/2024\/05\/como-hacer-un-retiro-en-rojabet.webp 1900w\" sizes=\"(max-width: 1024px) 100vw, 1024px\" \/><meta itemprop=\"contentUrl\" content=\"https:\/\/lahoradelgambling.com\/cl\/wp-content\/uploads\/sites\/2\/2024\/05\/como-hacer-un-retiro-en-rojabet-1024x458.webp\"><\/div>    <p><b>Rojabet es un sitio de apuestas online<\/b> operado por Media Entertainment N.V., una empresa registrada en Curazao con casi 15 a\u00f1os de experiencia en el mercado. Ahora bien, <b>\u00bfqu\u00e9 podemos decir de los pagos? \u00bf<\/b><b>C\u00f3mo retirar dinero de Rojabet? <\/b>Esta es una de las preguntas m\u00e1s comunes entre los usuarios que comienzan a recibir sus primeras ganancias. Estos son los pasos que debes seguir:<\/p>    <ol> <li><b>Log in:<\/b> Inicia sesi\u00f3n en tu cuenta, abre tu perfil y selecciona &#8220;Retirar fondos&#8221;. Recuerda que la secci\u00f3n \u201cDatos personales\u201d de tu perfil debe estar completa.<\/li>    <li><b>Llena el formulario: <\/b>Selecciona la forma de pago dependiendo del m\u00e9todo que hayas usado para depositar. El m\u00e1s popular es por transferencia bancaria. Completa los datos que se solicitan y sigue las instrucciones.<\/li>    <li><b>Confirma el retiro:<\/b> Verifica que la informaci\u00f3n est\u00e1 completa y es correcta y solicita tu retiro. Recibir\u00e1s un correo electr\u00f3nico con los detalles de la operaci\u00f3n y puedes ver el estado de tu retiro en \u201cMis transacciones\u201d.<\/li> <\/ol>    <p><b>Nota: <\/b>Rojabet se reserva el derecho de solicitar al cliente verificaci\u00f3n de identidad al momento de realizar un retiro o en cualquier otro momento que considere necesario para garantizar la seguridad del cliente.<\/p>    <div class=\"wp-block-buttons is-content-justification-center is-layout-flex wp-container-core-buttons-is-layout-1 wp-block-buttons-is-layout-flex\"> <div class=\"wp-block-button\"><a class=\"wp-block-button__link wp-element-button\" href=\"https:\/\/cllink.lahoradelgambling.com?1win=ARXZ7dJ\" target=\"_blank\" rel=\"nofollow noreferrer noopener\">Hacer un retiro<\/a><\/div> <\/div> <\/section>    <section class=\"wp-block-hc-alternate-group-section\"> <h2 class=\"wp-block-heading\">\u00bfQu\u00e9 m\u00e9todos de pago est\u00e1n disponibles en Rojabet?<\/h2>    <div itemscope=\"\" itemtype=\"https:\/\/schema.org\/ImageObject\" class=\"get-image schema-image-object-content wp-block-image size-large\"><img width=\"1024\" height=\"458\" src=\"https:\/\/lahoradelgambling.com\/cl\/wp-content\/uploads\/sites\/2\/2024\/05\/que-metodos-de-pago-estan-disponibles-en-rojabet-1024x458.webp\" alt=\"Resumen de los m\u00e9todos de dep\u00f3sito disponibles en Rojabet Chile\" class=\"wp-image-10854\" loading=\"lazy\" decoding=\"async\" srcset=\"https:\/\/lahoradelgambling.com\/cl\/wp-content\/uploads\/sites\/2\/2024\/05\/que-metodos-de-pago-estan-disponibles-en-rojabet-1024x458.webp 1024w, https:\/\/lahoradelgambling.com\/cl\/wp-content\/uploads\/sites\/2\/2024\/05\/que-metodos-de-pago-estan-disponibles-en-rojabet-300x134.webp 300w, https:\/\/lahoradelgambling.com\/cl\/wp-content\/uploads\/sites\/2\/2024\/05\/que-metodos-de-pago-estan-disponibles-en-rojabet-150x67.webp 150w, https:\/\/lahoradelgambling.com\/cl\/wp-content\/uploads\/sites\/2\/2024\/05\/que-metodos-de-pago-estan-disponibles-en-rojabet-768x344.webp 768w, https:\/\/lahoradelgambling.com\/cl\/wp-content\/uploads\/sites\/2\/2024\/05\/que-metodos-de-pago-estan-disponibles-en-rojabet-1536x687.webp 1536w, https:\/\/lahoradelgambling.com\/cl\/wp-content\/uploads\/sites\/2\/2024\/05\/que-metodos-de-pago-estan-disponibles-en-rojabet.webp 1900w\" sizes=\"(max-width: 1024px) 100vw, 1024px\" \/><meta itemprop=\"contentUrl\" content=\"https:\/\/lahoradelgambling.com\/cl\/wp-content\/uploads\/sites\/2\/2024\/05\/que-metodos-de-pago-estan-disponibles-en-rojabet-1024x458.webp\"><\/div>    <p>C\u00f3mo ves, aprender c\u00f3mo retirar dinero de Rojabet es muy f\u00e1cil, y es una de las razones por las que cada vez m\u00e1s clientes conf\u00edan en este operador. <b>No necesitas aplicar tasas de cambio ni convertir divisas porque todos los pagos se procesan c\u00f3modamente en pesos<\/b>. Puedes solicitar tus retiros de fondos a trav\u00e9s de los siguientes m\u00e9todos de pago:<\/p>    <div class=\"wp-block-table\"><table><thead><tr><th>M\u00e9todos de pago<\/th><th>Retiro m\u00ednimo (CLP)<\/th><th>Velocidad de transacci\u00f3n<\/th><\/tr><\/thead><tbody><tr><td>Transferencia bancaria (BancoEstado, Santander, BCI, Falabella, Banco de Chile, Ita\u00fa, Ripley, BICE, Scotiabank&#8230;)<\/td><td>10.000<\/td><td>2 a 5 d\u00edas h\u00e1biles<\/td><\/tr><tr><td>Skrill<\/td><td>10.000<\/td><td>Hasta 24 horas<\/td><\/tr><tr><td>AstroPay<\/td><td>10.000<\/td><td>Hasta 24 horas<\/td><\/tr><tr><td>Criptopago<\/td><td>10.000<\/td><td>Hasta 24 horas<\/td><\/tr><\/tbody><\/table><\/div> <\/section>    <section class=\"wp-block-hc-alternate-group-section\"> <h2 class=\"wp-block-heading\">\u00bfC\u00f3mo hacer un retiro en Rojabet desde un tel\u00e9fono m\u00f3vil?<\/h2>    <div itemscope=\"\" itemtype=\"https:\/\/schema.org\/ImageObject\" class=\"get-image schema-image-object-content wp-block-image size-large\"><img width=\"1024\" height=\"458\" src=\"https:\/\/lahoradelgambling.com\/cl\/wp-content\/uploads\/sites\/2\/2024\/05\/como-hacer-un-retiro-en-rojabet-desde-un-telefono-movil-1024x458.webp\" alt=\"Gu\u00eda para retirar dinero de Rojabet a trav\u00e9s del tel\u00e9fono m\u00f3vil\" class=\"wp-image-10853\" loading=\"lazy\" decoding=\"async\" srcset=\"https:\/\/lahoradelgambling.com\/cl\/wp-content\/uploads\/sites\/2\/2024\/05\/como-hacer-un-retiro-en-rojabet-desde-un-telefono-movil-1024x458.webp 1024w, https:\/\/lahoradelgambling.com\/cl\/wp-content\/uploads\/sites\/2\/2024\/05\/como-hacer-un-retiro-en-rojabet-desde-un-telefono-movil-300x134.webp 300w, https:\/\/lahoradelgambling.com\/cl\/wp-content\/uploads\/sites\/2\/2024\/05\/como-hacer-un-retiro-en-rojabet-desde-un-telefono-movil-150x67.webp 150w, https:\/\/lahoradelgambling.com\/cl\/wp-content\/uploads\/sites\/2\/2024\/05\/como-hacer-un-retiro-en-rojabet-desde-un-telefono-movil-768x344.webp 768w, https:\/\/lahoradelgambling.com\/cl\/wp-content\/uploads\/sites\/2\/2024\/05\/como-hacer-un-retiro-en-rojabet-desde-un-telefono-movil-1536x687.webp 1536w, https:\/\/lahoradelgambling.com\/cl\/wp-content\/uploads\/sites\/2\/2024\/05\/como-hacer-un-retiro-en-rojabet-desde-un-telefono-movil.webp 1900w\" sizes=\"(max-width: 1024px) 100vw, 1024px\" \/><meta itemprop=\"contentUrl\" content=\"https:\/\/lahoradelgambling.com\/cl\/wp-content\/uploads\/sites\/2\/2024\/05\/como-hacer-un-retiro-en-rojabet-desde-un-telefono-movil-1024x458.webp\"><\/div>    <p>Saber c\u00f3mo retirar dinero de Rojabet desde tu celular o tableta es muy sencillo, ya que <b>el dise\u00f1o de la versi\u00f3n m\u00f3vil es igual al de la versi\u00f3n de escritorio. <\/b>Por ahora, no est\u00e1 disponible la <a href=\"https:\/\/lahoradelgambling.com\/cl\/casas-de-apuestas\/aplicaciones\/rojabet-app\/\" target=\"_blank\" rel=\"noreferrer noopener\">Rojabet app<\/a>, pero s\u00ed puedes agregar la aplicaci\u00f3n web a tu pantalla de inicio, abriendo el men\u00fa de tu navegador y seleccionando la opci\u00f3n<b> &#8220;Agregar a la pantalla principal&#8221;.&nbsp;<\/b><\/p>    <p><b>Esta versi\u00f3n es compatible con cualquier navegador en iOS y Android,<\/b> por lo que no se aplican requerimientos de sistema exigentes. Ahora, repasemos los pasos para realizar un retiro:<\/p>    <ol> <li><b>Abre el monedero:<\/b> Ingresa en <a href=\"http:\/\/rojabet.com\/\" target=\"_blank\" rel=\"noreferrer noopener nofollow\">rojabet.com<\/a> desde tu navegador m\u00f3vil o usa el acceso directo en tu pantalla e inicia sesi\u00f3n con tu correo y contrase\u00f1a.<\/li>    <li><b>Completa los datos:<\/b> Abre tu perfil, haz clic en &#8220;Retirar fondos&#8221; y elige la forma de pago que coincida con tu dep\u00f3sito. Llena el formulario e indica el monto a retirar.<\/li>    <li><b>Solicita tu retiro:<\/b> Confirma que la informaci\u00f3n es correcta y finaliza la operaci\u00f3n. Recuerda que el operador solicitar\u00e1 que verifiques tu identidad para aprobar el retiro.\u00a0<\/li> <\/ol>    <p><b>Es importante conocer las reglas de Rojabet en cuanto a los retiros<\/b> para evitar complicaciones en el proceso. Podemos destacar los siguientes puntos:<\/p>    <ul> <li>Todos los m\u00e9todos de pago usados para depositar y retirar dinero en Rojabet deben ser propiedad del cliente.<\/li>    <li>Los usuarios que solicitan retiros deber\u00e1n cumplir con el proceso de validaci\u00f3n requerido por el operador, que incluye la autenticaci\u00f3n de usuario y cuenta de banco.\u00a0<\/li>    <li>Si un usuario ha usado su tarjeta VISA para realizar un dep\u00f3sito, debe tener en cuenta que para retirar los fondos deber\u00e1 pasar por los controles y filtros de seguridad correspondientes antes de que sea aprobado.<\/li>    <li>Si el dep\u00f3sito se ha hecho con monederos electr\u00f3nicos, como AstroPay o Skrill, la solicitud del retiro debe hacerse por este mismo m\u00e9todo.<\/li>    <li>El l\u00edmite m\u00e1ximo de retiro por d\u00eda es de 1.900.000 CLP.<\/li> <\/ul> <\/section>    <section class=\"wp-block-hc-alternate-group-section\"> <h2 class=\"wp-block-heading\">Atenci\u00f3n al cliente<\/h2>    <div itemscope=\"\" itemtype=\"https:\/\/schema.org\/ImageObject\" class=\"get-image schema-image-object-content wp-block-image size-large\"><img width=\"1024\" height=\"458\" src=\"https:\/\/lahoradelgambling.com\/cl\/wp-content\/uploads\/sites\/2\/2024\/05\/atencion-al-cliente-1024x458.webp\" alt=\"C\u00f3mo funciona el servicio de atenci\u00f3n al cliente de Rojabet\" class=\"wp-image-10852\" loading=\"lazy\" decoding=\"async\" srcset=\"https:\/\/lahoradelgambling.com\/cl\/wp-content\/uploads\/sites\/2\/2024\/05\/atencion-al-cliente-1024x458.webp 1024w, https:\/\/lahoradelgambling.com\/cl\/wp-content\/uploads\/sites\/2\/2024\/05\/atencion-al-cliente-300x134.webp 300w, https:\/\/lahoradelgambling.com\/cl\/wp-content\/uploads\/sites\/2\/2024\/05\/atencion-al-cliente-150x67.webp 150w, https:\/\/lahoradelgambling.com\/cl\/wp-content\/uploads\/sites\/2\/2024\/05\/atencion-al-cliente-768x344.webp 768w, https:\/\/lahoradelgambling.com\/cl\/wp-content\/uploads\/sites\/2\/2024\/05\/atencion-al-cliente-1536x687.webp 1536w, https:\/\/lahoradelgambling.com\/cl\/wp-content\/uploads\/sites\/2\/2024\/05\/atencion-al-cliente.webp 1900w\" sizes=\"(max-width: 1024px) 100vw, 1024px\" \/><meta itemprop=\"contentUrl\" content=\"https:\/\/lahoradelgambling.com\/cl\/wp-content\/uploads\/sites\/2\/2024\/05\/atencion-al-cliente-1024x458.webp\"><\/div>    <p><b>Si tienes m\u00e1s preguntas sobre c\u00f3mo retirar dinero de Rojabet<\/b> o se ha retrasado m\u00e1s de lo normal un pago, debes ponerte en contacto con el departamento de soporte al cliente a trav\u00e9s los siguientes canales de atenci\u00f3n:<\/p>    <ul> <li><b>Chat en vivo: <\/b>Es la forma m\u00e1s r\u00e1pida de recibir informaci\u00f3n sobre cualquier tema relacionado con la gesti\u00f3n de tu cuenta, incluyendo los pagos.<\/li>    <li><b>Correo electr\u00f3nico:<\/b> Tambi\u00e9n puedes escribir\u00a0 a la direcci\u00f3n info@rojabet.cl explicando si presentas alg\u00fan problema. Puedes adjuntar capturas de pantalla que ayuden a los agentes a dar soluci\u00f3n a tu inconveniente.\u00a0<\/li>    <li><b>Ayuda: <\/b>Podr\u00e1s hallar informaci\u00f3n \u00fatil sobre tu cuenta en la secci\u00f3n de \u201cPreguntas frecuentes\u201d.<\/li> <\/ul> <\/section>","protected":false},"excerpt":{"rendered":"","protected":false},"author":33,"featured_media":10855,"parent":3812,"menu_order":0,"comment_status":"closed","ping_status":"closed","template":"","meta":{"_acf_changed":false,"footnotes":""},"page_categories":[],"acf":[],"yoast_head":"<!-- This site is optimized with the Yoast SEO plugin v24.5 - https:\/\/yoast.com\/wordpress\/plugins\/seo\/ -->\n<title>C\u00f3mo retirar dinero de Rojabet | Pasos, m\u00e9todos de retiro, l\u00edmites<\/title>\n<meta name=\"description\" content=\"Conoce paso a paso c\u00f3mo retirar dinero de Rojabet, las formas de pago y las condiciones para retirar el Paquete de Bienvenida de hasta 1.000.000 CLP\" \/>\n<meta name=\"robots\" content=\"index, follow, max-snippet:-1, max-image-preview:large, max-video-preview:-1\" \/>\n<meta property=\"og:locale\" content=\"es_ES\" \/>\n<meta property=\"og:type\" content=\"article\" \/>\n<meta property=\"og:title\" content=\"C\u00f3mo retirar dinero de Rojabet | Pasos, m\u00e9todos de retiro, l\u00edmites\" \/>\n<meta property=\"og:description\" content=\"Conoce paso a paso c\u00f3mo retirar dinero de Rojabet, las formas de pago y las condiciones para retirar el Paquete de Bienvenida de hasta 1.000.000 CLP\" \/>\n<meta property=\"og:url\" content=\"https:\/\/lahoradelgambling.com\/cl\/casas-de-apuestas\/rojabet\/como-retirar-dinero-de-rojabet\/\" \/>\n<meta property=\"og:site_name\" content=\"lahoradelgambling CL\" \/>\n<meta property=\"article:modified_time\" content=\"2024-06-21T17:10:56+00:00\" \/>\n<meta property=\"og:image\" content=\"https:\/\/lahoradelgambling.com\/cl\/wp-content\/uploads\/sites\/2\/2024\/05\/rojabet-cl-como-retirar.webp\" \/>\n\t<meta property=\"og:image:width\" content=\"1900\" \/>\n\t<meta property=\"og:image:height\" content=\"850\" \/>\n\t<meta property=\"og:image:type\" content=\"image\/webp\" \/>\n<meta name=\"twitter:card\" content=\"summary_large_image\" \/>\n<meta name=\"twitter:label1\" content=\"Tiempo estimado de lectura\" \/>\n\t<meta name=\"twitter:data1\" content=\"5 minutos\" \/>\n<!-- \/ Yoast SEO plugin. -->","yoast_head_json":{"title":"C\u00f3mo retirar dinero de Rojabet | Pasos, m\u00e9todos de retiro, l\u00edmites","description":"Conoce paso a paso c\u00f3mo retirar dinero de Rojabet, las formas de pago y las condiciones para retirar el Paquete de Bienvenida de hasta 1.000.000 CLP","robots":{"index":"index","follow":"follow","max-snippet":"max-snippet:-1","max-image-preview":"max-image-preview:large","max-video-preview":"max-video-preview:-1"},"og_locale":"es_ES","og_type":"article","og_title":"C\u00f3mo retirar dinero de Rojabet | Pasos, m\u00e9todos de retiro, l\u00edmites","og_description":"Conoce paso a paso c\u00f3mo retirar dinero de Rojabet, las formas de pago y las condiciones para retirar el Paquete de Bienvenida de hasta 1.000.000 CLP","og_url":"https:\/\/lahoradelgambling.com\/cl\/casas-de-apuestas\/rojabet\/como-retirar-dinero-de-rojabet\/","og_site_name":"lahoradelgambling CL","article_modified_time":"2024-06-21T17:10:56+00:00","og_image":[{"width":1900,"height":850,"url":"https:\/\/lahoradelgambling.com\/cl\/wp-content\/uploads\/sites\/2\/2024\/05\/rojabet-cl-como-retirar.webp","type":"image\/webp"}],"twitter_card":"summary_large_image","twitter_misc":{"Tiempo estimado de lectura":"5 minutos"},"schema":{"@context":"https:\/\/schema.org","@graph":[{"@type":"WebPage","@id":"https:\/\/lahoradelgambling.com\/cl\/casas-de-apuestas\/rojabet\/como-retirar-dinero-de-rojabet\/","url":"https:\/\/lahoradelgambling.com\/cl\/casas-de-apuestas\/rojabet\/como-retirar-dinero-de-rojabet\/","name":"C\u00f3mo retirar dinero de Rojabet | Pasos, m\u00e9todos de retiro, l\u00edmites","isPartOf":{"@id":"https:\/\/lahoradelgambling.com\/cl\/#website"},"primaryImageOfPage":{"@id":"https:\/\/lahoradelgambling.com\/cl\/casas-de-apuestas\/rojabet\/como-retirar-dinero-de-rojabet\/#primaryimage"},"image":{"@id":"https:\/\/lahoradelgambling.com\/cl\/casas-de-apuestas\/rojabet\/como-retirar-dinero-de-rojabet\/#primaryimage"},"thumbnailUrl":"https:\/\/lahoradelgambling.com\/cl\/wp-content\/uploads\/sites\/2\/2024\/05\/rojabet-cl-como-retirar.webp","datePublished":"2024-05-22T13:07:42+00:00","dateModified":"2024-06-21T17:10:56+00:00","description":"Conoce paso a paso c\u00f3mo retirar dinero de Rojabet, las formas de pago y las condiciones para retirar el Paquete de Bienvenida de hasta 1.000.000 CLP","breadcrumb":{"@id":"https:\/\/lahoradelgambling.com\/cl\/casas-de-apuestas\/rojabet\/como-retirar-dinero-de-rojabet\/#breadcrumb"},"inLanguage":"es-CL","potentialAction":[{"@type":"ReadAction","target":["https:\/\/lahoradelgambling.com\/cl\/casas-de-apuestas\/rojabet\/como-retirar-dinero-de-rojabet\/"]}]},{"@type":"ImageObject","inLanguage":"es-CL","@id":"https:\/\/lahoradelgambling.com\/cl\/casas-de-apuestas\/rojabet\/como-retirar-dinero-de-rojabet\/#primaryimage","url":"https:\/\/lahoradelgambling.com\/cl\/wp-content\/uploads\/sites\/2\/2024\/05\/rojabet-cl-como-retirar.webp","contentUrl":"https:\/\/lahoradelgambling.com\/cl\/wp-content\/uploads\/sites\/2\/2024\/05\/rojabet-cl-como-retirar.webp","width":1900,"height":850,"caption":"Todas las formas disponibles para retirar dinero a Rojabet Chile"},{"@type":"BreadcrumbList","@id":"https:\/\/lahoradelgambling.com\/cl\/casas-de-apuestas\/rojabet\/como-retirar-dinero-de-rojabet\/#breadcrumb","itemListElement":[{"@type":"ListItem","position":1,"name":"Lahoradelgambling","item":"https:\/\/lahoradelgambling.com\/cl\/"},{"@type":"ListItem","position":2,"name":"Casas de apuestas","item":"https:\/\/lahoradelgambling.com\/cl\/casas-de-apuestas\/"},{"@type":"ListItem","position":3,"name":"Rojabet","item":"https:\/\/lahoradelgambling.com\/cl\/casas-de-apuestas\/rojabet\/"},{"@type":"ListItem","position":4,"name":"C\u00f3mo retirar dinero de Rojabet"}]},{"@type":"WebSite","@id":"https:\/\/lahoradelgambling.com\/cl\/#website","url":"https:\/\/lahoradelgambling.com\/cl\/","name":"lahoradelgambling CL","description":"","publisher":{"@id":"https:\/\/lahoradelgambling.com\/cl\/#organization"},"potentialAction":[{"@type":"SearchAction","target":{"@type":"EntryPoint","urlTemplate":"https:\/\/lahoradelgambling.com\/cl\/?s={search_term_string}"},"query-input":{"@type":"PropertyValueSpecification","valueRequired":true,"valueName":"search_term_string"}}],"inLanguage":"es-CL"},{"@type":"Organization","@id":"https:\/\/lahoradelgambling.com\/cl\/#organization","name":"lahoradelgambling CL","url":"https:\/\/lahoradelgambling.com\/cl\/","logo":{"@type":"ImageObject","inLanguage":"es-CL","@id":"https:\/\/lahoradelgambling.com\/cl\/#\/schema\/logo\/image\/","url":"https:\/\/lahoradelgambling.com\/cl\/wp-content\/uploads\/sites\/2\/2023\/11\/logo_cl.svg","contentUrl":"https:\/\/lahoradelgambling.com\/cl\/wp-content\/uploads\/sites\/2\/2023\/11\/logo_cl.svg","caption":"lahoradelgambling CL"},"image":{"@id":"https:\/\/lahoradelgambling.com\/cl\/#\/schema\/logo\/image\/"}}]}},"_links":{"self":[{"href":"https:\/\/lahoradelgambling.com\/cl\/wp-json\/wp\/v2\/pages\/10851"}],"collection":[{"href":"https:\/\/lahoradelgambling.com\/cl\/wp-json\/wp\/v2\/pages"}],"about":[{"href":"https:\/\/lahoradelgambling.com\/cl\/wp-json\/wp\/v2\/types\/page"}],"author":[{"embeddable":true,"href":"https:\/\/lahoradelgambling.com\/cl\/wp-json\/wp\/v2\/users\/33"}],"replies":[{"embeddable":true,"href":"https:\/\/lahoradelgambling.com\/cl\/wp-json\/wp\/v2\/comments?post=10851"}],"version-history":[{"count":5,"href":"https:\/\/lahoradelgambling.com\/cl\/wp-json\/wp\/v2\/pages\/10851\/revisions"}],"predecessor-version":[{"id":11087,"href":"https:\/\/lahoradelgambling.com\/cl\/wp-json\/wp\/v2\/pages\/10851\/revisions\/11087"}],"up":[{"embeddable":true,"href":"https:\/\/lahoradelgambling.com\/cl\/wp-json\/wp\/v2\/pages\/3812"}],"wp:featuredmedia":[{"embeddable":true,"href":"https:\/\/lahoradelgambling.com\/cl\/wp-json\/wp\/v2\/media\/10855"}],"wp:attachment":[{"href":"https:\/\/lahoradelgambling.com\/cl\/wp-json\/wp\/v2\/media?parent=10851"}],"wp:term":[{"taxonomy":"page_categories","embeddable":true,"href":"https:\/\/lahoradelgambling.com\/cl\/wp-json\/wp\/v2\/page_categories?post=10851"}],"curies":[{"name":"wp","href":"https:\/\/api.w.org\/{rel}","templated":true}]}}