{"id":10847,"date":"2024-05-22T16:04:59","date_gmt":"2024-05-22T13:04:59","guid":{"rendered":"https:\/\/lahoradelgambling.com\/cl\/?page_id=10847"},"modified":"2024-06-21T18:40:05","modified_gmt":"2024-06-21T15:40:05","slug":"doble-oportunidad-coolbet","status":"publish","type":"page","link":"https:\/\/lahoradelgambling.com\/cl\/casas-de-apuestas\/coolbet\/doble-oportunidad-coolbet\/","title":{"rendered":"Doble oportunidad Coolbet"},"content":{"rendered":"<section class=\"wp-block-hc-alternate-group-section\"> <h2 class=\"wp-block-heading\">\u00bfQu\u00e9 es una doble oportunidad en Coolbet?<\/h2>    <div itemscope=\"\" itemtype=\"https:\/\/schema.org\/ImageObject\" class=\"get-image schema-image-object-content wp-block-image size-large\"><img width=\"1024\" height=\"458\" src=\"https:\/\/lahoradelgambling.com\/cl\/wp-content\/uploads\/sites\/2\/2024\/05\/coolbet-review-cl-que-es-una-doble-oportunidad-1024x458.webp\" alt=\"Rese\u00f1a sobre el doble azar en CoolBet en Chile\" class=\"wp-image-10866\" loading=\"lazy\" decoding=\"async\" srcset=\"https:\/\/lahoradelgambling.com\/cl\/wp-content\/uploads\/sites\/2\/2024\/05\/coolbet-review-cl-que-es-una-doble-oportunidad-1024x458.webp 1024w, https:\/\/lahoradelgambling.com\/cl\/wp-content\/uploads\/sites\/2\/2024\/05\/coolbet-review-cl-que-es-una-doble-oportunidad-300x134.webp 300w, https:\/\/lahoradelgambling.com\/cl\/wp-content\/uploads\/sites\/2\/2024\/05\/coolbet-review-cl-que-es-una-doble-oportunidad-150x67.webp 150w, https:\/\/lahoradelgambling.com\/cl\/wp-content\/uploads\/sites\/2\/2024\/05\/coolbet-review-cl-que-es-una-doble-oportunidad-768x344.webp 768w, https:\/\/lahoradelgambling.com\/cl\/wp-content\/uploads\/sites\/2\/2024\/05\/coolbet-review-cl-que-es-una-doble-oportunidad-1536x687.webp 1536w, https:\/\/lahoradelgambling.com\/cl\/wp-content\/uploads\/sites\/2\/2024\/05\/coolbet-review-cl-que-es-una-doble-oportunidad.webp 1900w\" sizes=\"(max-width: 1024px) 100vw, 1024px\" \/><meta itemprop=\"contentUrl\" content=\"https:\/\/lahoradelgambling.com\/cl\/wp-content\/uploads\/sites\/2\/2024\/05\/coolbet-review-cl-que-es-una-doble-oportunidad-1024x458.webp\"><\/div>    <p>Los mercados en apuestas deportivas son muy diversos, cada uno tiene sus propias ventajas y desaf\u00edos y cada jugador selecciona los que m\u00e1s le convienen en funci\u00f3n de su an\u00e1lisis del evento. Es importante conocer c\u00f3mo funcionan los diferentes pron\u00f3sticos para no dejar pasar mercados de valor, por lo que en esta ocasi\u00f3n te ense\u00f1aremos <b>qu\u00e9 es y c\u00f3mo funciona la apuesta de <\/b><b>doble oportunidad en Coolbet<\/b><b>.<\/b><\/p>    <p><b>El mercado \u201cdoble oportunidad\u201d es un pron\u00f3stico de tres opciones <\/b>que te permite abarcar dos posibles resultados en una sola apuesta. A diferencia del mercado 1X2, donde s\u00f3lo puedes elegir una de las tres opciones (G1, G2 o empate),<b> con la apuesta doble oportunidad podr\u00e1s abarcar dos pron\u00f3sticos al mismo tiempo,<\/b> por lo que cualquiera de los dos te har\u00e1 ganar la apuesta. Este tipo de mercado se lee de la siguiente manera:<\/p>    <div class=\"wp-block-table\"><table class=\"has-fixed-layout\"><thead><tr><th>Apuesta<\/th><th>Resultados ganadores<\/th><th>Resultado perdedor<\/th><\/tr><\/thead><tbody><tr><td><b>1X<\/b><\/td><td>Gana el equipo local<br>Hay empate<\/td><td>Gana el equipo visitante<\/td><\/tr><tr><td><b>12<\/b><\/td><td>Gana el equipo local<br>Gana el equipo visitante<\/td><td>Hay empate<\/td><\/tr><tr><td><b>2X<\/b><\/td><td>Gana el equipo visitante<br>Hay empate<\/td><td>Gana el equipo local<\/td><\/tr><\/tbody><\/table><\/div>    <p>Estas son algunas de las caracter\u00edsticas de las apuestas a doble oportunidad:<\/p>    <ul> <li><b>Solo est\u00e1 disponible en deportes que admiten el empate en el resultado final,<\/b> como el f\u00fatbol, baloncesto, balonmano, f\u00fatbol sala, entre otros.&nbsp;<\/li>    <li><b>En caso de que un evento en particular no admita el empate, <\/b>por ejemplo, en un partido de clasificaci\u00f3n, eliminatoria o final, la apuesta a doble oportunidad en Coolbet no estar\u00e1 disponible.&nbsp;<\/li>    <li>Este mercado generalmente <b>aplica al resultado en el tiempo regular del evento.<\/b><\/li>    <li>Es un mercado estrat\u00e9gico que puedes usar para<b> incrementar tus probabilidades de acertar,<\/b> aunque a expensas de una cuota m\u00e1s baja en comparaci\u00f3n con otros mercados.<\/li> <\/ul>    <p><b>La apuesta a doble oportunidad es ideal para todo tipo de jugadores.<\/b> Si eres principiante, puedes usar este pron\u00f3stico para disminuir los riesgos de tu apuesta. Si eres un apostador experto, este mercado puede ser muy \u00fatil para hacer apuestas combinadas, ya que tendr\u00e1s una mayor cobertura en los resultados al mismo tiempo que obtienes una cuota total m\u00e1s alta.<\/p> <\/section>    <section class=\"wp-block-hc-alternate-group-section\"> <h2 class=\"wp-block-heading\">\u00bfC\u00f3mo apostar a doble resultado en Coolbet?<\/h2>    <div itemscope=\"\" itemtype=\"https:\/\/schema.org\/ImageObject\" class=\"get-image schema-image-object-content wp-block-image size-large\"><img width=\"1024\" height=\"458\" src=\"https:\/\/lahoradelgambling.com\/cl\/wp-content\/uploads\/sites\/2\/2024\/05\/coolbet-review-cl-como-apostar-1024x458.webp\" alt=\"Instrucciones para realizar una apuesta de doble oportunidad en CoolBet \" class=\"wp-image-10865\" loading=\"lazy\" decoding=\"async\" srcset=\"https:\/\/lahoradelgambling.com\/cl\/wp-content\/uploads\/sites\/2\/2024\/05\/coolbet-review-cl-como-apostar-1024x458.webp 1024w, https:\/\/lahoradelgambling.com\/cl\/wp-content\/uploads\/sites\/2\/2024\/05\/coolbet-review-cl-como-apostar-300x134.webp 300w, https:\/\/lahoradelgambling.com\/cl\/wp-content\/uploads\/sites\/2\/2024\/05\/coolbet-review-cl-como-apostar-150x67.webp 150w, https:\/\/lahoradelgambling.com\/cl\/wp-content\/uploads\/sites\/2\/2024\/05\/coolbet-review-cl-como-apostar-768x344.webp 768w, https:\/\/lahoradelgambling.com\/cl\/wp-content\/uploads\/sites\/2\/2024\/05\/coolbet-review-cl-como-apostar-1536x687.webp 1536w, https:\/\/lahoradelgambling.com\/cl\/wp-content\/uploads\/sites\/2\/2024\/05\/coolbet-review-cl-como-apostar.webp 1900w\" sizes=\"(max-width: 1024px) 100vw, 1024px\" \/><meta itemprop=\"contentUrl\" content=\"https:\/\/lahoradelgambling.com\/cl\/wp-content\/uploads\/sites\/2\/2024\/05\/coolbet-review-cl-como-apostar-1024x458.webp\"><\/div>    <p><b>Ahora que conoces qu\u00e9 significa doble oportunidad en Coolbet<\/b> es momento de usar este pron\u00f3stico en tus apuestas deportivas y ponerlo a prueba frente a otros mercados, como ganador \/ empate. Cabe destacar que<b> Coolbet es una casa de apuestas segura, que funciona legalmente en Chile bajo la licencia emitida por la MGA <\/b>(Autoridad de Juegos de Malta). Dicho esto, veamos los pasos para comenzar a apostar en la plataforma:<\/p>    <ol> <li><b>Crea una cuenta: <\/b>Ingresa en coolbet.com\/cl y presiona el bot\u00f3n \u201cReg\u00edstrate\u201d, arriba a la derecha. Escribe tu correo electr\u00f3nico, contrase\u00f1a, n\u00famero de tel\u00e9fono y moneda de la cuenta. Confirma que eres mayor de edad y que est\u00e1s de acuerdo con las condiciones de Coolbet. Completa tus datos personales tal como aparecen en tu documento de identidad e ingresa el c\u00f3digo de confirmaci\u00f3n que recibir\u00e1s a trav\u00e9s de SMS.<\/li>    <li><b>Realiza un dep\u00f3sito: <\/b>Abre tu perfil e ingresa al monedero de tu cuenta, en la opci\u00f3n para depositar. Selecciona un m\u00e9todo de pago, completa los datos solicitados y confirma el dep\u00f3sito.&nbsp;<\/li>    <li><b>Realiza tu apuesta a doble oportunidad: <\/b>Haz clic en \u201cDeportes\u201d y elige entre eventos pr\u00f3ximos o partidos en vivo del deporte de tu preferencia. Recuerda que este mercado est\u00e1 disponible solo en deportes y eventos que admiten empate. Elige una de las opciones en la pesta\u00f1a \u201cDoble oportunidad\u201d y confirma tu apuesta.&nbsp;<\/li> <\/ol>    <section class=\"wp-block-hc-alternate-group-section\"> <h3 class=\"wp-block-heading\">Ejemplo de apuesta a doble oportunidad Coolbet<\/h3>    <p>Imagina que quieres apostar en un partido de la UEFA Champions League 2024 donde se enfrentan el F.C. Barcelona y la S.S.C. Napoli. Observamos que<b> los dos resultados con mayor probabilidad en la apuesta 1X2 es que gana el Barcelona o empata. <\/b>Es aqu\u00ed donde la apuesta a doble oportunidad de Coolbet entra en juego. Puedes apostar a 1X, lo que significa que ganar\u00edas el pron\u00f3stico tanto si el Bar\u00e7a gana como si hay un empate.&nbsp;<\/p>    <p><b>Ahora bien, si quieres arriesgarte a darle partido a Napoli, pero desde una zona con menor riesgo,<\/b> entonces la apuesta a 2X es una mejor alternativa. Por \u00faltimo, si consideras que es poco probable que el partido termine en un empate, entonces elige 12 y acierta si cualquiera de los equipos gana en el tiempo reglamentario.<b> \u00a1As\u00ed de f\u00e1cil y pr\u00e1ctico es usar la doble oportunidad en tus apuestas deportivas Coolbet!<\/b><\/p> <\/section> <\/section>","protected":false},"excerpt":{"rendered":"","protected":false},"author":33,"featured_media":10866,"parent":8217,"menu_order":0,"comment_status":"closed","ping_status":"closed","template":"","meta":{"_acf_changed":false,"footnotes":""},"page_categories":[],"acf":[],"yoast_head":"<!-- This site is optimized with the Yoast SEO plugin v24.5 - https:\/\/yoast.com\/wordpress\/plugins\/seo\/ -->\n<title>Doble oportunidad en Coolbet - Qu\u00e9 es y c\u00f3mo apostar | 2024<\/title>\n<meta name=\"description\" content=\"\u00bfSabes qu\u00e9 es y c\u00f3mo funciona la doble oportunidad en Coolbet? Este mercado sin duda se convertir\u00e1 en uno de tus favoritos una vez que lo conozcas\" \/>\n<meta name=\"robots\" content=\"index, follow, max-snippet:-1, max-image-preview:large, max-video-preview:-1\" \/>\n<meta property=\"og:locale\" content=\"es_ES\" \/>\n<meta property=\"og:type\" content=\"article\" \/>\n<meta property=\"og:title\" content=\"Doble oportunidad en Coolbet - Qu\u00e9 es y c\u00f3mo apostar | 2024\" \/>\n<meta property=\"og:description\" content=\"\u00bfSabes qu\u00e9 es y c\u00f3mo funciona la doble oportunidad en Coolbet? Este mercado sin duda se convertir\u00e1 en uno de tus favoritos una vez que lo conozcas\" \/>\n<meta property=\"og:url\" content=\"https:\/\/lahoradelgambling.com\/cl\/casas-de-apuestas\/coolbet\/doble-oportunidad-coolbet\/\" \/>\n<meta property=\"og:site_name\" content=\"lahoradelgambling CL\" \/>\n<meta property=\"article:modified_time\" content=\"2024-06-21T15:40:05+00:00\" \/>\n<meta property=\"og:image\" content=\"https:\/\/lahoradelgambling.com\/cl\/wp-content\/uploads\/sites\/2\/2024\/05\/coolbet-review-cl-que-es-una-doble-oportunidad.webp\" \/>\n\t<meta property=\"og:image:width\" content=\"1900\" \/>\n\t<meta property=\"og:image:height\" content=\"850\" \/>\n\t<meta property=\"og:image:type\" content=\"image\/webp\" \/>\n<meta name=\"twitter:card\" content=\"summary_large_image\" \/>\n<meta name=\"twitter:label1\" content=\"Tiempo estimado de lectura\" \/>\n\t<meta name=\"twitter:data1\" content=\"4 minutos\" \/>\n<!-- \/ Yoast SEO plugin. -->","yoast_head_json":{"title":"Doble oportunidad en Coolbet - Qu\u00e9 es y c\u00f3mo apostar | 2024","description":"\u00bfSabes qu\u00e9 es y c\u00f3mo funciona la doble oportunidad en Coolbet? Este mercado sin duda se convertir\u00e1 en uno de tus favoritos una vez que lo conozcas","robots":{"index":"index","follow":"follow","max-snippet":"max-snippet:-1","max-image-preview":"max-image-preview:large","max-video-preview":"max-video-preview:-1"},"og_locale":"es_ES","og_type":"article","og_title":"Doble oportunidad en Coolbet - Qu\u00e9 es y c\u00f3mo apostar | 2024","og_description":"\u00bfSabes qu\u00e9 es y c\u00f3mo funciona la doble oportunidad en Coolbet? Este mercado sin duda se convertir\u00e1 en uno de tus favoritos una vez que lo conozcas","og_url":"https:\/\/lahoradelgambling.com\/cl\/casas-de-apuestas\/coolbet\/doble-oportunidad-coolbet\/","og_site_name":"lahoradelgambling CL","article_modified_time":"2024-06-21T15:40:05+00:00","og_image":[{"width":1900,"height":850,"url":"https:\/\/lahoradelgambling.com\/cl\/wp-content\/uploads\/sites\/2\/2024\/05\/coolbet-review-cl-que-es-una-doble-oportunidad.webp","type":"image\/webp"}],"twitter_card":"summary_large_image","twitter_misc":{"Tiempo estimado de lectura":"4 minutos"},"schema":{"@context":"https:\/\/schema.org","@graph":[{"@type":"WebPage","@id":"https:\/\/lahoradelgambling.com\/cl\/casas-de-apuestas\/coolbet\/doble-oportunidad-coolbet\/","url":"https:\/\/lahoradelgambling.com\/cl\/casas-de-apuestas\/coolbet\/doble-oportunidad-coolbet\/","name":"Doble oportunidad en Coolbet - Qu\u00e9 es y c\u00f3mo apostar | 2024","isPartOf":{"@id":"https:\/\/lahoradelgambling.com\/cl\/#website"},"primaryImageOfPage":{"@id":"https:\/\/lahoradelgambling.com\/cl\/casas-de-apuestas\/coolbet\/doble-oportunidad-coolbet\/#primaryimage"},"image":{"@id":"https:\/\/lahoradelgambling.com\/cl\/casas-de-apuestas\/coolbet\/doble-oportunidad-coolbet\/#primaryimage"},"thumbnailUrl":"https:\/\/lahoradelgambling.com\/cl\/wp-content\/uploads\/sites\/2\/2024\/05\/coolbet-review-cl-que-es-una-doble-oportunidad.webp","datePublished":"2024-05-22T13:04:59+00:00","dateModified":"2024-06-21T15:40:05+00:00","description":"\u00bfSabes qu\u00e9 es y c\u00f3mo funciona la doble oportunidad en Coolbet? Este mercado sin duda se convertir\u00e1 en uno de tus favoritos una vez que lo conozcas","breadcrumb":{"@id":"https:\/\/lahoradelgambling.com\/cl\/casas-de-apuestas\/coolbet\/doble-oportunidad-coolbet\/#breadcrumb"},"inLanguage":"es-CL","potentialAction":[{"@type":"ReadAction","target":["https:\/\/lahoradelgambling.com\/cl\/casas-de-apuestas\/coolbet\/doble-oportunidad-coolbet\/"]}]},{"@type":"ImageObject","inLanguage":"es-CL","@id":"https:\/\/lahoradelgambling.com\/cl\/casas-de-apuestas\/coolbet\/doble-oportunidad-coolbet\/#primaryimage","url":"https:\/\/lahoradelgambling.com\/cl\/wp-content\/uploads\/sites\/2\/2024\/05\/coolbet-review-cl-que-es-una-doble-oportunidad.webp","contentUrl":"https:\/\/lahoradelgambling.com\/cl\/wp-content\/uploads\/sites\/2\/2024\/05\/coolbet-review-cl-que-es-una-doble-oportunidad.webp","width":1900,"height":850,"caption":"Rese\u00f1a sobre el doble azar en CoolBet en Chile"},{"@type":"BreadcrumbList","@id":"https:\/\/lahoradelgambling.com\/cl\/casas-de-apuestas\/coolbet\/doble-oportunidad-coolbet\/#breadcrumb","itemListElement":[{"@type":"ListItem","position":1,"name":"Lahoradelgambling","item":"https:\/\/lahoradelgambling.com\/cl\/"},{"@type":"ListItem","position":2,"name":"Casas de apuestas","item":"https:\/\/lahoradelgambling.com\/cl\/casas-de-apuestas\/"},{"@type":"ListItem","position":3,"name":"Coolbet","item":"https:\/\/lahoradelgambling.com\/cl\/casas-de-apuestas\/coolbet\/"},{"@type":"ListItem","position":4,"name":"Doble oportunidad Coolbet"}]},{"@type":"WebSite","@id":"https:\/\/lahoradelgambling.com\/cl\/#website","url":"https:\/\/lahoradelgambling.com\/cl\/","name":"lahoradelgambling CL","description":"","publisher":{"@id":"https:\/\/lahoradelgambling.com\/cl\/#organization"},"potentialAction":[{"@type":"SearchAction","target":{"@type":"EntryPoint","urlTemplate":"https:\/\/lahoradelgambling.com\/cl\/?s={search_term_string}"},"query-input":{"@type":"PropertyValueSpecification","valueRequired":true,"valueName":"search_term_string"}}],"inLanguage":"es-CL"},{"@type":"Organization","@id":"https:\/\/lahoradelgambling.com\/cl\/#organization","name":"lahoradelgambling CL","url":"https:\/\/lahoradelgambling.com\/cl\/","logo":{"@type":"ImageObject","inLanguage":"es-CL","@id":"https:\/\/lahoradelgambling.com\/cl\/#\/schema\/logo\/image\/","url":"https:\/\/lahoradelgambling.com\/cl\/wp-content\/uploads\/sites\/2\/2023\/11\/logo_cl.svg","contentUrl":"https:\/\/lahoradelgambling.com\/cl\/wp-content\/uploads\/sites\/2\/2023\/11\/logo_cl.svg","caption":"lahoradelgambling CL"},"image":{"@id":"https:\/\/lahoradelgambling.com\/cl\/#\/schema\/logo\/image\/"}}]}},"_links":{"self":[{"href":"https:\/\/lahoradelgambling.com\/cl\/wp-json\/wp\/v2\/pages\/10847"}],"collection":[{"href":"https:\/\/lahoradelgambling.com\/cl\/wp-json\/wp\/v2\/pages"}],"about":[{"href":"https:\/\/lahoradelgambling.com\/cl\/wp-json\/wp\/v2\/types\/page"}],"author":[{"embeddable":true,"href":"https:\/\/lahoradelgambling.com\/cl\/wp-json\/wp\/v2\/users\/33"}],"replies":[{"embeddable":true,"href":"https:\/\/lahoradelgambling.com\/cl\/wp-json\/wp\/v2\/comments?post=10847"}],"version-history":[{"count":4,"href":"https:\/\/lahoradelgambling.com\/cl\/wp-json\/wp\/v2\/pages\/10847\/revisions"}],"predecessor-version":[{"id":11028,"href":"https:\/\/lahoradelgambling.com\/cl\/wp-json\/wp\/v2\/pages\/10847\/revisions\/11028"}],"up":[{"embeddable":true,"href":"https:\/\/lahoradelgambling.com\/cl\/wp-json\/wp\/v2\/pages\/8217"}],"wp:featuredmedia":[{"embeddable":true,"href":"https:\/\/lahoradelgambling.com\/cl\/wp-json\/wp\/v2\/media\/10866"}],"wp:attachment":[{"href":"https:\/\/lahoradelgambling.com\/cl\/wp-json\/wp\/v2\/media?parent=10847"}],"wp:term":[{"taxonomy":"page_categories","embeddable":true,"href":"https:\/\/lahoradelgambling.com\/cl\/wp-json\/wp\/v2\/page_categories?post=10847"}],"curies":[{"name":"wp","href":"https:\/\/api.w.org\/{rel}","templated":true}]}}