{"id":10843,"date":"2024-05-28T10:42:32","date_gmt":"2024-05-28T07:42:32","guid":{"rendered":"https:\/\/lahoradelgambling.com\/cl\/?page_id=10843"},"modified":"2024-06-21T18:32:55","modified_gmt":"2024-06-21T15:32:55","slug":"como-retirar-en-bet365","status":"publish","type":"page","link":"https:\/\/lahoradelgambling.com\/cl\/casas-de-apuestas\/bet365\/como-retirar-en-bet365\/","title":{"rendered":"C\u00f3mo retirar en Bet365"},"content":{"rendered":"<section class=\"wp-block-hc-alternate-group-section\"> <h2 class=\"wp-block-heading\">C\u00f3mo realizar una retirada en Bet365<\/h2>    <div itemscope=\"\" itemtype=\"https:\/\/schema.org\/ImageObject\" class=\"get-image schema-image-object-content wp-block-image size-large\"><img width=\"1024\" height=\"458\" src=\"https:\/\/lahoradelgambling.com\/cl\/wp-content\/uploads\/sites\/2\/2024\/05\/bet365-review-cl-retirar-1024x458.webp\" alt=\"Instrucciones de retirada de Bet365\" class=\"wp-image-10875\" loading=\"lazy\" decoding=\"async\" srcset=\"https:\/\/lahoradelgambling.com\/cl\/wp-content\/uploads\/sites\/2\/2024\/05\/bet365-review-cl-retirar-1024x458.webp 1024w, https:\/\/lahoradelgambling.com\/cl\/wp-content\/uploads\/sites\/2\/2024\/05\/bet365-review-cl-retirar-300x134.webp 300w, https:\/\/lahoradelgambling.com\/cl\/wp-content\/uploads\/sites\/2\/2024\/05\/bet365-review-cl-retirar-150x67.webp 150w, https:\/\/lahoradelgambling.com\/cl\/wp-content\/uploads\/sites\/2\/2024\/05\/bet365-review-cl-retirar-768x344.webp 768w, https:\/\/lahoradelgambling.com\/cl\/wp-content\/uploads\/sites\/2\/2024\/05\/bet365-review-cl-retirar-1536x687.webp 1536w, https:\/\/lahoradelgambling.com\/cl\/wp-content\/uploads\/sites\/2\/2024\/05\/bet365-review-cl-retirar.webp 1900w\" sizes=\"(max-width: 1024px) 100vw, 1024px\" \/><meta itemprop=\"contentUrl\" content=\"https:\/\/lahoradelgambling.com\/cl\/wp-content\/uploads\/sites\/2\/2024\/05\/bet365-review-cl-retirar-1024x458.webp\"><\/div>    <p><b>Bet365 destaca por sus altas cuotas<\/b> y ofertas de pago anticipado, por lo que es una de los sitios favoritos de los chilenos. <b>Una de las preguntas m\u00e1s comunes entre los usuarios es <\/b><b>c\u00f3mo retirar dinero en Bet365<\/b> y qu\u00e9 formas de pago acepta. Pues bien, estos son los pasos que debes seguir para obtener tus ganancias:<\/p>    <ol> <li><b>Ingresa en la banca: <\/b>Inicia sesi\u00f3n y haz clic en &#8220;Banca&#8221; en la parte superior derecha de la pantalla. Luego elige &#8220;Retirar&#8221;.<\/li>    <li><b>Verifica tu cuenta: <\/b>Si a\u00fan no has completado el proceso de verificaci\u00f3n, debes hacerlo para poder retirar saldo de Bet365. Abre el men\u00fa de &#8220;Mi cuenta&#8221; y selecciona &#8220;Verificaci\u00f3n&#8221;. Sigue las instrucciones para cargar la foto de tu documento de identidad y completar el proceso.<\/li>    <li><b>Completa los datos: <\/b>Selecciona un m\u00e9todo de pago consistente con el que usaste para depositar, llena el formulario con los datos solicitados e ingresa el monto del retiro.&nbsp;<\/li>    <li><b>Solicita tu retiro: <\/b>Verifica que todos los datos son correctos y haz clic en &#8220;Retirar&#8221;.<\/li> <\/ol>    <p><b>Nota: <\/b>Recuerda cumplir con los requisitos de apuestas de los bonos o promociones que hayas activado antes de solicitar un retiro.<\/p>    <div class=\"wp-block-buttons is-content-justification-center is-layout-flex wp-container-core-buttons-is-layout-1 wp-block-buttons-is-layout-flex\"> <div class=\"wp-block-button\"><a class=\"wp-block-button__link wp-element-button\" href=\"https:\/\/cllink.lahoradelgambling.com\/?1win=ARXZ7dJ\" target=\"_blank\" rel=\"nofollow noreferrer noopener\">Hacer un dep\u00f3sito<\/a><\/div> <\/div> <\/section>    <section class=\"wp-block-hc-alternate-group-section\"> <h2 class=\"wp-block-heading\">\u00bfQu\u00e9 m\u00e9todos de pago est\u00e1n disponibles en Bet365?<\/h2>    <div itemscope=\"\" itemtype=\"https:\/\/schema.org\/ImageObject\" class=\"get-image schema-image-object-content wp-block-image size-large\"><img width=\"1024\" height=\"458\" src=\"https:\/\/lahoradelgambling.com\/cl\/wp-content\/uploads\/sites\/2\/2024\/05\/bet365-review-cl-pagos-1024x458.webp\" alt=\"\u00bfQu\u00e9 m\u00e9todos de pago ofrece la casa de apuestas Bet365?\" class=\"wp-image-10874\" loading=\"lazy\" decoding=\"async\" srcset=\"https:\/\/lahoradelgambling.com\/cl\/wp-content\/uploads\/sites\/2\/2024\/05\/bet365-review-cl-pagos-1024x458.webp 1024w, https:\/\/lahoradelgambling.com\/cl\/wp-content\/uploads\/sites\/2\/2024\/05\/bet365-review-cl-pagos-300x134.webp 300w, https:\/\/lahoradelgambling.com\/cl\/wp-content\/uploads\/sites\/2\/2024\/05\/bet365-review-cl-pagos-150x67.webp 150w, https:\/\/lahoradelgambling.com\/cl\/wp-content\/uploads\/sites\/2\/2024\/05\/bet365-review-cl-pagos-768x344.webp 768w, https:\/\/lahoradelgambling.com\/cl\/wp-content\/uploads\/sites\/2\/2024\/05\/bet365-review-cl-pagos-1536x687.webp 1536w, https:\/\/lahoradelgambling.com\/cl\/wp-content\/uploads\/sites\/2\/2024\/05\/bet365-review-cl-pagos.webp 1900w\" sizes=\"(max-width: 1024px) 100vw, 1024px\" \/><meta itemprop=\"contentUrl\" content=\"https:\/\/lahoradelgambling.com\/cl\/wp-content\/uploads\/sites\/2\/2024\/05\/bet365-review-cl-pagos-1024x458.webp\"><\/div>    <p><b>Uno de sus puntos d\u00e9biles en el mercado chileno es que no acepta CLP. <\/b>Los usuarios deben elegir entre otras divisas, siendo la m\u00e1s popular el d\u00f3lar estadounidense (USD). Dicho esto, veamos los <b>m\u00e9todos de pago disponibles para retirar en Bet365:<\/b><\/p>    <div class=\"wp-block-table\"><table class=\"has-fixed-layout\"><thead><tr><th>M\u00e9todo de pago<\/th><th>Retiro m\u00ednimo (USD)<\/th><th>Velocidad de transacci\u00f3n<\/th><\/tr><\/thead><tbody><tr><td>Tarjeta de d\u00e9bito \/ cr\u00e9dito<\/td><td>10<\/td><td>1 a 5 d\u00edas laborables<\/td><\/tr><tr><td>Transferencia bancaria<\/td><td>40<\/td><td>1 a 5 d\u00edas laborables<\/td><\/tr><tr><td>Skrill<\/td><td>10<\/td><td>Hasta 24 horas<\/td><\/tr><tr><td>Neteller<\/td><td>20<\/td><td>Hasta 12 horas<\/td><\/tr><tr><td>AstroPay<\/td><td>10<\/td><td>Hasta 24 horas<\/td><\/tr><\/tbody><\/table><\/div>    <p><b>Nota: <\/b>Bet365 no cobra comisiones por retiros de fondos. Sin embargo, el proveedor de pagos podr\u00eda aplicar una comisi\u00f3n, la cual se ver\u00e1 reflejada en la ventana de retiro.<\/p> <\/section>    <section class=\"wp-block-hc-alternate-group-section\"> <h2 class=\"wp-block-heading\">C\u00f3mo realizar una retirada en Bet365 desde un tel\u00e9fono m\u00f3vil<\/h2>    <div itemscope=\"\" itemtype=\"https:\/\/schema.org\/ImageObject\" class=\"get-image schema-image-object-content wp-block-image size-large\"><img width=\"1024\" height=\"458\" src=\"https:\/\/lahoradelgambling.com\/cl\/wp-content\/uploads\/sites\/2\/2024\/05\/bet365-review-cl-como-real-tel-movil-1024x458.webp\" alt=\"Instrucciones para retirar dinero a trav\u00e9s de la aplicaci\u00f3n m\u00f3vil de Bet365\" class=\"wp-image-10873\" loading=\"lazy\" decoding=\"async\" srcset=\"https:\/\/lahoradelgambling.com\/cl\/wp-content\/uploads\/sites\/2\/2024\/05\/bet365-review-cl-como-real-tel-movil-1024x458.webp 1024w, https:\/\/lahoradelgambling.com\/cl\/wp-content\/uploads\/sites\/2\/2024\/05\/bet365-review-cl-como-real-tel-movil-300x134.webp 300w, https:\/\/lahoradelgambling.com\/cl\/wp-content\/uploads\/sites\/2\/2024\/05\/bet365-review-cl-como-real-tel-movil-150x67.webp 150w, https:\/\/lahoradelgambling.com\/cl\/wp-content\/uploads\/sites\/2\/2024\/05\/bet365-review-cl-como-real-tel-movil-768x344.webp 768w, https:\/\/lahoradelgambling.com\/cl\/wp-content\/uploads\/sites\/2\/2024\/05\/bet365-review-cl-como-real-tel-movil-1536x687.webp 1536w, https:\/\/lahoradelgambling.com\/cl\/wp-content\/uploads\/sites\/2\/2024\/05\/bet365-review-cl-como-real-tel-movil.webp 1900w\" sizes=\"(max-width: 1024px) 100vw, 1024px\" \/><meta itemprop=\"contentUrl\" content=\"https:\/\/lahoradelgambling.com\/cl\/wp-content\/uploads\/sites\/2\/2024\/05\/bet365-review-cl-como-real-tel-movil-1024x458.webp\"><\/div>    <p>Puedes usar la plataforma de Bet365 desde tu navegador m\u00f3vil para tener mayor libertad, o mejor a\u00fan, <b>descargar <\/b><a href=\"https:\/\/lahoradelgambling.com\/cl\/casas-de-apuestas\/aplicaciones\/bet365-app\/\"><b>Bet365 app<\/b><\/a><b> en tu dispositivo iOS o Android. <\/b>La aplicaci\u00f3n est\u00e1 disponible directamente en la tienda virtual de cada sistema operativo (App Store y Play Store), por lo que instalarla es tan sencillo como buscar &#8220;Bet365&#8221; e iniciar la descarga.<b> Aseg\u00farate que se trata de la aplicaci\u00f3n de Hillside.&nbsp;<\/b><\/p>    <p>A trav\u00e9s de la aplicaci\u00f3n Bet365 podr\u00e1s acceder r\u00e1pidamente a tu cuenta, apostar y gestionar tus dep\u00f3sitos y retiros. <b>Para <\/b><b>sacar dinero de Bet365<\/b><b> desde tu m\u00f3vil l<\/b>os pasos son similares a los que vimos al principio. Repasemos brevemente:<\/p>    <ol> <li><b>Ingresa en la banca: <\/b>Abre la aplicaci\u00f3n o la versi\u00f3n m\u00f3vil e inicia sesi\u00f3n. Abre el men\u00fa &#8220;Mi cuenta&#8221; y selecciona &#8220;Banca&#8221;.<\/li>    <li><b>Escribe los datos: <\/b>Selecciona un m\u00e9todo de pago y completa el formulario con la informaci\u00f3n solicitada. Recuerda que debe coincidir con el instrumento que usaste para depositar.&nbsp;<\/li>    <li><b>Verifica y confirma:<\/b> Aseg\u00farate de que toda la informaci\u00f3n es correcta y haz clic en &#8220;Retirar&#8221;.<\/li> <\/ol>    <p><b>Nota: <\/b>Si el m\u00e9todo de dep\u00f3sito no est\u00e1 disponible para retiros, debes seleccionar la transferencia bancaria y registrar tu n\u00famero de cuenta.&nbsp;<\/p> <\/section>    <section class=\"wp-block-hc-alternate-group-section\"> <h2 class=\"wp-block-heading\">C\u00f3mo hacer un retiro en Bet365 usando PayPal<\/h2>    <div itemscope=\"\" itemtype=\"https:\/\/schema.org\/ImageObject\" class=\"get-image schema-image-object-content wp-block-image size-large\"><img width=\"1024\" height=\"458\" src=\"https:\/\/lahoradelgambling.com\/cl\/wp-content\/uploads\/sites\/2\/2024\/05\/bet365-review-cl-paypal-1024x458.webp\" alt=\"C\u00f3mo retirar dinero con PayPal de Bet365\" class=\"wp-image-10872\" loading=\"lazy\" decoding=\"async\" srcset=\"https:\/\/lahoradelgambling.com\/cl\/wp-content\/uploads\/sites\/2\/2024\/05\/bet365-review-cl-paypal-1024x458.webp 1024w, https:\/\/lahoradelgambling.com\/cl\/wp-content\/uploads\/sites\/2\/2024\/05\/bet365-review-cl-paypal-300x134.webp 300w, https:\/\/lahoradelgambling.com\/cl\/wp-content\/uploads\/sites\/2\/2024\/05\/bet365-review-cl-paypal-150x67.webp 150w, https:\/\/lahoradelgambling.com\/cl\/wp-content\/uploads\/sites\/2\/2024\/05\/bet365-review-cl-paypal-768x344.webp 768w, https:\/\/lahoradelgambling.com\/cl\/wp-content\/uploads\/sites\/2\/2024\/05\/bet365-review-cl-paypal-1536x687.webp 1536w, https:\/\/lahoradelgambling.com\/cl\/wp-content\/uploads\/sites\/2\/2024\/05\/bet365-review-cl-paypal.webp 1900w\" sizes=\"(max-width: 1024px) 100vw, 1024px\" \/><meta itemprop=\"contentUrl\" content=\"https:\/\/lahoradelgambling.com\/cl\/wp-content\/uploads\/sites\/2\/2024\/05\/bet365-review-cl-paypal-1024x458.webp\"><\/div>    <p>PayPal es una de las billeteras electr\u00f3nicas m\u00e1s populares en Latinoam\u00e9rica y Europa, por lo que muchas casas de apuestas, por lo que muchos usuarios se preguntan c\u00f3mo retirar dinero de Bet365 a PayPal. <b>Desafortunadamente, Bet365 no cuenta con esta opci\u00f3n para los usuarios en Chile.<\/b> Sin embargo, ofrece otras billeteras que tambi\u00e9n son bastante populares, como Skrill y Neteller.<\/p> <\/section>    <section class=\"wp-block-hc-alternate-group-section\"> <h2 class=\"wp-block-heading\">C\u00f3mo hacer un retiro en Bet365 usando transferencia bancaria<\/h2>    <div itemscope=\"\" itemtype=\"https:\/\/schema.org\/ImageObject\" class=\"get-image schema-image-object-content wp-block-image size-large\"><img width=\"1024\" height=\"458\" src=\"https:\/\/lahoradelgambling.com\/cl\/wp-content\/uploads\/sites\/2\/2024\/05\/bet365-review-cl-transferencia-bancaria-1024x458.webp\" alt=\"C\u00f3mo retirar dinero con Transferencia Bancaria de Bet365\" class=\"wp-image-10871\" loading=\"lazy\" decoding=\"async\" srcset=\"https:\/\/lahoradelgambling.com\/cl\/wp-content\/uploads\/sites\/2\/2024\/05\/bet365-review-cl-transferencia-bancaria-1024x458.webp 1024w, https:\/\/lahoradelgambling.com\/cl\/wp-content\/uploads\/sites\/2\/2024\/05\/bet365-review-cl-transferencia-bancaria-300x134.webp 300w, https:\/\/lahoradelgambling.com\/cl\/wp-content\/uploads\/sites\/2\/2024\/05\/bet365-review-cl-transferencia-bancaria-150x67.webp 150w, https:\/\/lahoradelgambling.com\/cl\/wp-content\/uploads\/sites\/2\/2024\/05\/bet365-review-cl-transferencia-bancaria-768x344.webp 768w, https:\/\/lahoradelgambling.com\/cl\/wp-content\/uploads\/sites\/2\/2024\/05\/bet365-review-cl-transferencia-bancaria-1536x687.webp 1536w, https:\/\/lahoradelgambling.com\/cl\/wp-content\/uploads\/sites\/2\/2024\/05\/bet365-review-cl-transferencia-bancaria.webp 1900w\" sizes=\"(max-width: 1024px) 100vw, 1024px\" \/><meta itemprop=\"contentUrl\" content=\"https:\/\/lahoradelgambling.com\/cl\/wp-content\/uploads\/sites\/2\/2024\/05\/bet365-review-cl-transferencia-bancaria-1024x458.webp\"><\/div>    <p>S\u00ed realizaste tu dep\u00f3sito mediante transferencia bancaria, debes usar este mismo m\u00e9todo para hacer tu retiro. Ahora, saber c\u00f3mo retirar dinero de Bet365 por transferencia bancaria no es complicado, ya que son los mismos pasos que hemos mencionado anteriormente. Entonces,<b> \u00bfqu\u00e9 debes tener en cuenta al usar este m\u00e9todo para retirar?&nbsp;<\/b><\/p>    <ul> <li>El cliente debe ser titular de la cuenta bancaria usada para retirar.<\/li>    <li>Los fondos pueden tardar hasta 5 d\u00edas laborables en ser acreditados.<\/li>    <li>Cualquier comisi\u00f3n aplicable aparecer\u00e1 en la p\u00e1gina de retiradas para que el cliente las revise y conozca los cargos.&nbsp;<\/li>    <li>Las comisiones se restan del saldo al momento de realizar la solicitud de retiro.<\/li>    <li>El remitente de la transferencia puede que se muestre en su extracto como una de las siguientes opciones: Earthport PLC, Envoy Services, Hillside (Sports) GP Limited, Hillside (International Sports) LP o Worldpay AP.<\/li> <\/ul> <\/section>    <section class=\"wp-block-hc-alternate-group-section\"> <h2 class=\"wp-block-heading\">Atenci\u00f3n al cliente<\/h2>    <div itemscope=\"\" itemtype=\"https:\/\/schema.org\/ImageObject\" class=\"get-image schema-image-object-content wp-block-image size-large\"><img width=\"1024\" height=\"458\" src=\"https:\/\/lahoradelgambling.com\/cl\/wp-content\/uploads\/sites\/2\/2024\/05\/bet365-review-cl-soporte-1024x458.webp\" alt=\"\u00bfC\u00f3mo funciona el soporte t\u00e9cnico en Bet365?\" class=\"wp-image-10870\" loading=\"lazy\" decoding=\"async\" srcset=\"https:\/\/lahoradelgambling.com\/cl\/wp-content\/uploads\/sites\/2\/2024\/05\/bet365-review-cl-soporte-1024x458.webp 1024w, https:\/\/lahoradelgambling.com\/cl\/wp-content\/uploads\/sites\/2\/2024\/05\/bet365-review-cl-soporte-300x134.webp 300w, https:\/\/lahoradelgambling.com\/cl\/wp-content\/uploads\/sites\/2\/2024\/05\/bet365-review-cl-soporte-150x67.webp 150w, https:\/\/lahoradelgambling.com\/cl\/wp-content\/uploads\/sites\/2\/2024\/05\/bet365-review-cl-soporte-768x344.webp 768w, https:\/\/lahoradelgambling.com\/cl\/wp-content\/uploads\/sites\/2\/2024\/05\/bet365-review-cl-soporte-1536x687.webp 1536w, https:\/\/lahoradelgambling.com\/cl\/wp-content\/uploads\/sites\/2\/2024\/05\/bet365-review-cl-soporte.webp 1900w\" sizes=\"(max-width: 1024px) 100vw, 1024px\" \/><meta itemprop=\"contentUrl\" content=\"https:\/\/lahoradelgambling.com\/cl\/wp-content\/uploads\/sites\/2\/2024\/05\/bet365-review-cl-soporte-1024x458.webp\"><\/div>    <p><b>Si tienes m\u00e1s preguntas sobre <\/b><b>c\u00f3mo cobrar en Bet365<\/b> puedes comunicarte con el servicio de atenci\u00f3n al cliente del operador a trav\u00e9s de los siguientes canales:<\/p>    <ul> <li><b>Chat en vivo: <\/b>Es la forma de contacto m\u00e1s \u00e1gil y te permite consultar cualquier duda relacionada con tu cuenta.&nbsp;<\/li>    <li><b>Correo electr\u00f3nico: <\/b>Si se trata de un retraso, problema o inconveniente relacionado con una solicitud de retiro, escribe un correo a la direcci\u00f3n support-lat@customerservices365.com. Encontrar\u00e1s el enlace directo a esta direcci\u00f3n en la secci\u00f3n &#8220;Contacto&#8221;.&nbsp;<\/li>    <li><b>Ayuda: <\/b>Tambi\u00e9n encontrar\u00e1s informaci\u00f3n adicional en la secci\u00f3n de \u201cPreguntas frecuentes\u201d.<\/li> <\/ul> <\/section>","protected":false},"excerpt":{"rendered":"","protected":false},"author":33,"featured_media":10875,"parent":5607,"menu_order":0,"comment_status":"closed","ping_status":"closed","template":"","meta":{"_acf_changed":false,"footnotes":""},"page_categories":[],"acf":[],"yoast_head":"<!-- This site is optimized with the Yoast SEO plugin v24.5 - https:\/\/yoast.com\/wordpress\/plugins\/seo\/ -->\n<title>C\u00f3mo retirar dinero de Bet365 Chile | M\u00e9todos de pago - 2024<\/title>\n<meta name=\"description\" content=\"\u00bfSabes c\u00f3mo sacar dinero de Bet365? Conoce qu\u00e9 m\u00e9todos de pago puedes usar para cobrar tus ganancias y c\u00f3mo retirar el bono de bienvenida de 30 USD\" \/>\n<meta name=\"robots\" content=\"index, follow, max-snippet:-1, max-image-preview:large, max-video-preview:-1\" \/>\n<meta property=\"og:locale\" content=\"es_ES\" \/>\n<meta property=\"og:type\" content=\"article\" \/>\n<meta property=\"og:title\" content=\"C\u00f3mo retirar dinero de Bet365 Chile | M\u00e9todos de pago - 2024\" \/>\n<meta property=\"og:description\" content=\"\u00bfSabes c\u00f3mo sacar dinero de Bet365? Conoce qu\u00e9 m\u00e9todos de pago puedes usar para cobrar tus ganancias y c\u00f3mo retirar el bono de bienvenida de 30 USD\" \/>\n<meta property=\"og:url\" content=\"https:\/\/lahoradelgambling.com\/cl\/casas-de-apuestas\/bet365\/como-retirar-en-bet365\/\" \/>\n<meta property=\"og:site_name\" content=\"lahoradelgambling CL\" \/>\n<meta property=\"article:modified_time\" content=\"2024-06-21T15:32:55+00:00\" \/>\n<meta property=\"og:image\" content=\"https:\/\/lahoradelgambling.com\/cl\/wp-content\/uploads\/sites\/2\/2024\/05\/bet365-review-cl-retirar.webp\" \/>\n\t<meta property=\"og:image:width\" content=\"1900\" \/>\n\t<meta property=\"og:image:height\" content=\"850\" \/>\n\t<meta property=\"og:image:type\" content=\"image\/webp\" \/>\n<meta name=\"twitter:card\" content=\"summary_large_image\" \/>\n<meta name=\"twitter:label1\" content=\"Tiempo estimado de lectura\" \/>\n\t<meta name=\"twitter:data1\" content=\"6 minutos\" \/>\n<!-- \/ Yoast SEO plugin. -->","yoast_head_json":{"title":"C\u00f3mo retirar dinero de Bet365 Chile | M\u00e9todos de pago - 2024","description":"\u00bfSabes c\u00f3mo sacar dinero de Bet365? Conoce qu\u00e9 m\u00e9todos de pago puedes usar para cobrar tus ganancias y c\u00f3mo retirar el bono de bienvenida de 30 USD","robots":{"index":"index","follow":"follow","max-snippet":"max-snippet:-1","max-image-preview":"max-image-preview:large","max-video-preview":"max-video-preview:-1"},"og_locale":"es_ES","og_type":"article","og_title":"C\u00f3mo retirar dinero de Bet365 Chile | M\u00e9todos de pago - 2024","og_description":"\u00bfSabes c\u00f3mo sacar dinero de Bet365? Conoce qu\u00e9 m\u00e9todos de pago puedes usar para cobrar tus ganancias y c\u00f3mo retirar el bono de bienvenida de 30 USD","og_url":"https:\/\/lahoradelgambling.com\/cl\/casas-de-apuestas\/bet365\/como-retirar-en-bet365\/","og_site_name":"lahoradelgambling CL","article_modified_time":"2024-06-21T15:32:55+00:00","og_image":[{"width":1900,"height":850,"url":"https:\/\/lahoradelgambling.com\/cl\/wp-content\/uploads\/sites\/2\/2024\/05\/bet365-review-cl-retirar.webp","type":"image\/webp"}],"twitter_card":"summary_large_image","twitter_misc":{"Tiempo estimado de lectura":"6 minutos"},"schema":{"@context":"https:\/\/schema.org","@graph":[{"@type":"WebPage","@id":"https:\/\/lahoradelgambling.com\/cl\/casas-de-apuestas\/bet365\/como-retirar-en-bet365\/","url":"https:\/\/lahoradelgambling.com\/cl\/casas-de-apuestas\/bet365\/como-retirar-en-bet365\/","name":"C\u00f3mo retirar dinero de Bet365 Chile | M\u00e9todos de pago - 2024","isPartOf":{"@id":"https:\/\/lahoradelgambling.com\/cl\/#website"},"primaryImageOfPage":{"@id":"https:\/\/lahoradelgambling.com\/cl\/casas-de-apuestas\/bet365\/como-retirar-en-bet365\/#primaryimage"},"image":{"@id":"https:\/\/lahoradelgambling.com\/cl\/casas-de-apuestas\/bet365\/como-retirar-en-bet365\/#primaryimage"},"thumbnailUrl":"https:\/\/lahoradelgambling.com\/cl\/wp-content\/uploads\/sites\/2\/2024\/05\/bet365-review-cl-retirar.webp","datePublished":"2024-05-28T07:42:32+00:00","dateModified":"2024-06-21T15:32:55+00:00","description":"\u00bfSabes c\u00f3mo sacar dinero de Bet365? Conoce qu\u00e9 m\u00e9todos de pago puedes usar para cobrar tus ganancias y c\u00f3mo retirar el bono de bienvenida de 30 USD","breadcrumb":{"@id":"https:\/\/lahoradelgambling.com\/cl\/casas-de-apuestas\/bet365\/como-retirar-en-bet365\/#breadcrumb"},"inLanguage":"es-CL","potentialAction":[{"@type":"ReadAction","target":["https:\/\/lahoradelgambling.com\/cl\/casas-de-apuestas\/bet365\/como-retirar-en-bet365\/"]}]},{"@type":"ImageObject","inLanguage":"es-CL","@id":"https:\/\/lahoradelgambling.com\/cl\/casas-de-apuestas\/bet365\/como-retirar-en-bet365\/#primaryimage","url":"https:\/\/lahoradelgambling.com\/cl\/wp-content\/uploads\/sites\/2\/2024\/05\/bet365-review-cl-retirar.webp","contentUrl":"https:\/\/lahoradelgambling.com\/cl\/wp-content\/uploads\/sites\/2\/2024\/05\/bet365-review-cl-retirar.webp","width":1900,"height":850,"caption":"Instrucciones de retirada de Bet365"},{"@type":"BreadcrumbList","@id":"https:\/\/lahoradelgambling.com\/cl\/casas-de-apuestas\/bet365\/como-retirar-en-bet365\/#breadcrumb","itemListElement":[{"@type":"ListItem","position":1,"name":"Lahoradelgambling","item":"https:\/\/lahoradelgambling.com\/cl\/"},{"@type":"ListItem","position":2,"name":"Casas de apuestas","item":"https:\/\/lahoradelgambling.com\/cl\/casas-de-apuestas\/"},{"@type":"ListItem","position":3,"name":"Bet365 Chile","item":"https:\/\/lahoradelgambling.com\/cl\/casas-de-apuestas\/bet365\/"},{"@type":"ListItem","position":4,"name":"C\u00f3mo retirar en Bet365"}]},{"@type":"WebSite","@id":"https:\/\/lahoradelgambling.com\/cl\/#website","url":"https:\/\/lahoradelgambling.com\/cl\/","name":"lahoradelgambling CL","description":"","publisher":{"@id":"https:\/\/lahoradelgambling.com\/cl\/#organization"},"potentialAction":[{"@type":"SearchAction","target":{"@type":"EntryPoint","urlTemplate":"https:\/\/lahoradelgambling.com\/cl\/?s={search_term_string}"},"query-input":{"@type":"PropertyValueSpecification","valueRequired":true,"valueName":"search_term_string"}}],"inLanguage":"es-CL"},{"@type":"Organization","@id":"https:\/\/lahoradelgambling.com\/cl\/#organization","name":"lahoradelgambling CL","url":"https:\/\/lahoradelgambling.com\/cl\/","logo":{"@type":"ImageObject","inLanguage":"es-CL","@id":"https:\/\/lahoradelgambling.com\/cl\/#\/schema\/logo\/image\/","url":"https:\/\/lahoradelgambling.com\/cl\/wp-content\/uploads\/sites\/2\/2023\/11\/logo_cl.svg","contentUrl":"https:\/\/lahoradelgambling.com\/cl\/wp-content\/uploads\/sites\/2\/2023\/11\/logo_cl.svg","caption":"lahoradelgambling CL"},"image":{"@id":"https:\/\/lahoradelgambling.com\/cl\/#\/schema\/logo\/image\/"}}]}},"_links":{"self":[{"href":"https:\/\/lahoradelgambling.com\/cl\/wp-json\/wp\/v2\/pages\/10843"}],"collection":[{"href":"https:\/\/lahoradelgambling.com\/cl\/wp-json\/wp\/v2\/pages"}],"about":[{"href":"https:\/\/lahoradelgambling.com\/cl\/wp-json\/wp\/v2\/types\/page"}],"author":[{"embeddable":true,"href":"https:\/\/lahoradelgambling.com\/cl\/wp-json\/wp\/v2\/users\/33"}],"replies":[{"embeddable":true,"href":"https:\/\/lahoradelgambling.com\/cl\/wp-json\/wp\/v2\/comments?post=10843"}],"version-history":[{"count":5,"href":"https:\/\/lahoradelgambling.com\/cl\/wp-json\/wp\/v2\/pages\/10843\/revisions"}],"predecessor-version":[{"id":11011,"href":"https:\/\/lahoradelgambling.com\/cl\/wp-json\/wp\/v2\/pages\/10843\/revisions\/11011"}],"up":[{"embeddable":true,"href":"https:\/\/lahoradelgambling.com\/cl\/wp-json\/wp\/v2\/pages\/5607"}],"wp:featuredmedia":[{"embeddable":true,"href":"https:\/\/lahoradelgambling.com\/cl\/wp-json\/wp\/v2\/media\/10875"}],"wp:attachment":[{"href":"https:\/\/lahoradelgambling.com\/cl\/wp-json\/wp\/v2\/media?parent=10843"}],"wp:term":[{"taxonomy":"page_categories","embeddable":true,"href":"https:\/\/lahoradelgambling.com\/cl\/wp-json\/wp\/v2\/page_categories?post=10843"}],"curies":[{"name":"wp","href":"https:\/\/api.w.org\/{rel}","templated":true}]}}