{"id":10694,"date":"2024-04-24T18:07:00","date_gmt":"2024-04-24T15:07:00","guid":{"rendered":"https:\/\/lahoradelgambling.com\/cl\/?page_id=10694"},"modified":"2024-06-21T18:32:38","modified_gmt":"2024-06-21T15:32:38","slug":"como-apostar-en-bet365","status":"publish","type":"page","link":"https:\/\/lahoradelgambling.com\/cl\/casas-de-apuestas\/bet365\/como-apostar-en-bet365\/","title":{"rendered":"C\u00f3mo apostar en Bet365"},"content":{"rendered":"<section class=\"wp-block-hc-alternate-group-section\"> <h2 class=\"wp-block-heading\">C\u00f3mo apostar en Bet365<\/h2>    <div itemscope=\"\" itemtype=\"https:\/\/schema.org\/ImageObject\" class=\"get-image schema-image-object-content wp-block-image size-large\"><img width=\"1024\" height=\"458\" src=\"https:\/\/lahoradelgambling.com\/cl\/wp-content\/uploads\/sites\/2\/2024\/04\/bet365-review-cl-como-apostar-1024x458.webp\" alt=\"Bet365 Chile Apuestas Rese\u00f1a\" class=\"wp-image-10702\" loading=\"lazy\" decoding=\"async\" srcset=\"https:\/\/lahoradelgambling.com\/cl\/wp-content\/uploads\/sites\/2\/2024\/04\/bet365-review-cl-como-apostar-1024x458.webp 1024w, https:\/\/lahoradelgambling.com\/cl\/wp-content\/uploads\/sites\/2\/2024\/04\/bet365-review-cl-como-apostar-300x134.webp 300w, https:\/\/lahoradelgambling.com\/cl\/wp-content\/uploads\/sites\/2\/2024\/04\/bet365-review-cl-como-apostar-150x67.webp 150w, https:\/\/lahoradelgambling.com\/cl\/wp-content\/uploads\/sites\/2\/2024\/04\/bet365-review-cl-como-apostar-768x344.webp 768w, https:\/\/lahoradelgambling.com\/cl\/wp-content\/uploads\/sites\/2\/2024\/04\/bet365-review-cl-como-apostar-1536x687.webp 1536w, https:\/\/lahoradelgambling.com\/cl\/wp-content\/uploads\/sites\/2\/2024\/04\/bet365-review-cl-como-apostar.webp 1900w\" sizes=\"(max-width: 1024px) 100vw, 1024px\" \/><meta itemprop=\"contentUrl\" content=\"https:\/\/lahoradelgambling.com\/cl\/wp-content\/uploads\/sites\/2\/2024\/04\/bet365-review-cl-como-apostar-1024x458.webp\"><\/div>    <p>Si has decidido registrarte en esta casa de apuestas, es normal que lo primero que quieras saber sea <b>c\u00f3mo apostar en <a href=\"https:\/\/lahoradelgambling.com\/cl\/casas-de-apuestas\/bet365\/\">Bet365 Chile<\/a><\/b>. Sin embargo, a\u00fan queda un largo proceso por seguir hasta tener la opci\u00f3n de realizar apuestas. Claro, este es f\u00e1cil de completar, a continuaci\u00f3n, te explicamos todos los pasos que lo componen:<\/p>    <ol> <li><b>Registrarte en Bet365<\/b>: lo primero a hacer es entrar al sitio de internet, el enlace que te lleva a \u00e9l es https:\/\/www.bet365.es\/#\/HO\/. Cuando est\u00e9s en la p\u00e1gina de inicio, f\u00edjate que en la barra superior est\u00e1 la opci\u00f3n \u201cRegistrarse\u201d, presi\u00f3nala. En el formulario tienes que facilitar tus datos personales, de contacto y domicilio.<\/li>    <li><b>Establecer la informaci\u00f3n de acceso<\/b>: esta es el nombre de usuario (de 6 a 14 caracteres) y una contrase\u00f1a (de 8 a 32 caracteres, con may\u00fasculas, min\u00fasculas y n\u00fameros). Ahora, presiona en \u201cRegistrarse en Bet365\u201d.<\/li>    <li><b>Completar la verificaci\u00f3n de identidad<\/b>: cuando tu cuenta est\u00e9 lista y puedas entrar a ella, encontrar\u00e1s la pesta\u00f1a \u201cVerificaci\u00f3n\u201d. Es necesario que accedas a esta \u00faltima para subir los documentos de verificaci\u00f3n que requiere la casa de apuestas.<\/li>    <li><b>Depositar a tu cuenta<\/b>: en este caso, tienes que entrar a la pesta\u00f1a \u201cDep\u00f3sitos\u201d de tu cuenta e indicar cu\u00e1l es el m\u00e9todo que prefieres utilizar. Luego, lo registras agregando datos de tu cuenta e ingresando el monto a recargar.<\/li>    <li><b>Hacer la solicitud de la primera bonificaci\u00f3n<\/b>: despu\u00e9s de hacer tu primer dep\u00f3sito, entra a \u201cCuenta\u201d, all\u00ed estar\u00e1 la pesta\u00f1a \u201cMis ofertas\u201d y el bot\u00f3n \u201cSolicitar ahora\u201d junto a la informaci\u00f3n del bono, este es el que debes pulsar.<\/li>    <li><b>Cumplir con las condiciones del bono de bienvenida<\/b>: despu\u00e9s de recibir el <a href=\"https:\/\/lahoradelgambling.com\/cl\/bono-de-bienvenida\/bet365-bono\/\" target=\"_blank\" rel=\"noreferrer noopener\">bono de Bet365<\/a>, tienes 30 d\u00edas para utilizarlo. Este se debe invertir en una apuesta simple o m\u00faltiple, esta puede ser realizada previo al partido o en directo. En cuanto a los momios, la selecci\u00f3n de estos debe ser de 1.50 o mayor.<\/li>    <li><b>Realizar la apuesta<\/b>: para esto, entra a la secci\u00f3n de apuestas deportivas, selecciona un deporte y liga, y el mercado de la apuesta. Luego, completa el boleto con el monto a apostar y presiona \u201cApostar\u201d.<\/li> <\/ol>    <p>En cuanto a las caracter\u00edsticas del bono de bienvenida de Bet365, este es <b>del 100 % sobre tu primer dep\u00f3sito<\/b>. El importe m\u00e1ximo que tienes la oportunidad de recibir es de 30 $ y el monto m\u00ednimo aceptado para tu primera recarga es de 10 $.<\/p>    <p>Si has intentado entrar al enlace dejado en el primer paso y el acceso ha sido denegado, se debe a que la casa de apuestas no est\u00e1 disponible en Chile. Por tanto, <b>tienes que usar un VPN<\/b>, nosotros usamos uno de Venezuela.<\/p>    <p><\/p>    <div class=\"wp-block-buttons is-content-justification-center is-layout-flex wp-container-core-buttons-is-layout-1 wp-block-buttons-is-layout-flex\"> <div class=\"wp-block-button\"><a class=\"wp-block-button__link wp-element-button\" href=\"https:\/\/cllink.lahoradelgambling.com\/?1win=ARXZ7dJ\" target=\"_blank\" rel=\"nofollow noreferrer noopener\">Reg\u00edstrate<\/a><\/div> <\/div> <\/section>    <section class=\"wp-block-hc-alternate-group-section\"> <h2 class=\"wp-block-heading\">C\u00f3mo realizar una apuesta en la app<\/h2>    <div itemscope=\"\" itemtype=\"https:\/\/schema.org\/ImageObject\" class=\"get-image schema-image-object-content wp-block-image size-large\"><img width=\"1024\" height=\"458\" src=\"https:\/\/lahoradelgambling.com\/cl\/wp-content\/uploads\/sites\/2\/2024\/04\/bet365-review-cl-como-realizar-una-apuesta-en-la-app-1024x458.webp\" alt=\"\u00bfC\u00f3mo puedo apostar a trav\u00e9s de la aplicaci\u00f3n m\u00f3vil de Bet365?\" class=\"wp-image-10701\" loading=\"lazy\" decoding=\"async\" srcset=\"https:\/\/lahoradelgambling.com\/cl\/wp-content\/uploads\/sites\/2\/2024\/04\/bet365-review-cl-como-realizar-una-apuesta-en-la-app-1024x458.webp 1024w, https:\/\/lahoradelgambling.com\/cl\/wp-content\/uploads\/sites\/2\/2024\/04\/bet365-review-cl-como-realizar-una-apuesta-en-la-app-300x134.webp 300w, https:\/\/lahoradelgambling.com\/cl\/wp-content\/uploads\/sites\/2\/2024\/04\/bet365-review-cl-como-realizar-una-apuesta-en-la-app-150x67.webp 150w, https:\/\/lahoradelgambling.com\/cl\/wp-content\/uploads\/sites\/2\/2024\/04\/bet365-review-cl-como-realizar-una-apuesta-en-la-app-768x344.webp 768w, https:\/\/lahoradelgambling.com\/cl\/wp-content\/uploads\/sites\/2\/2024\/04\/bet365-review-cl-como-realizar-una-apuesta-en-la-app-1536x687.webp 1536w, https:\/\/lahoradelgambling.com\/cl\/wp-content\/uploads\/sites\/2\/2024\/04\/bet365-review-cl-como-realizar-una-apuesta-en-la-app.webp 1900w\" sizes=\"(max-width: 1024px) 100vw, 1024px\" \/><meta itemprop=\"contentUrl\" content=\"https:\/\/lahoradelgambling.com\/cl\/wp-content\/uploads\/sites\/2\/2024\/04\/bet365-review-cl-como-realizar-una-apuesta-en-la-app-1024x458.webp\"><\/div>    <p>Antes explicamos r\u00e1pidamente c\u00f3mo crear una apuesta en Bet365, pero ahora queremos profundizar en el proceso a seguir y enfoc\u00e1ndonos en la <a href=\"https:\/\/lahoradelgambling.com\/cl\/casas-de-apuestas\/aplicaciones\/bet365-app\/\" target=\"_blank\" rel=\"noreferrer noopener\">app de Bet365<\/a>. Al igual que la web, la aplicaci\u00f3n m\u00f3vil no puede ser descargada en Chile, as\u00ed que, si deseas instalarla y usarla, <b>activa un VPN<\/b>.<\/p>    <p>Cuando tengas la app, haz un apuesta deportiva siguiendo estos pasos:<\/p>    <ol> <li><b>Elegir el deporte y el evento<\/b>: en la app, los deportes disponibles para apostar est\u00e1n en la barra superior de la secci\u00f3n deportiva. Para facilitar la b\u00fasqueda del deporte, presiona el \u00edcono de la lupa y escribe el nombre. Una vez escogido esto, pulsa el evento en el que quieres apostar.<\/li>    <li><b>Seleccionar tu apuesta<\/b>: una vez presionado un evento deportivo, accedes a las opciones de mercados de apuestas. Cuando selecciones uno, la plataforma generar\u00e1 el boleto de la apuesta.<\/li>    <li><b>Completar el boleto de la apuesta<\/b>: en \u00e9l escribes la cantidad que prefieres apostar. Cuando est\u00e9 completo, pulsa el bot\u00f3n \u201cApostar\u201d y, para consultar la apuesta, entra a \u201cMis apuestas\u201d<\/li> <\/ol>    <div class=\"wp-block-buttons is-content-justification-center is-layout-flex wp-container-core-buttons-is-layout-2 wp-block-buttons-is-layout-flex\"> <div class=\"wp-block-button\"><a class=\"wp-block-button__link wp-element-button\" href=\"https:\/\/cllink.lahoradelgambling.com\/?1win=ARXZ7dJ&amp;type=app\" target=\"_blank\" rel=\"nofollow noreferrer noopener\">Reg\u00edstrate<\/a><\/div> <\/div> <\/section>    <section class=\"wp-block-hc-alternate-group-section\"> <h2 class=\"wp-block-heading\">Mercado de apuestas en Bet365<\/h2>    <div itemscope=\"\" itemtype=\"https:\/\/schema.org\/ImageObject\" class=\"get-image schema-image-object-content wp-block-image size-large\"><img width=\"1024\" height=\"458\" src=\"https:\/\/lahoradelgambling.com\/cl\/wp-content\/uploads\/sites\/2\/2024\/04\/bet365-review-cl-mercado-de-apuestas-1024x458.webp\" alt=\"Todas las categor\u00edas deportivas de la plataforma bet365\" class=\"wp-image-10699\" loading=\"lazy\" decoding=\"async\" srcset=\"https:\/\/lahoradelgambling.com\/cl\/wp-content\/uploads\/sites\/2\/2024\/04\/bet365-review-cl-mercado-de-apuestas-1024x458.webp 1024w, https:\/\/lahoradelgambling.com\/cl\/wp-content\/uploads\/sites\/2\/2024\/04\/bet365-review-cl-mercado-de-apuestas-300x134.webp 300w, https:\/\/lahoradelgambling.com\/cl\/wp-content\/uploads\/sites\/2\/2024\/04\/bet365-review-cl-mercado-de-apuestas-150x67.webp 150w, https:\/\/lahoradelgambling.com\/cl\/wp-content\/uploads\/sites\/2\/2024\/04\/bet365-review-cl-mercado-de-apuestas-768x344.webp 768w, https:\/\/lahoradelgambling.com\/cl\/wp-content\/uploads\/sites\/2\/2024\/04\/bet365-review-cl-mercado-de-apuestas-1536x687.webp 1536w, https:\/\/lahoradelgambling.com\/cl\/wp-content\/uploads\/sites\/2\/2024\/04\/bet365-review-cl-mercado-de-apuestas.webp 1900w\" sizes=\"(max-width: 1024px) 100vw, 1024px\" \/><meta itemprop=\"contentUrl\" content=\"https:\/\/lahoradelgambling.com\/cl\/wp-content\/uploads\/sites\/2\/2024\/04\/bet365-review-cl-mercado-de-apuestas-1024x458.webp\"><\/div>    <p>Actualmente, en Bet365 hay <b>m\u00e1s de 20 deportes disponibles<\/b> y en cada uno hay numerosos mercados, a continuaci\u00f3n, te hablamos de algunos de ellos:<\/p>    <ul> <li><b>F\u00fatbol<\/b>: resultado final, doble oportunidad, ambos equipos anotar\u00e1n, total de goles, l\u00ednea de gol, n\u00famero de tarjetas en el partido, jugador que recibir\u00e1 tarjeta, c\u00f3rners, primera jugada a bal\u00f3n parado y m\u00e1s.<\/li>    <li><b>Baloncesto<\/b>: resultado y ambos equipos anotar\u00e1n X puntos, primero en anotar 20 puntos, empate al final del tiempo reglamentario, total del juego Impar\/Par, m\u00e1rgenes de victoria, encuentro (h\u00e1ndicap y total) y m\u00e1s.<\/li>    <li><b>Tenis<\/b>: ganador del primer set, primer break del servicio, total de sets, doble falta &#8211; totales, ace &#8211; totales, doble falta, jugador que ganar\u00e1 remontando, total de tie breaks, resultado y total de juegos, ganar\u00e1 sin perder el set y m\u00e1s.<\/li>    <li><b>eSports<\/b>: ganador final, apuestas al grupo, llegar\u00e1 a la final, v\u00edctimas en el primer mapa, h\u00e1ndicap, ganar\u00e1 al menos un mapa, puntuaci\u00f3n correcta, ambos equipos matar\u00e1n un drag\u00f3n, primer drag\u00f3n en aparecer y m\u00e1s.<\/li>    <li><b>Balonmano<\/b>: doble resultado, equipo local anotar\u00e1, margen de victoria, doble oportunidad, resultado y total, lanzamientos de penaltis, mitad con la mayor puntuaci\u00f3n, dos jugadores anotar\u00e1n, m\u00e1ximo goleador y m\u00e1s.<\/li> <\/ul> <\/section>    <section class=\"wp-block-hc-alternate-group-section\"> <h2 class=\"wp-block-heading\">Por qu\u00e9 apostar en Bet365<\/h2>    <div itemscope=\"\" itemtype=\"https:\/\/schema.org\/ImageObject\" class=\"get-image schema-image-object-content wp-block-image size-large\"><img width=\"1024\" height=\"458\" src=\"https:\/\/lahoradelgambling.com\/cl\/wp-content\/uploads\/sites\/2\/2024\/04\/bet365-review-cl-por-que-apostar-1024x458.webp\" alt=\"Ventajas de apostar en la plataforma Bet365\" class=\"wp-image-10698\" loading=\"lazy\" decoding=\"async\" srcset=\"https:\/\/lahoradelgambling.com\/cl\/wp-content\/uploads\/sites\/2\/2024\/04\/bet365-review-cl-por-que-apostar-1024x458.webp 1024w, https:\/\/lahoradelgambling.com\/cl\/wp-content\/uploads\/sites\/2\/2024\/04\/bet365-review-cl-por-que-apostar-300x134.webp 300w, https:\/\/lahoradelgambling.com\/cl\/wp-content\/uploads\/sites\/2\/2024\/04\/bet365-review-cl-por-que-apostar-150x67.webp 150w, https:\/\/lahoradelgambling.com\/cl\/wp-content\/uploads\/sites\/2\/2024\/04\/bet365-review-cl-por-que-apostar-768x344.webp 768w, https:\/\/lahoradelgambling.com\/cl\/wp-content\/uploads\/sites\/2\/2024\/04\/bet365-review-cl-por-que-apostar-1536x687.webp 1536w, https:\/\/lahoradelgambling.com\/cl\/wp-content\/uploads\/sites\/2\/2024\/04\/bet365-review-cl-por-que-apostar.webp 1900w\" sizes=\"(max-width: 1024px) 100vw, 1024px\" \/><meta itemprop=\"contentUrl\" content=\"https:\/\/lahoradelgambling.com\/cl\/wp-content\/uploads\/sites\/2\/2024\/04\/bet365-review-cl-por-que-apostar-1024x458.webp\"><\/div>    <p>Bet365 es una casa de apuestas que destaca en mercados de muchos pa\u00edses, incluyendo Chile, pues en este pa\u00eds es una plataforma ampliamente solicitada. Obviamente, el que Bet365 tenga una <b>buena reputaci\u00f3n<\/b> se debe a razones s\u00f3lidas, las principales son:<\/p>    <ul> <li><b>Cat\u00e1logo deportivo amplio<\/b>: como pudiste ver antes, adem\u00e1s de tener m\u00e1s de 20 deportes, cada uno tiene decenas de mercados disponibles. Esto hace que el hacer una apuesta sea mucho m\u00e1s entretenido.<\/li>    <li><b>Transmisiones en directo<\/b>: las apuestas en tiempo real son complementadas con las transmisiones de los partidos, estos te permiten hacer un seguimiento profundo y optimizar las apuestas que haces en vivo.<\/li>    <li><b>Atractivas promociones<\/b>: el bono de bienvenida es solo uno de los que ofrece esta casa de apuestas, en ella tambi\u00e9n hay ofertas de pagos anticipados, garant\u00edas por abandono y muchas otras promociones.<\/li>    <li><b>Facilidad al usar la plataforma<\/b>: para empezar a apostar en Bet365, no es necesario ser un experto en casas de apuestas. Gracias a que la web es intuitiva, es sencillo entenderla.<\/li> <\/ul> <\/section>    <section class=\"wp-block-hc-alternate-group-section\"> <h2 class=\"wp-block-heading\">Preguntas frecuentes sobre apuestas en Bet365<\/h2>   \t<div class=\"faq-section\" itemscope itemtype=\"https:\/\/schema.org\/FAQPage\">  \t\t\t\t\t<div class=\"item\" itemscope itemprop=\"mainEntity\" itemtype=\"https:\/\/schema.org\/Question\">  \t\t\t\t<div class=\"faq_question\">  \t\t\t\t\t<div class=\"count\">01<\/div>  \t\t\t\t\t<div itemprop=\"name\">  \t\t\t\t\t\t\u00bfEs seguro apostar en Bet365?\t\t\t\t\t<\/div>  \t\t\t\t\t<span class=\"faq_arrow\">                          <i class=\"fa-sharp fa-light fa-chevron-down\"><\/i>                      <\/span>  \t\t\t\t<\/div>  \t\t\t\t<div class=\"faq_answer\" itemscope itemprop=\"acceptedAnswer\" itemtype=\"https:\/\/schema.org\/Answer\">  \t\t\t\t\t<div itemprop=\"text\">  \t\t\t\t\t\t<b>S\u00ed,<\/b> pues tiene la licencia N\u00b0 MGA\/B2C\/531\/2018 de la Autoridad del Juego de Malta y cuenta con sistemas que protegen los datos de los usuarios.\t\t\t\t\t<\/div>  \t\t\t\t<\/div>  \t\t\t<\/div>  \t\t\t\t\t<div class=\"item\" itemscope itemprop=\"mainEntity\" itemtype=\"https:\/\/schema.org\/Question\">  \t\t\t\t<div class=\"faq_question\">  \t\t\t\t\t<div class=\"count\">02<\/div>  \t\t\t\t\t<div itemprop=\"name\">  \t\t\t\t\t\t\u00bfC\u00f3mo apostar en Bet365 Chile?\t\t\t\t\t<\/div>  \t\t\t\t\t<span class=\"faq_arrow\">                          <i class=\"fa-sharp fa-light fa-chevron-down\"><\/i>                      <\/span>  \t\t\t\t<\/div>  \t\t\t\t<div class=\"faq_answer\" itemscope itemprop=\"acceptedAnswer\" itemtype=\"https:\/\/schema.org\/Answer\">  \t\t\t\t\t<div itemprop=\"text\">  \t\t\t\t\t\tLo primero a hacer es <b>escoger el deporte y el evento.<\/b> Luego, selecciona un mercado, una cuota e indica la cantidad a apostar.\t\t\t\t\t<\/div>  \t\t\t\t<\/div>  \t\t\t<\/div>  \t\t\t\t\t<div class=\"item\" itemscope itemprop=\"mainEntity\" itemtype=\"https:\/\/schema.org\/Question\">  \t\t\t\t<div class=\"faq_question\">  \t\t\t\t\t<div class=\"count\">03<\/div>  \t\t\t\t\t<div itemprop=\"name\">  \t\t\t\t\t\t\u00bfC\u00f3mo se edita una apuesta en Bet365?\t\t\t\t\t<\/div>  \t\t\t\t\t<span class=\"faq_arrow\">                          <i class=\"fa-sharp fa-light fa-chevron-down\"><\/i>                      <\/span>  \t\t\t\t<\/div>  \t\t\t\t<div class=\"faq_answer\" itemscope itemprop=\"acceptedAnswer\" itemtype=\"https:\/\/schema.org\/Answer\">  \t\t\t\t\t<div itemprop=\"text\">  \t\t\t\t\t\tPara esto, entra a <b>\u201cMis apuestas\u201d,<\/b> en ella est\u00e1 la opci\u00f3n \u201cEditar apuesta\u201d, con ella agregas apuestas o las retiras.\t\t\t\t\t<\/div>  \t\t\t\t<\/div>  \t\t\t<\/div>  \t\t\t\t\t<div class=\"item\" itemscope itemprop=\"mainEntity\" itemtype=\"https:\/\/schema.org\/Question\">  \t\t\t\t<div class=\"faq_question\">  \t\t\t\t\t<div class=\"count\">04<\/div>  \t\t\t\t\t<div itemprop=\"name\">  \t\t\t\t\t\t\u00bfCu\u00e1nto es lo m\u00ednimo para apostar en Bet365?\t\t\t\t\t<\/div>  \t\t\t\t\t<span class=\"faq_arrow\">                          <i class=\"fa-sharp fa-light fa-chevron-down\"><\/i>                      <\/span>  \t\t\t\t<\/div>  \t\t\t\t<div class=\"faq_answer\" itemscope itemprop=\"acceptedAnswer\" itemtype=\"https:\/\/schema.org\/Answer\">  \t\t\t\t\t<div itemprop=\"text\">  \t\t\t\t\t\tEste var\u00eda por el evento deportivo y el mercado de la apuesta, pero <b>por lo general, es de 1 $.<\/b>\t\t\t\t\t<\/div>  \t\t\t\t<\/div>  \t\t\t<\/div>  \t\t\t<\/div>  <\/section>","protected":false},"excerpt":{"rendered":"","protected":false},"author":33,"featured_media":10702,"parent":5607,"menu_order":0,"comment_status":"closed","ping_status":"closed","template":"","meta":{"_acf_changed":false,"footnotes":""},"page_categories":[],"acf":[],"yoast_head":"<!-- This site is optimized with the Yoast SEO plugin v24.5 - https:\/\/yoast.com\/wordpress\/plugins\/seo\/ -->\n<title>C\u00f3mo apostar en Bet365 Chile: pasos para tu primera apuesta<\/title>\n<meta name=\"description\" content=\"\u00a1Hacer apuestas en Bet365 es m\u00e1s f\u00e1cil de lo que crees! Si a\u00fan no sabes c\u00f3mo apostar en Bet365, aqu\u00ed te damos una gu\u00eda detallada para que lo hagas\" \/>\n<meta name=\"robots\" content=\"index, follow, max-snippet:-1, max-image-preview:large, max-video-preview:-1\" \/>\n<meta property=\"og:locale\" content=\"es_ES\" \/>\n<meta property=\"og:type\" content=\"article\" \/>\n<meta property=\"og:title\" content=\"C\u00f3mo apostar en Bet365 Chile: pasos para tu primera apuesta\" \/>\n<meta property=\"og:description\" content=\"\u00a1Hacer apuestas en Bet365 es m\u00e1s f\u00e1cil de lo que crees! Si a\u00fan no sabes c\u00f3mo apostar en Bet365, aqu\u00ed te damos una gu\u00eda detallada para que lo hagas\" \/>\n<meta property=\"og:url\" content=\"https:\/\/lahoradelgambling.com\/cl\/casas-de-apuestas\/bet365\/como-apostar-en-bet365\/\" \/>\n<meta property=\"og:site_name\" content=\"lahoradelgambling CL\" \/>\n<meta property=\"article:modified_time\" content=\"2024-06-21T15:32:38+00:00\" \/>\n<meta property=\"og:image\" content=\"https:\/\/lahoradelgambling.com\/cl\/wp-content\/uploads\/sites\/2\/2024\/04\/bet365-review-cl-como-apostar.webp\" \/>\n\t<meta property=\"og:image:width\" content=\"1900\" \/>\n\t<meta property=\"og:image:height\" content=\"850\" \/>\n\t<meta property=\"og:image:type\" content=\"image\/webp\" \/>\n<meta name=\"twitter:card\" content=\"summary_large_image\" \/>\n<meta name=\"twitter:label1\" content=\"Tiempo estimado de lectura\" \/>\n\t<meta name=\"twitter:data1\" content=\"6 minutos\" \/>\n<!-- \/ Yoast SEO plugin. -->","yoast_head_json":{"title":"C\u00f3mo apostar en Bet365 Chile: pasos para tu primera apuesta","description":"\u00a1Hacer apuestas en Bet365 es m\u00e1s f\u00e1cil de lo que crees! Si a\u00fan no sabes c\u00f3mo apostar en Bet365, aqu\u00ed te damos una gu\u00eda detallada para que lo hagas","robots":{"index":"index","follow":"follow","max-snippet":"max-snippet:-1","max-image-preview":"max-image-preview:large","max-video-preview":"max-video-preview:-1"},"og_locale":"es_ES","og_type":"article","og_title":"C\u00f3mo apostar en Bet365 Chile: pasos para tu primera apuesta","og_description":"\u00a1Hacer apuestas en Bet365 es m\u00e1s f\u00e1cil de lo que crees! Si a\u00fan no sabes c\u00f3mo apostar en Bet365, aqu\u00ed te damos una gu\u00eda detallada para que lo hagas","og_url":"https:\/\/lahoradelgambling.com\/cl\/casas-de-apuestas\/bet365\/como-apostar-en-bet365\/","og_site_name":"lahoradelgambling CL","article_modified_time":"2024-06-21T15:32:38+00:00","og_image":[{"width":1900,"height":850,"url":"https:\/\/lahoradelgambling.com\/cl\/wp-content\/uploads\/sites\/2\/2024\/04\/bet365-review-cl-como-apostar.webp","type":"image\/webp"}],"twitter_card":"summary_large_image","twitter_misc":{"Tiempo estimado de lectura":"6 minutos"},"schema":{"@context":"https:\/\/schema.org","@graph":[{"@type":"WebPage","@id":"https:\/\/lahoradelgambling.com\/cl\/casas-de-apuestas\/bet365\/como-apostar-en-bet365\/","url":"https:\/\/lahoradelgambling.com\/cl\/casas-de-apuestas\/bet365\/como-apostar-en-bet365\/","name":"C\u00f3mo apostar en Bet365 Chile: pasos para tu primera apuesta","isPartOf":{"@id":"https:\/\/lahoradelgambling.com\/cl\/#website"},"primaryImageOfPage":{"@id":"https:\/\/lahoradelgambling.com\/cl\/casas-de-apuestas\/bet365\/como-apostar-en-bet365\/#primaryimage"},"image":{"@id":"https:\/\/lahoradelgambling.com\/cl\/casas-de-apuestas\/bet365\/como-apostar-en-bet365\/#primaryimage"},"thumbnailUrl":"https:\/\/lahoradelgambling.com\/cl\/wp-content\/uploads\/sites\/2\/2024\/04\/bet365-review-cl-como-apostar.webp","datePublished":"2024-04-24T15:07:00+00:00","dateModified":"2024-06-21T15:32:38+00:00","description":"\u00a1Hacer apuestas en Bet365 es m\u00e1s f\u00e1cil de lo que crees! Si a\u00fan no sabes c\u00f3mo apostar en Bet365, aqu\u00ed te damos una gu\u00eda detallada para que lo hagas","breadcrumb":{"@id":"https:\/\/lahoradelgambling.com\/cl\/casas-de-apuestas\/bet365\/como-apostar-en-bet365\/#breadcrumb"},"inLanguage":"es-CL","potentialAction":[{"@type":"ReadAction","target":["https:\/\/lahoradelgambling.com\/cl\/casas-de-apuestas\/bet365\/como-apostar-en-bet365\/"]}]},{"@type":"ImageObject","inLanguage":"es-CL","@id":"https:\/\/lahoradelgambling.com\/cl\/casas-de-apuestas\/bet365\/como-apostar-en-bet365\/#primaryimage","url":"https:\/\/lahoradelgambling.com\/cl\/wp-content\/uploads\/sites\/2\/2024\/04\/bet365-review-cl-como-apostar.webp","contentUrl":"https:\/\/lahoradelgambling.com\/cl\/wp-content\/uploads\/sites\/2\/2024\/04\/bet365-review-cl-como-apostar.webp","width":1900,"height":850,"caption":"Bet365 Chile Apuestas Rese\u00f1a"},{"@type":"BreadcrumbList","@id":"https:\/\/lahoradelgambling.com\/cl\/casas-de-apuestas\/bet365\/como-apostar-en-bet365\/#breadcrumb","itemListElement":[{"@type":"ListItem","position":1,"name":"Lahoradelgambling","item":"https:\/\/lahoradelgambling.com\/cl\/"},{"@type":"ListItem","position":2,"name":"Casas de apuestas","item":"https:\/\/lahoradelgambling.com\/cl\/casas-de-apuestas\/"},{"@type":"ListItem","position":3,"name":"Bet365 Chile","item":"https:\/\/lahoradelgambling.com\/cl\/casas-de-apuestas\/bet365\/"},{"@type":"ListItem","position":4,"name":"C\u00f3mo apostar en Bet365"}]},{"@type":"WebSite","@id":"https:\/\/lahoradelgambling.com\/cl\/#website","url":"https:\/\/lahoradelgambling.com\/cl\/","name":"lahoradelgambling CL","description":"","publisher":{"@id":"https:\/\/lahoradelgambling.com\/cl\/#organization"},"potentialAction":[{"@type":"SearchAction","target":{"@type":"EntryPoint","urlTemplate":"https:\/\/lahoradelgambling.com\/cl\/?s={search_term_string}"},"query-input":{"@type":"PropertyValueSpecification","valueRequired":true,"valueName":"search_term_string"}}],"inLanguage":"es-CL"},{"@type":"Organization","@id":"https:\/\/lahoradelgambling.com\/cl\/#organization","name":"lahoradelgambling CL","url":"https:\/\/lahoradelgambling.com\/cl\/","logo":{"@type":"ImageObject","inLanguage":"es-CL","@id":"https:\/\/lahoradelgambling.com\/cl\/#\/schema\/logo\/image\/","url":"https:\/\/lahoradelgambling.com\/cl\/wp-content\/uploads\/sites\/2\/2023\/11\/logo_cl.svg","contentUrl":"https:\/\/lahoradelgambling.com\/cl\/wp-content\/uploads\/sites\/2\/2023\/11\/logo_cl.svg","caption":"lahoradelgambling CL"},"image":{"@id":"https:\/\/lahoradelgambling.com\/cl\/#\/schema\/logo\/image\/"}}]}},"_links":{"self":[{"href":"https:\/\/lahoradelgambling.com\/cl\/wp-json\/wp\/v2\/pages\/10694"}],"collection":[{"href":"https:\/\/lahoradelgambling.com\/cl\/wp-json\/wp\/v2\/pages"}],"about":[{"href":"https:\/\/lahoradelgambling.com\/cl\/wp-json\/wp\/v2\/types\/page"}],"author":[{"embeddable":true,"href":"https:\/\/lahoradelgambling.com\/cl\/wp-json\/wp\/v2\/users\/33"}],"replies":[{"embeddable":true,"href":"https:\/\/lahoradelgambling.com\/cl\/wp-json\/wp\/v2\/comments?post=10694"}],"version-history":[{"count":5,"href":"https:\/\/lahoradelgambling.com\/cl\/wp-json\/wp\/v2\/pages\/10694\/revisions"}],"predecessor-version":[{"id":11010,"href":"https:\/\/lahoradelgambling.com\/cl\/wp-json\/wp\/v2\/pages\/10694\/revisions\/11010"}],"up":[{"embeddable":true,"href":"https:\/\/lahoradelgambling.com\/cl\/wp-json\/wp\/v2\/pages\/5607"}],"wp:featuredmedia":[{"embeddable":true,"href":"https:\/\/lahoradelgambling.com\/cl\/wp-json\/wp\/v2\/media\/10702"}],"wp:attachment":[{"href":"https:\/\/lahoradelgambling.com\/cl\/wp-json\/wp\/v2\/media?parent=10694"}],"wp:term":[{"taxonomy":"page_categories","embeddable":true,"href":"https:\/\/lahoradelgambling.com\/cl\/wp-json\/wp\/v2\/page_categories?post=10694"}],"curies":[{"name":"wp","href":"https:\/\/api.w.org\/{rel}","templated":true}]}}