{"id":10645,"date":"2024-04-15T17:01:50","date_gmt":"2024-04-15T14:01:50","guid":{"rendered":"https:\/\/lahoradelgambling.com\/cl\/?page_id=10645"},"modified":"2024-06-21T18:21:04","modified_gmt":"2024-06-21T15:21:04","slug":"doble-oportunidad-1xbet","status":"publish","type":"page","link":"https:\/\/lahoradelgambling.com\/cl\/casas-de-apuestas\/1xbet\/doble-oportunidad-1xbet\/","title":{"rendered":"Doble Oportunidad 1xbet"},"content":{"rendered":"<section class=\"wp-block-hc-alternate-group-section\"> <h2 class=\"wp-block-heading\">\u00bfQu\u00e9 es doble oportunidad en 1xBet?<\/h2>    <div itemscope=\"\" itemtype=\"https:\/\/schema.org\/ImageObject\" class=\"get-image schema-image-object-content wp-block-image size-large\"><img width=\"1024\" height=\"458\" src=\"https:\/\/lahoradelgambling.com\/cl\/wp-content\/uploads\/sites\/2\/2024\/04\/1xbet-review-cl-doble-oportunidad-1xbet-1024x458.webp\" alt=\"\u00bfC\u00f3mo funcionan las apuestas dobles en 1xBet?\" class=\"wp-image-10664\" loading=\"lazy\" decoding=\"async\" srcset=\"https:\/\/lahoradelgambling.com\/cl\/wp-content\/uploads\/sites\/2\/2024\/04\/1xbet-review-cl-doble-oportunidad-1xbet-1024x458.webp 1024w, https:\/\/lahoradelgambling.com\/cl\/wp-content\/uploads\/sites\/2\/2024\/04\/1xbet-review-cl-doble-oportunidad-1xbet-300x134.webp 300w, https:\/\/lahoradelgambling.com\/cl\/wp-content\/uploads\/sites\/2\/2024\/04\/1xbet-review-cl-doble-oportunidad-1xbet-150x67.webp 150w, https:\/\/lahoradelgambling.com\/cl\/wp-content\/uploads\/sites\/2\/2024\/04\/1xbet-review-cl-doble-oportunidad-1xbet-768x344.webp 768w, https:\/\/lahoradelgambling.com\/cl\/wp-content\/uploads\/sites\/2\/2024\/04\/1xbet-review-cl-doble-oportunidad-1xbet-1536x687.webp 1536w, https:\/\/lahoradelgambling.com\/cl\/wp-content\/uploads\/sites\/2\/2024\/04\/1xbet-review-cl-doble-oportunidad-1xbet.webp 1900w\" sizes=\"(max-width: 1024px) 100vw, 1024px\" \/><meta itemprop=\"contentUrl\" content=\"https:\/\/lahoradelgambling.com\/cl\/wp-content\/uploads\/sites\/2\/2024\/04\/1xbet-review-cl-doble-oportunidad-1xbet-1024x458.webp\"><\/div>    <p>La doble oportunidad 1xBet es un mercado que <b>da cobertura a dos posibles resultados<\/b>, aumentando as\u00ed las probabilidades de obtener el \u00e9xito. Se trata de un tipo de apuestas muy popular en el pa\u00eds con una gran cantidad de ventajas.<\/p>    <p>\u201c\u00bfQu\u00e9 significa doble oportunidad en 1xBet?\u201d Es una pregunta muy com\u00fan entre los apostadores chilenos y la respuesta es muy f\u00e1cil de comprender: Abarca de forma simult\u00e1nea dos opciones de resultados en el partido. En la casa de apuestas<a href=\"https:\/\/lahoradelgambling.com\/cl\/casas-de-apuestas\/1xbet\/\" target=\"_blank\" rel=\"noreferrer noopener\"> 1xBet Chile<\/a> se contempla este mercado <b>dentro de sus cat\u00e1logos de deportes<\/b>.<\/p>    <p>Este tipo de apuesta <b>reduce el riesgo e incrementa las probabilidades<\/b> de triunfar. Son ideales para incluir las apuestas combinadas porque, pese a no ofrecer elevadas cuotas, incrementan el valor de las jugadas.<\/p>    <p>Saber qu\u00e9 es doble oportunidad en 1xBet es muy simple; dependiendo del equipo de tu preferencia, estadio de juego en cuesti\u00f3n y las cualidades de los protagonistas, el apostador tomar\u00e1 una decisi\u00f3n u otra. En los partidos con <b>tres opciones de resultados<\/b>, se puede abordar:<\/p>    <ul> <li><b>Doble oportunidad 1xBet<\/b><b> (1X)<\/b>: Una victoria local, as\u00ed como el empate.<\/li>    <li><b>Doble oportunidad 1xBet<\/b><b> (2X)<\/b>: El empate o la victoria por parte del visitante.<\/li>    <li><b>Doble oportunidad 1xBet<\/b><b> (12)<\/b>: La victoria del visitante o la victoria local.<\/li> <\/ul>    <p>Por consiguiente, la doble oportunidad 1xBet es un mercado de apuestas <b>\u00fanicamente v\u00e1lido en los deportes <\/b>y eventos que ofrecen tres posibilidades; en otras palabras, 1X2.<\/p>    <p>Simple, \u00bfverdad? Es un mercado bastante apetecible. Veamos un ejemplo de ello: Atl\u00e9tico de Madrid vs. Lazio:<\/p>    <ul> <li><b>1x<\/b>: Atl\u00e9tico de Madrid o empate.<\/li>    <li><b>12<\/b>: Gana Atl\u00e9tico de Madrid o gana Lazio.<\/li>    <li><b>2x<\/b>: Empate o gana Lazio.<\/li> <\/ul>    <div class=\"wp-block-buttons is-content-justification-center is-layout-flex wp-container-core-buttons-is-layout-1 wp-block-buttons-is-layout-flex\"> <div class=\"wp-block-button\"><a class=\"wp-block-button__link wp-element-button\" href=\"https:\/\/1xbet.lahoradelgambling.com\/7mnwDtN\" target=\"_blank\" rel=\"noreferrer noopener nofollow\">\u00a1Apuesta!<\/a><\/div> <\/div> <\/section>    <section class=\"wp-block-hc-alternate-group-section\"> <h2 class=\"wp-block-heading\">\u00bfC\u00f3mo puedo apostar a un resultado doble en 1xBet?<\/h2>    <div itemscope=\"\" itemtype=\"https:\/\/schema.org\/ImageObject\" class=\"get-image schema-image-object-content wp-block-image size-large\"><img width=\"1024\" height=\"458\" src=\"https:\/\/lahoradelgambling.com\/cl\/wp-content\/uploads\/sites\/2\/2024\/04\/1xbet-review-cl-como-puedo-apostar-a-un-resultado-doble-1024x458.webp\" alt=\"\u00bfC\u00f3mo registrarse y empezar a apostar con 1xBet?\" class=\"wp-image-10663\" loading=\"lazy\" decoding=\"async\" srcset=\"https:\/\/lahoradelgambling.com\/cl\/wp-content\/uploads\/sites\/2\/2024\/04\/1xbet-review-cl-como-puedo-apostar-a-un-resultado-doble-1024x458.webp 1024w, https:\/\/lahoradelgambling.com\/cl\/wp-content\/uploads\/sites\/2\/2024\/04\/1xbet-review-cl-como-puedo-apostar-a-un-resultado-doble-300x134.webp 300w, https:\/\/lahoradelgambling.com\/cl\/wp-content\/uploads\/sites\/2\/2024\/04\/1xbet-review-cl-como-puedo-apostar-a-un-resultado-doble-150x67.webp 150w, https:\/\/lahoradelgambling.com\/cl\/wp-content\/uploads\/sites\/2\/2024\/04\/1xbet-review-cl-como-puedo-apostar-a-un-resultado-doble-768x344.webp 768w, https:\/\/lahoradelgambling.com\/cl\/wp-content\/uploads\/sites\/2\/2024\/04\/1xbet-review-cl-como-puedo-apostar-a-un-resultado-doble-1536x687.webp 1536w, https:\/\/lahoradelgambling.com\/cl\/wp-content\/uploads\/sites\/2\/2024\/04\/1xbet-review-cl-como-puedo-apostar-a-un-resultado-doble.webp 1900w\" sizes=\"(max-width: 1024px) 100vw, 1024px\" \/><meta itemprop=\"contentUrl\" content=\"https:\/\/lahoradelgambling.com\/cl\/wp-content\/uploads\/sites\/2\/2024\/04\/1xbet-review-cl-como-puedo-apostar-a-un-resultado-doble-1024x458.webp\"><\/div>    <p>Ahora que ya sabes qu\u00e9 significa doble oportunidad en 1xBet, debes saber que las mismas son muy populares, es por ello que esta casa de apuestas las ubica en su pantalla principal con una <b>lista de eventos deportivos<\/b>.<\/p>    <p>De este modo, es posible encontrar apuestas de doble oportunidad 1xBet con solo ir a la p\u00e1gina del propio partido. <b>Todos los equipos disponibles para una apuesta<\/b>, incluyendo los resultados dobles, se mostrar\u00e1n all\u00ed.<\/p>    <p>Por lo tanto, para realizar una apuesta de <b>doble oportunidad 1xBet<\/b>, debes:<\/p>    <ol> <li><b>Visita la p\u00e1gina<\/b>: Dir\u00edgete a la web oficial de <b>1xBet Chile<\/b>.<\/li>    <li><b>Entra en tu perfil<\/b>: En la parte superior derecha, ver\u00e1s la opci\u00f3n \u201c<b>Registrarse<\/b>\u201d o bien \u201c<b>Iniciar sesi\u00f3n<\/b>\u201d. Para ello, ingresa con tu usuario y contrase\u00f1a.<\/li>    <li><b>Escoge el deporte que desees<\/b>: Visita el men\u00fa desplegable de la izquierda. En ese lugar, podr\u00e1s encontrar todos los deportes donde las dobles oportunidades 1xBet son posibles, como, por ejemplo, el f\u00fatbol.<\/li>    <li><b>Selecciona una fecha en espec\u00edfico<\/b>: Recuerda que el mercado de doble oportunidad 1xBet es a futuro; en otras palabras, debes elegir el partido haciendo clic sobre la fecha del mismo.<\/li>    <li><b>Decide un mercado<\/b>: Al presionar sobre el partido en cuesti\u00f3n, se desplegar\u00e1 el men\u00fa con los mercados disponibles, entre ellos doble oportunidad 1xBet.<\/li>    <li><b>Finaliza la apuesta<\/b>: Por \u00faltimo, selecciona tu apuesta, completa el boleto con la cantidad que deseas apostar y listo, \u00a1pon a prueba tu suerte!<\/li> <\/ol>    <div class=\"wp-block-buttons is-content-justification-center is-layout-flex wp-container-core-buttons-is-layout-2 wp-block-buttons-is-layout-flex\"> <div class=\"wp-block-button\"><a class=\"wp-block-button__link wp-element-button\" href=\"https:\/\/1xbet.lahoradelgambling.com\/7mnwDtN\" target=\"_blank\" rel=\"noreferrer noopener nofollow\">\u00a1Apuesta!<\/a><\/div> <\/div>    <p>Ahora que sabes qu\u00e9 es la doble oportunidad en 1xBet, c\u00f3mo funciona y c\u00f3mo apostar, es importante que tengas en cuenta lo siguiente: \u201c\u00bfC\u00f3mo ganar las apuestas de doble oportunidad 1xBet?\u201d. Aunque en el mundo de las apuestas deportivas no hay una f\u00f3rmula para obtener la victoria, hay <b>ciertos factores que se pueden considerar<\/b> para apostar en este mercado.<\/p>    <ul> <li>Considera la doble oportunidad 1xBet <b>cuando la <\/b><b>victoria<\/b><b> est\u00e9 muy disputada<\/b>.<\/li>    <li>Analiza el abanico de estad\u00edsticas disponibles, <b>revisa los pron\u00f3sticos de 1xBet<\/b> y crea tu propia estrategia.<\/li>    <li>Eval\u00faa <b>todos los factores que influyen en el evento<\/b>, por ejemplo, la motivaci\u00f3n o el estado an\u00edmico de los jugadores.<\/li>    <li>No olvides que la altura, el clima y el \u00e1rbitro son <b>elementos decisivos en el desarrollo<\/b> del partido.<\/li>    <li>Utiliza todas las herramientas de apuestas, entre ellas el <b>Cash Out<\/b> o el <b>Streaming<\/b> para realizar apuestas en vivo.<\/li>    <li>Aprovecha el<a href=\"https:\/\/lahoradelgambling.com\/cl\/bono-de-bienvenida\/1xbet-bono\/\" target=\"_blank\" rel=\"noreferrer noopener\"> <b>bono de 1xBet<\/b><\/a> para la secci\u00f3n de deportes y apl\u00edcalo en las apuestas 1xbet doble oportunidad.<\/li> <\/ul>    <p>De este modo, puedes disfrutar del mejor entretenimiento, y <b>aumentar las probabilidades de acertar y ganar las apuestas<\/b> de 1xBet doble oportunidad.<\/p> <\/section>    <section class=\"wp-block-hc-alternate-group-section\"> <h2 class=\"wp-block-heading\">Conclusi\u00f3n: \u00bfVale la pena apostar con cuotas dobles en 1xBet?<\/h2>    <div itemscope=\"\" itemtype=\"https:\/\/schema.org\/ImageObject\" class=\"get-image schema-image-object-content wp-block-image size-large\"><img width=\"1024\" height=\"458\" src=\"https:\/\/lahoradelgambling.com\/cl\/wp-content\/uploads\/sites\/2\/2024\/04\/1xbet-review-cl-conclusion-1024x458.webp\" alt=\"\u00bfQu\u00e9 ventajas e inconvenientes ofrece 1xBet para apostar?\" class=\"wp-image-10661\" loading=\"lazy\" decoding=\"async\" srcset=\"https:\/\/lahoradelgambling.com\/cl\/wp-content\/uploads\/sites\/2\/2024\/04\/1xbet-review-cl-conclusion-1024x458.webp 1024w, https:\/\/lahoradelgambling.com\/cl\/wp-content\/uploads\/sites\/2\/2024\/04\/1xbet-review-cl-conclusion-300x134.webp 300w, https:\/\/lahoradelgambling.com\/cl\/wp-content\/uploads\/sites\/2\/2024\/04\/1xbet-review-cl-conclusion-150x67.webp 150w, https:\/\/lahoradelgambling.com\/cl\/wp-content\/uploads\/sites\/2\/2024\/04\/1xbet-review-cl-conclusion-768x344.webp 768w, https:\/\/lahoradelgambling.com\/cl\/wp-content\/uploads\/sites\/2\/2024\/04\/1xbet-review-cl-conclusion-1536x687.webp 1536w, https:\/\/lahoradelgambling.com\/cl\/wp-content\/uploads\/sites\/2\/2024\/04\/1xbet-review-cl-conclusion.webp 1900w\" sizes=\"(max-width: 1024px) 100vw, 1024px\" \/><meta itemprop=\"contentUrl\" content=\"https:\/\/lahoradelgambling.com\/cl\/wp-content\/uploads\/sites\/2\/2024\/04\/1xbet-review-cl-conclusion-1024x458.webp\"><\/div>    <p>Ahora que sabes qu\u00e9 es la doble oportunidad en 1xBet, <b>podr\u00e1s jugar en donde quieras<\/b>, ya sea en su versi\u00f3n de escritorio o por medio de<a href=\"https:\/\/lahoradelgambling.com\/cl\/casas-de-apuestas\/aplicaciones\/1xbet-app\/\" target=\"_blank\" rel=\"noreferrer noopener\"> 1xBet app<\/a>.<\/p>    <p>Por lo tanto, \u00bfes \u00fatil la doble oportunidad 1xBet? \u00a1Por supuesto que s\u00ed! Si eres un apostador que sabe cu\u00e1ndo y c\u00f3mo aplicar este mercado, <b>puedes ganar mucho dinero<\/b>.<\/p>    <p>Siguiendo tus propios objetivos y estrategias, no dudes en aplicarlo cuando consideres oportuno. Ahora bien, como en todas las apuestas, la doble oportunidad 1xBet cuenta con ciertos pros y algunos contras que debes conocer, por ejemplo:<\/p>    <div class=\"wp-block-table\"><table class=\"has-fixed-layout\"><thead><tr><th>\u2705Ventajas<\/th><th>\u274cDesventajas<\/th><\/tr><\/thead><tbody><tr><td><b>El riesgo se reduce al m\u00e1ximo<\/b>: En lugar de jugar por una posibilidad entre varias opciones de resultados, las apuestas de doble oportunidad 1xbet, cubre dos al mismo tiempo.<\/td><td><b>Bajo valor<\/b>: Aunque casi nunca se pierde, las cuotas de doble oportunidad 1xBet tienen un valor relativamente m\u00e1s bajo que en el mercado 1&#215;2. Esto se debe a que, al minimizar el riesgo, tambi\u00e9n disminuyen las cuotas.<\/td><\/tr><tr><td><b>Las probabilidades de una victoria son mayores<\/b>: De acuerdo a la evoluci\u00f3n de los partidos, puedes estar cerca de una apuesta segura.<\/td><td><b>No es tan amplio<\/b>: No es un mercado que se puede utilizar abiertamente en todos los deportes. De hecho, al necesitar tres opciones de resultado para que sea posible, es m\u00e1s com\u00fan en el f\u00fatbol, pero no est\u00e1 habilitado para el tenis o baloncesto.<\/td><\/tr><tr><td><b>Es un mercado flexible<\/b>: Esto resulta perfecto para incluir las apuestas combinadas que multipliquen el valor de la cuota final con los dem\u00e1s pron\u00f3sticos.<\/td><td><\/td><\/tr><\/tbody><\/table><\/div> <\/section>    <section class=\"wp-block-hc-alternate-group-section\"> <h2 class=\"wp-block-heading\">Preguntas frecuentes<\/h2>   \t<div class=\"faq-section\" itemscope itemtype=\"https:\/\/schema.org\/FAQPage\">  \t\t\t\t\t<div class=\"item\" itemscope itemprop=\"mainEntity\" itemtype=\"https:\/\/schema.org\/Question\">  \t\t\t\t<div class=\"faq_question\">  \t\t\t\t\t<div class=\"count\">01<\/div>  \t\t\t\t\t<div itemprop=\"name\">  \t\t\t\t\t\t\u00bfQu\u00e9 significa doble oportunidad en 1xBet?\t\t\t\t\t<\/div>  \t\t\t\t\t<span class=\"faq_arrow\">                          <i class=\"fa-sharp fa-light fa-chevron-down\"><\/i>                      <\/span>  \t\t\t\t<\/div>  \t\t\t\t<div class=\"faq_answer\" itemscope itemprop=\"acceptedAnswer\" itemtype=\"https:\/\/schema.org\/Answer\">  \t\t\t\t\t<div itemprop=\"text\">  \t\t\t\t\t\tLa doble oportunidad 1xBet es un gran mercado que disminuye el riesgo, puesto que en cada opci\u00f3n hay dos posibles resultados.\t\t\t\t\t<\/div>  \t\t\t\t<\/div>  \t\t\t<\/div>  \t\t\t\t\t<div class=\"item\" itemscope itemprop=\"mainEntity\" itemtype=\"https:\/\/schema.org\/Question\">  \t\t\t\t<div class=\"faq_question\">  \t\t\t\t\t<div class=\"count\">02<\/div>  \t\t\t\t\t<div itemprop=\"name\">  \t\t\t\t\t\t\u00bfQu\u00e9 es 1&#215;2 en 1xBet?\t\t\t\t\t<\/div>  \t\t\t\t\t<span class=\"faq_arrow\">                          <i class=\"fa-sharp fa-light fa-chevron-down\"><\/i>                      <\/span>  \t\t\t\t<\/div>  \t\t\t\t<div class=\"faq_answer\" itemscope itemprop=\"acceptedAnswer\" itemtype=\"https:\/\/schema.org\/Answer\">  \t\t\t\t\t<div itemprop=\"text\">  \t\t\t\t\t\tEs una de las opciones m\u00e1s sencillas de 1xBet doble oportunidad, la cual ofrece tres posibilidades: gana el visitante, empate o gana el local.\t\t\t\t\t<\/div>  \t\t\t\t<\/div>  \t\t\t<\/div>  \t\t\t\t\t<div class=\"item\" itemscope itemprop=\"mainEntity\" itemtype=\"https:\/\/schema.org\/Question\">  \t\t\t\t<div class=\"faq_question\">  \t\t\t\t\t<div class=\"count\">03<\/div>  \t\t\t\t\t<div itemprop=\"name\">  \t\t\t\t\t\t\u00bfQu\u00e9 es el 12 en 1xBet?\t\t\t\t\t<\/div>  \t\t\t\t\t<span class=\"faq_arrow\">                          <i class=\"fa-sharp fa-light fa-chevron-down\"><\/i>                      <\/span>  \t\t\t\t<\/div>  \t\t\t\t<div class=\"faq_answer\" itemscope itemprop=\"acceptedAnswer\" itemtype=\"https:\/\/schema.org\/Answer\">  \t\t\t\t\t<div itemprop=\"text\">  \t\t\t\t\t\tEn la doble oportunidad 1xBet 12 se apuesta por la victoria local o visitante. El empate cancela la posibilidad de un empate y prev\u00e9 un equipo ganador.\t\t\t\t\t<\/div>  \t\t\t\t<\/div>  \t\t\t<\/div>  \t\t\t<\/div>  <\/section>","protected":false},"excerpt":{"rendered":"","protected":false},"author":19,"featured_media":10664,"parent":6390,"menu_order":0,"comment_status":"closed","ping_status":"closed","template":"","meta":{"_acf_changed":false,"footnotes":""},"page_categories":[],"acf":[],"yoast_head":"<!-- This site is optimized with the Yoast SEO plugin v24.5 - https:\/\/yoast.com\/wordpress\/plugins\/seo\/ -->\n<title>Doble oportunidad 1xBet: \u00a1Descubre un nuevo m\u00e9todo para ganar!<\/title>\n<meta name=\"description\" content=\"Gu\u00eda completa de doble oportunidad 1xBet. Descubre qu\u00e9 significa, cu\u00e1les son las opciones de apuestas y c\u00f3mo apostar a un resultado doble\" \/>\n<meta name=\"robots\" content=\"index, follow, max-snippet:-1, max-image-preview:large, max-video-preview:-1\" \/>\n<meta property=\"og:locale\" content=\"es_ES\" \/>\n<meta property=\"og:type\" content=\"article\" \/>\n<meta property=\"og:title\" content=\"Doble oportunidad 1xBet: \u00a1Descubre un nuevo m\u00e9todo para ganar!\" \/>\n<meta property=\"og:description\" content=\"Gu\u00eda completa de doble oportunidad 1xBet. Descubre qu\u00e9 significa, cu\u00e1les son las opciones de apuestas y c\u00f3mo apostar a un resultado doble\" \/>\n<meta property=\"og:url\" content=\"https:\/\/lahoradelgambling.com\/cl\/casas-de-apuestas\/1xbet\/doble-oportunidad-1xbet\/\" \/>\n<meta property=\"og:site_name\" content=\"lahoradelgambling CL\" \/>\n<meta property=\"article:modified_time\" content=\"2024-06-21T15:21:04+00:00\" \/>\n<meta property=\"og:image\" content=\"https:\/\/lahoradelgambling.com\/cl\/wp-content\/uploads\/sites\/2\/2024\/04\/1xbet-review-cl-doble-oportunidad-1xbet.webp\" \/>\n\t<meta property=\"og:image:width\" content=\"1900\" \/>\n\t<meta property=\"og:image:height\" content=\"850\" \/>\n\t<meta property=\"og:image:type\" content=\"image\/webp\" \/>\n<meta name=\"twitter:card\" content=\"summary_large_image\" \/>\n<meta name=\"twitter:label1\" content=\"Tiempo estimado de lectura\" \/>\n\t<meta name=\"twitter:data1\" content=\"6 minutos\" \/>\n<!-- \/ Yoast SEO plugin. -->","yoast_head_json":{"title":"Doble oportunidad 1xBet: \u00a1Descubre un nuevo m\u00e9todo para ganar!","description":"Gu\u00eda completa de doble oportunidad 1xBet. Descubre qu\u00e9 significa, cu\u00e1les son las opciones de apuestas y c\u00f3mo apostar a un resultado doble","robots":{"index":"index","follow":"follow","max-snippet":"max-snippet:-1","max-image-preview":"max-image-preview:large","max-video-preview":"max-video-preview:-1"},"og_locale":"es_ES","og_type":"article","og_title":"Doble oportunidad 1xBet: \u00a1Descubre un nuevo m\u00e9todo para ganar!","og_description":"Gu\u00eda completa de doble oportunidad 1xBet. Descubre qu\u00e9 significa, cu\u00e1les son las opciones de apuestas y c\u00f3mo apostar a un resultado doble","og_url":"https:\/\/lahoradelgambling.com\/cl\/casas-de-apuestas\/1xbet\/doble-oportunidad-1xbet\/","og_site_name":"lahoradelgambling CL","article_modified_time":"2024-06-21T15:21:04+00:00","og_image":[{"width":1900,"height":850,"url":"https:\/\/lahoradelgambling.com\/cl\/wp-content\/uploads\/sites\/2\/2024\/04\/1xbet-review-cl-doble-oportunidad-1xbet.webp","type":"image\/webp"}],"twitter_card":"summary_large_image","twitter_misc":{"Tiempo estimado de lectura":"6 minutos"},"schema":{"@context":"https:\/\/schema.org","@graph":[{"@type":"WebPage","@id":"https:\/\/lahoradelgambling.com\/cl\/casas-de-apuestas\/1xbet\/doble-oportunidad-1xbet\/","url":"https:\/\/lahoradelgambling.com\/cl\/casas-de-apuestas\/1xbet\/doble-oportunidad-1xbet\/","name":"Doble oportunidad 1xBet: \u00a1Descubre un nuevo m\u00e9todo para ganar!","isPartOf":{"@id":"https:\/\/lahoradelgambling.com\/cl\/#website"},"primaryImageOfPage":{"@id":"https:\/\/lahoradelgambling.com\/cl\/casas-de-apuestas\/1xbet\/doble-oportunidad-1xbet\/#primaryimage"},"image":{"@id":"https:\/\/lahoradelgambling.com\/cl\/casas-de-apuestas\/1xbet\/doble-oportunidad-1xbet\/#primaryimage"},"thumbnailUrl":"https:\/\/lahoradelgambling.com\/cl\/wp-content\/uploads\/sites\/2\/2024\/04\/1xbet-review-cl-doble-oportunidad-1xbet.webp","datePublished":"2024-04-15T14:01:50+00:00","dateModified":"2024-06-21T15:21:04+00:00","description":"Gu\u00eda completa de doble oportunidad 1xBet. Descubre qu\u00e9 significa, cu\u00e1les son las opciones de apuestas y c\u00f3mo apostar a un resultado doble","breadcrumb":{"@id":"https:\/\/lahoradelgambling.com\/cl\/casas-de-apuestas\/1xbet\/doble-oportunidad-1xbet\/#breadcrumb"},"inLanguage":"es-CL","potentialAction":[{"@type":"ReadAction","target":["https:\/\/lahoradelgambling.com\/cl\/casas-de-apuestas\/1xbet\/doble-oportunidad-1xbet\/"]}]},{"@type":"ImageObject","inLanguage":"es-CL","@id":"https:\/\/lahoradelgambling.com\/cl\/casas-de-apuestas\/1xbet\/doble-oportunidad-1xbet\/#primaryimage","url":"https:\/\/lahoradelgambling.com\/cl\/wp-content\/uploads\/sites\/2\/2024\/04\/1xbet-review-cl-doble-oportunidad-1xbet.webp","contentUrl":"https:\/\/lahoradelgambling.com\/cl\/wp-content\/uploads\/sites\/2\/2024\/04\/1xbet-review-cl-doble-oportunidad-1xbet.webp","width":1900,"height":850,"caption":"\u00bfC\u00f3mo funcionan las apuestas dobles en 1xBet?"},{"@type":"BreadcrumbList","@id":"https:\/\/lahoradelgambling.com\/cl\/casas-de-apuestas\/1xbet\/doble-oportunidad-1xbet\/#breadcrumb","itemListElement":[{"@type":"ListItem","position":1,"name":"Lahoradelgambling","item":"https:\/\/lahoradelgambling.com\/cl\/"},{"@type":"ListItem","position":2,"name":"Casas de apuestas","item":"https:\/\/lahoradelgambling.com\/cl\/casas-de-apuestas\/"},{"@type":"ListItem","position":3,"name":"1xBet","item":"https:\/\/lahoradelgambling.com\/cl\/casas-de-apuestas\/1xbet\/"},{"@type":"ListItem","position":4,"name":"Doble Oportunidad 1xbet"}]},{"@type":"WebSite","@id":"https:\/\/lahoradelgambling.com\/cl\/#website","url":"https:\/\/lahoradelgambling.com\/cl\/","name":"lahoradelgambling CL","description":"","publisher":{"@id":"https:\/\/lahoradelgambling.com\/cl\/#organization"},"potentialAction":[{"@type":"SearchAction","target":{"@type":"EntryPoint","urlTemplate":"https:\/\/lahoradelgambling.com\/cl\/?s={search_term_string}"},"query-input":{"@type":"PropertyValueSpecification","valueRequired":true,"valueName":"search_term_string"}}],"inLanguage":"es-CL"},{"@type":"Organization","@id":"https:\/\/lahoradelgambling.com\/cl\/#organization","name":"lahoradelgambling CL","url":"https:\/\/lahoradelgambling.com\/cl\/","logo":{"@type":"ImageObject","inLanguage":"es-CL","@id":"https:\/\/lahoradelgambling.com\/cl\/#\/schema\/logo\/image\/","url":"https:\/\/lahoradelgambling.com\/cl\/wp-content\/uploads\/sites\/2\/2023\/11\/logo_cl.svg","contentUrl":"https:\/\/lahoradelgambling.com\/cl\/wp-content\/uploads\/sites\/2\/2023\/11\/logo_cl.svg","caption":"lahoradelgambling CL"},"image":{"@id":"https:\/\/lahoradelgambling.com\/cl\/#\/schema\/logo\/image\/"}}]}},"_links":{"self":[{"href":"https:\/\/lahoradelgambling.com\/cl\/wp-json\/wp\/v2\/pages\/10645"}],"collection":[{"href":"https:\/\/lahoradelgambling.com\/cl\/wp-json\/wp\/v2\/pages"}],"about":[{"href":"https:\/\/lahoradelgambling.com\/cl\/wp-json\/wp\/v2\/types\/page"}],"author":[{"embeddable":true,"href":"https:\/\/lahoradelgambling.com\/cl\/wp-json\/wp\/v2\/users\/19"}],"replies":[{"embeddable":true,"href":"https:\/\/lahoradelgambling.com\/cl\/wp-json\/wp\/v2\/comments?post=10645"}],"version-history":[{"count":5,"href":"https:\/\/lahoradelgambling.com\/cl\/wp-json\/wp\/v2\/pages\/10645\/revisions"}],"predecessor-version":[{"id":11002,"href":"https:\/\/lahoradelgambling.com\/cl\/wp-json\/wp\/v2\/pages\/10645\/revisions\/11002"}],"up":[{"embeddable":true,"href":"https:\/\/lahoradelgambling.com\/cl\/wp-json\/wp\/v2\/pages\/6390"}],"wp:featuredmedia":[{"embeddable":true,"href":"https:\/\/lahoradelgambling.com\/cl\/wp-json\/wp\/v2\/media\/10664"}],"wp:attachment":[{"href":"https:\/\/lahoradelgambling.com\/cl\/wp-json\/wp\/v2\/media?parent=10645"}],"wp:term":[{"taxonomy":"page_categories","embeddable":true,"href":"https:\/\/lahoradelgambling.com\/cl\/wp-json\/wp\/v2\/page_categories?post=10645"}],"curies":[{"name":"wp","href":"https:\/\/api.w.org\/{rel}","templated":true}]}}